{"id":1788,"date":"2021-03-02T15:21:09","date_gmt":"2021-03-02T14:21:09","guid":{"rendered":"http:\/\/www.quimicasmeristem.com\/es\/?page_id=1788"},"modified":"2024-05-31T11:10:05","modified_gmt":"2024-05-31T09:10:05","slug":"proyectos-financiados-por-feder","status":"publish","type":"page","link":"https:\/\/www.meristem.com\/es\/proyectos-financiados-por-feder\/","title":{"rendered":"Proyectos financiados por FEDER"},"content":{"rendered":"<p>[et_pb_section fb_built=\u00bb1&#8243; fullwidth=\u00bbon\u00bb disabled_on=\u00bboff|off|off\u00bb _builder_version=\u00bb4.16&#8243; _module_preset=\u00bbdefault\u00bb global_colors_info=\u00bb{}\u00bb][et_pb_fullwidth_slider module_class=\u00bbcabecera\u00bb _builder_version=\u00bb4.25.0&#8243; _module_preset=\u00bbdefault\u00bb height=\u00bb400px\u00bb auto=\u00bbon\u00bb auto_ignore_hover=\u00bbon\u00bb hover_transition_duration=\u00bb500ms\u00bb hover_enabled=\u00bb0&#8243; global_colors_info=\u00bb{}\u00bb sticky_enabled=\u00bb0&#8243;][et_pb_slide heading=\u00bbSoluciones innovadoras para tu campo\u00bb _builder_version=\u00bb4.25.0&#8243; _module_preset=\u00bbdefault\u00bb header_font=\u00bb|700|||||||\u00bb header_font_size=\u00bb48px\u00bb background_image=\u00bbhttps:\/\/www.meristem.com\/es\/wp-content\/uploads\/header-pulverizacion.jpg\u00bb background_enable_image=\u00bbon\u00bb background_position=\u00bbtop_center\u00bb custom_padding=\u00bb20%||||false|false\u00bb hover_enabled=\u00bb0&#8243; header_text_shadow_style=\u00bbpreset3&#8243; header_text_shadow_color=\u00bbrgba(0,0,0,0.7)\u00bb text_shadow_style=\u00bbpreset3&#8243; text_shadow_color=\u00bb#000000&#8243; global_colors_info=\u00bb{}\u00bb sticky_transition=\u00bbon\u00bb sticky_enabled=\u00bb0&#8243;][\/et_pb_slide][et_pb_slide heading=\u00bbSoluciones innovadoras para tu campo\u00bb _builder_version=\u00bb4.25.0&#8243; _module_preset=\u00bbdefault\u00bb header_font=\u00bb|700|||||||\u00bb header_font_size=\u00bb48px\u00bb background_image=\u00bbhttps:\/\/www.meristem.com\/es\/wp-content\/uploads\/header-tecnico.jpg\u00bb background_enable_image=\u00bbon\u00bb background_position=\u00bbtop_center\u00bb custom_padding=\u00bb20%||||false|false\u00bb hover_enabled=\u00bb0&#8243; header_text_shadow_style=\u00bbpreset3&#8243; header_text_shadow_color=\u00bbrgba(0,0,0,0.7)\u00bb text_shadow_style=\u00bbpreset3&#8243; text_shadow_color=\u00bb#000000&#8243; global_colors_info=\u00bb{}\u00bb sticky_transition=\u00bbon\u00bb sticky_enabled=\u00bb0&#8243;][\/et_pb_slide][et_pb_slide heading=\u00bbSoluciones innovadoras para tu campo\u00bb _builder_version=\u00bb4.25.0&#8243; _module_preset=\u00bbdefault\u00bb header_font=\u00bb|700|||||||\u00bb header_font_size=\u00bb48px\u00bb background_image=\u00bbhttps:\/\/www.meristem.com\/es\/wp-content\/uploads\/header-cenital.jpg\u00bb background_enable_image=\u00bbon\u00bb custom_padding=\u00bb20%||||false|false\u00bb hover_enabled=\u00bb0&#8243; header_text_shadow_style=\u00bbpreset3&#8243; header_text_shadow_color=\u00bbrgba(0,0,0,0.7)\u00bb text_shadow_style=\u00bbpreset3&#8243; text_shadow_color=\u00bb#000000&#8243; global_colors_info=\u00bb{}\u00bb sticky_transition=\u00bbon\u00bb sticky_enabled=\u00bb0&#8243;][\/et_pb_slide][et_pb_slide heading=\u00bbSoluciones innovadoras para tu campo\u00bb _builder_version=\u00bb4.25.0&#8243; _module_preset=\u00bbdefault\u00bb header_font=\u00bb|700|||||||\u00bb header_font_size=\u00bb48px\u00bb background_image=\u00bbhttps:\/\/www.meristem.com\/es\/wp-content\/uploads\/header-vinedo.jpg\u00bb background_enable_image=\u00bbon\u00bb background_position=\u00bbtop_center\u00bb custom_padding=\u00bb20%||||false|false\u00bb hover_enabled=\u00bb0&#8243; header_text_shadow_style=\u00bbpreset3&#8243; header_text_shadow_color=\u00bbrgba(0,0,0,0.7)\u00bb text_shadow_style=\u00bbpreset1&#8243; text_shadow_color=\u00bb#000000&#8243; global_colors_info=\u00bb{}\u00bb sticky_transition=\u00bbon\u00bb sticky_enabled=\u00bb0&#8243;][\/et_pb_slide][\/et_pb_fullwidth_slider][\/et_pb_section][et_pb_section fb_built=\u00bb1&#8243; module_class=\u00bbseccion feder-tit\u00bb _builder_version=\u00bb4.16&#8243; _module_preset=\u00bbdefault\u00bb background_enable_color=\u00bboff\u00bb global_colors_info=\u00bb{}\u00bb][et_pb_row _builder_version=\u00bb4.16&#8243; _module_preset=\u00bbdefault\u00bb global_colors_info=\u00bb{}\u00bb][et_pb_column type=\u00bb4_4&#8243; _builder_version=\u00bb4.16&#8243; _module_preset=\u00bbdefault\u00bb global_colors_info=\u00bb{}\u00bb][et_pb_post_title meta=\u00bboff\u00bb featured_image=\u00bboff\u00bb _builder_version=\u00bb4.16&#8243; _module_preset=\u00bbdefault\u00bb global_colors_info=\u00bb{}\u00bb][\/et_pb_post_title][\/et_pb_column][\/et_pb_row][\/et_pb_section][et_pb_section fb_built=\u00bb1&#8243; module_class=\u00bbseccion feder\u00bb _builder_version=\u00bb4.16&#8243; _module_preset=\u00bbdefault\u00bb background_color=\u00bb#e6e6e6&#8243; global_colors_info=\u00bb{}\u00bb][et_pb_row _builder_version=\u00bb4.16&#8243; _module_preset=\u00bbdefault\u00bb global_colors_info=\u00bb{}\u00bb][et_pb_column type=\u00bb4_4&#8243; _builder_version=\u00bb4.16&#8243; _module_preset=\u00bbdefault\u00bb global_colors_info=\u00bb{}\u00bb][et_pb_text _builder_version=\u00bb4.16&#8243; _module_preset=\u00bbdefault\u00bb global_colors_info=\u00bb{}\u00bb]<img decoding=\"async\" src=\"https:\/\/www.meristem.com\/es\/wp-content\/uploads\/feder-ivace.png\" alt=\"\"  \/>[\/et_pb_text][\/et_pb_column][\/et_pb_row][\/et_pb_section][et_pb_section fb_built=\u00bb1&#8243; module_class=\u00bbseccion feder\u00bb _builder_version=\u00bb4.16&#8243; _module_preset=\u00bbdefault\u00bb background_enable_color=\u00bboff\u00bb global_colors_info=\u00bb{}\u00bb][et_pb_row _builder_version=\u00bb4.16&#8243; _module_preset=\u00bbdefault\u00bb global_colors_info=\u00bb{}\u00bb][et_pb_column type=\u00bb4_4&#8243; _builder_version=\u00bb4.16&#8243; _module_preset=\u00bbdefault\u00bb global_colors_info=\u00bb{}\u00bb][et_pb_text _builder_version=\u00bb4.16&#8243; _module_preset=\u00bbdefault\u00bb global_colors_info=\u00bb{}\u00bb]<\/p>\n<h2>Subvenci\u00f3n concedida: 25.875 euros<\/h2>\n<p><strong>T\u00edtulo del proyecto:<\/strong> Plan de Internacionalizaci\u00f3n Qu\u00edmicas Meristem 2019<\/p>\n<p><strong>C\u00f3digo de expediente:<\/strong>\u00a0ITATUT\/2019\/27<\/p>\n<p><strong>Programa de ayuda:<\/strong> AYUDAS APOYO EMPRESAS SEGUIMIENTO TUTOR\u00cdAS<\/p>\n<p><strong>Actuaci\u00f3n del programa:<\/strong> 2019-AYUDAS EMPRESAS SEGUIMIENTO PROGRAMA TUTOR\u00cdAS<\/p>\n<p><strong>Resumen del proyecto:<\/strong> El proyecto presenta el plan de internacionalizaci\u00f3n de la empresa QU\u00cdMICAS MERISTEM, S.L. para 2019, en el marco del plan 2018-2019, planteado como prolongaci\u00f3n del plan de internacionalizaci\u00f3n anterior. En la memoria se exponen los objetivos planteados y las acciones de internacionalizaci\u00f3n llevadas a cabo para conseguirlos, as\u00ed como los recursos empleados, personal implicados y gastos incurridos. El proyecto muestra la clara apuesta de la empresa por la internacionalizaci\u00f3n como v\u00eda de crecimiento y mejora de su competitividad, especialmente a trav\u00e9s de acciones llevadas a cabo en pa\u00edses no pertenecientes a la UE.<\/p>\n<hr \/>\n<h2>Subvenci\u00f3n concedida: 21.500 euros<\/h2>\n<p><strong>T\u00edtulo del proyecto:<\/strong> Plan de Internacionalizaci\u00f3n Qu\u00edmicas Meristem 2018<\/p>\n<p><strong>C\u00f3digo de expediente:<\/strong>\u00a0ITATUT\/2018\/37<\/p>\n<p><strong>Programa de ayuda:<\/strong> AYUDAS APOYO EMPRESAS SEGUIMIENTO TUTOR\u00cdAS<\/p>\n<p><strong>Actuaci\u00f3n del programa:<\/strong> 2018-AYUDAS EMPRESAS SEGUIMIENTO PROGRAMA TUTOR\u00cdAS<\/p>\n<p><strong>Resumen del proyecto:<\/strong> El proyecto presenta el plan de internacionalizaci\u00f3n de la empresa QU\u00cdMICAS MERISTEM, S.L. para 2018, en el marco del plan 2018-2019, planteado como prolongaci\u00f3n del plan de internacionalizaci\u00f3n anterior. En la memoria se exponen los objetivos planteados y las acciones de internacionalizaci\u00f3n llevadas a cabo para conseguirlos, as\u00ed como los recursos empleados, personal implicados y gastos incurridos. El proyecto muestra la clara apuesta de la empresa por la internacionalizaci\u00f3n como v\u00eda de crecimiento y mejora de su competitividad, especialmente a trav\u00e9s de acciones llevadas a cabo en pa\u00edses no pertenecientes a la UE.<\/p>\n<hr \/>\n<h2>Subvenci\u00f3n concedida:\u00a028.000 euros<\/h2>\n<p><strong>T\u00edtulo del proyecto:<\/strong> Plan de Internacionalizaci\u00f3n de Qu\u00edmicas Meristem para 2017<\/p>\n<p><strong>C\u00f3digo de expediente:<\/strong>\u00a0ITAPIN\/2017\/118<\/p>\n<p><strong>Programa de ayuda:<\/strong> AYUDAS PLAN INTERNACIONALIZACION<\/p>\n<p><strong>Actuaci\u00f3n del programa:<\/strong> 2017-ITAPIN IT17 PLANES DE INTERNACIONALIZACI\u00d3N PYME CV<\/p>\n<p><strong>Resumen del proyecto:<\/strong> El proyecto presenta el plan de internacionalizaci\u00f3n de la empresa QU\u00cdMICAS MERISTEM, S.L. para 2017, en el marco del plan 2015-2017. En la memoria se exponen los objetivos planteados y las acciones de internacionalizaci\u00f3n llevadas a cabo para conseguirlos, as\u00ed como los recursos empleados, personal implicados y gastos incurridos. Se incluyen adem\u00e1s los anexos pertinentes para ampliar los detalles de aquellas actividades que as\u00ed lo requieren. La memoria muestra la clara apuesta de la empresa por la internacionalizaci\u00f3n como v\u00eda de crecimiento y mejora de su competitividad, especialmente a trav\u00e9s de acciones llevadas a cabo en pa\u00edses no pertenecientes a la UE.<\/p>\n<hr \/>\n<h2>Subvenci\u00f3n concedida: 12.531,27 euros<\/h2>\n<p><strong>T\u00edtulo del proyecto:<\/strong> Plan de Internacionalizaci\u00f3n de Qu\u00edmicas Meristem para 2016<\/p>\n<p><strong>C\u00f3digo de expediente:<\/strong>\u00a0ITAPIN\/2016\/316<\/p>\n<p><strong>Programa de ayuda:<\/strong> AYUDAS PLAN INTERNACIONALIZACION<\/p>\n<p><strong>Actuaci\u00f3n del programa:<\/strong> 2016-ITAPIN IT16 PLANES DE INTERNACIONALIZACI\u00d3N PYME CV<\/p>\n<p><strong>Resumen del proyecto:<\/strong> El proyecto presenta el plan de internacionalizaci\u00f3n de la empresa QU\u00cdMICAS MERISTEM, S.L. para 2016, en el marco del plan 2015-2017. En la memoria se exponen los objetivos planteados y las acciones de internacionalizaci\u00f3n llevadas a cabo para conseguirlos, as\u00ed como los recursos empleados, personal implicados y gastos incurridos. Se incluyen adem\u00e1s los anexos pertinentes para ampliar los detalles de aquellas actividades que as\u00ed lo requieren. La memoria muestra la clara apuesta de la empresa por la internacionalizaci\u00f3n como v\u00eda de crecimiento y mejora de su competitividad, especialmente a trav\u00e9s de acciones llevadas a cabo en pa\u00edses no pertenecientes a la UE.[\/et_pb_text][\/et_pb_column][\/et_pb_row][\/et_pb_section]<\/p>\n","protected":false},"excerpt":{"rendered":"<p>Subvenci\u00f3n concedida: 25.875 euros T\u00edtulo del proyecto: Plan de Internacionalizaci\u00f3n Qu\u00edmicas Meristem 2019 C\u00f3digo de expediente:\u00a0ITATUT\/2019\/27 Programa de ayuda: AYUDAS APOYO EMPRESAS SEGUIMIENTO TUTOR\u00cdAS Actuaci\u00f3n del programa: 2019-AYUDAS EMPRESAS SEGUIMIENTO PROGRAMA TUTOR\u00cdAS Resumen del proyecto: El proyecto presenta el plan de internacionalizaci\u00f3n de la empresa QU\u00cdMICAS MERISTEM, S.L. para 2019, en el marco del plan [&hellip;]<\/p>\n","protected":false},"author":2,"featured_media":0,"parent":0,"menu_order":0,"comment_status":"closed","ping_status":"closed","template":"","meta":{"_acf_changed":false,"_et_pb_use_builder":"on","_et_pb_old_content":"","_et_gb_content_width":"","footnotes":""},"class_list":["post-1788","page","type-page","status-publish","hentry"],"acf":[],"_links":{"self":[{"href":"https:\/\/www.meristem.com\/es\/wp-json\/wp\/v2\/pages\/1788","targetHints":{"allow":["GET"]}}],"collection":[{"href":"https:\/\/www.meristem.com\/es\/wp-json\/wp\/v2\/pages"}],"about":[{"href":"https:\/\/www.meristem.com\/es\/wp-json\/wp\/v2\/types\/page"}],"author":[{"embeddable":true,"href":"https:\/\/www.meristem.com\/es\/wp-json\/wp\/v2\/users\/2"}],"replies":[{"embeddable":true,"href":"https:\/\/www.meristem.com\/es\/wp-json\/wp\/v2\/comments?post=1788"}],"version-history":[{"count":1,"href":"https:\/\/www.meristem.com\/es\/wp-json\/wp\/v2\/pages\/1788\/revisions"}],"predecessor-version":[{"id":2746,"href":"https:\/\/www.meristem.com\/es\/wp-json\/wp\/v2\/pages\/1788\/revisions\/2746"}],"wp:attachment":[{"href":"https:\/\/www.meristem.com\/es\/wp-json\/wp\/v2\/media?parent=1788"}],"curies":[{"name":"wp","href":"https:\/\/api.w.org\/{rel}","templated":true}]}}