{"id":1867,"date":"2021-03-03T15:12:49","date_gmt":"2021-03-03T14:12:49","guid":{"rendered":"http:\/\/www.quimicasmeristem.com\/es\/?page_id=1867"},"modified":"2024-05-31T11:09:27","modified_gmt":"2024-05-31T09:09:27","slug":"sostenibilidad","status":"publish","type":"page","link":"https:\/\/www.meristem.com\/es\/sostenibilidad\/","title":{"rendered":"Sostenibilidad"},"content":{"rendered":"<p>[et_pb_section fb_built=\u00bb1&#8243; fullwidth=\u00bbon\u00bb disabled_on=\u00bboff|off|off\u00bb _builder_version=\u00bb4.16&#8243; _module_preset=\u00bbdefault\u00bb global_colors_info=\u00bb{}\u00bb][et_pb_fullwidth_slider module_class=\u00bbcabecera\u00bb _builder_version=\u00bb4.25.0&#8243; _module_preset=\u00bbdefault\u00bb height=\u00bb400px\u00bb auto=\u00bbon\u00bb auto_ignore_hover=\u00bbon\u00bb hover_transition_duration=\u00bb500ms\u00bb hover_enabled=\u00bb0&#8243; global_colors_info=\u00bb{}\u00bb sticky_enabled=\u00bb0&#8243;][et_pb_slide heading=\u00bbSoluciones innovadoras para tu campo\u00bb _builder_version=\u00bb4.25.0&#8243; _module_preset=\u00bbdefault\u00bb header_font=\u00bb|700|||||||\u00bb header_font_size=\u00bb48px\u00bb background_image=\u00bbhttps:\/\/www.meristem.com\/es\/wp-content\/uploads\/header-arroz.jpg\u00bb background_enable_image=\u00bbon\u00bb background_position=\u00bbtop_center\u00bb custom_padding=\u00bb20%||||false|false\u00bb hover_enabled=\u00bb0&#8243; header_text_shadow_style=\u00bbpreset3&#8243; header_text_shadow_color=\u00bbrgba(0,0,0,0.7)\u00bb text_shadow_style=\u00bbpreset3&#8243; text_shadow_color=\u00bb#000000&#8243; global_colors_info=\u00bb{}\u00bb sticky_transition=\u00bbon\u00bb sticky_enabled=\u00bb0&#8243;][\/et_pb_slide][et_pb_slide heading=\u00bbSoluciones innovadoras para tu campo\u00bb _builder_version=\u00bb4.25.0&#8243; _module_preset=\u00bbdefault\u00bb header_font=\u00bb|700|||||||\u00bb header_font_size=\u00bb48px\u00bb background_image=\u00bbhttps:\/\/www.meristem.com\/es\/wp-content\/uploads\/header-puerros.jpg\u00bb background_enable_image=\u00bbon\u00bb background_position=\u00bbtop_center\u00bb custom_padding=\u00bb20%||||false|false\u00bb hover_enabled=\u00bb0&#8243; header_text_shadow_style=\u00bbpreset3&#8243; header_text_shadow_color=\u00bbrgba(0,0,0,0.7)\u00bb text_shadow_style=\u00bbpreset3&#8243; text_shadow_color=\u00bb#000000&#8243; global_colors_info=\u00bb{}\u00bb sticky_transition=\u00bbon\u00bb sticky_enabled=\u00bb0&#8243;][\/et_pb_slide][et_pb_slide heading=\u00bbSoluciones innovadoras para tu campo\u00bb _builder_version=\u00bb4.25.0&#8243; _module_preset=\u00bbdefault\u00bb header_font=\u00bb|700|||||||\u00bb header_font_size=\u00bb48px\u00bb background_image=\u00bbhttps:\/\/www.meristem.com\/es\/wp-content\/uploads\/header-trigo-verde.jpg\u00bb background_enable_image=\u00bbon\u00bb custom_padding=\u00bb20%||||false|false\u00bb hover_enabled=\u00bb0&#8243; header_text_shadow_style=\u00bbpreset3&#8243; header_text_shadow_color=\u00bbrgba(0,0,0,0.7)\u00bb text_shadow_style=\u00bbpreset3&#8243; text_shadow_color=\u00bb#000000&#8243; global_colors_info=\u00bb{}\u00bb sticky_transition=\u00bbon\u00bb sticky_enabled=\u00bb0&#8243;][\/et_pb_slide][et_pb_slide heading=\u00bbSoluciones innovadoras para tu campo\u00bb _builder_version=\u00bb4.25.0&#8243; _module_preset=\u00bbdefault\u00bb header_font=\u00bb|700|||||||\u00bb header_font_size=\u00bb48px\u00bb background_image=\u00bbhttps:\/\/www.meristem.com\/es\/wp-content\/uploads\/header-uvas.jpg\u00bb background_enable_image=\u00bbon\u00bb background_position=\u00bbbottom_center\u00bb custom_padding=\u00bb20%||||false|false\u00bb hover_enabled=\u00bb0&#8243; header_text_shadow_style=\u00bbpreset3&#8243; header_text_shadow_color=\u00bbrgba(0,0,0,0.7)\u00bb text_shadow_style=\u00bbpreset1&#8243; text_shadow_color=\u00bb#000000&#8243; global_colors_info=\u00bb{}\u00bb sticky_transition=\u00bbon\u00bb sticky_enabled=\u00bb0&#8243;][\/et_pb_slide][\/et_pb_fullwidth_slider][\/et_pb_section][et_pb_section fb_built=\u00bb1&#8243; module_class=\u00bbseccion corporativo quienes-somos\u00bb _builder_version=\u00bb4.16&#8243; _module_preset=\u00bbdefault\u00bb background_enable_color=\u00bboff\u00bb global_colors_info=\u00bb{}\u00bb][et_pb_row column_structure=\u00bb2_3,1_3&#8243; _builder_version=\u00bb4.16&#8243; _module_preset=\u00bbdefault\u00bb global_colors_info=\u00bb{}\u00bb][et_pb_column type=\u00bb2_3&#8243; _builder_version=\u00bb4.16&#8243; _module_preset=\u00bbdefault\u00bb global_colors_info=\u00bb{}\u00bb][et_pb_post_title meta=\u00bboff\u00bb featured_image=\u00bboff\u00bb _builder_version=\u00bb4.16&#8243; _module_preset=\u00bbdefault\u00bb global_colors_info=\u00bb{}\u00bb][\/et_pb_post_title][et_pb_text _builder_version=\u00bb4.16&#8243; _module_preset=\u00bbdefault\u00bb global_colors_info=\u00bb{}\u00bb]<\/p>\n<p>Desde el inicio de nuestra andadura, en 1984, en MERISTEM hemos apostado por la sostenibilidad como v\u00eda privilegiada para <strong>contribuir a un desarrollo responsable de la agricultura<\/strong>. Nuestros productos, nuestros procesos productivos y nuestra gesti\u00f3n del d\u00eda a d\u00eda siguen unos principios a los que nos mantenemos fieles. Por ello, nuestro compromiso con la sostenibilidad se hace patente en todos los departamentos y actividades de la empresa.<\/p>\n<p>Nuestro departamento de I+D+i investiga cada d\u00eda para optimizar y crear <strong>nuevos productos respetuosos con el medio ambiente<\/strong>. En la actualidad, cerca del 12% de nuestro cat\u00e1logo est\u00e1 formado por productos aptos para la agricultura ecol\u00f3gica, y esperamos aumentar progresivamente esta cifra en los pr\u00f3ximos a\u00f1os.<\/p>\n<p>Todos los residuos generados durante la producci\u00f3n son gestionados por empresas externas especializadas para <strong>garantizar un reciclaje adecuado y minimizar el impacto en el medio ambiente<\/strong>. Nuestra planta de producci\u00f3n est\u00e1 dotada de los equipos necesarios para evitar la expulsi\u00f3n de gases contaminantes al exterior y nuestra inversi\u00f3n en equipamientos basados en energ\u00edas limpias es constante. En la actualidad, trabajamos en la mejora del plan de minimizaci\u00f3n de residuos peligrosos.<\/p>\n<p>Aunque <strong>la sostenibilidad debe ser un objetivo de todos<\/strong>, en MERISTEM creemos que aqu\u00e9llos que trabajamos en un sector esencial como el agr\u00edcola debemos, muy especialmente, procurar un desarrollo responsable, basado en el respeto por el medio ambiente y el territorio.<\/p>\n<p>[\/et_pb_text][\/et_pb_column][et_pb_column type=\u00bb1_3&#8243; module_class=\u00bbinstalaciones\u00bb _builder_version=\u00bb4.16&#8243; _module_preset=\u00bbdefault\u00bb global_colors_info=\u00bb{}\u00bb][et_pb_text _builder_version=\u00bb4.16&#8243; _module_preset=\u00bbdefault\u00bb global_colors_info=\u00bb{}\u00bb]<\/p>\n<h2>Nuestro compromiso con el medio ambiente<\/h2>\n<ul>\n<li>Reciclado responsable de los residuos<\/li>\n<li>Racionalizaci\u00f3n y ahorro en el consumo de agua y energ\u00eda<\/li>\n<li>Reducci\u00f3n progresiva de la emisi\u00f3n de gases contaminantes<\/li>\n<li>Inversi\u00f3n en equipamientos basados en energ\u00edas limpias<\/li>\n<li>Desarrollo de nuestra l\u00ednea de productos ecol\u00f3gicos<\/li>\n<\/ul>\n<p>[\/et_pb_text][\/et_pb_column][\/et_pb_row][\/et_pb_section]<\/p>\n","protected":false},"excerpt":{"rendered":"<p>Desde el inicio de nuestra andadura, en 1984, en MERISTEM hemos apostado por la sostenibilidad como v\u00eda privilegiada para contribuir a un desarrollo responsable de la agricultura. Nuestros productos, nuestros procesos productivos y nuestra gesti\u00f3n del d\u00eda a d\u00eda siguen unos principios a los que nos mantenemos fieles. Por ello, nuestro compromiso con la sostenibilidad [&hellip;]<\/p>\n","protected":false},"author":2,"featured_media":0,"parent":0,"menu_order":0,"comment_status":"closed","ping_status":"closed","template":"","meta":{"_acf_changed":false,"_et_pb_use_builder":"on","_et_pb_old_content":"","_et_gb_content_width":"","footnotes":""},"class_list":["post-1867","page","type-page","status-publish","hentry"],"acf":[],"_links":{"self":[{"href":"https:\/\/www.meristem.com\/es\/wp-json\/wp\/v2\/pages\/1867","targetHints":{"allow":["GET"]}}],"collection":[{"href":"https:\/\/www.meristem.com\/es\/wp-json\/wp\/v2\/pages"}],"about":[{"href":"https:\/\/www.meristem.com\/es\/wp-json\/wp\/v2\/types\/page"}],"author":[{"embeddable":true,"href":"https:\/\/www.meristem.com\/es\/wp-json\/wp\/v2\/users\/2"}],"replies":[{"embeddable":true,"href":"https:\/\/www.meristem.com\/es\/wp-json\/wp\/v2\/comments?post=1867"}],"version-history":[{"count":1,"href":"https:\/\/www.meristem.com\/es\/wp-json\/wp\/v2\/pages\/1867\/revisions"}],"predecessor-version":[{"id":2744,"href":"https:\/\/www.meristem.com\/es\/wp-json\/wp\/v2\/pages\/1867\/revisions\/2744"}],"wp:attachment":[{"href":"https:\/\/www.meristem.com\/es\/wp-json\/wp\/v2\/media?parent=1867"}],"curies":[{"name":"wp","href":"https:\/\/api.w.org\/{rel}","templated":true}]}}