{"id":1955,"date":"2021-03-31T13:51:01","date_gmt":"2021-03-31T12:51:01","guid":{"rendered":"http:\/\/www.quimicasmeristem.com\/es\/?page_id=1955"},"modified":"2024-05-31T11:07:56","modified_gmt":"2024-05-31T09:07:56","slug":"lineas-de-investigacion","status":"publish","type":"page","link":"https:\/\/www.meristem.com\/es\/i-d-i\/lineas-de-investigacion\/","title":{"rendered":"L\u00edneas de investigaci\u00f3n"},"content":{"rendered":"<p>[et_pb_section fb_built=\u00bb1&#8243; fullwidth=\u00bbon\u00bb disabled_on=\u00bboff|off|off\u00bb _builder_version=\u00bb4.16&#8243; _module_preset=\u00bbdefault\u00bb global_colors_info=\u00bb{}\u00bb][et_pb_fullwidth_slider module_class=\u00bbcabecera\u00bb _builder_version=\u00bb4.25.0&#8243; _module_preset=\u00bbdefault\u00bb height=\u00bb400px\u00bb auto=\u00bbon\u00bb auto_ignore_hover=\u00bbon\u00bb hover_transition_duration=\u00bb500ms\u00bb hover_enabled=\u00bb0&#8243; global_colors_info=\u00bb{}\u00bb sticky_enabled=\u00bb0&#8243;][et_pb_slide heading=\u00bbSoluciones innovadoras para tu campo\u00bb _builder_version=\u00bb4.25.0&#8243; _module_preset=\u00bbdefault\u00bb header_font=\u00bb|700|||||||\u00bb header_font_size=\u00bb48px\u00bb background_image=\u00bbhttps:\/\/www.meristem.com\/es\/wp-content\/uploads\/header-laboratorio.jpg\u00bb background_enable_image=\u00bbon\u00bb background_position=\u00bbtop_center\u00bb custom_padding=\u00bb20%||||false|false\u00bb hover_enabled=\u00bb0&#8243; header_text_shadow_style=\u00bbpreset3&#8243; header_text_shadow_color=\u00bbrgba(0,0,0,0.7)\u00bb text_shadow_style=\u00bbpreset3&#8243; text_shadow_color=\u00bb#000000&#8243; global_colors_info=\u00bb{}\u00bb sticky_transition=\u00bbon\u00bb sticky_enabled=\u00bb0&#8243;][\/et_pb_slide][et_pb_slide heading=\u00bbSoluciones innovadoras para tu campo\u00bb _builder_version=\u00bb4.25.0&#8243; _module_preset=\u00bbdefault\u00bb header_font=\u00bb|700|||||||\u00bb header_font_size=\u00bb48px\u00bb background_image=\u00bbhttps:\/\/www.meristem.com\/es\/wp-content\/uploads\/header-pimientos.jpg\u00bb background_enable_image=\u00bbon\u00bb background_position=\u00bbbottom_center\u00bb custom_padding=\u00bb20%||||false|false\u00bb hover_enabled=\u00bb0&#8243; header_text_shadow_style=\u00bbpreset3&#8243; header_text_shadow_color=\u00bbrgba(0,0,0,0.7)\u00bb text_shadow_style=\u00bbpreset3&#8243; text_shadow_color=\u00bb#000000&#8243; global_colors_info=\u00bb{}\u00bb sticky_transition=\u00bbon\u00bb sticky_enabled=\u00bb0&#8243;][\/et_pb_slide][et_pb_slide heading=\u00bbSoluciones innovadoras para tu campo\u00bb _builder_version=\u00bb4.25.0&#8243; _module_preset=\u00bbdefault\u00bb header_font=\u00bb|700|||||||\u00bb header_font_size=\u00bb48px\u00bb background_image=\u00bbhttps:\/\/www.meristem.com\/es\/wp-content\/uploads\/header-olivos.jpg\u00bb background_enable_image=\u00bbon\u00bb custom_padding=\u00bb20%||||false|false\u00bb hover_enabled=\u00bb0&#8243; header_text_shadow_style=\u00bbpreset3&#8243; header_text_shadow_color=\u00bbrgba(0,0,0,0.7)\u00bb text_shadow_style=\u00bbpreset3&#8243; text_shadow_color=\u00bb#000000&#8243; global_colors_info=\u00bb{}\u00bb sticky_transition=\u00bbon\u00bb sticky_enabled=\u00bb0&#8243;][\/et_pb_slide][et_pb_slide heading=\u00bbSoluciones innovadoras para tu campo\u00bb _builder_version=\u00bb4.25.0&#8243; _module_preset=\u00bbdefault\u00bb header_font=\u00bb|700|||||||\u00bb header_font_size=\u00bb48px\u00bb background_image=\u00bbhttps:\/\/www.meristem.com\/es\/wp-content\/uploads\/header-almendras.jpg\u00bb background_enable_image=\u00bbon\u00bb background_position=\u00bbbottom_center\u00bb custom_padding=\u00bb20%||||false|false\u00bb hover_enabled=\u00bb0&#8243; header_text_shadow_style=\u00bbpreset3&#8243; header_text_shadow_color=\u00bbrgba(0,0,0,0.7)\u00bb text_shadow_style=\u00bbpreset1&#8243; text_shadow_color=\u00bb#000000&#8243; global_colors_info=\u00bb{}\u00bb sticky_transition=\u00bbon\u00bb sticky_enabled=\u00bb0&#8243;][\/et_pb_slide][\/et_pb_fullwidth_slider][\/et_pb_section][et_pb_section fb_built=\u00bb1&#8243; module_class=\u00bbseccion corporativo i-d-i\u00bb _builder_version=\u00bb4.16&#8243; _module_preset=\u00bbdefault\u00bb background_enable_color=\u00bboff\u00bb global_colors_info=\u00bb{}\u00bb][et_pb_row column_structure=\u00bb2_3,1_3&#8243; _builder_version=\u00bb4.16&#8243; _module_preset=\u00bbdefault\u00bb global_colors_info=\u00bb{}\u00bb][et_pb_column type=\u00bb2_3&#8243; _builder_version=\u00bb4.16&#8243; _module_preset=\u00bbdefault\u00bb global_colors_info=\u00bb{}\u00bb][et_pb_post_title meta=\u00bboff\u00bb featured_image=\u00bboff\u00bb _builder_version=\u00bb4.16&#8243; _module_preset=\u00bbdefault\u00bb global_colors_info=\u00bb{}\u00bb][\/et_pb_post_title][et_pb_text _builder_version=\u00bb4.16&#8243; _module_preset=\u00bbdefault\u00bb global_colors_info=\u00bb{}\u00bb]<\/p>\n<p>En MERISTEM estamos permanentemente a la escucha de las necesidades de nuestros clientes. Nuestra <strong>significativa\u00a0inversi\u00f3n en\u00a0I+D+i<\/strong>, unida a una labor constante de vigilancia tecnol\u00f3gica, nos permite identificar nuevas oportunidades de desarrollo dentro del mercado de bioestimulantes.<\/p>\n<p>En nuestro departamento de I+D+i, qu\u00edmicos e ingenieros agr\u00f3nomos altamente cualificados trabajan en estrecha colaboraci\u00f3n para hacer llegar al campo <strong>productos cada vez m\u00e1s eficaces e innovadores<\/strong>.<\/p>\n<p>Nuestras l\u00edneas de investigaci\u00f3n se centran en desarrollar <strong>formulados basados en materias primas novedosas\u00a0as\u00ed como en microorganismos \u00fanicos<\/strong>, que nos permiten ofrecer un innovador cat\u00e1logo de fertilizantes y bioestimulantes.<\/p>\n<p>Todos nuestros productos son sometidos a <strong>exhaustivas pruebas de laboratorio<\/strong> y a <strong>ensayos de eficacia en campo<\/strong> para cumplir con los exigentes est\u00e1ndares de calidad que MERISTEM garantiza a sus clientes. S\u00f3lo los productos cuyo resultado ha sido comprobado son incorporados a nuestro cat\u00e1logo.<\/p>\n<p>[\/et_pb_text][\/et_pb_column][et_pb_column type=\u00bb1_3&#8243; module_class=\u00bbi-d-i-img\u00bb _builder_version=\u00bb4.16&#8243; _module_preset=\u00bbdefault\u00bb global_colors_info=\u00bb{}\u00bb][et_pb_text _builder_version=\u00bb4.16&#8243; _module_preset=\u00bbdefault\u00bb global_colors_info=\u00bb{}\u00bb]<\/p>\n<p><img loading=\"lazy\" decoding=\"async\" class=\"wp-image-1971 alignnone size-full\" src=\"https:\/\/www.meristem.com\/es\/wp-content\/uploads\/i-d-i-laboratorio-01.jpg\" alt=\"\" width=\"720\" height=\"400\" srcset=\"https:\/\/www.meristem.com\/es\/wp-content\/uploads\/i-d-i-laboratorio-01.jpg 720w, https:\/\/www.meristem.com\/es\/wp-content\/uploads\/i-d-i-laboratorio-01-480x267.jpg 480w\" sizes=\"(min-width: 0px) and (max-width: 480px) 480px, (min-width: 481px) 720px, 100vw\" \/><\/p>\n<p><img loading=\"lazy\" decoding=\"async\" class=\"wp-image-1972 alignnone size-full\" src=\"https:\/\/www.meristem.com\/es\/wp-content\/uploads\/i-d-i-laboratorio-02.jpg\" alt=\"\" width=\"720\" height=\"400\" srcset=\"https:\/\/www.meristem.com\/es\/wp-content\/uploads\/i-d-i-laboratorio-02.jpg 720w, https:\/\/www.meristem.com\/es\/wp-content\/uploads\/i-d-i-laboratorio-02-480x267.jpg 480w\" sizes=\"(min-width: 0px) and (max-width: 480px) 480px, (min-width: 481px) 720px, 100vw\" \/><\/p>\n<p>[\/et_pb_text][\/et_pb_column][\/et_pb_row][\/et_pb_section]<\/p>\n","protected":false},"excerpt":{"rendered":"<p>En MERISTEM estamos permanentemente a la escucha de las necesidades de nuestros clientes. Nuestra significativa\u00a0inversi\u00f3n en\u00a0I+D+i, unida a una labor constante de vigilancia tecnol\u00f3gica, nos permite identificar nuevas oportunidades de desarrollo dentro del mercado de bioestimulantes. En nuestro departamento de I+D+i, qu\u00edmicos e ingenieros agr\u00f3nomos altamente cualificados trabajan en estrecha colaboraci\u00f3n para hacer llegar al [&hellip;]<\/p>\n","protected":false},"author":2,"featured_media":0,"parent":1877,"menu_order":0,"comment_status":"closed","ping_status":"closed","template":"","meta":{"_acf_changed":false,"_et_pb_use_builder":"on","_et_pb_old_content":"","_et_gb_content_width":"","footnotes":""},"class_list":["post-1955","page","type-page","status-publish","hentry"],"acf":[],"_links":{"self":[{"href":"https:\/\/www.meristem.com\/es\/wp-json\/wp\/v2\/pages\/1955","targetHints":{"allow":["GET"]}}],"collection":[{"href":"https:\/\/www.meristem.com\/es\/wp-json\/wp\/v2\/pages"}],"about":[{"href":"https:\/\/www.meristem.com\/es\/wp-json\/wp\/v2\/types\/page"}],"author":[{"embeddable":true,"href":"https:\/\/www.meristem.com\/es\/wp-json\/wp\/v2\/users\/2"}],"replies":[{"embeddable":true,"href":"https:\/\/www.meristem.com\/es\/wp-json\/wp\/v2\/comments?post=1955"}],"version-history":[{"count":1,"href":"https:\/\/www.meristem.com\/es\/wp-json\/wp\/v2\/pages\/1955\/revisions"}],"predecessor-version":[{"id":2741,"href":"https:\/\/www.meristem.com\/es\/wp-json\/wp\/v2\/pages\/1955\/revisions\/2741"}],"up":[{"embeddable":true,"href":"https:\/\/www.meristem.com\/es\/wp-json\/wp\/v2\/pages\/1877"}],"wp:attachment":[{"href":"https:\/\/www.meristem.com\/es\/wp-json\/wp\/v2\/media?parent=1955"}],"curies":[{"name":"wp","href":"https:\/\/api.w.org\/{rel}","templated":true}]}}