{"id":1979,"date":"2021-03-31T14:22:02","date_gmt":"2021-03-31T13:22:02","guid":{"rendered":"http:\/\/www.quimicasmeristem.com\/es\/?page_id=1979"},"modified":"2024-06-20T08:01:22","modified_gmt":"2024-06-20T06:01:22","slug":"proyectos-de-idi","status":"publish","type":"page","link":"https:\/\/www.meristem.com\/es\/i-d-i\/proyectos-de-idi\/","title":{"rendered":"Proyectos de I+D+i"},"content":{"rendered":"<p>[et_pb_section fb_built=\u00bb1&#8243; fullwidth=\u00bbon\u00bb disabled_on=\u00bboff|off|off\u00bb _builder_version=\u00bb4.16&#8243; _module_preset=\u00bbdefault\u00bb global_colors_info=\u00bb{}\u00bb][et_pb_fullwidth_slider module_class=\u00bbcabecera\u00bb _builder_version=\u00bb4.25.0&#8243; _module_preset=\u00bbdefault\u00bb height=\u00bb400px\u00bb auto=\u00bbon\u00bb auto_ignore_hover=\u00bbon\u00bb hover_transition_duration=\u00bb500ms\u00bb global_colors_info=\u00bb{}\u00bb][et_pb_slide heading=\u00bbSoluciones innovadoras para tu campo\u00bb _builder_version=\u00bb4.25.0&#8243; _module_preset=\u00bbdefault\u00bb header_font=\u00bb|700|||||||\u00bb header_font_size=\u00bb48px\u00bb background_image=\u00bbhttps:\/\/www.meristem.com\/es\/wp-content\/uploads\/header-laboratorio.jpg\u00bb background_enable_image=\u00bbon\u00bb background_position=\u00bbtop_center\u00bb custom_padding=\u00bb20%||||false|false\u00bb header_text_shadow_style=\u00bbpreset3&#8243; header_text_shadow_color=\u00bbrgba(0,0,0,0.7)\u00bb text_shadow_style=\u00bbpreset3&#8243; text_shadow_color=\u00bb#000000&#8243; global_colors_info=\u00bb{}\u00bb sticky_transition=\u00bbon\u00bb][\/et_pb_slide][et_pb_slide heading=\u00bbSoluciones innovadoras para tu campo\u00bb _builder_version=\u00bb4.25.0&#8243; _module_preset=\u00bbdefault\u00bb header_font=\u00bb|700|||||||\u00bb header_font_size=\u00bb48px\u00bb background_image=\u00bbhttps:\/\/www.meristem.com\/es\/wp-content\/uploads\/header-pimientos.jpg\u00bb background_enable_image=\u00bbon\u00bb background_position=\u00bbbottom_center\u00bb custom_padding=\u00bb20%||||false|false\u00bb header_text_shadow_style=\u00bbpreset3&#8243; header_text_shadow_color=\u00bbrgba(0,0,0,0.7)\u00bb text_shadow_style=\u00bbpreset3&#8243; text_shadow_color=\u00bb#000000&#8243; global_colors_info=\u00bb{}\u00bb sticky_transition=\u00bbon\u00bb][\/et_pb_slide][et_pb_slide heading=\u00bbSoluciones innovadoras para tu campo\u00bb _builder_version=\u00bb4.25.0&#8243; _module_preset=\u00bbdefault\u00bb header_font=\u00bb|700|||||||\u00bb header_font_size=\u00bb48px\u00bb background_image=\u00bbhttps:\/\/www.meristem.com\/es\/wp-content\/uploads\/header-olivos.jpg\u00bb background_enable_image=\u00bbon\u00bb custom_padding=\u00bb20%||||false|false\u00bb header_text_shadow_style=\u00bbpreset3&#8243; header_text_shadow_color=\u00bbrgba(0,0,0,0.7)\u00bb text_shadow_style=\u00bbpreset3&#8243; text_shadow_color=\u00bb#000000&#8243; global_colors_info=\u00bb{}\u00bb sticky_transition=\u00bbon\u00bb][\/et_pb_slide][et_pb_slide heading=\u00bbSoluciones innovadoras para tu campo\u00bb _builder_version=\u00bb4.25.0&#8243; _module_preset=\u00bbdefault\u00bb header_font=\u00bb|700|||||||\u00bb header_font_size=\u00bb48px\u00bb background_image=\u00bbhttps:\/\/www.meristem.com\/es\/wp-content\/uploads\/header-almendras.jpg\u00bb background_enable_image=\u00bbon\u00bb background_position=\u00bbbottom_center\u00bb custom_padding=\u00bb20%||||false|false\u00bb header_text_shadow_style=\u00bbpreset3&#8243; header_text_shadow_color=\u00bbrgba(0,0,0,0.7)\u00bb text_shadow_style=\u00bbpreset1&#8243; text_shadow_color=\u00bb#000000&#8243; global_colors_info=\u00bb{}\u00bb sticky_transition=\u00bbon\u00bb][\/et_pb_slide][\/et_pb_fullwidth_slider][\/et_pb_section][et_pb_section fb_built=\u00bb1&#8243; module_class=\u00bbseccion corporativo i-d-i\u00bb _builder_version=\u00bb4.16&#8243; _module_preset=\u00bbdefault\u00bb background_enable_color=\u00bboff\u00bb global_colors_info=\u00bb{}\u00bb][et_pb_row column_structure=\u00bb2_3,1_3&#8243; _builder_version=\u00bb4.16&#8243; _module_preset=\u00bbdefault\u00bb global_colors_info=\u00bb{}\u00bb][et_pb_column type=\u00bb2_3&#8243; _builder_version=\u00bb4.16&#8243; _module_preset=\u00bbdefault\u00bb global_colors_info=\u00bb{}\u00bb][et_pb_post_title meta=\u00bboff\u00bb featured_image=\u00bboff\u00bb _builder_version=\u00bb4.16&#8243; _module_preset=\u00bbdefault\u00bb global_colors_info=\u00bb{}\u00bb][\/et_pb_post_title][et_pb_text _builder_version=\u00bb4.25.1&#8243; _module_preset=\u00bbdefault\u00bb hover_enabled=\u00bb0&#8243; global_colors_info=\u00bb{}\u00bb sticky_enabled=\u00bb0&#8243;]Conscientes de la necesidad de innovar cada d\u00eda, en MERISTEM llevamos a cabo proyectos de investigaci\u00f3n cuyo objetivo es la optimizaci\u00f3n y el desarrollo de nuevos productos que cumplan con las necesidades de los agricultores. Los proyectos se llevan a cabo en nuestro departamento de I+D+i, a menudo en estrecha colaboraci\u00f3n con universidades y otros prestigiosos organismos del sector. A continuaci\u00f3n detallamos algunos de nuestros proyectos m\u00e1s recientes.<\/p>\n<h4>Compuestos vol\u00e1tiles bioestimulantes para aplicaci\u00f3n en agricultura<\/h4>\n<p>Con este nuevo proyecto CDTI se pretende profundizar sobre el uso de algunos compuestos vol\u00e1tiles como bioestimulantes para los cultivos. Se trata de introducir en los formulados estas mol\u00e9culas, que las plantas utilizan como se\u00f1ales de estr\u00e9s, para producir una respuesta que pueda ser utilizada para incrementar la productividad de los cultivos.<\/p>\n<p>Si por un lado estas mol\u00e9culas pueden producir el cierre de los estomas de la planta, desde un punto de vista gen\u00e9tico podr\u00edan inducir la activaci\u00f3n de genes de floraci\u00f3n y resistencia. <\/p>\n<p>Finalmente el objetivo que se persigue es poder gestionar el equilibrio vegeto productivo de la planta en funci\u00f3n de las necesidades y del estado del cultivo. <\/p>\n<p>Un gran reto para avanzar hacia una agricultura tecnol\u00f3gicamente avanzada y m\u00e1s rentable. <\/p>\n<h4>Nuevos bioestimulantes de \u00faltima generaci\u00f3n<\/h4>\n<p>Proyecto financiado por CDTI, cuyo objetivo es desarrollar una l\u00ednea completa de biostimulantes basados en un compuesto vol\u00e1til que las plantas producen de forma natural.<\/p>\n<p>El proyecto nace de una colaboraci\u00f3n con la UPV y persigue investigar el modo de acci\u00f3n de este compuesto mediante t\u00e9cnicas de transcript\u00f3mica y metabol\u00f3mica.<\/p>\n<p>A partir de estos conocimientos el objetivo es generar biostimulantes capaces de:<\/p>\n<ul>\n<li>Incrementar de la productividad del cultivo.<\/li>\n<li>Aumentar la resistencia a estreses abi\u00f3ticos.<\/li>\n<li>Mejorar la calidad de la producci\u00f3n: color, propiedades organol\u00e9pticas, propiedades nutricionales, etc.<\/li>\n<\/ul>\n<p>El compuesto, ya patentado, podr\u00eda suponer un gran avance y una novedad absoluta en el mundo de los biostimulantes.<\/p>\n<h4>Desarrollo de un producto biofertilizante de aplicaci\u00f3n al suelo, basado en bacterias fijadoras de nitr\u00f3geno atmosf\u00e9rico<\/h4>\n<p>Proyecto cuyo objetivo es desarrollar un formulado basado en bacterias que fijan el nitr\u00f3geno atmosf\u00e9rico, con el fin de ampliar las l\u00edneas de productos microbiol\u00f3gicos de Meristem.<\/p>\n<p>El objetivo de estos productos es limitar el impacto de la agricultura sobre el medioambiente, ya que su utilizaci\u00f3n podr\u00eda permitir reducir el abonado nitrogenado de origen qu\u00edmico entre un 60% y un 70%, sin reducir el rendimiento o la calidad de la cosecha.<\/p>\n<p>El formulado ya se est\u00e1 ensayando en campo para determinar su efectividad.<\/p>\n<h4>Bioestimulante activador de rutas metabolicas relacionadas con maduraci\u00f3n y pigmentaci\u00f3n de frutos<\/h4>\n<p>Proyecto desarrollado para obtener productos que mejoren la coloraci\u00f3n de los frutos, alternativos a los productos hormonales m\u00e1s utilizados.<\/p>\n<p>Para alcanzar el objetivo planteado se han utilizado t\u00e9cnicas de \u00faltima generaci\u00f3n, como el an\u00e1lisis de expresi\u00f3n g\u00e9nica, y se han llevado a cabo pruebas de campo en m\u00faltiples cultivos, lo que finalmente ha permitido lanzar al mercado el producto Stimax Color.<\/p>\n<h4>Agente microbiano para control de pat\u00f3genos en diferentes cultivos<\/h4>\n<p>El objetivo de este proyecto ha sido desarrollar un formulado fitosanitario basado en nuestra cepa de <em>Bacillus subtilis<\/em>, \u00fatil para reducir los da\u00f1os producidos por diferentes enfermedades en distintos cultivos. Este tipo de bacteria asegura un control efectivo y no deja residuos en las plantas, contribuyendo as\u00ed el cuidado del medioambiente.<\/p>\n<p>Mediante este proyecto ha sido posible optimizar el formulado, con el fin de lograr la m\u00e1xima eficacia de nuestro agente microbiano.<\/p>\n<p>Los ensayos realizados en campo han permitido validar la funcionalidad del producto a diferentes dosis y con cultivos de distinto g\u00e9neros.[\/et_pb_text][\/et_pb_column][et_pb_column type=\u00bb1_3&#8243; module_class=\u00bbi-d-i-img\u00bb _builder_version=\u00bb4.16&#8243; _module_preset=\u00bbdefault\u00bb global_colors_info=\u00bb{}\u00bb][et_pb_text _builder_version=\u00bb4.16&#8243; _module_preset=\u00bbdefault\u00bb global_colors_info=\u00bb{}\u00bb]<\/p>\n<p><img loading=\"lazy\" decoding=\"async\" class=\"wp-image-1996 alignnone size-full\" src=\"https:\/\/www.meristem.com\/es\/wp-content\/uploads\/i-d-i-proyectos-03.jpg\" alt=\"\" width=\"720\" height=\"480\" srcset=\"https:\/\/www.meristem.com\/es\/wp-content\/uploads\/i-d-i-proyectos-03.jpg 720w, https:\/\/www.meristem.com\/es\/wp-content\/uploads\/i-d-i-proyectos-03-480x320.jpg 480w\" sizes=\"(min-width: 0px) and (max-width: 480px) 480px, (min-width: 481px) 720px, 100vw\" \/><\/p>\n<p><img loading=\"lazy\" decoding=\"async\" class=\"wp-image-1995 alignnone size-full\" src=\"https:\/\/www.meristem.com\/es\/wp-content\/uploads\/i-d-i-proyectos-02.jpg\" alt=\"\" width=\"720\" height=\"480\" srcset=\"https:\/\/www.meristem.com\/es\/wp-content\/uploads\/i-d-i-proyectos-02.jpg 720w, https:\/\/www.meristem.com\/es\/wp-content\/uploads\/i-d-i-proyectos-02-480x320.jpg 480w\" sizes=\"(min-width: 0px) and (max-width: 480px) 480px, (min-width: 481px) 720px, 100vw\" \/><\/p>\n<p><img loading=\"lazy\" decoding=\"async\" class=\"wp-image-1994 alignnone size-full\" src=\"https:\/\/www.meristem.com\/es\/wp-content\/uploads\/i-d-i-proyectos-01.jpg\" alt=\"\" width=\"720\" height=\"480\" srcset=\"https:\/\/www.meristem.com\/es\/wp-content\/uploads\/i-d-i-proyectos-01.jpg 720w, https:\/\/www.meristem.com\/es\/wp-content\/uploads\/i-d-i-proyectos-01-480x320.jpg 480w\" sizes=\"(min-width: 0px) and (max-width: 480px) 480px, (min-width: 481px) 720px, 100vw\" \/><\/p>\n<p><img loading=\"lazy\" decoding=\"async\" class=\"wp-image-1997 alignnone size-full\" src=\"https:\/\/www.meristem.com\/es\/wp-content\/uploads\/i-d-i-proyectos-04.jpg\" alt=\"\" width=\"720\" height=\"480\" srcset=\"https:\/\/www.meristem.com\/es\/wp-content\/uploads\/i-d-i-proyectos-04.jpg 720w, https:\/\/www.meristem.com\/es\/wp-content\/uploads\/i-d-i-proyectos-04-480x320.jpg 480w\" sizes=\"(min-width: 0px) and (max-width: 480px) 480px, (min-width: 481px) 720px, 100vw\" \/><\/p>\n<p>[\/et_pb_text][\/et_pb_column][\/et_pb_row][\/et_pb_section]<\/p>\n","protected":false},"excerpt":{"rendered":"<p>Conscientes de la necesidad de innovar cada d\u00eda, en MERISTEM llevamos a cabo proyectos de investigaci\u00f3n cuyo objetivo es la optimizaci\u00f3n y el desarrollo de nuevos productos que cumplan con las necesidades de los agricultores. Los proyectos se llevan a cabo en nuestro departamento de I+D+i, a menudo en estrecha colaboraci\u00f3n con universidades y otros [&hellip;]<\/p>\n","protected":false},"author":2,"featured_media":0,"parent":1877,"menu_order":0,"comment_status":"closed","ping_status":"closed","template":"","meta":{"_acf_changed":false,"_et_pb_use_builder":"on","_et_pb_old_content":"","_et_gb_content_width":"","footnotes":""},"class_list":["post-1979","page","type-page","status-publish","hentry"],"acf":[],"_links":{"self":[{"href":"https:\/\/www.meristem.com\/es\/wp-json\/wp\/v2\/pages\/1979","targetHints":{"allow":["GET"]}}],"collection":[{"href":"https:\/\/www.meristem.com\/es\/wp-json\/wp\/v2\/pages"}],"about":[{"href":"https:\/\/www.meristem.com\/es\/wp-json\/wp\/v2\/types\/page"}],"author":[{"embeddable":true,"href":"https:\/\/www.meristem.com\/es\/wp-json\/wp\/v2\/users\/2"}],"replies":[{"embeddable":true,"href":"https:\/\/www.meristem.com\/es\/wp-json\/wp\/v2\/comments?post=1979"}],"version-history":[{"count":2,"href":"https:\/\/www.meristem.com\/es\/wp-json\/wp\/v2\/pages\/1979\/revisions"}],"predecessor-version":[{"id":2774,"href":"https:\/\/www.meristem.com\/es\/wp-json\/wp\/v2\/pages\/1979\/revisions\/2774"}],"up":[{"embeddable":true,"href":"https:\/\/www.meristem.com\/es\/wp-json\/wp\/v2\/pages\/1877"}],"wp:attachment":[{"href":"https:\/\/www.meristem.com\/es\/wp-json\/wp\/v2\/media?parent=1979"}],"curies":[{"name":"wp","href":"https:\/\/api.w.org\/{rel}","templated":true}]}}