{"id":2011,"date":"2021-03-31T15:11:21","date_gmt":"2021-03-31T14:11:21","guid":{"rendered":"http:\/\/www.quimicasmeristem.com\/es\/?page_id=2011"},"modified":"2024-05-31T11:07:33","modified_gmt":"2024-05-31T09:07:33","slug":"ensayos-en-campo","status":"publish","type":"page","link":"https:\/\/www.meristem.com\/es\/i-d-i\/ensayos-en-campo\/","title":{"rendered":"Ensayos en campo"},"content":{"rendered":"<p>[et_pb_section fb_built=\u00bb1&#8243; fullwidth=\u00bbon\u00bb disabled_on=\u00bboff|off|off\u00bb _builder_version=\u00bb4.16&#8243; _module_preset=\u00bbdefault\u00bb global_colors_info=\u00bb{}\u00bb][et_pb_fullwidth_slider module_class=\u00bbcabecera\u00bb _builder_version=\u00bb4.25.0&#8243; _module_preset=\u00bbdefault\u00bb height=\u00bb400px\u00bb auto=\u00bbon\u00bb auto_ignore_hover=\u00bbon\u00bb hover_transition_duration=\u00bb500ms\u00bb hover_enabled=\u00bb0&#8243; global_colors_info=\u00bb{}\u00bb sticky_enabled=\u00bb0&#8243;][et_pb_slide heading=\u00bbSoluciones innovadoras para tu campo\u00bb _builder_version=\u00bb4.25.0&#8243; _module_preset=\u00bbdefault\u00bb header_font=\u00bb|700|||||||\u00bb header_font_size=\u00bb48px\u00bb background_image=\u00bbhttps:\/\/www.meristem.com\/es\/wp-content\/uploads\/header-laboratorio.jpg\u00bb background_enable_image=\u00bbon\u00bb background_position=\u00bbtop_center\u00bb custom_padding=\u00bb20%||||false|false\u00bb hover_enabled=\u00bb0&#8243; header_text_shadow_style=\u00bbpreset3&#8243; header_text_shadow_color=\u00bbrgba(0,0,0,0.7)\u00bb text_shadow_style=\u00bbpreset3&#8243; text_shadow_color=\u00bb#000000&#8243; global_colors_info=\u00bb{}\u00bb sticky_transition=\u00bbon\u00bb sticky_enabled=\u00bb0&#8243;][\/et_pb_slide][et_pb_slide heading=\u00bbSoluciones innovadoras para tu campo\u00bb _builder_version=\u00bb4.25.0&#8243; _module_preset=\u00bbdefault\u00bb header_font=\u00bb|700|||||||\u00bb header_font_size=\u00bb48px\u00bb background_image=\u00bbhttps:\/\/www.meristem.com\/es\/wp-content\/uploads\/header-pimientos.jpg\u00bb background_enable_image=\u00bbon\u00bb background_position=\u00bbbottom_center\u00bb custom_padding=\u00bb20%||||false|false\u00bb hover_enabled=\u00bb0&#8243; header_text_shadow_style=\u00bbpreset3&#8243; header_text_shadow_color=\u00bbrgba(0,0,0,0.7)\u00bb text_shadow_style=\u00bbpreset3&#8243; text_shadow_color=\u00bb#000000&#8243; global_colors_info=\u00bb{}\u00bb sticky_transition=\u00bbon\u00bb sticky_enabled=\u00bb0&#8243;][\/et_pb_slide][et_pb_slide heading=\u00bbSoluciones innovadoras para tu campo\u00bb _builder_version=\u00bb4.25.0&#8243; _module_preset=\u00bbdefault\u00bb header_font=\u00bb|700|||||||\u00bb header_font_size=\u00bb48px\u00bb background_image=\u00bbhttps:\/\/www.meristem.com\/es\/wp-content\/uploads\/header-olivos.jpg\u00bb background_enable_image=\u00bbon\u00bb custom_padding=\u00bb20%||||false|false\u00bb hover_enabled=\u00bb0&#8243; header_text_shadow_style=\u00bbpreset3&#8243; header_text_shadow_color=\u00bbrgba(0,0,0,0.7)\u00bb text_shadow_style=\u00bbpreset3&#8243; text_shadow_color=\u00bb#000000&#8243; global_colors_info=\u00bb{}\u00bb sticky_transition=\u00bbon\u00bb sticky_enabled=\u00bb0&#8243;][\/et_pb_slide][et_pb_slide heading=\u00bbSoluciones innovadoras para tu campo\u00bb _builder_version=\u00bb4.25.0&#8243; _module_preset=\u00bbdefault\u00bb header_font=\u00bb|700|||||||\u00bb header_font_size=\u00bb48px\u00bb background_image=\u00bbhttps:\/\/www.meristem.com\/es\/wp-content\/uploads\/header-almendras.jpg\u00bb background_enable_image=\u00bbon\u00bb background_position=\u00bbbottom_center\u00bb custom_padding=\u00bb20%||||false|false\u00bb hover_enabled=\u00bb0&#8243; header_text_shadow_style=\u00bbpreset3&#8243; header_text_shadow_color=\u00bbrgba(0,0,0,0.7)\u00bb text_shadow_style=\u00bbpreset1&#8243; text_shadow_color=\u00bb#000000&#8243; global_colors_info=\u00bb{}\u00bb sticky_transition=\u00bbon\u00bb sticky_enabled=\u00bb0&#8243;][\/et_pb_slide][\/et_pb_fullwidth_slider][\/et_pb_section][et_pb_section fb_built=\u00bb1&#8243; module_id=\u00bbensayos-col0&#8243; module_class=\u00bbseccion\u00bb _builder_version=\u00bb4.16&#8243; _module_preset=\u00bbdefault\u00bb background_enable_color=\u00bboff\u00bb global_colors_info=\u00bb{}\u00bb][et_pb_row _builder_version=\u00bb4.16&#8243; _module_preset=\u00bbdefault\u00bb global_colors_info=\u00bb{}\u00bb][et_pb_column type=\u00bb4_4&#8243; _builder_version=\u00bb4.16&#8243; _module_preset=\u00bbdefault\u00bb global_colors_info=\u00bb{}\u00bb][et_pb_post_title meta=\u00bboff\u00bb featured_image=\u00bboff\u00bb admin_label=\u00bbT\u00edtulo de publicaci\u00f3n\u00bb _builder_version=\u00bb4.16&#8243; _module_preset=\u00bbdefault\u00bb global_colors_info=\u00bb{}\u00bb][\/et_pb_post_title][et_pb_text _builder_version=\u00bb4.16&#8243; _module_preset=\u00bbdefault\u00bb global_colors_info=\u00bb{}\u00bb]<\/p>\n<p>Fieles a nuestros elevados est\u00e1ndares de calidad, en MERISTEM probamos en campo todos nuestros productos antes de lanzarlos al mercado. Con esto garantizamos no solo su eficacia sino tambi\u00e9n que la dosis y los momentos de aplicaci\u00f3n que recomendamos para cada cultivo sean los adecuados. Nuestros ensayos en campo se realizan con la colaboraci\u00f3n de organismos externos independientes, acreditados a tal efecto. En esta secci\u00f3n se pueden consultar los resultados de las pruebas de campo realizadas con diferentes productos en distintos cultivos.<\/p>\n<p>[\/et_pb_text][\/et_pb_column][\/et_pb_row][\/et_pb_section][et_pb_section fb_built=\u00bb1&#8243; module_id=\u00bbensayos\u00bb module_class=\u00bbseccion corporativo i-d-i\u00bb _builder_version=\u00bb4.16&#8243; _module_preset=\u00bbdefault\u00bb background_enable_color=\u00bboff\u00bb global_colors_info=\u00bb{}\u00bb][et_pb_row column_structure=\u00bb2_3,1_3&#8243; _builder_version=\u00bb4.16&#8243; _module_preset=\u00bbdefault\u00bb global_colors_info=\u00bb{}\u00bb][et_pb_column type=\u00bb2_3&#8243; module_class=\u00bbensayos-col1&#8243; _builder_version=\u00bb4.16&#8243; _module_preset=\u00bbdefault\u00bb global_colors_info=\u00bb{}\u00bb][et_pb_text admin_label=\u00bbAminomax N &#8211; Uva\u00bb module_class=\u00bbensayo\u00bb _builder_version=\u00bb4.16&#8243; _module_preset=\u00bbdefault\u00bb global_colors_info=\u00bb{}\u00bb]<\/p>\n<h5><img loading=\"lazy\" decoding=\"async\" class=\"wp-image-2031 alignnone size-full\" src=\"https:\/\/www.meristem.com\/es\/wp-content\/uploads\/folleto-ens-mini-uva-aminomax.jpg\" alt=\"\" width=\"85\" height=\"120\" \/>Cultivo: Uva de vinificaci\u00f3n<\/h5>\n<p><strong>Producto<\/strong>: <a href=\"https:\/\/www.meristem.com\/es\/productos\/aminomax-n\/\">Aminomax N<\/a><\/p>\n<p><strong>Descripci\u00f3n<\/strong>: Aminomax N incrementa el nitr\u00f3geno f\u00e1cilmente asimilable en uva de vinificaci\u00f3n, mejorando as\u00ed la calidad del mosto y el proceso de fermentaci\u00f3n.<br \/>\n<a class=\"pdf-micro\" href=\"https:\/\/www.meristem.com\/es\/wp-content\/uploads\/Folleto-ENS-Aminomax-N-Uva-ES.pdf\" target=\"blank\" rel=\"noopener\">Descargar ensayo<\/a>[\/et_pb_text][et_pb_text admin_label=\u00bbCTA Stymulant 4 &#8211; Albaricoque\u00bb module_class=\u00bbensayo\u00bb _builder_version=\u00bb4.16&#8243; _module_preset=\u00bbdefault\u00bb global_colors_info=\u00bb{}\u00bb]<\/p>\n<h5><img loading=\"lazy\" decoding=\"async\" class=\"wp-image-2039 alignnone size-full\" src=\"https:\/\/www.meristem.com\/es\/wp-content\/uploads\/folleto-ens-mini-albaricoque-cta-stymulant-4.jpg\" alt=\"\" width=\"85\" height=\"120\" \/>Cultivo: Albaricoque<\/h5>\n<p><strong>Producto<\/strong>: <a href=\"https:\/\/www.meristem.com\/es\/productos\/cta-stymulant-4\/\">CTA Stymulant 4<\/a><\/p>\n<p><strong>Descripci\u00f3n<\/strong>:\u00a0Eficacia del biostimulante CTA Stymulant 4 aplicado en albaricoque para favorecer el proceso de floraci\u00f3n, el cuajado y reducir la ca\u00edda de frutos.<\/p>\n<p><a class=\"pdf-micro\" href=\"https:\/\/www.meristem.com\/es\/wp-content\/uploads\/Folleto-ENS-CTA-Stymulant-4-Albaricoque-ES.pdf\" target=\"blank\" rel=\"noopener\">Descargar ensayo<\/a>[\/et_pb_text][et_pb_text admin_label=\u00bbCTA Stymulant 4 &#8211; Uva de mesa\u00bb module_class=\u00bbensayo\u00bb _builder_version=\u00bb4.16&#8243; _module_preset=\u00bbdefault\u00bb global_colors_info=\u00bb{}\u00bb]<\/p>\n<h5><img loading=\"lazy\" decoding=\"async\" class=\"wp-image-2043 alignnone size-full\" src=\"https:\/\/www.meristem.com\/es\/wp-content\/uploads\/folleto-ens-mini-uva-mesa-cta-stymulant-4.jpg\" alt=\"\" width=\"85\" height=\"120\" \/>Cultivo: Uva de mesa<\/h5>\n<p><strong>Producto<\/strong>: <a href=\"https:\/\/www.meristem.com\/es\/productos\/cta-stymulant-4\/\">CTA Stymulant 4<\/a><\/p>\n<p><strong>Descripci\u00f3n<\/strong>:\u00a0La aplicaci\u00f3n de\u00a0CTA Stymulant 4 promueve el alargamiento de los racimos en uva de mesa.<\/p>\n<p><a class=\"pdf-micro\" href=\"https:\/\/www.meristem.com\/es\/wp-content\/uploads\/Folleto-ENS-CTA-Stymulant-4-Uva-ES.pdf\" target=\"blank\" rel=\"noopener\">Descargar ensayo<\/a>[\/et_pb_text][et_pb_text admin_label=\u00bbStimax Color &#8211; Frutos\u00bb module_class=\u00bbensayo\u00bb _builder_version=\u00bb4.16&#8243; _module_preset=\u00bbdefault\u00bb global_colors_info=\u00bb{}\u00bb]<\/p>\n<h5><img loading=\"lazy\" decoding=\"async\" class=\"alignnone size-full\" src=\"https:\/\/www.meristem.com\/es\/wp-content\/uploads\/folleto-ens-mini-frutos-stimax-color.jpg\" alt=\"\" width=\"85\" height=\"120\" \/>Cultivo: Frutos (varios)<\/h5>\n<p><strong>Producto<\/strong>: <a href=\"https:\/\/www.meristem.com\/es\/productos\/stimax-color\/\">Stimax Color<\/a><\/p>\n<p><strong>Descripci\u00f3n<\/strong>:\u00a0Stimax Color es un bioestimulante capaz de inducir la maduraci\u00f3n y favorecer la coloraci\u00f3n de los frutos en diferentes cultivos.<\/p>\n<p><a class=\"pdf-micro\" href=\"https:\/\/www.meristem.com\/es\/wp-content\/uploads\/Folleto-ENS-Stimax-Color-Frutos-ES.pdf\" target=\"blank\" rel=\"noopener\">Descargar ensayo<\/a>[\/et_pb_text][et_pb_text admin_label=\u00bbStimax Color &#8211; Uva\u00bb module_class=\u00bbensayo\u00bb _builder_version=\u00bb4.16&#8243; _module_preset=\u00bbdefault\u00bb global_colors_info=\u00bb{}\u00bb]<\/p>\n<h5><img loading=\"lazy\" decoding=\"async\" class=\"alignnone size-full\" src=\"https:\/\/www.meristem.com\/es\/wp-content\/uploads\/folleto-ens-mini-uva-stimax-color.jpg\" alt=\"\" width=\"85\" height=\"120\" \/>Cultivo: Uva de mesa<\/h5>\n<p><strong>Producto<\/strong>: <a href=\"https:\/\/www.meristem.com\/es\/productos\/stimax-color\/\">Stimax Color<\/a><\/p>\n<p><strong>Descripci\u00f3n<\/strong>:\u00a0Aumento de la precocidad de la cosecha y de la intensidad del color de las bayas en uva de mesa tratada con Stimax Color.<\/p>\n<p><a class=\"pdf-micro\" href=\"https:\/\/www.meristem.com\/es\/wp-content\/uploads\/Folleto-ENS-Stimax-Color-Uva-ES.pdf\" target=\"blank\" rel=\"noopener\">Descargar ensayo<\/a>[\/et_pb_text][et_pb_text admin_label=\u00bbMolibor Extra &#8211; Mel\u00f3n Invernadero\u00bb module_class=\u00bbensayo\u00bb _builder_version=\u00bb4.16&#8243; _module_preset=\u00bbdefault\u00bb global_colors_info=\u00bb{}\u00bb]<\/p>\n<h5><img loading=\"lazy\" decoding=\"async\" class=\"wp-image-2039 alignnone size-full\" src=\"https:\/\/www.meristem.com\/es\/wp-content\/uploads\/folleto-ens-mini-molibor-extra-melon.jpg\" alt=\"\" width=\"85\" height=\"120\" \/>Cultivo: Mel\u00f3n de invernadero<\/h5>\n<p><strong>Producto<\/strong>: <a href=\"https:\/\/www.meristem.com\/es\/productos\/molibor-extra\/\">Molibor Extra<\/a><\/p>\n<p><strong>Descripci\u00f3n<\/strong>:\u00a0Molibor Extra es un bioestimulante indicado para mejorar la floraci\u00f3n del mel\u00f3n as\u00ed como su capacidad de cuajado. <\/p>\n<p><a class=\"pdf-micro\" href=\"https:\/\/www.meristem.com\/es\/wp-content\/uploads\/Folleto-ENS-Molibor-Extra-Melon-Invernadero-ES.pdf\" target=\"blank\" rel=\"noopener\">Descargar ensayo<\/a>[\/et_pb_text][et_pb_text admin_label=\u00bbMolibor \/ Vigortem &#8211; Mel\u00f3n Invernadero\u00bb module_class=\u00bbensayo\u00bb _builder_version=\u00bb4.16&#8243; _module_preset=\u00bbdefault\u00bb global_colors_info=\u00bb{}\u00bb]<\/p>\n<h5><img loading=\"lazy\" decoding=\"async\" class=\"wp-image-2039 alignnone size-full\" src=\"https:\/\/www.meristem.com\/es\/wp-content\/uploads\/folleto-ens-mini-molibor-extra-vigortem-melon.jpg\" alt=\"\" width=\"85\" height=\"120\" \/>Cultivo: Mel\u00f3n de invernadero<\/h5>\n<p><strong>Productos<\/strong>: <a href=\"https:\/\/www.meristem.com\/es\/productos\/molibor-extra\/\">Molibor Extra<\/a> \u00b7 <a href=\"https:\/\/www.meristem.com\/es\/productos\/vigortem-s\/\">Vigortem S<\/a><\/p>\n<p><strong>Descripci\u00f3n<\/strong>:\u00a0Sinergismo de la combinaci\u00f3n de Molibor Extra y Vigortem S para incrementar de forma significativa la producci\u00f3n y la calidad del mel\u00f3n.<\/p>\n<p><a class=\"pdf-micro\" href=\"https:\/\/www.meristem.com\/es\/wp-content\/uploads\/Folleto-ENS-Molibor-Extra-Vigortem-Melon-Invernadero-ES.pdf.pdf\" target=\"blank\" rel=\"noopener\">Descargar ensayo<\/a>[\/et_pb_text][et_pb_text admin_label=\u00bbCTA Stymulant 4 &#8211; Pimiento Invernadero\u00bb module_class=\u00bbensayo\u00bb _builder_version=\u00bb4.16&#8243; _module_preset=\u00bbdefault\u00bb global_colors_info=\u00bb{}\u00bb]<\/p>\n<h5><img loading=\"lazy\" decoding=\"async\" class=\"wp-image-2039 alignnone size-full\" src=\"https:\/\/www.meristem.com\/es\/wp-content\/uploads\/folleto-ens-mini-cta-stymulant-4-pimiento-invernadero.jpg\" alt=\"\" width=\"85\" height=\"120\" \/>Cultivo: Pimiento de invernadero<\/h5>\n<p><strong>Producto<\/strong>: <a href=\"https:\/\/www.meristem.com\/es\/productos\/cta-stymulant-4\/\">CTA Stymulant 4<\/a><\/p>\n<p><strong>Descripci\u00f3n<\/strong>:\u00a0CTA Stymulant 4 es un valioso aliado para mejorar la productividad del pimiento de invernadero. <\/p>\n<p><a class=\"pdf-micro\" href=\"https:\/\/www.meristem.com\/es\/wp-content\/uploads\/Folleto-ENS-CTA-Stymulant-4-Pimiento-Invernadero-ES.pdf\" target=\"blank\" rel=\"noopener\">Descargar ensayo<\/a>[\/et_pb_text][et_pb_text admin_label=\u00bbMaxitem &#8211; Tomate invernadero\u00bb module_class=\u00bbensayo\u00bb _builder_version=\u00bb4.16&#8243; _module_preset=\u00bbdefault\u00bb global_colors_info=\u00bb{}\u00bb]<\/p>\n<h5><img loading=\"lazy\" decoding=\"async\" class=\"wp-image-2049 alignnone size-full\" src=\"https:\/\/www.meristem.com\/es\/wp-content\/uploads\/folleto-ens-mini-maxitem-tomate-invernadero.jpg\" alt=\"\" width=\"85\" height=\"120\" \/>Cultivo: Tomate de invernadero<\/h5>\n<p><strong>Producto<\/strong>: <a href=\"https:\/\/www.meristem.com\/es\/productos\/maxitem\/\">Maxitem<\/a><\/p>\n<p><strong>Descripci\u00f3n<\/strong>:\u00a0Gran aumento del calibre y la productividad en el cultivo de tomate de invernadero tras la aplicaci\u00f3n del bioestimulante Maxitem durante la fase de desarrollo del fruto.<\/p>\n<p><a class=\"pdf-micro\" href=\"https:\/\/www.meristem.com\/es\/wp-content\/uploads\/Folleto-ENS-Maxitem-Tomate-Invernadero-ES.pdf\" target=\"blank\" rel=\"noopener\">Descargar ensayo<\/a>[\/et_pb_text][\/et_pb_column][et_pb_column type=\u00bb1_3&#8243; module_class=\u00bbensayos-col2&#8243; _builder_version=\u00bb4.16&#8243; _module_preset=\u00bbdefault\u00bb global_colors_info=\u00bb{}\u00bb][et_pb_text admin_label=\u00bbPlan abonado uva vino\u00bb module_class=\u00bbensayo\u00bb _builder_version=\u00bb4.16&#8243; _module_preset=\u00bbdefault\u00bb global_colors_info=\u00bb{}\u00bb]<\/p>\n<h5><img loading=\"lazy\" decoding=\"async\" class=\"alignnone size-full\" src=\"https:\/\/www.meristem.com\/es\/wp-content\/uploads\/folleto-ens-mini-plan-abonado-uva-vino.jpg\" alt=\"\" width=\"85\" height=\"120\" \/>Cultivo: Uva de vinificaci\u00f3n<\/h5>\n<p><strong>Productos<\/strong>: <a href=\"https:\/\/www.meristem.com\/es\/productos\/stimax-flash\/\">Stimax Flash<\/a> \u00b7 <a href=\"https:\/\/www.meristem.com\/es\/productos\/cta-stymulant-4\/\">CTA Stymulant 4<\/a> \u00b7 <a href=\"https:\/\/www.meristem.com\/es\/productos\/aminomax-n\/\">Aminomax N<\/a> \u00b7 <a href=\"https:\/\/www.meristem.com\/es\/productos\/potamax\/\">Potamax<\/a><br \/>\n<strong>Descripci\u00f3n<\/strong>:\u00a0Plan de abonado dise\u00f1ado para mejorar la productividad y la calidad de la fruta en el cultivo de uva de vinificaci\u00f3n.<br \/>\n<a class=\"pdf-micro\" href=\"https:\/\/www.meristem.com\/es\/wp-content\/uploads\/Folleto-ENS-Plan-Abonado-Uva-Vino-ES.pdf\" target=\"blank\" rel=\"noopener\">Descargar ensayo<\/a>[\/et_pb_text][et_pb_text admin_label=\u00bbMaxitem &#8211; Albaricoque\u00bb module_class=\u00bbensayo\u00bb _builder_version=\u00bb4.16&#8243; _module_preset=\u00bbdefault\u00bb global_colors_info=\u00bb{}\u00bb]<\/p>\n<h5><img loading=\"lazy\" decoding=\"async\" class=\"wp-image-2046 alignnone size-full\" src=\"https:\/\/www.meristem.com\/es\/wp-content\/uploads\/folleto-ens-mini-albaricoque-maxitem.jpg\" alt=\"\" width=\"85\" height=\"120\" \/>Cultivo: Albaricoque<\/h5>\n<p><strong>Producto<\/strong>: <a href=\"https:\/\/www.meristem.com\/es\/productos\/maxitem\/\">Maxitem<\/a><\/p>\n<p><strong>Descripci\u00f3n<\/strong>:\u00a0La aplicaci\u00f3n de Maxitem en albaricoque contribuye a mejorar la producci\u00f3n del cultivo aumentando el numero de frutos y favoreciendo su engorde.<\/p>\n<p><a class=\"pdf-micro\" href=\"https:\/\/www.meristem.com\/es\/wp-content\/uploads\/Folleto-ENS-Maxitem-Albaricoque-ES.pdf\" target=\"blank\" rel=\"noopener\">Descargar ensayo<\/a>[\/et_pb_text][et_pb_text admin_label=\u00bbMaxitem &#8211; Lidex &#8211; Fresa\u00bb module_class=\u00bbensayo\u00bb _builder_version=\u00bb4.16&#8243; _module_preset=\u00bbdefault\u00bb global_colors_info=\u00bb{}\u00bb]<\/p>\n<h5><img loading=\"lazy\" decoding=\"async\" class=\"wp-image-2049 alignnone size-full\" src=\"https:\/\/www.meristem.com\/es\/wp-content\/uploads\/folleto-ens-mini-fresa-lidex-maxitem.jpg\" alt=\"\" width=\"85\" height=\"120\" \/>Cultivo: Fresa<\/h5>\n<p><strong>Productos<\/strong>: <a href=\"https:\/\/www.meristem.com\/es\/productos\/lidex-premium\/\">Lidex Premium<\/a> \u00b7 <a href=\"https:\/\/www.meristem.com\/es\/productos\/maxitem\/\">Maxitem<\/a><\/p>\n<p><strong>Descripci\u00f3n<\/strong>:\u00a0La combinaci\u00f3n de Lidex Premium y Maxitem en fresa consigue aumentar el numero de frutos comerciales y su peso medio, beneficiando as\u00ed la productividad del cultivo.<\/p>\n<p><a class=\"pdf-micro\" href=\"https:\/\/www.meristem.com\/es\/wp-content\/uploads\/Folleto-ENS-Maxitem-Lidex-Fresa-ES.pdf\" target=\"blank\" rel=\"noopener\">Descargar ensayo<\/a>[\/et_pb_text][et_pb_text admin_label=\u00bbPlan abonado uva de mesa\u00bb module_class=\u00bbensayo\u00bb _builder_version=\u00bb4.16&#8243; _module_preset=\u00bbdefault\u00bb global_colors_info=\u00bb{}\u00bb]<\/p>\n<h5><img loading=\"lazy\" decoding=\"async\" class=\"wp-image-2054 alignnone size-full\" src=\"https:\/\/www.meristem.com\/es\/wp-content\/uploads\/folleto-ens-mini-plan-abonado-uva-mesa.jpg\" alt=\"\" width=\"85\" height=\"120\" \/>Cultivo: Uva de mesa<\/h5>\n<p><strong>Productos<\/strong>: <a href=\"https:\/\/www.meristem.com\/es\/productos\/vigortem-s\/\">Vigortem S<\/a> \u00b7 <a href=\"https:\/\/www.meristem.com\/es\/productos\/cta-stymulant-4\/\">CTA Stymulant 4<\/a> \u00b7 <a href=\"https:\/\/www.meristem.com\/es\/productos\/maxitem\/\">Maxitem<\/a> \u00b7 <a href=\"https:\/\/www.meristem.com\/es\/productos\/stimax-color\/\">Stimax Color<\/a> \u00b7 <a href=\"https:\/\/www.meristem.com\/es\/productos\/kakun\/\">Kakun<\/a> \u00b7 <a href=\"https:\/\/www.meristem.com\/es\/productos\/meristem-calwin\/\">Meristem Calwin<\/a><br \/>\n<strong>Descripci\u00f3n<\/strong>:\u00a0Plan de abonado dise\u00f1ado para mejorar la productividad y la calidad de la fruta en el cultivo de uva de mesa.<br \/>\n<a class=\"pdf-micro\" href=\"https:\/\/www.meristem.com\/es\/wp-content\/uploads\/Folleto-ENS-Plan-Abonado-Uva-Mesa-ES.pdf\" target=\"blank\" rel=\"noopener\">Descargar ensayo<\/a>[\/et_pb_text][et_pb_text disabled_on=\u00bbon|on|on\u00bb admin_label=\u00bbTricoderma Meristem\u00bb module_class=\u00bbensayo\u00bb _builder_version=\u00bb4.16&#8243; _module_preset=\u00bbdefault\u00bb disabled=\u00bbon\u00bb global_colors_info=\u00bb{}\u00bb]<\/p>\n<h5><img loading=\"lazy\" decoding=\"async\" class=\"wp-image-2054 alignnone size-full\" src=\"https:\/\/www.meristem.com\/es\/wp-content\/uploads\/folleto-ens-mini-tricoderma-meristem.jpg\" alt=\"\" width=\"85\" height=\"120\" \/>Cultivos: Pimiento \u00b7 Lechuga<\/h5>\n<p><strong>Producto<\/strong>: <a href=\"https:\/\/www.meristem.com\/es\/productos\/tricoderma-meristem\/\">Tricoderma Meristem<\/a><br \/>\n<strong>Descripci\u00f3n<\/strong>:\u00a0Efecto biostimulante de Tricoderma Meristem, producto microbiologico basado en Trichoderma harzianum, aplicado al cultivo de pimiento y de lechuga.<br \/>\n<a class=\"pdf-micro\" href=\"https:\/\/www.meristem.com\/es\/wp-content\/uploads\/Folleto-ENS-Tricoderma-Meristem-ES.pdf\" target=\"blank\" rel=\"noopener\">Descargar ensayo<\/a>[\/et_pb_text][et_pb_text admin_label=\u00bbCTA Stymulant 4 &#8211; Tomate Invernadero\u00bb module_class=\u00bbensayo\u00bb _builder_version=\u00bb4.16&#8243; _module_preset=\u00bbdefault\u00bb global_colors_info=\u00bb{}\u00bb]<\/p>\n<h5><img loading=\"lazy\" decoding=\"async\" class=\"wp-image-2039 alignnone size-full\" src=\"https:\/\/www.meristem.com\/es\/wp-content\/uploads\/folleto-ens-mini-cta-stymulant-4-tomate-invernadero.jpg\" alt=\"\" width=\"85\" height=\"120\" \/>Cultivo: Tomate de invernadero<\/h5>\n<p><strong>Producto<\/strong>: <a href=\"https:\/\/www.meristem.com\/es\/productos\/cta-stymulant-4\/\">CTA Stymulant 4<\/a><\/p>\n<p><strong>Descripci\u00f3n<\/strong>:\u00a0Resultados del uso de CTA Stymulant 4 en el cultivo de tomate de invernadero para incrementar la productividad y la calidad de la cosecha.<\/p>\n<p><a class=\"pdf-micro\" href=\"https:\/\/www.meristem.com\/es\/wp-content\/uploads\/Folleto-ENS-CTA-Stymulant-4-Tomate-Invernadero-ES.pdf\" target=\"blank\" rel=\"noopener\">Descargar ensayo<\/a>[\/et_pb_text][et_pb_text admin_label=\u00bbKafom Mg &#8211; Patata \/ Pepino\u00bb module_class=\u00bbensayo\u00bb _builder_version=\u00bb4.16&#8243; _module_preset=\u00bbdefault\u00bb global_colors_info=\u00bb{}\u00bb]<\/p>\n<h5><img loading=\"lazy\" decoding=\"async\" class=\"wp-image-2039 alignnone size-full\" src=\"https:\/\/www.meristem.com\/es\/wp-content\/uploads\/folleto-ens-mini-kafom-mg-patata-pepino.jpg\" alt=\"\" width=\"85\" height=\"120\" \/>Cultivos: Patata \u00b7 Pepino<\/h5>\n<p><strong>Producto<\/strong>: <a href=\"https:\/\/www.meristem.com\/es\/productos\/kafom-mg\/\">Kafom Mg<\/a><\/p>\n<p><strong>Descripci\u00f3n<\/strong>: Resultados de la aplicaci\u00f3n de Kafom Mg  en los cultivos de pepino y patata.<\/p>\n<p><a class=\"pdf-micro\" href=\"https:\/\/www.meristem.com\/es\/wp-content\/uploads\/Folleto-ENS-Kafom-Mg-Pepino-Patata-ES.pdf\" target=\"blank\" rel=\"noopener\">Descargar ensayo<\/a>[\/et_pb_text][et_pb_text admin_label=\u00bbMaxitem &#8211; Pimiento\u00bb module_class=\u00bbensayo\u00bb _builder_version=\u00bb4.16&#8243; _module_preset=\u00bbdefault\u00bb global_colors_info=\u00bb{}\u00bb]<\/p>\n<h5><img loading=\"lazy\" decoding=\"async\" class=\"wp-image-2049 alignnone size-full\" src=\"https:\/\/www.meristem.com\/es\/wp-content\/uploads\/folleto-ens-mini-maxitem-pimiento.jpg\" alt=\"\" width=\"85\" height=\"120\" \/>Cultivo: Pimiento<\/h5>\n<p><strong>Producto<\/strong>: <a href=\"https:\/\/www.meristem.com\/es\/productos\/maxitem\/\">Maxitem<\/a><\/p>\n<p><strong>Descripci\u00f3n<\/strong>:\u00a0Maxitem contribuye al llenado de los frutos de pimiento, incrementando el calibre y la productividad del cultivo.<\/p>\n<p><a class=\"pdf-micro\" href=\"https:\/\/www.meristem.com\/es\/wp-content\/uploads\/Folleto-ENS-Maxitem-Pimiento-ES.pdf\" target=\"blank\" rel=\"noopener\">Descargar ensayo<\/a>[\/et_pb_text][\/et_pb_column][\/et_pb_row][\/et_pb_section]<\/p>\n","protected":false},"excerpt":{"rendered":"<p>Fieles a nuestros elevados est\u00e1ndares de calidad, en MERISTEM probamos en campo todos nuestros productos antes de lanzarlos al mercado. Con esto garantizamos no solo su eficacia sino tambi\u00e9n que la dosis y los momentos de aplicaci\u00f3n que recomendamos para cada cultivo sean los adecuados. Nuestros ensayos en campo se realizan con la colaboraci\u00f3n de [&hellip;]<\/p>\n","protected":false},"author":2,"featured_media":0,"parent":1877,"menu_order":0,"comment_status":"closed","ping_status":"closed","template":"","meta":{"_acf_changed":false,"_et_pb_use_builder":"on","_et_pb_old_content":"","_et_gb_content_width":"","footnotes":""},"class_list":["post-2011","page","type-page","status-publish","hentry"],"acf":[],"_links":{"self":[{"href":"https:\/\/www.meristem.com\/es\/wp-json\/wp\/v2\/pages\/2011","targetHints":{"allow":["GET"]}}],"collection":[{"href":"https:\/\/www.meristem.com\/es\/wp-json\/wp\/v2\/pages"}],"about":[{"href":"https:\/\/www.meristem.com\/es\/wp-json\/wp\/v2\/types\/page"}],"author":[{"embeddable":true,"href":"https:\/\/www.meristem.com\/es\/wp-json\/wp\/v2\/users\/2"}],"replies":[{"embeddable":true,"href":"https:\/\/www.meristem.com\/es\/wp-json\/wp\/v2\/comments?post=2011"}],"version-history":[{"count":1,"href":"https:\/\/www.meristem.com\/es\/wp-json\/wp\/v2\/pages\/2011\/revisions"}],"predecessor-version":[{"id":2739,"href":"https:\/\/www.meristem.com\/es\/wp-json\/wp\/v2\/pages\/2011\/revisions\/2739"}],"up":[{"embeddable":true,"href":"https:\/\/www.meristem.com\/es\/wp-json\/wp\/v2\/pages\/1877"}],"wp:attachment":[{"href":"https:\/\/www.meristem.com\/es\/wp-json\/wp\/v2\/media?parent=2011"}],"curies":[{"name":"wp","href":"https:\/\/api.w.org\/{rel}","templated":true}]}}