{"id":431,"date":"2020-12-07T09:38:35","date_gmt":"2020-12-07T08:38:35","guid":{"rendered":"http:\/\/www.quimicasmeristem.com\/es\/?page_id=431"},"modified":"2025-06-06T12:38:07","modified_gmt":"2025-06-06T10:38:07","slug":"aviso-legal","status":"publish","type":"page","link":"https:\/\/www.meristem.com\/es\/aviso-legal\/","title":{"rendered":"Aviso legal"},"content":{"rendered":"<p>[et_pb_section fb_built=\u00bb1&#8243; fullwidth=\u00bbon\u00bb disabled_on=\u00bboff|off|off\u00bb _builder_version=\u00bb4.16&#8243; _module_preset=\u00bbdefault\u00bb global_colors_info=\u00bb{}\u00bb][et_pb_fullwidth_slider module_class=\u00bbcabecera\u00bb _builder_version=\u00bb4.25.0&#8243; _module_preset=\u00bbdefault\u00bb height=\u00bb400px\u00bb auto=\u00bbon\u00bb auto_ignore_hover=\u00bbon\u00bb hover_transition_duration=\u00bb500ms\u00bb global_colors_info=\u00bb{}\u00bb][et_pb_slide heading=\u00bbSoluciones innovadoras para tu campo\u00bb _builder_version=\u00bb4.25.0&#8243; _module_preset=\u00bbdefault\u00bb header_font=\u00bb|700|||||||\u00bb header_font_size=\u00bb48px\u00bb background_image=\u00bbhttps:\/\/www.meristem.com\/es\/wp-content\/uploads\/header-pulverizacion.jpg\u00bb background_enable_image=\u00bbon\u00bb background_position=\u00bbtop_center\u00bb custom_padding=\u00bb20%||||false|false\u00bb header_text_shadow_style=\u00bbpreset3&#8243; header_text_shadow_color=\u00bbrgba(0,0,0,0.7)\u00bb text_shadow_style=\u00bbpreset3&#8243; text_shadow_color=\u00bb#000000&#8243; global_colors_info=\u00bb{}\u00bb sticky_transition=\u00bbon\u00bb][\/et_pb_slide][et_pb_slide heading=\u00bbSoluciones innovadoras para tu campo\u00bb _builder_version=\u00bb4.25.0&#8243; _module_preset=\u00bbdefault\u00bb header_font=\u00bb|700|||||||\u00bb header_font_size=\u00bb48px\u00bb background_image=\u00bbhttps:\/\/www.meristem.com\/es\/wp-content\/uploads\/header-tecnico.jpg\u00bb background_enable_image=\u00bbon\u00bb background_position=\u00bbtop_center\u00bb custom_padding=\u00bb20%||||false|false\u00bb header_text_shadow_style=\u00bbpreset3&#8243; header_text_shadow_color=\u00bbrgba(0,0,0,0.7)\u00bb text_shadow_style=\u00bbpreset3&#8243; text_shadow_color=\u00bb#000000&#8243; global_colors_info=\u00bb{}\u00bb sticky_transition=\u00bbon\u00bb][\/et_pb_slide][et_pb_slide heading=\u00bbSoluciones innovadoras para tu campo\u00bb _builder_version=\u00bb4.25.0&#8243; _module_preset=\u00bbdefault\u00bb header_font=\u00bb|700|||||||\u00bb header_font_size=\u00bb48px\u00bb background_image=\u00bbhttps:\/\/www.meristem.com\/es\/wp-content\/uploads\/header-cenital.jpg\u00bb background_enable_image=\u00bbon\u00bb custom_padding=\u00bb20%||||false|false\u00bb header_text_shadow_style=\u00bbpreset3&#8243; header_text_shadow_color=\u00bbrgba(0,0,0,0.7)\u00bb text_shadow_style=\u00bbpreset3&#8243; text_shadow_color=\u00bb#000000&#8243; global_colors_info=\u00bb{}\u00bb sticky_transition=\u00bbon\u00bb][\/et_pb_slide][et_pb_slide heading=\u00bbSoluciones innovadoras para tu campo\u00bb _builder_version=\u00bb4.25.0&#8243; _module_preset=\u00bbdefault\u00bb header_font=\u00bb|700|||||||\u00bb header_font_size=\u00bb48px\u00bb background_image=\u00bbhttps:\/\/www.meristem.com\/es\/wp-content\/uploads\/header-vinedo.jpg\u00bb background_enable_image=\u00bbon\u00bb background_position=\u00bbtop_center\u00bb custom_padding=\u00bb20%||||false|false\u00bb header_text_shadow_style=\u00bbpreset3&#8243; header_text_shadow_color=\u00bbrgba(0,0,0,0.7)\u00bb text_shadow_style=\u00bbpreset1&#8243; text_shadow_color=\u00bb#000000&#8243; global_colors_info=\u00bb{}\u00bb sticky_transition=\u00bbon\u00bb][\/et_pb_slide][\/et_pb_fullwidth_slider][\/et_pb_section][et_pb_section fb_built=\u00bb1&#8243; module_class=\u00bbseccion legal\u00bb _builder_version=\u00bb4.16&#8243; _module_preset=\u00bbdefault\u00bb background_enable_color=\u00bboff\u00bb global_colors_info=\u00bb{}\u00bb][et_pb_row _builder_version=\u00bb4.16&#8243; _module_preset=\u00bbdefault\u00bb global_colors_info=\u00bb{}\u00bb][et_pb_column type=\u00bb4_4&#8243; _builder_version=\u00bb4.16&#8243; _module_preset=\u00bbdefault\u00bb global_colors_info=\u00bb{}\u00bb][et_pb_post_title meta=\u00bboff\u00bb featured_image=\u00bboff\u00bb _builder_version=\u00bb4.16&#8243; _module_preset=\u00bbdefault\u00bb global_colors_info=\u00bb{}\u00bb][\/et_pb_post_title][et_pb_text _builder_version=\u00bb4.27.4&#8243; _module_preset=\u00bbdefault\u00bb hover_enabled=\u00bb0&#8243; global_colors_info=\u00bb{}\u00bb sticky_enabled=\u00bb0&#8243;]<\/p>\n<p>Bienvenido a nuestra p\u00e1gina web, las presentes condiciones se establecen entre <strong>QUIMICAS MERISTEM S.L<\/strong> y el usuario.<\/p>\n<h2>1. Identificaci\u00f3n del Prestador de Servicios de la Sociedad de la Informaci\u00f3n<\/h2>\n<p>De conformidad con lo dispuesto en el art\u00edculo 10 de la Ley 34\/2002 de Servicios de la Sociedad de la Informaci\u00f3n y Comercio Electr\u00f3nico, QUIMICAS MERISTEM S.L, en adelante MERISTEM, provista de C.I.F. B46218616 con domicilio en Ctra. Moncada N\u00e1quera Km 1,7, Apartado de Correos 30, C.P 46113, Moncada (Valencia) le informa que es una sociedad inscrita en el Registro Mercantil de Valencia al Tomo 4624 Libro 1934 Folio 24, Secci\u00f3n 8\u00aa, Hoja V- 28756 que tiene por objeto la fabricaci\u00f3n y comercializaci\u00f3n de productos qu\u00edmicos.<\/p>\n<p>Puede contactar con MERISTEM en el Tel\u00e9fono 3496.139.45.11 y a trav\u00e9s de la direcci\u00f3n de correo electr\u00f3nico <a href=\"mailto:info@meristem.com\">info@meristem.com<\/a><\/p>\n<p>La citada mercantil es propietaria del nombre de dominio y de la p\u00e1gina de Internet a la que se accede a trav\u00e9s de dicho dominio www.meristem.com<\/p>\n<h2>2. Propiedad Intelectual e Industrial<\/h2>\n<p>Todos los contenidos de la p\u00e1gina web www.meristem.com ya sean fotograf\u00edas, im\u00e1genes, dibujos, textos, audio, video, software, logotipos y dise\u00f1o, est\u00e1n protegidos por la normativa de Propiedad Intelectual e Industrial, en particular por el R.D.L 1\/96 que aprueba el Texto Refundido de la Ley de Propiedad Intelectual y por la Ley de Marcas 17\/2001. La empresa tiene varias marcas registradas, tanto la propia de la empresa (MERISTEM), como la de varios productos. Los derechos sobre los contenidos pertenecen a MERISTEM o, en su caso, a terceros.<\/p>\n<p>En ning\u00fan caso el acceso a nuestra p\u00e1gina web implica cesi\u00f3n, transmisi\u00f3n o cualquier otro tipo de renuncia, ni total ni parcial, de los derechos de Propiedad Intelectual o Industrial. El usuario del sitio web deber\u00e1 abstenerse de suprimir, alterar, eludir o manipular cualquier dispositivo de protecci\u00f3n o sistemas de seguridad que puedan estar instalados en la misma.<\/p>\n<h2>3. Pol\u00edtica de Privacidad<\/h2>\n<p>La mercantil QUIMICAS MERISTEM S.L es la responsable del tratamiento de los datos personales que usted suministre. Consulte nuestra Pol\u00edtica de Privacidad.<\/p>\n<h2>4. Condiciones de Uso e informaciones suministradas<\/h2>\n<p>El usuario se compromete a utilizar la p\u00e1gina web de conformidad con la ley, el presente aviso legal, reglamentos e instrucciones puestos en su conocimiento, as\u00ed como la moral, las buenas costumbres generalmente aceptadas y el orden p\u00fablico.<\/p>\n<p>Las riquezas declaradas que puedan aparecer en la p\u00e1gina web respecto a los productos del cat\u00e1logo nutricional, est\u00e1n basadas en las regulaciones que aplican en el Reino de Espa\u00f1a. Los productos podr\u00e1n ser reformulados (adaptados) para que se adapten a las regulaciones de aquellos pa\u00edses en los que se comercialicen, excluyendo cualquier responsabilidad de la empresa en este sentido si no se ha indicado previamente por el usuario.<\/p>\n<h2>5. Limitaci\u00f3n de responsabilidad<\/h2>\n<p>Esta p\u00e1gina web no ofrece garant\u00eda de ning\u00fan tipo, MERISTEM no puede garantizar que sus p\u00e1ginas web se encuentren en todo momento disponible no pudiendo responder ante la interrupci\u00f3n, inaccesibilidad o no disponibilidad de redes, servidores, sat\u00e9lites, proveedores de servicios de Internet, sitios web u otros problemas de conexi\u00f3n, disponibilidad o accesibilidad relacionados con el uso del web site. Asimismo, no se hace responsable de los da\u00f1os y perjuicios directos o indirectos derivados del uso de la misma, incluidos los da\u00f1os a sistemas inform\u00e1ticos que pudieran ocasionarse al usuario o a terceros, ni garantiza la ausencia de virus u otros elementos lesivos.<\/p>\n<h2>6. Fuero y jurisdicci\u00f3n<\/h2>\n<p>Las presentes condiciones y las relaciones que se establezcan entre el usuario y MERISTEM se regir\u00e1n por la legislaci\u00f3n espa\u00f1ola y se someten a la jurisdicci\u00f3n espa\u00f1ola.<\/p>\n<p><strong>QUIMICAS MERISTEM S.L<\/strong><\/p>\n<p>[\/et_pb_text][\/et_pb_column][\/et_pb_row][\/et_pb_section]<\/p>\n","protected":false},"excerpt":{"rendered":"<p>Bienvenido a nuestra p\u00e1gina web, las presentes condiciones se establecen entre QUIMICAS MERISTEM S.L y el usuario. 1. Identificaci\u00f3n del Prestador de Servicios de la Sociedad de la Informaci\u00f3n De conformidad con lo dispuesto en el art\u00edculo 10 de la Ley 34\/2002 de Servicios de la Sociedad de la Informaci\u00f3n y Comercio Electr\u00f3nico, QUIMICAS MERISTEM [&hellip;]<\/p>\n","protected":false},"author":2,"featured_media":0,"parent":0,"menu_order":0,"comment_status":"closed","ping_status":"closed","template":"","meta":{"_acf_changed":false,"_et_pb_use_builder":"on","_et_pb_old_content":"","_et_gb_content_width":"","footnotes":""},"class_list":["post-431","page","type-page","status-publish","hentry"],"acf":[],"_links":{"self":[{"href":"https:\/\/www.meristem.com\/es\/wp-json\/wp\/v2\/pages\/431","targetHints":{"allow":["GET"]}}],"collection":[{"href":"https:\/\/www.meristem.com\/es\/wp-json\/wp\/v2\/pages"}],"about":[{"href":"https:\/\/www.meristem.com\/es\/wp-json\/wp\/v2\/types\/page"}],"author":[{"embeddable":true,"href":"https:\/\/www.meristem.com\/es\/wp-json\/wp\/v2\/users\/2"}],"replies":[{"embeddable":true,"href":"https:\/\/www.meristem.com\/es\/wp-json\/wp\/v2\/comments?post=431"}],"version-history":[{"count":2,"href":"https:\/\/www.meristem.com\/es\/wp-json\/wp\/v2\/pages\/431\/revisions"}],"predecessor-version":[{"id":2855,"href":"https:\/\/www.meristem.com\/es\/wp-json\/wp\/v2\/pages\/431\/revisions\/2855"}],"wp:attachment":[{"href":"https:\/\/www.meristem.com\/es\/wp-json\/wp\/v2\/media?parent=431"}],"curies":[{"name":"wp","href":"https:\/\/api.w.org\/{rel}","templated":true}]}}