{"id":444,"date":"2020-12-07T09:43:30","date_gmt":"2020-12-07T08:43:30","guid":{"rendered":"http:\/\/www.quimicasmeristem.com\/es\/?page_id=444"},"modified":"2024-05-31T11:11:57","modified_gmt":"2024-05-31T09:11:57","slug":"politica-de-proteccion-de-datos","status":"publish","type":"page","link":"https:\/\/www.meristem.com\/es\/politica-de-proteccion-de-datos\/","title":{"rendered":"Pol\u00edtica de protecci\u00f3n de datos"},"content":{"rendered":"<p>[et_pb_section fb_built=\u00bb1&#8243; fullwidth=\u00bbon\u00bb disabled_on=\u00bboff|off|off\u00bb _builder_version=\u00bb4.16&#8243; _module_preset=\u00bbdefault\u00bb global_colors_info=\u00bb{}\u00bb][et_pb_fullwidth_slider module_class=\u00bbcabecera\u00bb _builder_version=\u00bb4.25.0&#8243; _module_preset=\u00bbdefault\u00bb height=\u00bb400px\u00bb auto=\u00bbon\u00bb auto_ignore_hover=\u00bbon\u00bb hover_transition_duration=\u00bb500ms\u00bb hover_enabled=\u00bb0&#8243; global_colors_info=\u00bb{}\u00bb sticky_enabled=\u00bb0&#8243;][et_pb_slide heading=\u00bbSoluciones innovadoras para tu campo\u00bb _builder_version=\u00bb4.25.0&#8243; _module_preset=\u00bbdefault\u00bb header_font=\u00bb|700|||||||\u00bb header_font_size=\u00bb48px\u00bb background_image=\u00bbhttps:\/\/www.meristem.com\/es\/wp-content\/uploads\/header-pulverizacion.jpg\u00bb background_enable_image=\u00bbon\u00bb background_position=\u00bbtop_center\u00bb custom_padding=\u00bb20%||||false|false\u00bb hover_enabled=\u00bb0&#8243; header_text_shadow_style=\u00bbpreset3&#8243; header_text_shadow_color=\u00bbrgba(0,0,0,0.7)\u00bb text_shadow_style=\u00bbpreset3&#8243; text_shadow_color=\u00bb#000000&#8243; global_colors_info=\u00bb{}\u00bb sticky_transition=\u00bbon\u00bb sticky_enabled=\u00bb0&#8243;][\/et_pb_slide][et_pb_slide heading=\u00bbSoluciones innovadoras para tu campo\u00bb _builder_version=\u00bb4.25.0&#8243; _module_preset=\u00bbdefault\u00bb header_font=\u00bb|700|||||||\u00bb header_font_size=\u00bb48px\u00bb background_image=\u00bbhttps:\/\/www.meristem.com\/es\/wp-content\/uploads\/header-tecnico.jpg\u00bb background_enable_image=\u00bbon\u00bb background_position=\u00bbtop_center\u00bb custom_padding=\u00bb20%||||false|false\u00bb hover_enabled=\u00bb0&#8243; header_text_shadow_style=\u00bbpreset3&#8243; header_text_shadow_color=\u00bbrgba(0,0,0,0.7)\u00bb text_shadow_style=\u00bbpreset3&#8243; text_shadow_color=\u00bb#000000&#8243; global_colors_info=\u00bb{}\u00bb sticky_transition=\u00bbon\u00bb sticky_enabled=\u00bb0&#8243;][\/et_pb_slide][et_pb_slide heading=\u00bbSoluciones innovadoras para tu campo\u00bb _builder_version=\u00bb4.25.0&#8243; _module_preset=\u00bbdefault\u00bb header_font=\u00bb|700|||||||\u00bb header_font_size=\u00bb48px\u00bb background_image=\u00bbhttps:\/\/www.meristem.com\/es\/wp-content\/uploads\/header-cenital.jpg\u00bb background_enable_image=\u00bbon\u00bb custom_padding=\u00bb20%||||false|false\u00bb hover_enabled=\u00bb0&#8243; header_text_shadow_style=\u00bbpreset3&#8243; header_text_shadow_color=\u00bbrgba(0,0,0,0.7)\u00bb text_shadow_style=\u00bbpreset3&#8243; text_shadow_color=\u00bb#000000&#8243; global_colors_info=\u00bb{}\u00bb sticky_transition=\u00bbon\u00bb sticky_enabled=\u00bb0&#8243;][\/et_pb_slide][et_pb_slide heading=\u00bbSoluciones innovadoras para tu campo\u00bb _builder_version=\u00bb4.25.0&#8243; _module_preset=\u00bbdefault\u00bb header_font=\u00bb|700|||||||\u00bb header_font_size=\u00bb48px\u00bb background_image=\u00bbhttps:\/\/www.meristem.com\/es\/wp-content\/uploads\/header-vinedo.jpg\u00bb background_enable_image=\u00bbon\u00bb background_position=\u00bbtop_center\u00bb custom_padding=\u00bb20%||||false|false\u00bb hover_enabled=\u00bb0&#8243; header_text_shadow_style=\u00bbpreset3&#8243; header_text_shadow_color=\u00bbrgba(0,0,0,0.7)\u00bb text_shadow_style=\u00bbpreset1&#8243; text_shadow_color=\u00bb#000000&#8243; global_colors_info=\u00bb{}\u00bb sticky_transition=\u00bbon\u00bb sticky_enabled=\u00bb0&#8243;][\/et_pb_slide][\/et_pb_fullwidth_slider][\/et_pb_section][et_pb_section fb_built=\u00bb1&#8243; module_class=\u00bbseccion legal\u00bb _builder_version=\u00bb4.16&#8243; _module_preset=\u00bbdefault\u00bb background_enable_color=\u00bboff\u00bb global_colors_info=\u00bb{}\u00bb][et_pb_row _builder_version=\u00bb4.16&#8243; _module_preset=\u00bbdefault\u00bb global_colors_info=\u00bb{}\u00bb][et_pb_column type=\u00bb4_4&#8243; _builder_version=\u00bb4.16&#8243; _module_preset=\u00bbdefault\u00bb global_colors_info=\u00bb{}\u00bb][et_pb_post_title meta=\u00bboff\u00bb featured_image=\u00bboff\u00bb _builder_version=\u00bb4.16&#8243; _module_preset=\u00bbdefault\u00bb global_colors_info=\u00bb{}\u00bb][\/et_pb_post_title][et_pb_text _builder_version=\u00bb4.16&#8243; _module_preset=\u00bbdefault\u00bb global_colors_info=\u00bb{}\u00bb]<\/p>\n<h2>Responsable de\u00a0Tratamiento<\/h2>\n<h3>Datos<\/h3>\n<p><strong>Raz\u00f3n Social:<\/strong> QU\u00cdMICAS MERISTEM, S.L.<br \/><strong>CIF:<\/strong> \u00a0B46218616<br \/><strong>Domicilio:<\/strong> Ctra. Moncada N\u00e1quera Km 1,7, Apartado de Correos 30, C.P 46113, Moncada (Valencia)<br \/><strong>Tel\u00e9fono: +<\/strong>34 96 139 45 11<br \/><strong>E-mail:<\/strong>\u00a0\u00a0<a href=\"mailto:info@meristem.com\">info@meristem.com<\/a><\/p>\n<h2>Finalidades y Tratamiento<\/h2>\n<h3>Finalidades<\/h3>\n<p>La recogida y tratamiento de sus datos personales a trav\u00e9s del formulario web de contacto, tiene como finalidad posibilitar la gesti\u00f3n de sus dudas, peticiones y\/o de la informaci\u00f3n remitida.<\/p>\n<p>El tratamiento de sus datos como cliente y\/o proveedor tiene como finalidad gestionar la relaci\u00f3n contable, adminitrativa y comercial de los mismo con MERISTEM<\/p>\n<h3>Legitimaci\u00f3n<\/h3>\n<p>El tratamiento de los datos est\u00e1 legitimado conforme al RGPD (UE) 2016\/679 porque los mismos resultan necesarios para la ejecuci\u00f3n de la relaci\u00f3n contractual y\/o el establecimiento de medias precontractuales, as\u00ed como el inter\u00e9s leg\u00edtimo del responsable.<\/p>\n<p>La legitimaci\u00f3n para el tratamiento de sus datos como cliente y\/o proveedor es la relaci\u00f3n contractual en la que el interesado es parte; y el inter\u00e9s legitimo del responsable del tratamiento.<\/p>\n<h2>Conservaci\u00f3n de los datos<\/h2>\n<p>Sus datos se conservar\u00e1n durante la vigencia de la relaci\u00f3n administrativa y\/o comercial del interesado con QUIMICAS MERISTEM, m\u00e1s el plazo previsto por la legislaci\u00f3n espec\u00edfica en la que estos datos puedan ser exigibles.<\/p>\n<p>En caso de que el usuario ejercite sus derechos de supresi\u00f3n y oposici\u00f3n, sus datos ser\u00e1n bloqueados y posteriormente destruidos de forma confidencial.<\/p>\n<h2>Destinatarios de los datos<\/h2>\n<p>Los datos personales recabados a trav\u00e9s del correo electr\u00f3nico y formularios de contacto, propiedad de QUIMICAS MERISTEM, no ser\u00e1n cedidos o comunicados a terceros, salvo en los supuestos necesarios para el desarrollo, control y cumplimiento de las finalidades expresadas, en los supuestos previstos seg\u00fan la Ley, as\u00ed como en los casos espec\u00edficos, de los que se informe expresamente al Usuario.<\/p>\n<h2>Transferencia Internacional de datos<\/h2>\n<p>No se prev\u00e9 realizar transferencias internacionales de datos<\/p>\n<h2>Derechos<\/h2>\n<p>En cualquier momento podr\u00e1 ejercitar sus derechos de acceso, rectificaci\u00f3n, supresi\u00f3n y oposici\u00f3n, portabilidad y limitaci\u00f3n del tratamiento, recogidos en RGPD (UE) 2016\/679, dirigi\u00e9ndose a la direcci\u00f3n arriba indicada o mediante correo electr\u00f3nico a <a href=\"mailto:info@meristem.com\">info@meristem.com<\/a><\/p>\n<p>La solicitud deber\u00e1 especificar cu\u00e1l de estos derechos solicita que sea satisfecho y debe ir acompa\u00f1ada de una fotocopia de su DNI o documento identificativo equivalente.<\/p>\n<h3>Posibilidad de Reclamaci\u00f3n<\/h3>\n<p>Cuando no haya obtenido satisfacci\u00f3n en el ejercicio de sus derechos o la forma de ejercerlos podr\u00e1 presentar una reclamaci\u00f3n ante la Agencia Espa\u00f1ola de Protecci\u00f3n de Datos. Obtenga m\u00e1s informaci\u00f3n en <a href=\"http:\/\/www.agpd.es\/\" target=\"_blank\" rel=\"noopener noreferrer\">www.agpd.es<\/a><\/p>\n<p>[\/et_pb_text][\/et_pb_column][\/et_pb_row][\/et_pb_section]<\/p>\n","protected":false},"excerpt":{"rendered":"<p>Responsable de\u00a0Tratamiento Datos Raz\u00f3n Social: QU\u00cdMICAS MERISTEM, S.L.CIF: \u00a0B46218616Domicilio: Ctra. Moncada N\u00e1quera Km 1,7, Apartado de Correos 30, C.P 46113, Moncada (Valencia)Tel\u00e9fono: +34 96 139 45 11E-mail:\u00a0\u00a0info@meristem.com Finalidades y Tratamiento Finalidades La recogida y tratamiento de sus datos personales a trav\u00e9s del formulario web de contacto, tiene como finalidad posibilitar la gesti\u00f3n de sus dudas, [&hellip;]<\/p>\n","protected":false},"author":2,"featured_media":0,"parent":0,"menu_order":0,"comment_status":"closed","ping_status":"closed","template":"","meta":{"_acf_changed":false,"_et_pb_use_builder":"on","_et_pb_old_content":"","_et_gb_content_width":"","footnotes":""},"class_list":["post-444","page","type-page","status-publish","hentry"],"acf":[],"_links":{"self":[{"href":"https:\/\/www.meristem.com\/es\/wp-json\/wp\/v2\/pages\/444","targetHints":{"allow":["GET"]}}],"collection":[{"href":"https:\/\/www.meristem.com\/es\/wp-json\/wp\/v2\/pages"}],"about":[{"href":"https:\/\/www.meristem.com\/es\/wp-json\/wp\/v2\/types\/page"}],"author":[{"embeddable":true,"href":"https:\/\/www.meristem.com\/es\/wp-json\/wp\/v2\/users\/2"}],"replies":[{"embeddable":true,"href":"https:\/\/www.meristem.com\/es\/wp-json\/wp\/v2\/comments?post=444"}],"version-history":[{"count":1,"href":"https:\/\/www.meristem.com\/es\/wp-json\/wp\/v2\/pages\/444\/revisions"}],"predecessor-version":[{"id":2756,"href":"https:\/\/www.meristem.com\/es\/wp-json\/wp\/v2\/pages\/444\/revisions\/2756"}],"wp:attachment":[{"href":"https:\/\/www.meristem.com\/es\/wp-json\/wp\/v2\/media?parent=444"}],"curies":[{"name":"wp","href":"https:\/\/api.w.org\/{rel}","templated":true}]}}