{"id":454,"date":"2020-12-07T09:45:27","date_gmt":"2020-12-07T08:45:27","guid":{"rendered":"http:\/\/www.quimicasmeristem.com\/es\/?page_id=454"},"modified":"2024-05-31T11:11:34","modified_gmt":"2024-05-31T09:11:34","slug":"politica-del-sistema-integrado-de-gestion-sig","status":"publish","type":"page","link":"https:\/\/www.meristem.com\/es\/politica-del-sistema-integrado-de-gestion-sig\/","title":{"rendered":"Pol\u00edtica del Sistema Integrado de Gesti\u00f3n (SIG)"},"content":{"rendered":"<p>[et_pb_section fb_built=\u00bb1&#8243; fullwidth=\u00bbon\u00bb disabled_on=\u00bboff|off|off\u00bb _builder_version=\u00bb4.16&#8243; _module_preset=\u00bbdefault\u00bb global_colors_info=\u00bb{}\u00bb][et_pb_fullwidth_slider module_class=\u00bbcabecera\u00bb _builder_version=\u00bb4.25.0&#8243; _module_preset=\u00bbdefault\u00bb height=\u00bb400px\u00bb auto=\u00bbon\u00bb auto_ignore_hover=\u00bbon\u00bb hover_transition_duration=\u00bb500ms\u00bb hover_enabled=\u00bb0&#8243; global_colors_info=\u00bb{}\u00bb sticky_enabled=\u00bb0&#8243;][et_pb_slide heading=\u00bbSoluciones innovadoras para tu campo\u00bb _builder_version=\u00bb4.25.0&#8243; _module_preset=\u00bbdefault\u00bb header_font=\u00bb|700|||||||\u00bb header_font_size=\u00bb48px\u00bb background_image=\u00bbhttps:\/\/www.meristem.com\/es\/wp-content\/uploads\/header-pulverizacion.jpg\u00bb background_enable_image=\u00bbon\u00bb background_position=\u00bbtop_center\u00bb custom_padding=\u00bb20%||||false|false\u00bb hover_enabled=\u00bb0&#8243; header_text_shadow_style=\u00bbpreset3&#8243; header_text_shadow_color=\u00bbrgba(0,0,0,0.7)\u00bb text_shadow_style=\u00bbpreset3&#8243; text_shadow_color=\u00bb#000000&#8243; global_colors_info=\u00bb{}\u00bb sticky_transition=\u00bbon\u00bb sticky_enabled=\u00bb0&#8243;][\/et_pb_slide][et_pb_slide heading=\u00bbSoluciones innovadoras para tu campo\u00bb _builder_version=\u00bb4.25.0&#8243; _module_preset=\u00bbdefault\u00bb header_font=\u00bb|700|||||||\u00bb header_font_size=\u00bb48px\u00bb background_image=\u00bbhttps:\/\/www.meristem.com\/es\/wp-content\/uploads\/header-tecnico.jpg\u00bb background_enable_image=\u00bbon\u00bb background_position=\u00bbtop_center\u00bb custom_padding=\u00bb20%||||false|false\u00bb hover_enabled=\u00bb0&#8243; header_text_shadow_style=\u00bbpreset3&#8243; header_text_shadow_color=\u00bbrgba(0,0,0,0.7)\u00bb text_shadow_style=\u00bbpreset3&#8243; text_shadow_color=\u00bb#000000&#8243; global_colors_info=\u00bb{}\u00bb sticky_transition=\u00bbon\u00bb sticky_enabled=\u00bb0&#8243;][\/et_pb_slide][et_pb_slide heading=\u00bbSoluciones innovadoras para tu campo\u00bb _builder_version=\u00bb4.25.0&#8243; _module_preset=\u00bbdefault\u00bb header_font=\u00bb|700|||||||\u00bb header_font_size=\u00bb48px\u00bb background_image=\u00bbhttps:\/\/www.meristem.com\/es\/wp-content\/uploads\/header-cenital.jpg\u00bb background_enable_image=\u00bbon\u00bb custom_padding=\u00bb20%||||false|false\u00bb hover_enabled=\u00bb0&#8243; header_text_shadow_style=\u00bbpreset3&#8243; header_text_shadow_color=\u00bbrgba(0,0,0,0.7)\u00bb text_shadow_style=\u00bbpreset3&#8243; text_shadow_color=\u00bb#000000&#8243; global_colors_info=\u00bb{}\u00bb sticky_transition=\u00bbon\u00bb sticky_enabled=\u00bb0&#8243;][\/et_pb_slide][et_pb_slide heading=\u00bbSoluciones innovadoras para tu campo\u00bb _builder_version=\u00bb4.25.0&#8243; _module_preset=\u00bbdefault\u00bb header_font=\u00bb|700|||||||\u00bb header_font_size=\u00bb48px\u00bb background_image=\u00bbhttps:\/\/www.meristem.com\/es\/wp-content\/uploads\/header-vinedo.jpg\u00bb background_enable_image=\u00bbon\u00bb background_position=\u00bbtop_center\u00bb custom_padding=\u00bb20%||||false|false\u00bb hover_enabled=\u00bb0&#8243; header_text_shadow_style=\u00bbpreset3&#8243; header_text_shadow_color=\u00bbrgba(0,0,0,0.7)\u00bb text_shadow_style=\u00bbpreset1&#8243; text_shadow_color=\u00bb#000000&#8243; global_colors_info=\u00bb{}\u00bb sticky_transition=\u00bbon\u00bb sticky_enabled=\u00bb0&#8243;][\/et_pb_slide][\/et_pb_fullwidth_slider][\/et_pb_section][et_pb_section fb_built=\u00bb1&#8243; module_class=\u00bbseccion legal\u00bb _builder_version=\u00bb4.16&#8243; _module_preset=\u00bbdefault\u00bb background_enable_color=\u00bboff\u00bb global_colors_info=\u00bb{}\u00bb][et_pb_row _builder_version=\u00bb4.16&#8243; _module_preset=\u00bbdefault\u00bb global_colors_info=\u00bb{}\u00bb][et_pb_column type=\u00bb4_4&#8243; _builder_version=\u00bb4.16&#8243; _module_preset=\u00bbdefault\u00bb global_colors_info=\u00bb{}\u00bb][et_pb_post_title meta=\u00bboff\u00bb featured_image=\u00bboff\u00bb _builder_version=\u00bb4.16&#8243; _module_preset=\u00bbdefault\u00bb global_colors_info=\u00bb{}\u00bb][\/et_pb_post_title][et_pb_text _builder_version=\u00bb4.22.2&#8243; _module_preset=\u00bbdefault\u00bb global_colors_info=\u00bb{}\u00bb]<\/p>\n<p><strong>MERISTEM<\/strong>, dedicada al desarrollo, fabricaci\u00f3n y comercializaci\u00f3n de fertilizantes y compuestos bioestimulantes ha decidido implantar un <strong>Sistema Integrado de Gesti\u00f3n<\/strong> basado en la <strong>norma ISO 9001<\/strong> e <strong>ISO 14001<\/strong> para mejorar el servicio que presta a sus clientes.<\/p>\n<p>La Direcci\u00f3n de <strong>MERISTEM<\/strong> enfoca el <strong>Sistema Integrado de Gesti\u00f3n<\/strong> como una manera de organizar el funcionamiento de la organizaci\u00f3n partiendo de unos pilares b\u00e1sicos como son la Calidad de sus productos, la satisfacci\u00f3n del cliente, la protecci\u00f3n del medioambiente, la gesti\u00f3n de los aspectos ambientales y la mejora continua de la eficacia del Sistema. Para ello, el Sistema integrado de Gesti\u00f3n de <strong>MERISTEM<\/strong> se basa en:<\/p>\n<ul>\n<li>La <strong>Mejora Continua<\/strong> tanto de los procesos productivos y de prestaci\u00f3n del servicio, como de la eficadadel Sistema de Gesti\u00f3n en el que prevenir los errores, maximizar la eficiencia y mitigar la contaminaci\u00f3n y el impacto ambiental, sea un aspecto fundamental manteniendo un enfoque de an\u00e1lisis de ciclo de vida.<\/li>\n<li>La planificaci\u00f3n, ejecuci\u00f3n, revisi\u00f3n y mejora del Sistema de Gesti\u00f3n, teniendo presente en todo momento el <strong>contexto de la organizaci\u00f3n, tanto interno como externo<\/strong>.<\/li>\n<li>Proporcionar un marco de referencia para el establecimiento de los <strong>objetivos del sistema integrado de gesti\u00f3n<\/strong>.<\/li>\n<li>La <strong>Satisfacci\u00f3n de todos nuestros clientes<\/strong> (y partes interesadas), mediante el compromiso de toda la organizaci\u00f3n en cumplir con sus necesidades y requisitos, as\u00ed como los requisitos legales y reglamentarios propios de los productos y relativos a medio ambiente, as\u00ed como con otros requisitos que nuestra empresa suscriba.<\/li>\n<li>Nos dirige a prestar la m\u00e1xima atenci\u00f3n a la <strong>evoluci\u00f3n tecnol\u00f3gica<\/strong> y a las posibles mejoras que las nuevas tecnolog\u00edas pusieran a nuestra disposici\u00f3n.<\/li>\n<li>Dise\u00f1ar y ejecutar procesos que protejan el medioambiente, reduciendo al m\u00ednimo la producci\u00f3n de residuos para <strong>conservar los recursos naturales<\/strong>.<\/li>\n<li>Crear un clima favorable para la <strong>prevenci\u00f3n de la contaminaci\u00f3n y preservando el medioambiente<\/strong> en el entorno de la empresa, formando, motivando y sensibilizando<br \/>al personal en aspectos de medioambiente y a su protecci\u00f3n.<\/li>\n<li><strong>Cumplir con los requisitos legales<\/strong> aplicables que la organizaci\u00f3n suscribe a aspectos de calidad y medioambiente.<\/li>\n<li>Identificar y controlar los aspectos ambientales de la organizaci\u00f3n y los riesgos, de tal manera que establecemos un <strong>enfoque preventivo<\/strong>.<\/li>\n<\/ul>\n<p>Nuestro Sistema Integrado de Gesti\u00f3n requiere de la participaci\u00f3n y colaboraci\u00f3n de todos por lo que esta Pol\u00edtica es difundida a todo el personal de <strong>MERISTEM<\/strong> para su conocimiento y comprensi\u00f3n.<\/p>\n<p>Para la aplicaci\u00f3n efectiva de estos principios, es absolutamente necesario el apoyo a los mismos tanto del equipo directivo como de la plantilla.<\/p>\n<p><a class=\"pdf\" href=\"https:\/\/www.meristem.com\/es\/wp-content\/uploads\/PCM_Politica-de-calidad-de-Meristem.pdf\" rel=\"noopener\">Descargar Pol\u00edtica del SIG<\/a><\/p>\n<p>[\/et_pb_text][\/et_pb_column][\/et_pb_row][\/et_pb_section]<\/p>\n","protected":false},"excerpt":{"rendered":"<p>MERISTEM, dedicada al desarrollo, fabricaci\u00f3n y comercializaci\u00f3n de fertilizantes y compuestos bioestimulantes ha decidido implantar un Sistema Integrado de Gesti\u00f3n basado en la norma ISO 9001 e ISO 14001 para mejorar el servicio que presta a sus clientes. La Direcci\u00f3n de MERISTEM enfoca el Sistema Integrado de Gesti\u00f3n como una manera de organizar el funcionamiento [&hellip;]<\/p>\n","protected":false},"author":2,"featured_media":0,"parent":0,"menu_order":0,"comment_status":"closed","ping_status":"closed","template":"","meta":{"_acf_changed":false,"_et_pb_use_builder":"on","_et_pb_old_content":"","_et_gb_content_width":"","footnotes":""},"class_list":["post-454","page","type-page","status-publish","hentry"],"acf":[],"_links":{"self":[{"href":"https:\/\/www.meristem.com\/es\/wp-json\/wp\/v2\/pages\/454","targetHints":{"allow":["GET"]}}],"collection":[{"href":"https:\/\/www.meristem.com\/es\/wp-json\/wp\/v2\/pages"}],"about":[{"href":"https:\/\/www.meristem.com\/es\/wp-json\/wp\/v2\/types\/page"}],"author":[{"embeddable":true,"href":"https:\/\/www.meristem.com\/es\/wp-json\/wp\/v2\/users\/2"}],"replies":[{"embeddable":true,"href":"https:\/\/www.meristem.com\/es\/wp-json\/wp\/v2\/comments?post=454"}],"version-history":[{"count":6,"href":"https:\/\/www.meristem.com\/es\/wp-json\/wp\/v2\/pages\/454\/revisions"}],"predecessor-version":[{"id":2754,"href":"https:\/\/www.meristem.com\/es\/wp-json\/wp\/v2\/pages\/454\/revisions\/2754"}],"wp:attachment":[{"href":"https:\/\/www.meristem.com\/es\/wp-json\/wp\/v2\/media?parent=454"}],"curies":[{"name":"wp","href":"https:\/\/api.w.org\/{rel}","templated":true}]}}