{"id":46,"date":"2020-10-30T09:25:10","date_gmt":"2020-10-30T08:25:10","guid":{"rendered":"http:\/\/www.quimicasmeristem.com\/es\/?page_id=46"},"modified":"2026-02-10T13:29:18","modified_gmt":"2026-02-10T12:29:18","slug":"inicio","status":"publish","type":"page","link":"https:\/\/www.meristem.com\/es\/","title":{"rendered":"Inicio"},"content":{"rendered":"<p>[et_pb_section fb_built=\u00bb1&#8243; fullwidth=\u00bbon\u00bb disabled_on=\u00bboff|off|off\u00bb _builder_version=\u00bb4.16&#8243; _module_preset=\u00bbdefault\u00bb global_colors_info=\u00bb{}\u00bb][et_pb_fullwidth_slider module_class=\u00bbcabecera\u00bb _builder_version=\u00bb4.25.0&#8243; _module_preset=\u00bbdefault\u00bb height=\u00bb400px\u00bb auto=\u00bbon\u00bb auto_ignore_hover=\u00bbon\u00bb hover_transition_duration=\u00bb500ms\u00bb global_colors_info=\u00bb{}\u00bb][et_pb_slide heading=\u00bbSoluciones innovadoras para tu campo\u00bb _builder_version=\u00bb4.25.0&#8243; _module_preset=\u00bbdefault\u00bb header_font=\u00bb|700|||||||\u00bb header_font_size=\u00bb48px\u00bb background_image=\u00bbhttps:\/\/www.meristem.com\/es\/wp-content\/uploads\/header-pulverizacion.jpg\u00bb background_enable_image=\u00bbon\u00bb background_position=\u00bbtop_left\u00bb custom_padding=\u00bb20%||||false|false\u00bb header_text_shadow_style=\u00bbpreset3&#8243; header_text_shadow_color=\u00bbrgba(0,0,0,0.7)\u00bb text_shadow_style=\u00bbpreset3&#8243; text_shadow_color=\u00bb#000000&#8243; global_colors_info=\u00bb{}\u00bb sticky_transition=\u00bbon\u00bb][\/et_pb_slide][et_pb_slide heading=\u00bbSoluciones innovadoras para tu campo\u00bb _builder_version=\u00bb4.25.0&#8243; _module_preset=\u00bbdefault\u00bb header_font=\u00bb|700|||||||\u00bb header_font_size=\u00bb48px\u00bb background_image=\u00bbhttps:\/\/www.meristem.com\/es\/wp-content\/uploads\/header-tecnico.jpg\u00bb background_enable_image=\u00bbon\u00bb background_position=\u00bbtop_center\u00bb custom_padding=\u00bb20%||||false|false\u00bb header_text_shadow_style=\u00bbpreset3&#8243; header_text_shadow_color=\u00bbrgba(0,0,0,0.7)\u00bb text_shadow_style=\u00bbpreset3&#8243; text_shadow_color=\u00bb#000000&#8243; global_colors_info=\u00bb{}\u00bb sticky_transition=\u00bbon\u00bb][\/et_pb_slide][et_pb_slide heading=\u00bbSoluciones innovadoras para tu campo\u00bb _builder_version=\u00bb4.25.0&#8243; _module_preset=\u00bbdefault\u00bb header_font=\u00bb|700|||||||\u00bb header_font_size=\u00bb48px\u00bb background_image=\u00bbhttps:\/\/www.meristem.com\/es\/wp-content\/uploads\/header-cenital.jpg\u00bb background_enable_image=\u00bbon\u00bb background_position=\u00bbcenter_left\u00bb custom_padding=\u00bb20%||||false|false\u00bb header_text_shadow_style=\u00bbpreset3&#8243; header_text_shadow_color=\u00bbrgba(0,0,0,0.7)\u00bb text_shadow_style=\u00bbpreset3&#8243; text_shadow_color=\u00bb#000000&#8243; global_colors_info=\u00bb{}\u00bb sticky_transition=\u00bbon\u00bb][\/et_pb_slide][et_pb_slide heading=\u00bbSoluciones innovadoras para tu campo\u00bb _builder_version=\u00bb4.25.0&#8243; _module_preset=\u00bbdefault\u00bb header_font=\u00bb|700|||||||\u00bb header_font_size=\u00bb48px\u00bb background_image=\u00bbhttps:\/\/www.meristem.com\/es\/wp-content\/uploads\/header-vinedo.jpg\u00bb background_enable_image=\u00bbon\u00bb background_position=\u00bbtop_center\u00bb custom_padding=\u00bb20%||||false|false\u00bb header_text_shadow_style=\u00bbpreset3&#8243; header_text_shadow_color=\u00bbrgba(0,0,0,0.7)\u00bb text_shadow_style=\u00bbpreset1&#8243; text_shadow_color=\u00bb#000000&#8243; global_colors_info=\u00bb{}\u00bb sticky_transition=\u00bbon\u00bb][\/et_pb_slide][\/et_pb_fullwidth_slider][\/et_pb_section][et_pb_section fb_built=\u00bb1&#8243; disabled_on=\u00bboff|off|off\u00bb admin_label=\u00bbTRICOBEST\u00bb module_id=\u00bbpromo\u00bb module_class=\u00bbseccion inicio\u00bb _builder_version=\u00bb4.16&#8243; _module_preset=\u00bbdefault\u00bb background_color=\u00bb#f4f4f4&#8243; custom_padding=\u00bb||||false|false\u00bb global_colors_info=\u00bb{}\u00bb][et_pb_row column_structure=\u00bb1_2,1_2&#8243; module_class=\u00bbintro\u00bb _builder_version=\u00bb4.16&#8243; _module_preset=\u00bbdefault\u00bb global_colors_info=\u00bb{}\u00bb][et_pb_column type=\u00bb1_2&#8243; module_class=\u00bbinicio-col1&#8243; _builder_version=\u00bb4.16&#8243; _module_preset=\u00bbdefault\u00bb global_colors_info=\u00bb{}\u00bb][et_pb_text _builder_version=\u00bb4.17.3&#8243; _module_preset=\u00bbdefault\u00bb global_colors_info=\u00bb{}\u00bb]<\/p>\n<h2>Descubre Tricobest, nuestro nuevo bioestimulante a base de microorganismos<\/h2>\n<p>TRICOBEST es el nuevo producto de la <a class=\"enlace\" href=\"https:\/\/www.meristem.com\/es\/familias\/linea-microlife\/\">L\u00ednea Microlife<\/a>. Es un concentrado de \u00e1cidos h\u00famicos de alta calidad y elevada solubilidad, procedentes de Leonardita, enriquecido con un inoculante microbiano, a base de una cepa seleccionada del hongo <em>Trichoderma harzianum<\/em>. Descubre todas sus ventajas a trav\u00e9s de este did\u00e1ctico v\u00eddeo o accede a la <a class=\"enlace\" href=\"https:\/\/www.meristem.com\/es\/productos\/tricobest\/\">ficha completa del producto<\/a>.<\/p>\n<p class=\"boton\"><a class=\"boton-inicio\" href=\"https:\/\/www.meristem.com\/es\/productos\/tricobest\/\">M\u00e1s informaci\u00f3n<\/a><\/p>\n<p>[\/et_pb_text][\/et_pb_column][et_pb_column type=\u00bb1_2&#8243; module_class=\u00bbinicio-col2&#8243; _builder_version=\u00bb4.16&#8243; _module_preset=\u00bbdefault\u00bb global_colors_info=\u00bb{}\u00bb][et_pb_video src=\u00bbhttps:\/\/youtu.be\/jSBXd5XWs9Y\u00bb module_class=\u00bbvideo-1&#8243; _builder_version=\u00bb4.16&#8243; _module_preset=\u00bbdefault\u00bb global_colors_info=\u00bb{}\u00bb][\/et_pb_video][\/et_pb_column][\/et_pb_row][\/et_pb_section][et_pb_section fb_built=\u00bb1&#8243; module_class=\u00bbseccion inicio\u00bb _builder_version=\u00bb4.16&#8243; _module_preset=\u00bbdefault\u00bb background_enable_color=\u00bboff\u00bb global_colors_info=\u00bb{}\u00bb][et_pb_row column_structure=\u00bb1_2,1_2&#8243; module_class=\u00bbintro\u00bb _builder_version=\u00bb4.16&#8243; _module_preset=\u00bbdefault\u00bb global_colors_info=\u00bb{}\u00bb][et_pb_column type=\u00bb1_2&#8243; module_class=\u00bbinicio-col1&#8243; _builder_version=\u00bb4.16&#8243; _module_preset=\u00bbdefault\u00bb global_colors_info=\u00bb{}\u00bb][et_pb_text _builder_version=\u00bb4.25.0&#8243; _module_preset=\u00bbdefault\u00bb global_colors_info=\u00bb{}\u00bb]<\/p>\n<h1>Soluciones innovadoras para tu campo<\/h1>\n<p>Desde MERISTEM ofrecemos soluciones innovadoras que cubren todas las necesidades nutricionales del cultivo y permiten obtener plantas vigorosas y sanas. Plantas capaces de superar situaciones de estr\u00e9s a lo largo de todo el ciclo de cultivo, desde la preparaci\u00f3n del terreno previa al trasplante hasta la cosecha.<\/p>\n<p>Nuestros productos maximizan el rendimiento en cada etapa del cultivo. Porque sabemos que cada momento es clave para asegurar la calidad de la cosecha.<\/p>\n<p>Nuestro objetivo es proporcionar soluciones eficientes e innovadoras para cualquier requerimiento que pueda surgir a lo largo de todo el ciclo de cultivo. Para ello, contamos con uno de los cat\u00e1logos de agronutrientes m\u00e1s completos del mercado.<\/p>\n<p class=\"boton\"><a class=\"boton-inicio\" href=\"https:\/\/www.meristem.com\/es\/corporativo\/quienes-somos\">Leer m\u00e1s<\/a><\/p>\n<p>[\/et_pb_text][\/et_pb_column][et_pb_column type=\u00bb1_2&#8243; module_class=\u00bbinicio-col2&#8243; _builder_version=\u00bb4.16&#8243; _module_preset=\u00bbdefault\u00bb global_colors_info=\u00bb{}\u00bb][et_pb_video src=\u00bbhttps:\/\/youtu.be\/i5MgiQxySdo\u00bb module_class=\u00bbvideo-1&#8243; _builder_version=\u00bb4.16&#8243; _module_preset=\u00bbdefault\u00bb global_colors_info=\u00bb{}\u00bb][\/et_pb_video][et_pb_video src=\u00bbhttps:\/\/youtu.be\/6UAcSKth0Ro\u00bb module_class=\u00bbvideo-2&#8243; _builder_version=\u00bb4.16&#8243; _module_preset=\u00bbdefault\u00bb global_colors_info=\u00bb{}\u00bb][\/et_pb_video][\/et_pb_column][\/et_pb_row][\/et_pb_section][et_pb_section fb_built=\u00bb1&#8243; module_class=\u00bbseccion inicio pie\u00bb _builder_version=\u00bb4.16&#8243; _module_preset=\u00bbdefault\u00bb background_color=\u00bb#f4f4f4&#8243; global_colors_info=\u00bb{}\u00bb][et_pb_row column_structure=\u00bb1_2,1_4,1_4&#8243; _builder_version=\u00bb4.16&#8243; _module_preset=\u00bbdefault\u00bb global_colors_info=\u00bb{}\u00bb][et_pb_column type=\u00bb1_2&#8243; module_class=\u00bbprotocolo\u00bb _builder_version=\u00bb4.16&#8243; _module_preset=\u00bbdefault\u00bb global_colors_info=\u00bb{}\u00bb][et_pb_text _builder_version=\u00bb4.16&#8243; _module_preset=\u00bbdefault\u00bb global_colors_info=\u00bb{}\u00bb]<\/p>\n<h2>Protocolo de Seguridad de Meristem frente al COVID-19<\/h2>\n<p>Siguiendo las directrices de la OMS, en relaci\u00f3n con la pandemia causada por COVID-19, en MERISTEM hemos adaptado todos nuestros protocolos de trabajo, con el objetivo de procurar la seguridad, tanto de nuestros trabajadores, como de clientes, colaboradores y proveedores. Para ello, seguimos fabricando todos nuestros productos, con todas las medidas de seguridad y prevenci\u00f3n recomendadas por la OMS y otros organismos internacionales.<\/p>\n<p><a class=\"pdf\" href=\"https:\/\/www.meristem.com\/es\/wp-content\/uploads\/protocolo-trabajo-covid-19.pdf\" target=\"blank\" rel=\"noopener noreferrer\">Descargar Protocolo de Seguridad<\/a>[\/et_pb_text][\/et_pb_column][et_pb_column type=\u00bb1_4&#8243; module_class=\u00bbfeder\u00bb _builder_version=\u00bb4.16&#8243; _module_preset=\u00bbdefault\u00bb global_colors_info=\u00bb{}\u00bb][et_pb_text _builder_version=\u00bb4.16&#8243; _module_preset=\u00bbdefault\u00bb global_colors_info=\u00bb{}\u00bb]<\/p>\n<p><img loading=\"lazy\" decoding=\"async\" class=\"wp-image-375 alignnone size-medium\" src=\"https:\/\/www.meristem.com\/es\/wp-content\/uploads\/feder-300x102.png\" alt=\"\" width=\"300\" height=\"102\" srcset=\"https:\/\/www.meristem.com\/es\/wp-content\/uploads\/feder-300x102.png 300w, https:\/\/www.meristem.com\/es\/wp-content\/uploads\/feder-150x51.png 150w, https:\/\/www.meristem.com\/es\/wp-content\/uploads\/feder-250x85.png 250w, https:\/\/www.meristem.com\/es\/wp-content\/uploads\/feder-350x118.png 350w, https:\/\/www.meristem.com\/es\/wp-content\/uploads\/feder.png 455w\" sizes=\"(max-width: 300px) 100vw, 300px\" \/><\/p>\n<p>\u00abProyecto cofinanciado por los Fondos FEDER, dentro del Programa Operativo FEDER de la Comunitat Valenciana 2014-2020\u00bb<\/p>\n<p style=\"text-align:left !important\"><a href=\"https:\/\/www.meristem.com\/es\/proyectos-financiados-por-feder\">Proyectos financiados por FEDER<\/a><\/p>\n<p style=\"text-align:left !important\"><a href=\"https:\/\/www.meristem.com\/es\/programa-de-certificacion-de-proyectos-idi\">Programa de certificaci\u00f3n de Proyectos I+D+i<\/a><\/p>\n<p style=\"text-align:left !important\"><a href=\"https:\/\/www.meristem.com\/es\/proyecto-bionextgen\">Proyecto BIONEXTGEN: \u00abNuevos bioestimulantes de \u00faltima generaci\u00f3n\u00bb<\/a><\/p>\n<p>[\/et_pb_text][\/et_pb_column][et_pb_column type=\u00bb1_4&#8243; module_class=\u00bbiso\u00bb _builder_version=\u00bb4.16&#8243; _module_preset=\u00bbdefault\u00bb global_colors_info=\u00bb{}\u00bb][et_pb_image src=\u00bbhttps:\/\/www.meristem.com\/es\/wp-content\/uploads\/logo-iso-9001-14001.png\u00bb alt=\u00bbISO 9001 &#8211; ISO 14001&#8243; title_text=\u00bbISO 9001 &#8211; ISO 14001&#8243; _builder_version=\u00bb4.23.4&#8243; _module_preset=\u00bbdefault\u00bb global_colors_info=\u00bb{}\u00bb][\/et_pb_image][et_pb_text _builder_version=\u00bb4.27.5&#8243; _module_preset=\u00bbdefault\u00bb hover_enabled=\u00bb0&#8243; global_colors_info=\u00bb{}\u00bb sticky_enabled=\u00bb0&#8243;]<\/p>\n<p style=\"text-align: left !important; padding-bottom: 5px !important;\"><a href=\"https:\/\/www.meristem.com\/es\/proyectos-financiados-por-la-generalitat-valenciana\">Proyectos financiados por la Generalitat Valenciana<\/a><\/p>\n<p style=\"text-align: left !important; padding-bottom: 5px !important;\"><a href=\"https:\/\/www.meristem.com\/es\/proyectos-financiados-cdti\">Proyectos financiados por el CDTI<\/a><\/p>\n<p style=\"text-align: left !important; padding-bottom: 5px !important;\"><a href=\"https:\/\/www.meristem.com\/es\/proyectos-financiados-ivace\">Proyectos financiados por el IVACE<\/a><\/p>\n<p>[\/et_pb_text][\/et_pb_column][\/et_pb_row][\/et_pb_section][et_pb_section fb_built=\u00bb1&#8243; module_id=\u00bbnextgen\u00bb _builder_version=\u00bb4.27.0&#8243; _module_preset=\u00bbdefault\u00bb global_colors_info=\u00bb{}\u00bb][et_pb_row module_id=\u00bbnextgen-fila\u00bb _builder_version=\u00bb4.27.0&#8243; _module_preset=\u00bbdefault\u00bb global_colors_info=\u00bb{}\u00bb][et_pb_column type=\u00bb4_4&#8243; _builder_version=\u00bb4.27.0&#8243; _module_preset=\u00bbdefault\u00bb global_colors_info=\u00bb{}\u00bb][et_pb_code module_id=\u00bbnextgen-codigo\u00bb _builder_version=\u00bb4.27.4&#8243; _module_preset=\u00bbdefault\u00bb global_colors_info=\u00bb{}\u00bb]<img decoding=\"async\" src=\"https:\/\/www.meristem.com\/es\/wp-content\/uploads\/nextgen.png\" alt=\"NextGen\" \/><!-- [et_pb_line_break_holder] --><pee><!-- [et_pb_line_break_holder] -->QU\u00cdMICAS MERISTEM S.L. HA SIDO BENEFICIARIO DE LA AYUDA DE CERTIFICACI\u00d3N INTERNACIONAL 2025 DEL PROGRAMA DE \u00abMENTORING Y APOYO A LA INTERNACIONALIZACI\u00d3N\u00bb DE LA C\u00c1MARA OFICIAL DE COMERCIO, INDUSTRIA, SERVICIOS Y NAVEGACI\u00d3N DE ESPA\u00d1A, EN EL MARCO DEL PLAN DE RECUPERACI\u00d3N, TRANSFORMACI\u00d3N Y RESILIENCIA (PRTR), FINANCIADO POR LA UNI\u00d3N EUROPEA \u2013 NextGenerationEU<!-- [et_pb_line_break_holder] --><\/pee>[\/et_pb_code][\/et_pb_column][\/et_pb_row][\/et_pb_section]<\/p>\n","protected":false},"excerpt":{"rendered":"<p>Descubre Tricobest, nuestro nuevo bioestimulante a base de microorganismos TRICOBEST es el nuevo producto de la L\u00ednea Microlife. Es un concentrado de \u00e1cidos h\u00famicos de alta calidad y elevada solubilidad, procedentes de Leonardita, enriquecido con un inoculante microbiano, a base de una cepa seleccionada del hongo Trichoderma harzianum. Descubre todas sus ventajas a trav\u00e9s de [&hellip;]<\/p>\n","protected":false},"author":2,"featured_media":0,"parent":0,"menu_order":0,"comment_status":"closed","ping_status":"closed","template":"","meta":{"_acf_changed":false,"_et_pb_use_builder":"on","_et_pb_old_content":"","_et_gb_content_width":"","footnotes":""},"class_list":["post-46","page","type-page","status-publish","hentry"],"acf":[],"_links":{"self":[{"href":"https:\/\/www.meristem.com\/es\/wp-json\/wp\/v2\/pages\/46","targetHints":{"allow":["GET"]}}],"collection":[{"href":"https:\/\/www.meristem.com\/es\/wp-json\/wp\/v2\/pages"}],"about":[{"href":"https:\/\/www.meristem.com\/es\/wp-json\/wp\/v2\/types\/page"}],"author":[{"embeddable":true,"href":"https:\/\/www.meristem.com\/es\/wp-json\/wp\/v2\/users\/2"}],"replies":[{"embeddable":true,"href":"https:\/\/www.meristem.com\/es\/wp-json\/wp\/v2\/comments?post=46"}],"version-history":[{"count":39,"href":"https:\/\/www.meristem.com\/es\/wp-json\/wp\/v2\/pages\/46\/revisions"}],"predecessor-version":[{"id":2960,"href":"https:\/\/www.meristem.com\/es\/wp-json\/wp\/v2\/pages\/46\/revisions\/2960"}],"wp:attachment":[{"href":"https:\/\/www.meristem.com\/es\/wp-json\/wp\/v2\/media?parent=46"}],"curies":[{"name":"wp","href":"https:\/\/api.w.org\/{rel}","templated":true}]}}