{"id":462,"date":"2020-12-09T18:08:25","date_gmt":"2020-12-09T17:08:25","guid":{"rendered":"http:\/\/www.quimicasmeristem.com\/es\/?page_id=462"},"modified":"2024-05-31T11:12:10","modified_gmt":"2024-05-31T09:12:10","slug":"politica-de-cookies","status":"publish","type":"page","link":"https:\/\/www.meristem.com\/es\/politica-de-cookies\/","title":{"rendered":"Pol\u00edtica de cookies"},"content":{"rendered":"<p>[et_pb_section fb_built=\u00bb1&#8243; fullwidth=\u00bbon\u00bb disabled_on=\u00bboff|off|off\u00bb _builder_version=\u00bb4.16&#8243; _module_preset=\u00bbdefault\u00bb global_colors_info=\u00bb{}\u00bb][et_pb_fullwidth_slider module_class=\u00bbcabecera\u00bb _builder_version=\u00bb4.25.0&#8243; _module_preset=\u00bbdefault\u00bb height=\u00bb400px\u00bb auto=\u00bbon\u00bb auto_ignore_hover=\u00bbon\u00bb hover_transition_duration=\u00bb500ms\u00bb hover_enabled=\u00bb0&#8243; global_colors_info=\u00bb{}\u00bb sticky_enabled=\u00bb0&#8243;][et_pb_slide heading=\u00bbSoluciones innovadoras para tu campo\u00bb _builder_version=\u00bb4.25.0&#8243; _module_preset=\u00bbdefault\u00bb header_font=\u00bb|700|||||||\u00bb header_font_size=\u00bb48px\u00bb background_image=\u00bbhttps:\/\/www.meristem.com\/es\/wp-content\/uploads\/header-pulverizacion.jpg\u00bb background_enable_image=\u00bbon\u00bb background_position=\u00bbtop_center\u00bb custom_padding=\u00bb20%||||false|false\u00bb hover_enabled=\u00bb0&#8243; header_text_shadow_style=\u00bbpreset3&#8243; header_text_shadow_color=\u00bbrgba(0,0,0,0.7)\u00bb text_shadow_style=\u00bbpreset3&#8243; text_shadow_color=\u00bb#000000&#8243; global_colors_info=\u00bb{}\u00bb sticky_transition=\u00bbon\u00bb sticky_enabled=\u00bb0&#8243;][\/et_pb_slide][et_pb_slide heading=\u00bbSoluciones innovadoras para tu campo\u00bb _builder_version=\u00bb4.25.0&#8243; _module_preset=\u00bbdefault\u00bb header_font=\u00bb|700|||||||\u00bb header_font_size=\u00bb48px\u00bb background_image=\u00bbhttps:\/\/www.meristem.com\/es\/wp-content\/uploads\/header-tecnico.jpg\u00bb background_enable_image=\u00bbon\u00bb background_position=\u00bbtop_center\u00bb custom_padding=\u00bb20%||||false|false\u00bb hover_enabled=\u00bb0&#8243; header_text_shadow_style=\u00bbpreset3&#8243; header_text_shadow_color=\u00bbrgba(0,0,0,0.7)\u00bb text_shadow_style=\u00bbpreset3&#8243; text_shadow_color=\u00bb#000000&#8243; global_colors_info=\u00bb{}\u00bb sticky_transition=\u00bbon\u00bb sticky_enabled=\u00bb0&#8243;][\/et_pb_slide][et_pb_slide heading=\u00bbSoluciones innovadoras para tu campo\u00bb _builder_version=\u00bb4.25.0&#8243; _module_preset=\u00bbdefault\u00bb header_font=\u00bb|700|||||||\u00bb header_font_size=\u00bb48px\u00bb background_image=\u00bbhttps:\/\/www.meristem.com\/es\/wp-content\/uploads\/header-cenital.jpg\u00bb background_enable_image=\u00bbon\u00bb custom_padding=\u00bb20%||||false|false\u00bb hover_enabled=\u00bb0&#8243; header_text_shadow_style=\u00bbpreset3&#8243; header_text_shadow_color=\u00bbrgba(0,0,0,0.7)\u00bb text_shadow_style=\u00bbpreset3&#8243; text_shadow_color=\u00bb#000000&#8243; global_colors_info=\u00bb{}\u00bb sticky_transition=\u00bbon\u00bb sticky_enabled=\u00bb0&#8243;][\/et_pb_slide][et_pb_slide heading=\u00bbSoluciones innovadoras para tu campo\u00bb _builder_version=\u00bb4.25.0&#8243; _module_preset=\u00bbdefault\u00bb header_font=\u00bb|700|||||||\u00bb header_font_size=\u00bb48px\u00bb background_image=\u00bbhttps:\/\/www.meristem.com\/es\/wp-content\/uploads\/header-vinedo.jpg\u00bb background_enable_image=\u00bbon\u00bb background_position=\u00bbtop_center\u00bb custom_padding=\u00bb20%||||false|false\u00bb hover_enabled=\u00bb0&#8243; header_text_shadow_style=\u00bbpreset3&#8243; header_text_shadow_color=\u00bbrgba(0,0,0,0.7)\u00bb text_shadow_style=\u00bbpreset1&#8243; text_shadow_color=\u00bb#000000&#8243; global_colors_info=\u00bb{}\u00bb sticky_transition=\u00bbon\u00bb sticky_enabled=\u00bb0&#8243;][\/et_pb_slide][\/et_pb_fullwidth_slider][\/et_pb_section][et_pb_section fb_built=\u00bb1&#8243; module_class=\u00bbseccion legal\u00bb _builder_version=\u00bb4.16&#8243; _module_preset=\u00bbdefault\u00bb background_enable_color=\u00bboff\u00bb global_colors_info=\u00bb{}\u00bb][et_pb_row _builder_version=\u00bb4.16&#8243; _module_preset=\u00bbdefault\u00bb global_colors_info=\u00bb{}\u00bb][et_pb_column type=\u00bb4_4&#8243; _builder_version=\u00bb4.16&#8243; _module_preset=\u00bbdefault\u00bb global_colors_info=\u00bb{}\u00bb][et_pb_post_title meta=\u00bboff\u00bb featured_image=\u00bboff\u00bb _builder_version=\u00bb4.16&#8243; _module_preset=\u00bbdefault\u00bb global_colors_info=\u00bb{}\u00bb][\/et_pb_post_title][et_pb_text _builder_version=\u00bb4.16&#8243; _module_preset=\u00bbdefault\u00bb global_colors_info=\u00bb{}\u00bb]<\/p>\n<p>Qu\u00edmicas Meristem, S.L le informa que este sitio web utiliza cookies. A continuaci\u00f3n, el usuario encontrar\u00e1 informaci\u00f3n detallada sobre las cookies que son instaladas en la p\u00e1gina web.<\/p>\n<h2>I. \u00bfQu\u00e9 son las cookies?<\/h2>\n<p>Se considera cookies a cualquier tipo de archivo o dispositivo que se descarga en el equipo terminal de un usuario con la finalidad de almacenar datos que podr\u00e1n ser actualizados y recuperados por la entidad responsable de su instalaci\u00f3n. Se ubican en el disco duro del ordenador del Usuario, que archivan informaci\u00f3n sobre el uso que se realiza de un determinado Sitio Web. Las cookies solamente pueden ser le\u00eddas por el servidor que las coloc\u00f3 y no pueden ejecutar ning\u00fan programa o virus.<\/p>\n<h2>II. \u00bfQu\u00e9 tipo de cookies se utilizan en esta p\u00e1gina web?<\/h2>\n<p>Respecto a la <u>finalidad de las cookies<\/u>, en esta web utilizamos las siguientes:<\/p>\n<ul>\n<li><strong>Cookies t\u00e9cnicas estrictamente necesarias: <\/strong>Se tratan de cookies necesarias para el correcto funcionamiento de la web, as\u00ed como entre otros, guardar el identificador de sesi\u00f3n del usuario.<\/li>\n<li><strong>Cookies de an\u00e1lisis:\u00a0<\/strong>Son aqu\u00e9llas que permiten al responsable de las mismas, el seguimiento y an\u00e1lisis del comportamiento de los usuarios de los sitios web a los que est\u00e1n vinculadas. La informaci\u00f3n recogida mediante este tipo de cookies se utiliza en la medici\u00f3n de la actividad de los sitios web, aplicaci\u00f3n o plataforma y para la elaboraci\u00f3n de perfiles de navegaci\u00f3n de los usuarios de dichos sitios.<\/li>\n<li><strong>Cookies t\u00e9cnicas: <\/strong>Son aqu\u00e9llas que permiten al usuario la navegaci\u00f3n a trav\u00e9s de una p\u00e1gina web, plataforma o aplicaci\u00f3n y la utilizaci\u00f3n de las diferentes opciones o servicios que en ella existan como, por ejemplo, controlar el tr\u00e1fico y la comunicaci\u00f3n de datos, identificar la sesi\u00f3n, acceder a partes de acceso restringido, recordar los elementos que integran un pedido, realizar el proceso de compra de un pedido, realizar la solicitud de inscripci\u00f3n o participaci\u00f3n en un evento, utilizar elementos de seguridad durante la navegaci\u00f3n.<\/li>\n<\/ul>\n<p>Asimismo, en cuanto a la <u>entidad que gestiona las cookies<\/u>, esta p\u00e1gina web utiliza las siguiente:<\/p>\n<ul>\n<li><strong>Cookies propias: <\/strong>Son aqu\u00e9llas que se env\u00edan al equipo terminal del usuario desde un equipo o dominio gestionado por el propio editor y desde el que se presta el servicio solicitado por el usuario.<\/li>\n<li><strong>Cookies de terceros:\u00a0<\/strong>Entendidas como aquellas que se env\u00edan al terminal del usuario desde un equipo o dominio que no es gestionado por el editor sino por otra entidad que trata los datos obtenidos a trav\u00e9s de las cookies.<\/li>\n<\/ul>\n<p>En el apartado tercero (III) de la presente Pol\u00edtica de cookies bajo el t\u00edtulo \u201cInformaci\u00f3n sobre terceros\u201d podr\u00e1 encontrar m\u00e1s informaci\u00f3n sobre dichos terceros.<\/p>\n<p>Respecto al <u>plazo de tiempo que permanecen activadas<\/u>, en esta web utilizamos las siguientes:<\/p>\n<ul>\n<li><strong>Cookies de sesi\u00f3n<\/strong>: Son aquellas dise\u00f1adas para recabar y almacenar datos mientras el usuario accede a una p\u00e1gina web y desaparecen al cerrar el navegador.<\/li>\n<li><strong>Cookies persistentes<\/strong>: Son aquellas en las que los datos siguen almacenados en el terminal y que pueden ser accedidos durante un periodo definido por el responsable de la cookie que puede ir de varios minutos a varios a\u00f1os.<\/li>\n<\/ul>\n<p>En la tabla que se muestra a continuaci\u00f3n encontrar\u00e1 informaci\u00f3n completa sobre las cookies utilizadas y descargadas en nuestra p\u00e1gina web.<\/p>\n<div class=\"tabla-header\">INFORMACI\u00d3N SOBRE LAS COOKIES UTILIZADAS EN ESTA WEB<\/div>\n<div class=\"mi-tabla\">\n<div class=\"col1 f1\">Tipolog\u00eda<\/div>\n<div class=\"col2 f1\">Nombre<\/div>\n<div class=\"col3 f1\">Duraci\u00f3n<\/div>\n<div class=\"col4 f1\">Procedencia<\/div>\n<div class=\"col5 f1\">Finalidad<\/div>\n<div class=\"col6 f1\">Transferencia internacional de datos<\/div>\n<div class=\"col1 sin-borde negrita\">T\u00e9cnicas estrictamente necesarias<\/div>\n<div class=\"col2 cursiva\">wordpress_test_cookie<\/div>\n<div class=\"col3\">Sesi\u00f3n<\/div>\n<div class=\"col4\">Propia<\/div>\n<div class=\"col5\">Comprueba y guarda si las cookies est\u00e1n activadas en el navegador<\/div>\n<div class=\"col6\">S\u00ed. EEUU<\/div>\n<div class=\"col1 sin-borde\">\u00a0<\/div>\n<div class=\"col2 cursiva\">wordpress_sec_[hash]<\/div>\n<div class=\"col3\">Sesi\u00f3n<\/div>\n<div class=\"col4\">Propia<\/div>\n<div class=\"col5\">Comprueba y guarda si las cookies est\u00e1n activadas en el navegador<\/div>\n<div class=\"col6\">S\u00ed. EEUU<\/div>\n<div class=\"col1 sin-borde\">\u00a0<\/div>\n<div class=\"col2 cursiva\">wordpress_logged_in_[hash]<\/div>\n<div class=\"col3\">Sesi\u00f3n<\/div>\n<div class=\"col4\">Terceros: WordPress<\/div>\n<div class=\"col5\">Guarda qui\u00e9n eres mientras est\u00e1s registrado y lo usa WordPress para su interfaz<\/div>\n<div class=\"col6\">S\u00ed. EEUU<\/div>\n<div class=\"col1 sin-borde\">\u00a0<\/div>\n<div class=\"col2 cursiva\">wp-settings-{time}-[UID]<\/div>\n<div class=\"col3\">1 a\u00f1o<\/div>\n<div class=\"col4\">Propia<\/div>\n<div class=\"col5\">Guarda tus configuraciones de la zona de administraci\u00f3n e incluso front end<\/div>\n<div class=\"col6\">No<\/div>\n<div class=\"col1 sin-borde\">\u00a0<\/div>\n<div class=\"col2 cursiva\">wp-settings-[UID]<\/div>\n<div class=\"col3\">1 a\u00f1o<\/div>\n<div class=\"col4\">Propia<\/div>\n<div class=\"col5\">Guarda tus configuraciones de la zona de administraci\u00f3n e incluso del frontend<\/div>\n<div class=\"col6\">No<\/div>\n<div class=\"col1\">\u00a0<\/div>\n<div class=\"col2 cursiva\">wp-postpass_[hash]<\/div>\n<div class=\"col3\">10 d\u00edas<\/div>\n<div class=\"col4\">Propia<\/div>\n<div class=\"col5\">Cookie donde se guarda el acceso a p\u00e1ginas protegidas con contrase\u00f1a<\/div>\n<div class=\"col6\">No<\/div>\n<div class=\"col1 sin-borde negrita\">Anal\u00edticas \/ Estad\u00edsticas<\/div>\n<div class=\"col2 cursiva\">_utmb<\/div>\n<div class=\"col3\">30 minutos<\/div>\n<div class=\"col4\">De Terceros: Google Analytics<\/div>\n<div class=\"col5\">Se usa para determinar nuevas sesiones o visitas. La cookie se crea cuando se ejecuta la biblioteca de JavaScript y no hay ninguna cookie _utmb<\/div>\n<div class=\"col6\">S\u00ed. EEUU<\/div>\n<div class=\"col1\">\u00a0<\/div>\n<div class=\"col2 cursiva\">_utma<\/div>\n<div class=\"col3\">2 a\u00f1os desde que se cre\u00f3 inicialmente o se restableci\u00f3<\/div>\n<div class=\"col4\">De Terceros: Google Analytics<\/div>\n<div class=\"col5\">Permite determinar el n\u00famero de visitantes \u00fanicos (definido como un navegador espec\u00edfico en un equipo espec\u00edfico) que visitan el sitio<\/div>\n<div class=\"col6\">S\u00ed. EEUU<\/div>\n<\/div>\n<h2>III. Informaci\u00f3n sobre terceros.<\/h2>\n<p>El usuario puede obtener informaci\u00f3n completa sobre los terceros, as\u00ed como en su caso de las transferencias a terceros pa\u00edses que puedan llevar a cabo los terceros, a trav\u00e9s de los enlaces a sus p\u00e1ginas web detalladas a continuaci\u00f3n. El usuario por medio de los enlaces podr\u00e1 consultar las correspondientes pol\u00edticas de protecci\u00f3n de datos y cookies de dichos terceros.<\/p>\n<ul>\n<li>WordPress: <a href=\"https:\/\/es.wordpress.com\/\">https:\/\/es.wordpress.com\/<\/a><\/li>\n<li>Google Analytics: <a href=\"https:\/\/analytics.google.com\/analytics\/web\/provision\/#\/provision\">https:\/\/analytics.google.com\/analytics\/web\/provision\/#\/provision<\/a><\/li>\n<\/ul>\n<p>Asimismo, informamos a los usuarios que la informaci\u00f3n obtenida a trav\u00e9s de las cookies gestionadas por terceros es transferida a EEUU, y que dicho pa\u00eds de destino es un tercer pa\u00eds que, actualmente, no ofrece un nivel de protecci\u00f3n adecuado en el sentido del Reglamento General de Protecci\u00f3n de Datos europeo (\u201cRGPD\u201d o \u201cReglamento (UE) 2016\/679\u201d).<\/p>\n<p>Igualmente, le comunicamos que Qu\u00edmicas Meristem, S.L., no puede controlar ni se hace responsable del contenido y veracidad de los t\u00e9rminos y condiciones y las pol\u00edticas de privacidad de terceros, as\u00ed como de aquella informaci\u00f3n que el tercero no ofrezca en castellano. Asimismo, tampoco se hace responsable del correcto funcionamiento de los enlaces facilitados a las correspondientes p\u00e1ginas webs.<\/p>\n<h2>IV. Configuraci\u00f3n, desactivaci\u00f3n y eliminaci\u00f3n de cookies.<\/h2>\n<p>Para configurar o desactivar las cookies se puede acceder a nuestro panel de configuraci\u00f3n <a class=\"cli_settings_button\" tabindex=\"0\" role=\"button\">aqu\u00ed<\/a>.<\/p>\n<p>Asimismo, tenga en cuenta que, si acepta las cookies de terceros, deber\u00e1 eliminarlas desde las opciones del navegador o desde el sistema ofrecido por el propio tercero<\/p>\n<h2>V. Actualizaci\u00f3n de Pol\u00edtica de cookies.<\/h2>\n<p>Esta Pol\u00edtica de Cookies puede variar en funci\u00f3n de nuevas exigencias legislativas, reglamentarias, o con la finalidad de adaptar dicha pol\u00edtica a las instrucciones dictadas por la Agencia Espa\u00f1ola de Protecci\u00f3n de Datos.<\/p>\n<p>Por \u00faltimo, si el usuario desea obtener informaci\u00f3n en materia de protecci\u00f3n de datos, le recomendamos que consulte nuestra <a href=\"https:\/\/www.meristem.com\/es\/politica-de-proteccion-de-datos\/\">Pol\u00edtica de Protecci\u00f3n de Datos<\/a>.<\/p>\n<p><em>\u00daltima actualizaci\u00f3n:\u00a0 noviembre 2020<\/em><\/p>\n<p>&nbsp;<\/p>\n<p>&nbsp;<\/p>\n<p>[\/et_pb_text][\/et_pb_column][\/et_pb_row][\/et_pb_section]<\/p>\n","protected":false},"excerpt":{"rendered":"<p>Qu\u00edmicas Meristem, S.L le informa que este sitio web utiliza cookies. A continuaci\u00f3n, el usuario encontrar\u00e1 informaci\u00f3n detallada sobre las cookies que son instaladas en la p\u00e1gina web. I. \u00bfQu\u00e9 son las cookies? Se considera cookies a cualquier tipo de archivo o dispositivo que se descarga en el equipo terminal de un usuario con la [&hellip;]<\/p>\n","protected":false},"author":2,"featured_media":0,"parent":0,"menu_order":0,"comment_status":"closed","ping_status":"closed","template":"","meta":{"_acf_changed":false,"_et_pb_use_builder":"on","_et_pb_old_content":"","_et_gb_content_width":"","footnotes":""},"class_list":["post-462","page","type-page","status-publish","hentry"],"acf":[],"_links":{"self":[{"href":"https:\/\/www.meristem.com\/es\/wp-json\/wp\/v2\/pages\/462","targetHints":{"allow":["GET"]}}],"collection":[{"href":"https:\/\/www.meristem.com\/es\/wp-json\/wp\/v2\/pages"}],"about":[{"href":"https:\/\/www.meristem.com\/es\/wp-json\/wp\/v2\/types\/page"}],"author":[{"embeddable":true,"href":"https:\/\/www.meristem.com\/es\/wp-json\/wp\/v2\/users\/2"}],"replies":[{"embeddable":true,"href":"https:\/\/www.meristem.com\/es\/wp-json\/wp\/v2\/comments?post=462"}],"version-history":[{"count":1,"href":"https:\/\/www.meristem.com\/es\/wp-json\/wp\/v2\/pages\/462\/revisions"}],"predecessor-version":[{"id":2758,"href":"https:\/\/www.meristem.com\/es\/wp-json\/wp\/v2\/pages\/462\/revisions\/2758"}],"wp:attachment":[{"href":"https:\/\/www.meristem.com\/es\/wp-json\/wp\/v2\/media?parent=462"}],"curies":[{"name":"wp","href":"https:\/\/api.w.org\/{rel}","templated":true}]}}