{"id":534,"date":"2021-02-17T10:33:18","date_gmt":"2021-02-17T09:33:18","guid":{"rendered":"http:\/\/www.quimicasmeristem.com\/es\/?page_id=534"},"modified":"2024-05-31T11:05:56","modified_gmt":"2024-05-31T09:05:56","slug":"quienes-somos","status":"publish","type":"page","link":"https:\/\/www.meristem.com\/es\/corporativo\/quienes-somos\/","title":{"rendered":"Qui\u00e9nes somos"},"content":{"rendered":"<p>[et_pb_section fb_built=\u00bb1&#8243; fullwidth=\u00bbon\u00bb disabled_on=\u00bboff|off|off\u00bb _builder_version=\u00bb4.16&#8243; _module_preset=\u00bbdefault\u00bb global_colors_info=\u00bb{}\u00bb][et_pb_fullwidth_slider module_class=\u00bbcabecera\u00bb _builder_version=\u00bb4.25.0&#8243; _module_preset=\u00bbdefault\u00bb height=\u00bb400px\u00bb auto=\u00bbon\u00bb auto_ignore_hover=\u00bbon\u00bb hover_transition_duration=\u00bb500ms\u00bb hover_enabled=\u00bb0&#8243; global_colors_info=\u00bb{}\u00bb sticky_enabled=\u00bb0&#8243;][et_pb_slide heading=\u00bbSoluciones innovadoras para tu campo\u00bb _builder_version=\u00bb4.25.0&#8243; _module_preset=\u00bbdefault\u00bb header_font=\u00bb|700|||||||\u00bb header_font_size=\u00bb48px\u00bb background_image=\u00bbhttps:\/\/www.meristem.com\/es\/wp-content\/uploads\/header-patatas.jpg\u00bb background_enable_image=\u00bbon\u00bb custom_padding=\u00bb20%||||false|false\u00bb hover_enabled=\u00bb0&#8243; header_text_shadow_style=\u00bbpreset3&#8243; header_text_shadow_color=\u00bbrgba(0,0,0,0.7)\u00bb text_shadow_style=\u00bbpreset3&#8243; text_shadow_color=\u00bb#000000&#8243; global_colors_info=\u00bb{}\u00bb sticky_transition=\u00bbon\u00bb sticky_enabled=\u00bb0&#8243;][\/et_pb_slide][et_pb_slide heading=\u00bbSoluciones innovadoras para tu campo\u00bb _builder_version=\u00bb4.25.0&#8243; _module_preset=\u00bbdefault\u00bb header_font=\u00bb|700|||||||\u00bb header_font_size=\u00bb48px\u00bb background_image=\u00bbhttps:\/\/www.meristem.com\/es\/wp-content\/uploads\/header-naranjas.jpg\u00bb background_enable_image=\u00bbon\u00bb background_position=\u00bbtop_center\u00bb custom_padding=\u00bb20%||||false|false\u00bb hover_enabled=\u00bb0&#8243; header_text_shadow_style=\u00bbpreset3&#8243; header_text_shadow_color=\u00bbrgba(0,0,0,0.7)\u00bb text_shadow_style=\u00bbpreset3&#8243; text_shadow_color=\u00bb#000000&#8243; global_colors_info=\u00bb{}\u00bb sticky_transition=\u00bbon\u00bb sticky_enabled=\u00bb0&#8243;][\/et_pb_slide][et_pb_slide heading=\u00bbSoluciones innovadoras para tu campo\u00bb _builder_version=\u00bb4.25.0&#8243; _module_preset=\u00bbdefault\u00bb header_font=\u00bb|700|||||||\u00bb header_font_size=\u00bb48px\u00bb background_image=\u00bbhttps:\/\/www.meristem.com\/es\/wp-content\/uploads\/header-invernadero.jpg\u00bb background_enable_image=\u00bbon\u00bb custom_padding=\u00bb20%||||false|false\u00bb hover_enabled=\u00bb0&#8243; header_text_shadow_style=\u00bbpreset3&#8243; header_text_shadow_color=\u00bbrgba(0,0,0,0.7)\u00bb text_shadow_style=\u00bbpreset3&#8243; text_shadow_color=\u00bb#000000&#8243; global_colors_info=\u00bb{}\u00bb sticky_transition=\u00bbon\u00bb sticky_enabled=\u00bb0&#8243;][\/et_pb_slide][et_pb_slide heading=\u00bbSoluciones innovadoras para tu campo\u00bb _builder_version=\u00bb4.25.0&#8243; _module_preset=\u00bbdefault\u00bb header_font=\u00bb|700|||||||\u00bb header_font_size=\u00bb48px\u00bb background_image=\u00bbhttps:\/\/www.meristem.com\/es\/wp-content\/uploads\/header-cultivos.jpg\u00bb background_enable_image=\u00bbon\u00bb background_position=\u00bbtop_center\u00bb custom_padding=\u00bb20%||||false|false\u00bb hover_enabled=\u00bb0&#8243; header_text_shadow_style=\u00bbpreset3&#8243; header_text_shadow_color=\u00bbrgba(0,0,0,0.7)\u00bb text_shadow_style=\u00bbpreset1&#8243; text_shadow_color=\u00bb#000000&#8243; global_colors_info=\u00bb{}\u00bb sticky_transition=\u00bbon\u00bb sticky_enabled=\u00bb0&#8243;][\/et_pb_slide][\/et_pb_fullwidth_slider][\/et_pb_section][et_pb_section fb_built=\u00bb1&#8243; module_class=\u00bbseccion corporativo quienes-somos\u00bb _builder_version=\u00bb4.16&#8243; _module_preset=\u00bbdefault\u00bb background_enable_color=\u00bboff\u00bb global_colors_info=\u00bb{}\u00bb][et_pb_row column_structure=\u00bb2_3,1_3&#8243; _builder_version=\u00bb4.16&#8243; _module_preset=\u00bbdefault\u00bb global_colors_info=\u00bb{}\u00bb][et_pb_column type=\u00bb2_3&#8243; _builder_version=\u00bb4.16&#8243; _module_preset=\u00bbdefault\u00bb global_colors_info=\u00bb{}\u00bb][et_pb_post_title meta=\u00bboff\u00bb featured_image=\u00bboff\u00bb _builder_version=\u00bb4.16&#8243; _module_preset=\u00bbdefault\u00bb global_colors_info=\u00bb{}\u00bb][\/et_pb_post_title][et_pb_text _builder_version=\u00bb4.16&#8243; _module_preset=\u00bbdefault\u00bb global_colors_info=\u00bb{}\u00bb]<\/p>\n<p>Desde MERISTEM ofrecemos soluciones que cubren todas las necesidades nutricionales del cultivo y permiten obtener plantas vigorosas y sanas, capaces de superar situaciones de estr\u00e9s a lo largo de todo el ciclo de cultivo, desde la preparaci\u00f3n del terreno previa al trasplante hasta la cosecha.<\/p>\n<p>Nuestros productos maximizan el rendimiento en cada etapa del cultivo. Porque sabemos que cada momento es clave para asegurar la calidad de la cosecha.<\/p>\n<p>Nuestro objetivo es proporcionar soluciones eficientes para cualquier requerimiento que pueda surgir a lo largo de todo el ciclo de cultivo. Para ello, contamos con uno de los cat\u00e1logos de agronutrientes m\u00e1s completos del mercado:<\/p>\n<ul>\n<li><a href=\"https:\/\/www.meristem.com\/es\/familias\/bioestimulantes\/\">Bioestimulantes<\/a><\/li>\n<li><a href=\"https:\/\/www.meristem.com\/es\/familias\/fertilizantes-npk\/\">Fertilizantes NPK<\/a><\/li>\n<li><a href=\"https:\/\/www.meristem.com\/es\/familias\/linea-microlife\/\">L\u00ednea Microlife<\/a><\/li>\n<li><a href=\"https:\/\/www.meristem.com\/es\/familias\/correctores\/\">Correctores<\/a><\/li>\n<li><a href=\"https:\/\/www.meristem.com\/es\/familias\/acondicionadores-de-suelos\/\">Acondicionadores de suelos<\/a><\/li>\n<li><a href=\"https:\/\/www.meristem.com\/es\/familias\/sanidad-vegetal\/\">Sanidad vegetal<\/a><\/li>\n<li><a href=\"https:\/\/www.meristem.com\/es\/familias\/productos-ecologicos\/\">Productos ecol\u00f3gicos<\/a><\/li>\n<li><a href=\"https:\/\/www.meristem.com\/es\/familias\/otros-productos\/\">Otros productos<\/a><\/li>\n<\/ul>\n<h2>Misi\u00f3n, visi\u00f3n y valores<\/h2>\n<p><strong>Visi\u00f3n<\/strong>: Convertirnos en una empresa referente a nivel mundial en el sector de agronutrientes.<\/p>\n<p><strong>Misi\u00f3n<\/strong>: Desarrollar, fabricar y comercializar productos para la agricultura que sean capaces de ofrecer a cada cliente la mejor soluci\u00f3n a sus necesidades. Todo esto lo intentamos lograr a trav\u00e9s de productos de alta calidad, investigando sobre c\u00f3mo mejorar nuestros formulados y ofreciendo un permanente asesoramiento t\u00e9cnico a nuestros clientes.<\/p>\n<p><strong>Valores<\/strong>: Integridad, pasi\u00f3n, calidad, colaboraci\u00f3n.<\/p>\n<p>[\/et_pb_text][\/et_pb_column][et_pb_column type=\u00bb1_3&#8243; module_class=\u00bbhistoria\u00bb _builder_version=\u00bb4.16&#8243; _module_preset=\u00bbdefault\u00bb global_colors_info=\u00bb{}\u00bb][et_pb_text _builder_version=\u00bb4.24.0&#8243; _module_preset=\u00bbdefault\u00bb global_colors_info=\u00bb{}\u00bb]<\/p>\n<h2><img decoding=\"async\" src=\"https:\/\/www.meristem.com\/es\/wp-content\/uploads\/corporativo-fachada.jpg\" alt=\"\" \/><\/h2>\n<h2>Un poco de historia\u2026<\/h2>\n<p>Creada en 1984 y situada en Valencia, una de las \u00e1reas agr\u00edcolas m\u00e1s importantes de Espa\u00f1a, Meristem cuenta con 40 a\u00f1os de experiencia en el mundo de la nutrici\u00f3n vegetal.<\/p>\n<p>Durante todos estos a\u00f1os, Meristem ha hecho de la transparencia uno de sus principales valores. Esto nos ha permitido labrarnos la confianza y el respeto tanto de nuestros clientes como de los dem\u00e1s competidores de nuestro sector.<\/p>\n<p>Nuestros a\u00f1os de experiencia, junto con el dinamismo y esp\u00edritu de mejora de nuestros profesionales altamente cualificados, constituyen el motor que nos permite adaptarnos a un sector en constante evoluci\u00f3n.<\/p>\n<p>[\/et_pb_text][\/et_pb_column][\/et_pb_row][\/et_pb_section]<\/p>\n","protected":false},"excerpt":{"rendered":"<p>Desde MERISTEM ofrecemos soluciones que cubren todas las necesidades nutricionales del cultivo y permiten obtener plantas vigorosas y sanas, capaces de superar situaciones de estr\u00e9s a lo largo de todo el ciclo de cultivo, desde la preparaci\u00f3n del terreno previa al trasplante hasta la cosecha. Nuestros productos maximizan el rendimiento en cada etapa del cultivo. [&hellip;]<\/p>\n","protected":false},"author":2,"featured_media":0,"parent":532,"menu_order":0,"comment_status":"closed","ping_status":"closed","template":"","meta":{"_acf_changed":false,"_et_pb_use_builder":"on","_et_pb_old_content":"","_et_gb_content_width":"","footnotes":""},"class_list":["post-534","page","type-page","status-publish","hentry"],"acf":[],"_links":{"self":[{"href":"https:\/\/www.meristem.com\/es\/wp-json\/wp\/v2\/pages\/534","targetHints":{"allow":["GET"]}}],"collection":[{"href":"https:\/\/www.meristem.com\/es\/wp-json\/wp\/v2\/pages"}],"about":[{"href":"https:\/\/www.meristem.com\/es\/wp-json\/wp\/v2\/types\/page"}],"author":[{"embeddable":true,"href":"https:\/\/www.meristem.com\/es\/wp-json\/wp\/v2\/users\/2"}],"replies":[{"embeddable":true,"href":"https:\/\/www.meristem.com\/es\/wp-json\/wp\/v2\/comments?post=534"}],"version-history":[{"count":4,"href":"https:\/\/www.meristem.com\/es\/wp-json\/wp\/v2\/pages\/534\/revisions"}],"predecessor-version":[{"id":2735,"href":"https:\/\/www.meristem.com\/es\/wp-json\/wp\/v2\/pages\/534\/revisions\/2735"}],"up":[{"embeddable":true,"href":"https:\/\/www.meristem.com\/es\/wp-json\/wp\/v2\/pages\/532"}],"wp:attachment":[{"href":"https:\/\/www.meristem.com\/es\/wp-json\/wp\/v2\/media?parent=534"}],"curies":[{"name":"wp","href":"https:\/\/api.w.org\/{rel}","templated":true}]}}