{"id":571,"date":"2021-02-17T11:36:15","date_gmt":"2021-02-17T10:36:15","guid":{"rendered":"http:\/\/www.quimicasmeristem.com\/es\/?page_id=571"},"modified":"2024-05-31T11:05:26","modified_gmt":"2024-05-31T09:05:26","slug":"meristem-en-el-mundo","status":"publish","type":"page","link":"https:\/\/www.meristem.com\/es\/corporativo\/meristem-en-el-mundo\/","title":{"rendered":"Meristem en el mundo"},"content":{"rendered":"<p>[et_pb_section fb_built=\u00bb1&#8243; fullwidth=\u00bbon\u00bb disabled_on=\u00bboff|off|off\u00bb _builder_version=\u00bb4.16&#8243; _module_preset=\u00bbdefault\u00bb global_colors_info=\u00bb{}\u00bb][et_pb_fullwidth_slider module_class=\u00bbcabecera\u00bb _builder_version=\u00bb4.25.0&#8243; _module_preset=\u00bbdefault\u00bb height=\u00bb400px\u00bb auto=\u00bbon\u00bb auto_ignore_hover=\u00bbon\u00bb hover_transition_duration=\u00bb500ms\u00bb hover_enabled=\u00bb0&#8243; global_colors_info=\u00bb{}\u00bb sticky_enabled=\u00bb0&#8243;][et_pb_slide heading=\u00bbSoluciones innovadoras para tu campo\u00bb _builder_version=\u00bb4.25.0&#8243; _module_preset=\u00bbdefault\u00bb header_font=\u00bb|700|||||||\u00bb header_font_size=\u00bb48px\u00bb background_image=\u00bbhttps:\/\/www.meristem.com\/es\/wp-content\/uploads\/header-patatas.jpg\u00bb background_enable_image=\u00bbon\u00bb custom_padding=\u00bb20%||||false|false\u00bb hover_enabled=\u00bb0&#8243; header_text_shadow_style=\u00bbpreset3&#8243; header_text_shadow_color=\u00bbrgba(0,0,0,0.7)\u00bb text_shadow_style=\u00bbpreset3&#8243; text_shadow_color=\u00bb#000000&#8243; global_colors_info=\u00bb{}\u00bb sticky_transition=\u00bbon\u00bb sticky_enabled=\u00bb0&#8243;][\/et_pb_slide][et_pb_slide heading=\u00bbSoluciones innovadoras para tu campo\u00bb _builder_version=\u00bb4.25.0&#8243; _module_preset=\u00bbdefault\u00bb header_font=\u00bb|700|||||||\u00bb header_font_size=\u00bb48px\u00bb background_image=\u00bbhttps:\/\/www.meristem.com\/es\/wp-content\/uploads\/header-naranjas.jpg\u00bb background_enable_image=\u00bbon\u00bb background_position=\u00bbtop_center\u00bb custom_padding=\u00bb20%||||false|false\u00bb hover_enabled=\u00bb0&#8243; header_text_shadow_style=\u00bbpreset3&#8243; header_text_shadow_color=\u00bbrgba(0,0,0,0.7)\u00bb text_shadow_style=\u00bbpreset3&#8243; text_shadow_color=\u00bb#000000&#8243; global_colors_info=\u00bb{}\u00bb sticky_transition=\u00bbon\u00bb sticky_enabled=\u00bb0&#8243;][\/et_pb_slide][et_pb_slide heading=\u00bbSoluciones innovadoras para tu campo\u00bb _builder_version=\u00bb4.25.0&#8243; _module_preset=\u00bbdefault\u00bb header_font=\u00bb|700|||||||\u00bb header_font_size=\u00bb48px\u00bb background_image=\u00bbhttps:\/\/www.meristem.com\/es\/wp-content\/uploads\/header-invernadero.jpg\u00bb background_enable_image=\u00bbon\u00bb custom_padding=\u00bb20%||||false|false\u00bb hover_enabled=\u00bb0&#8243; header_text_shadow_style=\u00bbpreset3&#8243; header_text_shadow_color=\u00bbrgba(0,0,0,0.7)\u00bb text_shadow_style=\u00bbpreset3&#8243; text_shadow_color=\u00bb#000000&#8243; global_colors_info=\u00bb{}\u00bb sticky_transition=\u00bbon\u00bb sticky_enabled=\u00bb0&#8243;][\/et_pb_slide][et_pb_slide heading=\u00bbSoluciones innovadoras para tu campo\u00bb _builder_version=\u00bb4.25.0&#8243; _module_preset=\u00bbdefault\u00bb header_font=\u00bb|700|||||||\u00bb header_font_size=\u00bb48px\u00bb background_image=\u00bbhttps:\/\/www.meristem.com\/es\/wp-content\/uploads\/header-cultivos.jpg\u00bb background_enable_image=\u00bbon\u00bb background_position=\u00bbtop_center\u00bb custom_padding=\u00bb20%||||false|false\u00bb hover_enabled=\u00bb0&#8243; header_text_shadow_style=\u00bbpreset3&#8243; header_text_shadow_color=\u00bbrgba(0,0,0,0.7)\u00bb text_shadow_style=\u00bbpreset1&#8243; text_shadow_color=\u00bb#000000&#8243; global_colors_info=\u00bb{}\u00bb sticky_transition=\u00bbon\u00bb sticky_enabled=\u00bb0&#8243;][\/et_pb_slide][\/et_pb_fullwidth_slider][\/et_pb_section][et_pb_section fb_built=\u00bb1&#8243; module_class=\u00bbseccion mapamundi-titulo\u00bb _builder_version=\u00bb4.16&#8243; _module_preset=\u00bbdefault\u00bb background_enable_color=\u00bboff\u00bb global_colors_info=\u00bb{}\u00bb][et_pb_row _builder_version=\u00bb4.16&#8243; _module_preset=\u00bbdefault\u00bb background_enable_color=\u00bboff\u00bb global_colors_info=\u00bb{}\u00bb][et_pb_column type=\u00bb4_4&#8243; _builder_version=\u00bb4.16&#8243; _module_preset=\u00bbdefault\u00bb global_colors_info=\u00bb{}\u00bb][et_pb_post_title meta=\u00bboff\u00bb featured_image=\u00bboff\u00bb _builder_version=\u00bb4.16&#8243; _module_preset=\u00bbdefault\u00bb global_colors_info=\u00bb{}\u00bb][\/et_pb_post_title][\/et_pb_column][\/et_pb_row][\/et_pb_section][et_pb_section fb_built=\u00bb1&#8243; module_class=\u00bbseccion mapamundi\u00bb _builder_version=\u00bb4.16&#8243; _module_preset=\u00bbdefault\u00bb background_color=\u00bb#ebf3f8&#8243; global_colors_info=\u00bb{}\u00bb][et_pb_row _builder_version=\u00bb4.16&#8243; _module_preset=\u00bbdefault\u00bb global_colors_info=\u00bb{}\u00bb][et_pb_column type=\u00bb4_4&#8243; _builder_version=\u00bb4.16&#8243; _module_preset=\u00bbdefault\u00bb global_colors_info=\u00bb{}\u00bb][et_pb_code _builder_version=\u00bb4.16&#8243; _module_preset=\u00bbdefault\u00bb background_enable_color=\u00bboff\u00bb global_colors_info=\u00bb{}\u00bb]<\/p>\n<div id=\"mapamundi-info\"><!-- [et_pb_line_break_holder] -->  <\/p>\n<h3>Presentes en m\u00e1s de 30 pa\u00edses<\/h3>\n<p><!-- [et_pb_line_break_holder] --><pee><!-- [et_pb_line_break_holder] -->  Distribuidores y agentes de m\u00e1s de 30 pa\u00edses conf\u00edan en Meristem. Cada a\u00f1o m\u00e1s y m\u00e1s productores se unen a nosotros. Esta confianza nos permite seguir trabajando y ampliando nuestra red continuamente.<!-- [et_pb_line_break_holder] --><\/pee><!-- [et_pb_line_break_holder] --><\/div>\n<p><!-- [et_pb_line_break_holder] --><img decoding=\"async\" src=\"https:\/\/www.meristem.com\/es\/wp-content\/uploads\/mapamundi.png\" alt=\"\" \/>[\/et_pb_code][\/et_pb_column][\/et_pb_row][\/et_pb_section][et_pb_section fb_built=\u00bb1&#8243; disabled_on=\u00bboff|off|on\u00bb module_class=\u00bbseccion mapamundi-info-mobile\u00bb _builder_version=\u00bb4.16&#8243; _module_preset=\u00bbdefault\u00bb background_color=\u00bbrgba(0,97,167,0.2)\u00bb global_colors_info=\u00bb{}\u00bb][et_pb_row _builder_version=\u00bb4.16&#8243; _module_preset=\u00bbdefault\u00bb global_colors_info=\u00bb{}\u00bb][et_pb_column type=\u00bb4_4&#8243; _builder_version=\u00bb4.16&#8243; _module_preset=\u00bbdefault\u00bb global_colors_info=\u00bb{}\u00bb][et_pb_code disabled_on=\u00bboff|off|off\u00bb _builder_version=\u00bb4.16&#8243; _module_preset=\u00bbdefault\u00bb background_enable_color=\u00bboff\u00bb global_colors_info=\u00bb{}\u00bb]<\/p>\n<h2>Presentes en m\u00e1s de 30 pa\u00edses<\/h2>\n<p><!-- [et_pb_line_break_holder] --><pee><!-- [et_pb_line_break_holder] -->  Distribuidores y agentes de m\u00e1s de 30 pa\u00edses conf\u00edan en Meristem. Cada a\u00f1o m\u00e1s y m\u00e1s productores se unen a nosotros. Esta confianza nos permite seguir trabajando y ampliando nuestra red continuamente.<!-- [et_pb_line_break_holder] --><\/pee>[\/et_pb_code][\/et_pb_column][\/et_pb_row][\/et_pb_section]<\/p>\n","protected":false},"excerpt":{"rendered":"","protected":false},"author":2,"featured_media":0,"parent":532,"menu_order":0,"comment_status":"closed","ping_status":"closed","template":"","meta":{"_acf_changed":false,"_et_pb_use_builder":"on","_et_pb_old_content":"","_et_gb_content_width":"","footnotes":""},"class_list":["post-571","page","type-page","status-publish","hentry"],"acf":[],"_links":{"self":[{"href":"https:\/\/www.meristem.com\/es\/wp-json\/wp\/v2\/pages\/571","targetHints":{"allow":["GET"]}}],"collection":[{"href":"https:\/\/www.meristem.com\/es\/wp-json\/wp\/v2\/pages"}],"about":[{"href":"https:\/\/www.meristem.com\/es\/wp-json\/wp\/v2\/types\/page"}],"author":[{"embeddable":true,"href":"https:\/\/www.meristem.com\/es\/wp-json\/wp\/v2\/users\/2"}],"replies":[{"embeddable":true,"href":"https:\/\/www.meristem.com\/es\/wp-json\/wp\/v2\/comments?post=571"}],"version-history":[{"count":2,"href":"https:\/\/www.meristem.com\/es\/wp-json\/wp\/v2\/pages\/571\/revisions"}],"predecessor-version":[{"id":2734,"href":"https:\/\/www.meristem.com\/es\/wp-json\/wp\/v2\/pages\/571\/revisions\/2734"}],"up":[{"embeddable":true,"href":"https:\/\/www.meristem.com\/es\/wp-json\/wp\/v2\/pages\/532"}],"wp:attachment":[{"href":"https:\/\/www.meristem.com\/es\/wp-json\/wp\/v2\/media?parent=571"}],"curies":[{"name":"wp","href":"https:\/\/api.w.org\/{rel}","templated":true}]}}