{"id":1867,"date":"2021-03-03T15:12:49","date_gmt":"2021-03-03T13:12:49","guid":{"rendered":"http:\/\/www.quimicasmeristem.com\/fr\/?page_id=1867"},"modified":"2021-06-01T16:18:20","modified_gmt":"2021-06-01T14:18:20","slug":"durabilite","status":"publish","type":"page","link":"https:\/\/www.meristem.com\/fr\/durabilite\/","title":{"rendered":"Durabilit\u00e9"},"content":{"rendered":"<p>[et_pb_section fb_built=\u00a0\u00bb1&Prime; fullwidth=\u00a0\u00bbon\u00a0\u00bb disabled_on=\u00a0\u00bboff|off|off\u00a0\u00bb _builder_version=\u00a0\u00bb4.7.3&Prime; _module_preset=\u00a0\u00bbdefault\u00a0\u00bb][et_pb_fullwidth_slider module_class=\u00a0\u00bbcabecera\u00a0\u00bb _builder_version=\u00a0\u00bb4.9.0&Prime; _module_preset=\u00a0\u00bbdefault\u00a0\u00bb height=\u00a0\u00bb400px\u00a0\u00bb auto=\u00a0\u00bbon\u00a0\u00bb auto_ignore_hover=\u00a0\u00bbon\u00a0\u00bb hover_transition_duration=\u00a0\u00bb500ms\u00a0\u00bb][et_pb_slide heading=\u00a0\u00bbSolutions innovantes pour votre champ\u00a0\u00bb _builder_version=\u00a0\u00bb4.9.0&Prime; _module_preset=\u00a0\u00bbdefault\u00a0\u00bb header_font=\u00a0\u00bb|700|||||||\u00a0\u00bb header_font_size=\u00a0\u00bb48px\u00a0\u00bb background_image=\u00a0\u00bbhttps:\/\/www.meristem.com\/fr\/wp-content\/uploads\/header-arroz.jpg\u00a0\u00bb background_enable_image=\u00a0\u00bbon\u00a0\u00bb background_position=\u00a0\u00bbtop_center\u00a0\u00bb custom_padding=\u00a0\u00bb20%||||false|false\u00a0\u00bb header_text_shadow_style=\u00a0\u00bbpreset3&Prime; header_text_shadow_color=\u00a0\u00bbrgba(0,0,0,0.7)\u00a0\u00bb text_shadow_style=\u00a0\u00bbpreset3&Prime; text_shadow_color=\u00a0\u00bb#000000&Prime; sticky_transition=\u00a0\u00bbon\u00a0\u00bb][\/et_pb_slide][et_pb_slide heading=\u00a0\u00bbSolutions innovantes pour votre champ\u00a0\u00bb _builder_version=\u00a0\u00bb4.9.0&Prime; _module_preset=\u00a0\u00bbdefault\u00a0\u00bb header_font=\u00a0\u00bb|700|||||||\u00a0\u00bb header_font_size=\u00a0\u00bb48px\u00a0\u00bb background_image=\u00a0\u00bbhttps:\/\/www.meristem.com\/fr\/wp-content\/uploads\/header-puerros.jpg\u00a0\u00bb background_enable_image=\u00a0\u00bbon\u00a0\u00bb background_position=\u00a0\u00bbtop_center\u00a0\u00bb custom_padding=\u00a0\u00bb20%||||false|false\u00a0\u00bb header_text_shadow_style=\u00a0\u00bbpreset3&Prime; header_text_shadow_color=\u00a0\u00bbrgba(0,0,0,0.7)\u00a0\u00bb text_shadow_style=\u00a0\u00bbpreset3&Prime; text_shadow_color=\u00a0\u00bb#000000&Prime; sticky_transition=\u00a0\u00bbon\u00a0\u00bb][\/et_pb_slide][et_pb_slide heading=\u00a0\u00bbSolutions innovantes pour votre champ\u00a0\u00bb _builder_version=\u00a0\u00bb4.9.0&Prime; _module_preset=\u00a0\u00bbdefault\u00a0\u00bb header_font=\u00a0\u00bb|700|||||||\u00a0\u00bb header_font_size=\u00a0\u00bb48px\u00a0\u00bb background_image=\u00a0\u00bbhttps:\/\/www.meristem.com\/fr\/wp-content\/uploads\/header-trigo-verde.jpg\u00a0\u00bb background_enable_image=\u00a0\u00bbon\u00a0\u00bb custom_padding=\u00a0\u00bb20%||||false|false\u00a0\u00bb header_text_shadow_style=\u00a0\u00bbpreset3&Prime; header_text_shadow_color=\u00a0\u00bbrgba(0,0,0,0.7)\u00a0\u00bb text_shadow_style=\u00a0\u00bbpreset3&Prime; text_shadow_color=\u00a0\u00bb#000000&Prime; sticky_transition=\u00a0\u00bbon\u00a0\u00bb][\/et_pb_slide][et_pb_slide heading=\u00a0\u00bbSolutions innovantes pour votre champ\u00a0\u00bb _builder_version=\u00a0\u00bb4.9.0&Prime; _module_preset=\u00a0\u00bbdefault\u00a0\u00bb header_font=\u00a0\u00bb|700|||||||\u00a0\u00bb header_font_size=\u00a0\u00bb48px\u00a0\u00bb background_image=\u00a0\u00bbhttps:\/\/www.meristem.com\/fr\/wp-content\/uploads\/header-uvas.jpg\u00a0\u00bb background_enable_image=\u00a0\u00bbon\u00a0\u00bb background_position=\u00a0\u00bbbottom_center\u00a0\u00bb custom_padding=\u00a0\u00bb20%||||false|false\u00a0\u00bb header_text_shadow_style=\u00a0\u00bbpreset3&Prime; header_text_shadow_color=\u00a0\u00bbrgba(0,0,0,0.7)\u00a0\u00bb text_shadow_style=\u00a0\u00bbpreset1&Prime; text_shadow_color=\u00a0\u00bb#000000&Prime; sticky_transition=\u00a0\u00bbon\u00a0\u00bb][\/et_pb_slide][\/et_pb_fullwidth_slider][\/et_pb_section][et_pb_section fb_built=\u00a0\u00bb1&Prime; module_class=\u00a0\u00bbseccion corporativo quienes-somos\u00a0\u00bb _builder_version=\u00a0\u00bb4.9.0&Prime; _module_preset=\u00a0\u00bbdefault\u00a0\u00bb background_enable_color=\u00a0\u00bboff\u00a0\u00bb][et_pb_row column_structure=\u00a0\u00bb2_3,1_3&Prime; _builder_version=\u00a0\u00bb4.9.2&Prime; _module_preset=\u00a0\u00bbdefault\u00a0\u00bb][et_pb_column type=\u00a0\u00bb2_3&Prime; _builder_version=\u00a0\u00bb4.9.0&Prime; _module_preset=\u00a0\u00bbdefault\u00a0\u00bb][et_pb_post_title meta=\u00a0\u00bboff\u00a0\u00bb featured_image=\u00a0\u00bboff\u00a0\u00bb _builder_version=\u00a0\u00bb4.9.0&Prime; _module_preset=\u00a0\u00bbdefault\u00a0\u00bb][\/et_pb_post_title][et_pb_text _builder_version=\u00a0\u00bb4.9.4&Prime; _module_preset=\u00a0\u00bbdefault\u00a0\u00bb hover_enabled=\u00a0\u00bb0&Prime; sticky_enabled=\u00a0\u00bb0&Prime;]<\/p>\n<p>Depuis les d\u00e9buts de notre activit\u00e9, en 1984, chez MERISTEM nous avons mis\u00e9 sur la durabilit\u00e9 comme voie privil\u00e9gi\u00e9e pour <strong>favoriser un d\u00e9veloppement responsable de l&rsquo;agriculture<\/strong>. Nos produits, nos processus productifs et notre gestion quotidienne suivent des principes auxquels nous restons fid\u00e8les. Pour cela, notre engagement envers la durabilit\u00e9 se manifeste dans tous les d\u00e9partements et activit\u00e9s de l&rsquo;entreprise.<\/p>\n<p>Chaque jour, notre d\u00e9partement de R&amp;D fait des enqu\u00eates pour optimiser et cr\u00e9er de <strong>nouveaux produits respectueux envers l&rsquo;environnement<\/strong>. Actuellement, pr\u00e8s de 12% de notre catalogue se compose de produits aptes pour l&rsquo;agriculture \u00e9cologique, et nous esp\u00e9rons augmenter progressivement ce chiffre au cours des prochaines ann\u00e9es.<\/p>\n<p>Tous les r\u00e9sidus g\u00e9n\u00e9r\u00e9s pendant la production sont g\u00e9r\u00e9s par des entreprises externes sp\u00e9cialis\u00e9es pour <strong>garantir un recyclage ad\u00e9quat et minimiser l&rsquo;impact environnemental<\/strong>. Notre usine de production est dot\u00e9 des \u00e9quipements n\u00e9cessaires pour \u00e9viter l&rsquo;\u00e9mission de gaz polluants vers l&rsquo;ext\u00e9rieur et notre investissement toujours constant en \u00e9quipements fond\u00e9s sur des \u00e9nergies renouvelables. Aujourd&rsquo;hui, nous travaillons sur l&rsquo;am\u00e9lioration du programme de minimisation des d\u00e9chets dangereux.<\/p>\n<p>Bien que la durabilit\u00e9 <strong>doit \u00eatre un objectif de tous<\/strong>, chez MERISTEM nous pensons que ceux qui travaillons dans un secteur essentiel comme celui de l&rsquo;agriculture, devons tr\u00e8s sp\u00e9cialement aller vers un d\u00e9veloppement responsable, ayant pour base le respect envers l&rsquo;environnement et le territoire.<\/p>\n<p>[\/et_pb_text][\/et_pb_column][et_pb_column type=\u00a0\u00bb1_3&Prime; module_class=\u00a0\u00bbinstalaciones\u00a0\u00bb _builder_version=\u00a0\u00bb4.9.2&Prime; _module_preset=\u00a0\u00bbdefault\u00a0\u00bb][et_pb_text _builder_version=\u00a0\u00bb4.9.4&Prime; _module_preset=\u00a0\u00bbdefault\u00a0\u00bb hover_enabled=\u00a0\u00bb0&Prime; sticky_enabled=\u00a0\u00bb0&Prime;]<\/p>\n<h2>Notre engagement envers l&rsquo;environnement<\/h2>\n<ul>\n<li>\n<p>Recyclage responsable des d\u00e9chets<\/p>\n<\/li>\n<li>\n<p>Rationalisation et \u00e9conomie dans la consommation d&rsquo;eau et \u00e9nergie<\/p>\n<\/li>\n<li>\n<p>R\u00e9duction progressive des \u00e9missions de gaz polluants<\/p>\n<\/li>\n<li>\n<p>Investissement en \u00e9quipements fond\u00e9s sur les \u00e9nergies propres<\/p>\n<\/li>\n<li>\n<p>D\u00e9veloppement de notre ligne de produits biologiques<\/p>\n<\/li>\n<\/ul>\n<p>[\/et_pb_text][\/et_pb_column][\/et_pb_row][\/et_pb_section]<\/p>\n","protected":false},"excerpt":{"rendered":"<p>Depuis les d\u00e9buts de notre activit\u00e9, en 1984, chez MERISTEM nous avons mis\u00e9 sur la durabilit\u00e9 comme voie privil\u00e9gi\u00e9e pour favoriser un d\u00e9veloppement responsable de l&rsquo;agriculture. Nos produits, nos processus productifs et notre gestion quotidienne suivent des principes auxquels nous restons fid\u00e8les. Pour cela, notre engagement envers la durabilit\u00e9 se manifeste dans tous les d\u00e9partements [&hellip;]<\/p>\n","protected":false},"author":2,"featured_media":0,"parent":0,"menu_order":0,"comment_status":"closed","ping_status":"closed","template":"","meta":{"_acf_changed":false,"_et_pb_use_builder":"on","_et_pb_old_content":"","_et_gb_content_width":"","footnotes":""},"class_list":["post-1867","page","type-page","status-publish","hentry"],"acf":[],"_links":{"self":[{"href":"https:\/\/www.meristem.com\/fr\/wp-json\/wp\/v2\/pages\/1867","targetHints":{"allow":["GET"]}}],"collection":[{"href":"https:\/\/www.meristem.com\/fr\/wp-json\/wp\/v2\/pages"}],"about":[{"href":"https:\/\/www.meristem.com\/fr\/wp-json\/wp\/v2\/types\/page"}],"author":[{"embeddable":true,"href":"https:\/\/www.meristem.com\/fr\/wp-json\/wp\/v2\/users\/2"}],"replies":[{"embeddable":true,"href":"https:\/\/www.meristem.com\/fr\/wp-json\/wp\/v2\/comments?post=1867"}],"version-history":[{"count":0,"href":"https:\/\/www.meristem.com\/fr\/wp-json\/wp\/v2\/pages\/1867\/revisions"}],"wp:attachment":[{"href":"https:\/\/www.meristem.com\/fr\/wp-json\/wp\/v2\/media?parent=1867"}],"curies":[{"name":"wp","href":"https:\/\/api.w.org\/{rel}","templated":true}]}}