{"id":2274,"date":"2021-05-21T13:24:29","date_gmt":"2021-05-21T11:24:29","guid":{"rendered":"http:\/\/www.quimicasmeristem.com\/fr\/?page_id=2274"},"modified":"2021-06-08T13:47:47","modified_gmt":"2021-06-08T11:47:47","slug":"politique-de-qualite","status":"publish","type":"page","link":"https:\/\/www.meristem.com\/fr\/politique-de-qualite\/","title":{"rendered":"Politique de\u00a0qualit\u00e9"},"content":{"rendered":"<p>[et_pb_section fb_built=\u00a0\u00bb1&Prime; fullwidth=\u00a0\u00bbon\u00a0\u00bb disabled_on=\u00a0\u00bboff|off|off\u00a0\u00bb _builder_version=\u00a0\u00bb4.7.3&Prime; _module_preset=\u00a0\u00bbdefault\u00a0\u00bb][et_pb_fullwidth_slider module_class=\u00a0\u00bbcabecera\u00a0\u00bb _builder_version=\u00a0\u00bb4.9.0&Prime; _module_preset=\u00a0\u00bbdefault\u00a0\u00bb height=\u00a0\u00bb400px\u00a0\u00bb auto=\u00a0\u00bbon\u00a0\u00bb auto_ignore_hover=\u00a0\u00bbon\u00a0\u00bb hover_transition_duration=\u00a0\u00bb500ms\u00a0\u00bb][et_pb_slide heading=\u00a0\u00bbSolutions innovantes pour votre champ\u00a0\u00bb _builder_version=\u00a0\u00bb4.9.0&Prime; _module_preset=\u00a0\u00bbdefault\u00a0\u00bb header_font=\u00a0\u00bb|700|||||||\u00a0\u00bb header_font_size=\u00a0\u00bb48px\u00a0\u00bb background_image=\u00a0\u00bbhttps:\/\/www.meristem.com\/fr\/wp-content\/uploads\/header-pulverizacion.jpg\u00a0\u00bb background_enable_image=\u00a0\u00bbon\u00a0\u00bb background_position=\u00a0\u00bbtop_center\u00a0\u00bb custom_padding=\u00a0\u00bb20%||||false|false\u00a0\u00bb header_text_shadow_style=\u00a0\u00bbpreset3&Prime; header_text_shadow_color=\u00a0\u00bbrgba(0,0,0,0.7)\u00a0\u00bb text_shadow_style=\u00a0\u00bbpreset3&Prime; text_shadow_color=\u00a0\u00bb#000000&Prime; sticky_transition=\u00a0\u00bbon\u00a0\u00bb][\/et_pb_slide][et_pb_slide heading=\u00a0\u00bbSolutions innovantes pour votre champ\u00a0\u00bb _builder_version=\u00a0\u00bb4.9.0&Prime; _module_preset=\u00a0\u00bbdefault\u00a0\u00bb header_font=\u00a0\u00bb|700|||||||\u00a0\u00bb header_font_size=\u00a0\u00bb48px\u00a0\u00bb background_image=\u00a0\u00bbhttps:\/\/www.meristem.com\/fr\/wp-content\/uploads\/header-tecnico.jpg\u00a0\u00bb background_enable_image=\u00a0\u00bbon\u00a0\u00bb background_position=\u00a0\u00bbtop_center\u00a0\u00bb custom_padding=\u00a0\u00bb20%||||false|false\u00a0\u00bb header_text_shadow_style=\u00a0\u00bbpreset3&Prime; header_text_shadow_color=\u00a0\u00bbrgba(0,0,0,0.7)\u00a0\u00bb text_shadow_style=\u00a0\u00bbpreset3&Prime; text_shadow_color=\u00a0\u00bb#000000&Prime; sticky_transition=\u00a0\u00bbon\u00a0\u00bb][\/et_pb_slide][et_pb_slide heading=\u00a0\u00bbSolutions innovantes pour votre champ\u00a0\u00bb _builder_version=\u00a0\u00bb4.9.0&Prime; _module_preset=\u00a0\u00bbdefault\u00a0\u00bb header_font=\u00a0\u00bb|700|||||||\u00a0\u00bb header_font_size=\u00a0\u00bb48px\u00a0\u00bb background_image=\u00a0\u00bbhttps:\/\/www.meristem.com\/fr\/wp-content\/uploads\/header-cenital.jpg\u00a0\u00bb background_enable_image=\u00a0\u00bbon\u00a0\u00bb custom_padding=\u00a0\u00bb20%||||false|false\u00a0\u00bb header_text_shadow_style=\u00a0\u00bbpreset3&Prime; header_text_shadow_color=\u00a0\u00bbrgba(0,0,0,0.7)\u00a0\u00bb text_shadow_style=\u00a0\u00bbpreset3&Prime; text_shadow_color=\u00a0\u00bb#000000&Prime; sticky_transition=\u00a0\u00bbon\u00a0\u00bb][\/et_pb_slide][et_pb_slide heading=\u00a0\u00bbSolutions innovantes pour votre champ\u00a0\u00bb _builder_version=\u00a0\u00bb4.9.0&Prime; _module_preset=\u00a0\u00bbdefault\u00a0\u00bb header_font=\u00a0\u00bb|700|||||||\u00a0\u00bb header_font_size=\u00a0\u00bb48px\u00a0\u00bb background_image=\u00a0\u00bbhttps:\/\/www.meristem.com\/fr\/wp-content\/uploads\/header-vinedo.jpg\u00a0\u00bb background_enable_image=\u00a0\u00bbon\u00a0\u00bb background_position=\u00a0\u00bbtop_center\u00a0\u00bb custom_padding=\u00a0\u00bb20%||||false|false\u00a0\u00bb header_text_shadow_style=\u00a0\u00bbpreset3&Prime; header_text_shadow_color=\u00a0\u00bbrgba(0,0,0,0.7)\u00a0\u00bb text_shadow_style=\u00a0\u00bbpreset1&Prime; text_shadow_color=\u00a0\u00bb#000000&Prime; sticky_transition=\u00a0\u00bbon\u00a0\u00bb][\/et_pb_slide][\/et_pb_fullwidth_slider][\/et_pb_section][et_pb_section fb_built=\u00a0\u00bb1&Prime; module_class=\u00a0\u00bbseccion legal\u00a0\u00bb _builder_version=\u00a0\u00bb4.9.0&Prime; _module_preset=\u00a0\u00bbdefault\u00a0\u00bb background_enable_color=\u00a0\u00bboff\u00a0\u00bb][et_pb_row _builder_version=\u00a0\u00bb4.7.4&Prime; _module_preset=\u00a0\u00bbdefault\u00a0\u00bb][et_pb_column type=\u00a0\u00bb4_4&Prime; _builder_version=\u00a0\u00bb4.7.4&Prime; _module_preset=\u00a0\u00bbdefault\u00a0\u00bb][et_pb_post_title meta=\u00a0\u00bboff\u00a0\u00bb featured_image=\u00a0\u00bboff\u00a0\u00bb _builder_version=\u00a0\u00bb4.7.4&Prime; _module_preset=\u00a0\u00bbdefault\u00a0\u00bb][\/et_pb_post_title][et_pb_text _builder_version=\u00a0\u00bb4.9.4&Prime; _module_preset=\u00a0\u00bbdefault\u00a0\u00bb hover_enabled=\u00a0\u00bb0&Prime; sticky_enabled=\u00a0\u00bb0&Prime;]<\/p>\n<p>MERISTEM, entreprise consacr\u00e9e \u00e0 la fabrication de fertilisants et biostimulants, a d\u00e9cid\u00e9 d&rsquo;implanter un <strong>Syst\u00e8me de Gestion de la Qualit\u00e9 bas\u00e9 sur la norme ISO 9001<\/strong> afin d&rsquo;am\u00e9liorer le service rendu \u00e0 ses clients.<\/p>\n<p>La Direction de MERISTEM envisage le Syst\u00e8me de Qualit\u00e9 comme une organisation du fonctionnement de l&rsquo;entreprise en mettant l&rsquo;accent sur des aspects essentiels tels que la Qualit\u00e9 de ses produits, la satisfaction du client et l&rsquo;am\u00e9lioration continue de l&rsquo;efficacit\u00e9 du Syst\u00e8me.\u00a0<span lang=\"FR\">Pour cela, le Syst\u00e8me de Gestion de la Qualit\u00e9 de MERISTEM est bas\u00e9 sur\u00a0:<\/span><\/p>\n<ul>\n<li>La Qualit\u00e9 et son am\u00e9lioration sont la <strong>responsabilit\u00e9 de tous les membres de MERISTEM<\/strong> \u00e0 commencer par la Direction.<\/li>\n<li>La Qualit\u00e9 s&rsquo;obtient en programmant, en ex\u00e9cutant, en v\u00e9rifiant et en am\u00e9liorant le Syst\u00e8me de Gestion, en tenant en compte \u00e0 tout moment le <strong>contexte de l&rsquo;organisation interne et externe<\/strong>.<\/li>\n<li>La Qualit\u00e9 <strong>vise la satisfaction de tous nos clients<\/strong> (et parties prenantes), gr\u00e2ce \u00e0 l&rsquo;engagement de toute l&rsquo;organisation pour remplir leurs besoins et exigences, ainsi comme les <strong>exigences l\u00e9gales et r\u00e8glementaires et ceux concernant les produits<\/strong>.<\/li>\n<li><strong>La Qualit\u00e9 repose sur l&rsquo;Am\u00e9lioration Continue<\/strong> des processus productifs et de prestation de services, comme sur l&rsquo;efficacit\u00e9 du Syst\u00e8me de Gestion de la Qualit\u00e9 pour que la pr\u00e9vention des erreurs soit un aspect essentiel.<\/li>\n<li>La Qualit\u00e9 nous oblige \u00e0 accorder la plus grande attention \u00e0 <strong>l&rsquo;\u00e9volution technologique<\/strong> et aux possibles am\u00e9liorations que les nouvelles technologies mettent \u00e0 notre disposition.<\/li>\n<li>La Qualit\u00e9 comporte la <strong>participation et collaboration de tous<\/strong>, par cons\u00e9quent cette Politique est diffus\u00e9e et publi\u00e9e pour tous les collaborateurs et le personnel de MERISTEM \u00e0 des fins d&rsquo;information et de compr\u00e9hension.<\/li>\n<\/ul>\n<p>[\/et_pb_text][\/et_pb_column][\/et_pb_row][\/et_pb_section]<\/p>\n","protected":false},"excerpt":{"rendered":"<p>MERISTEM, entreprise consacr\u00e9e \u00e0 la fabrication de fertilisants et biostimulants, a d\u00e9cid\u00e9 d&rsquo;implanter un Syst\u00e8me de Gestion de la Qualit\u00e9 bas\u00e9 sur la norme ISO 9001 afin d&rsquo;am\u00e9liorer le service rendu \u00e0 ses clients. La Direction de MERISTEM envisage le Syst\u00e8me de Qualit\u00e9 comme une organisation du fonctionnement de l&rsquo;entreprise en mettant l&rsquo;accent sur des [&hellip;]<\/p>\n","protected":false},"author":2,"featured_media":0,"parent":0,"menu_order":0,"comment_status":"closed","ping_status":"closed","template":"","meta":{"_acf_changed":false,"_et_pb_use_builder":"on","_et_pb_old_content":"","_et_gb_content_width":"","footnotes":""},"class_list":["post-2274","page","type-page","status-publish","hentry"],"acf":[],"_links":{"self":[{"href":"https:\/\/www.meristem.com\/fr\/wp-json\/wp\/v2\/pages\/2274","targetHints":{"allow":["GET"]}}],"collection":[{"href":"https:\/\/www.meristem.com\/fr\/wp-json\/wp\/v2\/pages"}],"about":[{"href":"https:\/\/www.meristem.com\/fr\/wp-json\/wp\/v2\/types\/page"}],"author":[{"embeddable":true,"href":"https:\/\/www.meristem.com\/fr\/wp-json\/wp\/v2\/users\/2"}],"replies":[{"embeddable":true,"href":"https:\/\/www.meristem.com\/fr\/wp-json\/wp\/v2\/comments?post=2274"}],"version-history":[{"count":0,"href":"https:\/\/www.meristem.com\/fr\/wp-json\/wp\/v2\/pages\/2274\/revisions"}],"wp:attachment":[{"href":"https:\/\/www.meristem.com\/fr\/wp-json\/wp\/v2\/media?parent=2274"}],"curies":[{"name":"wp","href":"https:\/\/api.w.org\/{rel}","templated":true}]}}