{"id":431,"date":"2020-12-07T09:38:35","date_gmt":"2020-12-07T08:38:35","guid":{"rendered":"http:\/\/www.quimicasmeristem.com\/fr\/?page_id=431"},"modified":"2025-06-06T12:41:03","modified_gmt":"2025-06-06T10:41:03","slug":"mentions-legales","status":"publish","type":"page","link":"https:\/\/www.meristem.com\/fr\/mentions-legales\/","title":{"rendered":"Mentions L\u00e9gales"},"content":{"rendered":"<p>[et_pb_section fb_built=\u00a0\u00bb1&Prime; fullwidth=\u00a0\u00bbon\u00a0\u00bb disabled_on=\u00a0\u00bboff|off|off\u00a0\u00bb _builder_version=\u00a0\u00bb4.16&Prime; _module_preset=\u00a0\u00bbdefault\u00a0\u00bb global_colors_info=\u00a0\u00bb{}\u00a0\u00bb][et_pb_fullwidth_slider module_class=\u00a0\u00bbcabecera\u00a0\u00bb _builder_version=\u00a0\u00bb4.16&Prime; _module_preset=\u00a0\u00bbdefault\u00a0\u00bb height=\u00a0\u00bb400px\u00a0\u00bb auto=\u00a0\u00bbon\u00a0\u00bb auto_ignore_hover=\u00a0\u00bbon\u00a0\u00bb hover_transition_duration=\u00a0\u00bb500ms\u00a0\u00bb global_colors_info=\u00a0\u00bb{}\u00a0\u00bb][et_pb_slide heading=\u00a0\u00bbSolutions innovantes pour votre champ\u00a0\u00bb _builder_version=\u00a0\u00bb4.16&Prime; _module_preset=\u00a0\u00bbdefault\u00a0\u00bb header_font=\u00a0\u00bb|700|||||||\u00a0\u00bb header_font_size=\u00a0\u00bb48px\u00a0\u00bb background_image=\u00a0\u00bbhttps:\/\/www.meristem.com\/fr\/wp-content\/uploads\/header-pulverizacion.jpg\u00a0\u00bb background_enable_image=\u00a0\u00bbon\u00a0\u00bb background_position=\u00a0\u00bbtop_center\u00a0\u00bb custom_padding=\u00a0\u00bb20%||||false|false\u00a0\u00bb header_text_shadow_style=\u00a0\u00bbpreset3&Prime; header_text_shadow_color=\u00a0\u00bbrgba(0,0,0,0.7)\u00a0\u00bb text_shadow_style=\u00a0\u00bbpreset3&Prime; text_shadow_color=\u00a0\u00bb#000000&Prime; global_colors_info=\u00a0\u00bb{}\u00a0\u00bb sticky_transition=\u00a0\u00bbon\u00a0\u00bb][\/et_pb_slide][et_pb_slide heading=\u00a0\u00bbSolutions innovantes pour votre champ\u00a0\u00bb _builder_version=\u00a0\u00bb4.16&Prime; _module_preset=\u00a0\u00bbdefault\u00a0\u00bb header_font=\u00a0\u00bb|700|||||||\u00a0\u00bb header_font_size=\u00a0\u00bb48px\u00a0\u00bb background_image=\u00a0\u00bbhttps:\/\/www.meristem.com\/fr\/wp-content\/uploads\/header-tecnico.jpg\u00a0\u00bb background_enable_image=\u00a0\u00bbon\u00a0\u00bb background_position=\u00a0\u00bbtop_center\u00a0\u00bb custom_padding=\u00a0\u00bb20%||||false|false\u00a0\u00bb header_text_shadow_style=\u00a0\u00bbpreset3&Prime; header_text_shadow_color=\u00a0\u00bbrgba(0,0,0,0.7)\u00a0\u00bb text_shadow_style=\u00a0\u00bbpreset3&Prime; text_shadow_color=\u00a0\u00bb#000000&Prime; global_colors_info=\u00a0\u00bb{}\u00a0\u00bb sticky_transition=\u00a0\u00bbon\u00a0\u00bb][\/et_pb_slide][et_pb_slide heading=\u00a0\u00bbSolutions innovantes pour votre champ\u00a0\u00bb _builder_version=\u00a0\u00bb4.16&Prime; _module_preset=\u00a0\u00bbdefault\u00a0\u00bb header_font=\u00a0\u00bb|700|||||||\u00a0\u00bb header_font_size=\u00a0\u00bb48px\u00a0\u00bb background_image=\u00a0\u00bbhttps:\/\/www.meristem.com\/fr\/wp-content\/uploads\/header-cenital.jpg\u00a0\u00bb background_enable_image=\u00a0\u00bbon\u00a0\u00bb custom_padding=\u00a0\u00bb20%||||false|false\u00a0\u00bb header_text_shadow_style=\u00a0\u00bbpreset3&Prime; header_text_shadow_color=\u00a0\u00bbrgba(0,0,0,0.7)\u00a0\u00bb text_shadow_style=\u00a0\u00bbpreset3&Prime; text_shadow_color=\u00a0\u00bb#000000&Prime; global_colors_info=\u00a0\u00bb{}\u00a0\u00bb sticky_transition=\u00a0\u00bbon\u00a0\u00bb][\/et_pb_slide][et_pb_slide heading=\u00a0\u00bbSolutions innovantes pour votre champ\u00a0\u00bb _builder_version=\u00a0\u00bb4.16&Prime; _module_preset=\u00a0\u00bbdefault\u00a0\u00bb header_font=\u00a0\u00bb|700|||||||\u00a0\u00bb header_font_size=\u00a0\u00bb48px\u00a0\u00bb background_image=\u00a0\u00bbhttps:\/\/www.meristem.com\/fr\/wp-content\/uploads\/header-vinedo.jpg\u00a0\u00bb background_enable_image=\u00a0\u00bbon\u00a0\u00bb background_position=\u00a0\u00bbtop_center\u00a0\u00bb custom_padding=\u00a0\u00bb20%||||false|false\u00a0\u00bb header_text_shadow_style=\u00a0\u00bbpreset3&Prime; header_text_shadow_color=\u00a0\u00bbrgba(0,0,0,0.7)\u00a0\u00bb text_shadow_style=\u00a0\u00bbpreset1&Prime; text_shadow_color=\u00a0\u00bb#000000&Prime; global_colors_info=\u00a0\u00bb{}\u00a0\u00bb sticky_transition=\u00a0\u00bbon\u00a0\u00bb][\/et_pb_slide][\/et_pb_fullwidth_slider][\/et_pb_section][et_pb_section fb_built=\u00a0\u00bb1&Prime; module_class=\u00a0\u00bbseccion legal\u00a0\u00bb _builder_version=\u00a0\u00bb4.16&Prime; _module_preset=\u00a0\u00bbdefault\u00a0\u00bb background_enable_color=\u00a0\u00bboff\u00a0\u00bb global_colors_info=\u00a0\u00bb{}\u00a0\u00bb][et_pb_row _builder_version=\u00a0\u00bb4.16&Prime; _module_preset=\u00a0\u00bbdefault\u00a0\u00bb global_colors_info=\u00a0\u00bb{}\u00a0\u00bb][et_pb_column type=\u00a0\u00bb4_4&Prime; _builder_version=\u00a0\u00bb4.16&Prime; _module_preset=\u00a0\u00bbdefault\u00a0\u00bb global_colors_info=\u00a0\u00bb{}\u00a0\u00bb][et_pb_post_title meta=\u00a0\u00bboff\u00a0\u00bb featured_image=\u00a0\u00bboff\u00a0\u00bb _builder_version=\u00a0\u00bb4.16&Prime; _module_preset=\u00a0\u00bbdefault\u00a0\u00bb global_colors_info=\u00a0\u00bb{}\u00a0\u00bb][\/et_pb_post_title][et_pb_text _builder_version=\u00a0\u00bb4.27.4&Prime; _module_preset=\u00a0\u00bbdefault\u00a0\u00bb hover_enabled=\u00a0\u00bb0&Prime; global_colors_info=\u00a0\u00bb{}\u00a0\u00bb sticky_enabled=\u00a0\u00bb0&Prime;]<\/p>\n<p>Bienvenue sur notre site. Les conditions suivantes sont \u00e9tablies entre <strong>QUIMICAS MERISTEM S.L <\/strong>et l\u2019utilisateur.<\/p>\n<h2>1. Identification du prestataire de services de la soci\u00e9t\u00e9 de l\u2019information<\/h2>\n<p>En application de l\u2019article 10 de la loi 34\/2002 sur les services de la soci\u00e9t\u00e9 de l\u2019information et le commerce \u00e9lectronique, QUIMICAS MERISTEM S.L., ci-apr\u00e8s \u00ab\u00a0MERISTEM\u00a0\u00bb, titulaire du code d\u2019identification fiscale B-46218616, domicili\u00e9e Ctra. Moncada N\u00e1quera Km 1,7, Apartado de Correos 30, C.P. 46113, Moncada (Valencia), informe l\u2019utilisateur qu\u2019elle est une soci\u00e9t\u00e9 inscrite au registre du commerce de Valence, Tome 4624, Livre 1934, Chapitre 24, Section 8, Page V-28756, ayant pour objet la fabrication et la commercialisation de produits chimiques.<\/p>\n<p>Vous pouvez contacter MERISTEM en appelant le (34) 96 139 45 11, ou en envoyant un courriel \u00e0 l\u2019adresse suivante\u00a0: <a href=\"mailto:info@meristem.com\">info@meristem.com<\/a><\/p>\n<p>La soci\u00e9t\u00e9 commerciale susmentionn\u00e9e est propri\u00e9taire du nom de domaine www.meristem.com et du site internet auquel celui-ci permet d\u2019acc\u00e9der.<\/p>\n<h2>2. Propri\u00e9t\u00e9 intellectuelle et industrielle<\/h2>\n<p>Tous les contenus du site www.meristem.com, qu\u2019il s\u2019agisse de photographies, d\u2019images, de dessins, de textes, de documents audio ou vid\u00e9o, de logiciels, de logos ou du design, sont prot\u00e9g\u00e9s par la r\u00e9glementation sur la propri\u00e9t\u00e9 intellectuelle et industrielle, en particulier par le d\u00e9cret royal l\u00e9gislatif 1\/96 portant approbation du texte refondu de la loi sur la propri\u00e9t\u00e9 intellectuelle et par la loi 17\/2001 relative aux marques. La soci\u00e9t\u00e9 poss\u00e8de plusieurs marques d\u00e9pos\u00e9es, tant pour l\u2019entreprise elle-m\u00eame (MERISTEM) que pour plusieurs de ses produits. Les droits sur les contenus appartiennent \u00e0 MERISTEM ou, le cas \u00e9ch\u00e9ant, \u00e0 des tiers.<\/p>\n<p>L\u2019acc\u00e8s \u00e0 notre site web n\u2019implique en aucun cas la cession ou la transmission par MERISTEM de tout ou partie de ses droits de propri\u00e9t\u00e9 intellectuelle ou industrielle, ni la renonciation \u00e0 ceux-ci. L\u2019utilisateur du site doit s\u2019abstenir de supprimer, d\u2019alt\u00e9rer, de contourner ou de manipuler tout dispositif de protection ou syst\u00e8me de s\u00e9curit\u00e9 susceptible d\u2019\u00eatre install\u00e9 sur le site.<\/p>\n<h2>3. Politique de confidentialit\u00e9<\/h2>\n<p>La soci\u00e9t\u00e9 QUIMICAS MERISTEM S.L. est responsable du traitement des donn\u00e9es personnelles fournies par l\u2019utilisateur. Pour en savoir plus, veuillez consulter notre politique de confidentialit\u00e9.<\/p>\n<h2>4. Conditions d\u2019utilisation et informations fournies<\/h2>\n<p>L\u2019utilisateur s\u2019engage \u00e0 utiliser le site conform\u00e9ment \u00e0 la loi, aux pr\u00e9sentes mentions l\u00e9gales, aux r\u00e8glements et instructions port\u00e9s \u00e0 sa connaissance, ainsi que dans le respect de la morale, des bonnes m\u0153urs telles que g\u00e9n\u00e9ralement accept\u00e9es, et de l\u2019ordre public.<\/p>\n<p>Les teneurs d\u00e9clar\u00e9es qui peuvent \u00eatre affich\u00e9es sur notre site concernant les produits du catalogue nutritionnel de MERISTEM sont conformes aux r\u00e9glementations applicables dans le Royaume d\u2019Espagne. Il est possible de reformuler (d\u2019adapter) ces produits afin de les rendre conformes aux r\u00e9glementations en vigueur dans les pays o\u00f9 ils sont commercialis\u00e9s. Toutefois, toute responsabilit\u00e9 de l\u2019entreprise en ce sens est exclue si ce besoin ne lui a pas \u00e9t\u00e9 pr\u00e9alablement communiqu\u00e9 par l\u2019utilisateur.<\/p>\n<h2>5. Limitation de responsabilit\u00e9<\/h2>\n<p>Le site n\u2019offre aucun type de garantie. MERISTEM ne peut garantir que son site sera accessible \u00e0 tout moment, ne pouvant \u00eatre tenue responsable des interruptions de service, de l\u2019inaccessibilit\u00e9 ou de l\u2019indisponibilit\u00e9 des r\u00e9seaux, serveurs, satellites, fournisseurs d\u2019acc\u00e8s \u00e0 internet et sites web, ni de tout autre probl\u00e8me de connexion, de disponibilit\u00e9 ou d\u2019accessibilit\u00e9 li\u00e9 \u00e0 l\u2019utilisation du site. La responsabilit\u00e9 de MERISTEM ne saurait non plus \u00eatre engag\u00e9e en cas de dommages et pr\u00e9judices, directs ou indirects, r\u00e9sultant de l\u2019utilisation de son site, y compris les dommages que pourraient subir les syst\u00e8mes informatiques de l\u2019utilisateur ou de tiers. MERISTEM ne garantit pas l\u2019absence de virus ou de tout autre \u00e9l\u00e9ment nocif sur son site.<\/p>\n<h2>6. Droit applicable et attribution de juridiction<\/h2>\n<p>Les pr\u00e9sentes conditions et les relations susceptibles de s\u2019\u00e9tablir entre l\u2019utilisateur et MERISTEM sont r\u00e9gies par le droit espagnol et soumises \u00e0 la juridiction espagnole.<\/p>\n<p><strong>QUIMICAS MERISTEM S.L<\/strong><\/p>\n<p>[\/et_pb_text][\/et_pb_column][\/et_pb_row][\/et_pb_section]<\/p>\n","protected":false},"excerpt":{"rendered":"<p>Bienvenue sur notre site. Les conditions suivantes sont \u00e9tablies entre QUIMICAS MERISTEM S.L et l\u2019utilisateur. 1. Identification du prestataire de services de la soci\u00e9t\u00e9 de l\u2019information En application de l\u2019article 10 de la loi 34\/2002 sur les services de la soci\u00e9t\u00e9 de l\u2019information et le commerce \u00e9lectronique, QUIMICAS MERISTEM S.L., ci-apr\u00e8s \u00ab\u00a0MERISTEM\u00a0\u00bb, titulaire du code [&hellip;]<\/p>\n","protected":false},"author":2,"featured_media":0,"parent":0,"menu_order":0,"comment_status":"closed","ping_status":"closed","template":"","meta":{"_acf_changed":false,"_et_pb_use_builder":"on","_et_pb_old_content":"","_et_gb_content_width":"","footnotes":""},"class_list":["post-431","page","type-page","status-publish","hentry"],"acf":[],"_links":{"self":[{"href":"https:\/\/www.meristem.com\/fr\/wp-json\/wp\/v2\/pages\/431","targetHints":{"allow":["GET"]}}],"collection":[{"href":"https:\/\/www.meristem.com\/fr\/wp-json\/wp\/v2\/pages"}],"about":[{"href":"https:\/\/www.meristem.com\/fr\/wp-json\/wp\/v2\/types\/page"}],"author":[{"embeddable":true,"href":"https:\/\/www.meristem.com\/fr\/wp-json\/wp\/v2\/users\/2"}],"replies":[{"embeddable":true,"href":"https:\/\/www.meristem.com\/fr\/wp-json\/wp\/v2\/comments?post=431"}],"version-history":[{"count":1,"href":"https:\/\/www.meristem.com\/fr\/wp-json\/wp\/v2\/pages\/431\/revisions"}],"predecessor-version":[{"id":2526,"href":"https:\/\/www.meristem.com\/fr\/wp-json\/wp\/v2\/pages\/431\/revisions\/2526"}],"wp:attachment":[{"href":"https:\/\/www.meristem.com\/fr\/wp-json\/wp\/v2\/media?parent=431"}],"curies":[{"name":"wp","href":"https:\/\/api.w.org\/{rel}","templated":true}]}}