{"id":46,"date":"2020-10-30T09:25:10","date_gmt":"2020-10-30T08:25:10","guid":{"rendered":"http:\/\/www.quimicasmeristem.com\/fr\/?page_id=46"},"modified":"2026-01-09T12:56:02","modified_gmt":"2026-01-09T11:56:02","slug":"inicio","status":"publish","type":"page","link":"https:\/\/www.meristem.com\/fr\/","title":{"rendered":"Accueil"},"content":{"rendered":"<p>[et_pb_section fb_built=\u00a0\u00bb1&Prime; fullwidth=\u00a0\u00bbon\u00a0\u00bb disabled_on=\u00a0\u00bboff|off|off\u00a0\u00bb _builder_version=\u00a0\u00bb4.16&Prime; _module_preset=\u00a0\u00bbdefault\u00a0\u00bb global_colors_info=\u00a0\u00bb{}\u00a0\u00bb][et_pb_fullwidth_slider module_class=\u00a0\u00bbcabecera\u00a0\u00bb _builder_version=\u00a0\u00bb4.16&Prime; _module_preset=\u00a0\u00bbdefault\u00a0\u00bb height=\u00a0\u00bb400px\u00a0\u00bb auto=\u00a0\u00bbon\u00a0\u00bb auto_ignore_hover=\u00a0\u00bbon\u00a0\u00bb hover_transition_duration=\u00a0\u00bb500ms\u00a0\u00bb global_colors_info=\u00a0\u00bb{}\u00a0\u00bb][et_pb_slide heading=\u00a0\u00bbSolutions innovantes pour votre champ\u00a0\u00bb _builder_version=\u00a0\u00bb4.16&Prime; _module_preset=\u00a0\u00bbdefault\u00a0\u00bb header_font=\u00a0\u00bb|700|||||||\u00a0\u00bb header_font_size=\u00a0\u00bb48px\u00a0\u00bb background_image=\u00a0\u00bbhttps:\/\/www.meristem.com\/fr\/wp-content\/uploads\/header-pulverizacion.jpg\u00a0\u00bb background_enable_image=\u00a0\u00bbon\u00a0\u00bb background_position=\u00a0\u00bbtop_left\u00a0\u00bb custom_padding=\u00a0\u00bb20%||||false|false\u00a0\u00bb header_text_shadow_style=\u00a0\u00bbpreset3&Prime; header_text_shadow_color=\u00a0\u00bbrgba(0,0,0,0.7)\u00a0\u00bb text_shadow_style=\u00a0\u00bbpreset3&Prime; text_shadow_color=\u00a0\u00bb#000000&Prime; global_colors_info=\u00a0\u00bb{}\u00a0\u00bb sticky_transition=\u00a0\u00bbon\u00a0\u00bb][\/et_pb_slide][et_pb_slide heading=\u00a0\u00bbSolutions innovantes pour votre champ\u00a0\u00bb _builder_version=\u00a0\u00bb4.16&Prime; _module_preset=\u00a0\u00bbdefault\u00a0\u00bb header_font=\u00a0\u00bb|700|||||||\u00a0\u00bb header_font_size=\u00a0\u00bb48px\u00a0\u00bb background_image=\u00a0\u00bbhttps:\/\/www.meristem.com\/fr\/wp-content\/uploads\/header-tecnico.jpg\u00a0\u00bb background_enable_image=\u00a0\u00bbon\u00a0\u00bb background_position=\u00a0\u00bbtop_center\u00a0\u00bb custom_padding=\u00a0\u00bb20%||||false|false\u00a0\u00bb header_text_shadow_style=\u00a0\u00bbpreset3&Prime; header_text_shadow_color=\u00a0\u00bbrgba(0,0,0,0.7)\u00a0\u00bb text_shadow_style=\u00a0\u00bbpreset3&Prime; text_shadow_color=\u00a0\u00bb#000000&Prime; global_colors_info=\u00a0\u00bb{}\u00a0\u00bb sticky_transition=\u00a0\u00bbon\u00a0\u00bb][\/et_pb_slide][et_pb_slide heading=\u00a0\u00bbSolutions innovantes pour votre champ\u00a0\u00bb _builder_version=\u00a0\u00bb4.16&Prime; _module_preset=\u00a0\u00bbdefault\u00a0\u00bb header_font=\u00a0\u00bb|700|||||||\u00a0\u00bb header_font_size=\u00a0\u00bb48px\u00a0\u00bb background_image=\u00a0\u00bbhttps:\/\/www.meristem.com\/fr\/wp-content\/uploads\/header-cenital.jpg\u00a0\u00bb background_enable_image=\u00a0\u00bbon\u00a0\u00bb background_position=\u00a0\u00bbcenter_left\u00a0\u00bb custom_padding=\u00a0\u00bb20%||||false|false\u00a0\u00bb header_text_shadow_style=\u00a0\u00bbpreset3&Prime; header_text_shadow_color=\u00a0\u00bbrgba(0,0,0,0.7)\u00a0\u00bb text_shadow_style=\u00a0\u00bbpreset3&Prime; text_shadow_color=\u00a0\u00bb#000000&Prime; global_colors_info=\u00a0\u00bb{}\u00a0\u00bb sticky_transition=\u00a0\u00bbon\u00a0\u00bb][\/et_pb_slide][et_pb_slide heading=\u00a0\u00bbSolutions innovantes pour votre champ\u00a0\u00bb _builder_version=\u00a0\u00bb4.16&Prime; _module_preset=\u00a0\u00bbdefault\u00a0\u00bb header_font=\u00a0\u00bb|700|||||||\u00a0\u00bb header_font_size=\u00a0\u00bb48px\u00a0\u00bb background_image=\u00a0\u00bbhttps:\/\/www.meristem.com\/fr\/wp-content\/uploads\/header-vinedo.jpg\u00a0\u00bb background_enable_image=\u00a0\u00bbon\u00a0\u00bb background_position=\u00a0\u00bbtop_center\u00a0\u00bb custom_padding=\u00a0\u00bb20%||||false|false\u00a0\u00bb header_text_shadow_style=\u00a0\u00bbpreset3&Prime; header_text_shadow_color=\u00a0\u00bbrgba(0,0,0,0.7)\u00a0\u00bb text_shadow_style=\u00a0\u00bbpreset1&Prime; text_shadow_color=\u00a0\u00bb#000000&Prime; global_colors_info=\u00a0\u00bb{}\u00a0\u00bb sticky_transition=\u00a0\u00bbon\u00a0\u00bb][\/et_pb_slide][\/et_pb_fullwidth_slider][\/et_pb_section][et_pb_section fb_built=\u00a0\u00bb1&Prime; disabled_on=\u00a0\u00bboff|off|off\u00a0\u00bb admin_label=\u00a0\u00bbTRICOBEST\u00a0\u00bb module_id=\u00a0\u00bbpromo\u00a0\u00bb module_class=\u00a0\u00bbseccion inicio\u00a0\u00bb _builder_version=\u00a0\u00bb4.16&Prime; _module_preset=\u00a0\u00bbdefault\u00a0\u00bb background_color=\u00a0\u00bb#f4f4f4&Prime; custom_padding=\u00a0\u00bb||||false|false\u00a0\u00bb global_colors_info=\u00a0\u00bb{}\u00a0\u00bb][et_pb_row column_structure=\u00a0\u00bb1_2,1_2&Prime; module_class=\u00a0\u00bbintro\u00a0\u00bb _builder_version=\u00a0\u00bb4.16&Prime; _module_preset=\u00a0\u00bbdefault\u00a0\u00bb global_colors_info=\u00a0\u00bb{}\u00a0\u00bb][et_pb_column type=\u00a0\u00bb1_2&Prime; module_class=\u00a0\u00bbinicio-col1&Prime; _builder_version=\u00a0\u00bb4.16&Prime; _module_preset=\u00a0\u00bbdefault\u00a0\u00bb global_colors_info=\u00a0\u00bb{}\u00a0\u00bb][et_pb_text _builder_version=\u00a0\u00bb4.17.3&Prime; _module_preset=\u00a0\u00bbdefault\u00a0\u00bb global_colors_info=\u00a0\u00bb{}\u00a0\u00bb]<\/p>\n<h2>D\u00e9couvrez Tricobest, notre nouveau biostimulant \u00e0 base de microorganismes<\/h2>\n<p>TRICOBEST le nouveau produit de la <a class=\"enlace\" href=\"https:\/\/www.meristem.com\/fr\/familles\/ligne-microlife\/\">Ligne Microlife<\/a>. Un concentr\u00e9 d&rsquo;acides humiques de haute qualit\u00e9 et forte solubilit\u00e9, provenant de L\u00e9onardite, enrichi d&rsquo;un inoculant microbien \u00e0 base d&rsquo;une souche du champignon <em>Trichoderma harzianum<\/em> s\u00e9lectionn\u00e9e. D\u00e9couvrez tous ses avantages avec cette vid\u00e9o didactique ou acc\u00e9dez \u00e0 la <a class=\"enlace\" href=\"https:\/\/www.meristem.com\/fr\/produits\/tricobest\/\">fiche compl\u00e8te du produit<\/a>.<\/p>\n<p class=\"boton\"><a class=\"boton-inicio\" href=\"https:\/\/www.meristem.com\/fr\/produits\/tricobest\/\">Plus d&rsquo;infos<\/a><\/p>\n<p>[\/et_pb_text][\/et_pb_column][et_pb_column type=\u00a0\u00bb1_2&Prime; module_class=\u00a0\u00bbinicio-col2&Prime; _builder_version=\u00a0\u00bb4.16&Prime; _module_preset=\u00a0\u00bbdefault\u00a0\u00bb global_colors_info=\u00a0\u00bb{}\u00a0\u00bb][et_pb_video src=\u00a0\u00bbhttps:\/\/youtu.be\/_WfvzfVVPrQ\u00a0\u00bb module_class=\u00a0\u00bbvideo-1&Prime; _builder_version=\u00a0\u00bb4.16&Prime; _module_preset=\u00a0\u00bbdefault\u00a0\u00bb global_colors_info=\u00a0\u00bb{}\u00a0\u00bb][\/et_pb_video][\/et_pb_column][\/et_pb_row][\/et_pb_section][et_pb_section fb_built=\u00a0\u00bb1&Prime; module_class=\u00a0\u00bbseccion inicio\u00a0\u00bb _builder_version=\u00a0\u00bb4.16&Prime; _module_preset=\u00a0\u00bbdefault\u00a0\u00bb background_enable_color=\u00a0\u00bboff\u00a0\u00bb global_colors_info=\u00a0\u00bb{}\u00a0\u00bb][et_pb_row column_structure=\u00a0\u00bb1_2,1_2&Prime; module_class=\u00a0\u00bbintro\u00a0\u00bb _builder_version=\u00a0\u00bb4.16&Prime; _module_preset=\u00a0\u00bbdefault\u00a0\u00bb global_colors_info=\u00a0\u00bb{}\u00a0\u00bb][et_pb_column type=\u00a0\u00bb1_2&Prime; module_class=\u00a0\u00bbinicio-col1&Prime; _builder_version=\u00a0\u00bb4.16&Prime; _module_preset=\u00a0\u00bbdefault\u00a0\u00bb global_colors_info=\u00a0\u00bb{}\u00a0\u00bb][et_pb_text _builder_version=\u00a0\u00bb4.25.0&Prime; _module_preset=\u00a0\u00bbdefault\u00a0\u00bb global_colors_info=\u00a0\u00bb{}\u00a0\u00bb]<\/p>\n<h1>Solutions innovantes pour votre champ<\/h1>\n<p>Chez MERISTEM nous offrons des solutions innovantes qui couvrent tous les besoins nutritionnels des cultures et permettent d&rsquo;obtenir des plantes vigoureuses et saines, capables de surmonter des situations de stress tout au long du cycle de la culture, allant de la pr\u00e9paration pr\u00e9alable du terrain \u00e0 la transplantation jusqu&rsquo;\u00e0 la r\u00e9colte.<\/p>\n<p>Nos produits optimisent le rendement \u00e0 chaque \u00e9tape de la r\u00e9colte. Parce que nous savons que chaque moment joue un r\u00f4le cl\u00e9 pour assurer la qualit\u00e9 de la r\u00e9colte.<\/p>\n<p>Notre objectif est de fournir des solutions innovantes et efficaces afin de pouvoir r\u00e9pondre aux besoins qui pourraient surgir au cours du cycle de culture.<\/p>\n<p class=\"boton\"><a class=\"boton-inicio\" href=\"https:\/\/www.meristem.com\/fr\/corporatif\/qui-sommes-nous\/\">Lire la suite<\/a><\/p>\n<p>[\/et_pb_text][\/et_pb_column][et_pb_column type=\u00a0\u00bb1_2&Prime; module_class=\u00a0\u00bbinicio-col2&Prime; _builder_version=\u00a0\u00bb4.16&Prime; _module_preset=\u00a0\u00bbdefault\u00a0\u00bb global_colors_info=\u00a0\u00bb{}\u00a0\u00bb][et_pb_video src=\u00a0\u00bbhttps:\/\/youtu.be\/YcxT3lS0ZnA\u00a0\u00bb module_class=\u00a0\u00bbvideo-1&Prime; _builder_version=\u00a0\u00bb4.16&Prime; _module_preset=\u00a0\u00bbdefault\u00a0\u00bb global_colors_info=\u00a0\u00bb{}\u00a0\u00bb][\/et_pb_video][et_pb_video src=\u00a0\u00bbhttps:\/\/youtu.be\/5ARKO8gxlBk\u00a0\u00bb module_class=\u00a0\u00bbvideo-2&Prime; _builder_version=\u00a0\u00bb4.16&Prime; _module_preset=\u00a0\u00bbdefault\u00a0\u00bb global_colors_info=\u00a0\u00bb{}\u00a0\u00bb][\/et_pb_video][\/et_pb_column][\/et_pb_row][\/et_pb_section][et_pb_section fb_built=\u00a0\u00bb1&Prime; module_class=\u00a0\u00bbseccion inicio pie\u00a0\u00bb _builder_version=\u00a0\u00bb4.16&Prime; _module_preset=\u00a0\u00bbdefault\u00a0\u00bb background_color=\u00a0\u00bb#f4f4f4&Prime; global_colors_info=\u00a0\u00bb{}\u00a0\u00bb][et_pb_row column_structure=\u00a0\u00bb2_3,1_3&Prime; _builder_version=\u00a0\u00bb4.16&Prime; _module_preset=\u00a0\u00bbdefault\u00a0\u00bb global_colors_info=\u00a0\u00bb{}\u00a0\u00bb][et_pb_column type=\u00a0\u00bb2_3&Prime; module_class=\u00a0\u00bbcolumna1&Prime; _builder_version=\u00a0\u00bb4.16&Prime; _module_preset=\u00a0\u00bbdefault\u00a0\u00bb global_colors_info=\u00a0\u00bb{}\u00a0\u00bb][et_pb_text _builder_version=\u00a0\u00bb4.16&Prime; _module_preset=\u00a0\u00bbdefault\u00a0\u00bb global_colors_info=\u00a0\u00bb{}\u00a0\u00bb]<\/p>\n<h2>Protocole de S\u00e9curit\u00e9 de MERISTEM face \u00e0 la COVID-19<\/h2>\n<p>Conform\u00e9ment aux directives de l&rsquo;OMS, concernant la pand\u00e9mie caus\u00e9e par la COVID-19, chez MERISTEM nous avons adopt\u00e9 tous les protocoles de travail afin d&rsquo;assurer la s\u00e9curit\u00e9, de nos employ\u00e9s, celle de nos clients, collaborateurs et fournisseurs. Et pour cela, nous continuons \u00e0 fabriquer tous nos produits, avec toutes les normes de s\u00e9curit\u00e9 et pr\u00e9vention recommand\u00e9es par l&rsquo;OMS et autres organismes internationaux.<\/p>\n<p><a class=\"pdf\" href=\"https:\/\/www.meristem.com\/fr\/wp-content\/uploads\/protocole-securite-covid-19.pdf\" target=\"blank\" rel=\"noopener noreferrer\">T\u00e9l\u00e9charger Protocole de S\u00e9curit\u00e9<\/a>[\/et_pb_text][\/et_pb_column][et_pb_column type=\u00a0\u00bb1_3&Prime; module_class=\u00a0\u00bbcolumna2&Prime; _builder_version=\u00a0\u00bb4.16&Prime; _module_preset=\u00a0\u00bbdefault\u00a0\u00bb global_colors_info=\u00a0\u00bb{}\u00a0\u00bb][et_pb_image src=\u00a0\u00bbhttps:\/\/www.meristem.com\/fr\/wp-content\/uploads\/logo-iso-9001-14001.png\u00a0\u00bb alt=\u00a0\u00bbISO 9001 &#8211; ISO 14001&Prime; title_text=\u00a0\u00bbISO 9001 &#8211; ISO 14001&Prime; _builder_version=\u00a0\u00bb4.23.4&Prime; _module_preset=\u00a0\u00bbdefault\u00a0\u00bb global_colors_info=\u00a0\u00bb{}\u00a0\u00bb][\/et_pb_image][\/et_pb_column][\/et_pb_row][\/et_pb_section]<\/p>\n","protected":false},"excerpt":{"rendered":"<p>D\u00e9couvrez Tricobest, notre nouveau biostimulant \u00e0 base de microorganismes TRICOBEST le nouveau produit de la Ligne Microlife. Un concentr\u00e9 d&rsquo;acides humiques de haute qualit\u00e9 et forte solubilit\u00e9, provenant de L\u00e9onardite, enrichi d&rsquo;un inoculant microbien \u00e0 base d&rsquo;une souche du champignon Trichoderma harzianum s\u00e9lectionn\u00e9e. D\u00e9couvrez tous ses avantages avec cette vid\u00e9o didactique ou acc\u00e9dez \u00e0 la [&hellip;]<\/p>\n","protected":false},"author":2,"featured_media":0,"parent":0,"menu_order":0,"comment_status":"closed","ping_status":"closed","template":"","meta":{"_acf_changed":false,"_et_pb_use_builder":"on","_et_pb_old_content":"","_et_gb_content_width":"","footnotes":""},"class_list":["post-46","page","type-page","status-publish","hentry"],"acf":[],"_links":{"self":[{"href":"https:\/\/www.meristem.com\/fr\/wp-json\/wp\/v2\/pages\/46","targetHints":{"allow":["GET"]}}],"collection":[{"href":"https:\/\/www.meristem.com\/fr\/wp-json\/wp\/v2\/pages"}],"about":[{"href":"https:\/\/www.meristem.com\/fr\/wp-json\/wp\/v2\/types\/page"}],"author":[{"embeddable":true,"href":"https:\/\/www.meristem.com\/fr\/wp-json\/wp\/v2\/users\/2"}],"replies":[{"embeddable":true,"href":"https:\/\/www.meristem.com\/fr\/wp-json\/wp\/v2\/comments?post=46"}],"version-history":[{"count":12,"href":"https:\/\/www.meristem.com\/fr\/wp-json\/wp\/v2\/pages\/46\/revisions"}],"predecessor-version":[{"id":2549,"href":"https:\/\/www.meristem.com\/fr\/wp-json\/wp\/v2\/pages\/46\/revisions\/2549"}],"wp:attachment":[{"href":"https:\/\/www.meristem.com\/fr\/wp-json\/wp\/v2\/media?parent=46"}],"curies":[{"name":"wp","href":"https:\/\/api.w.org\/{rel}","templated":true}]}}