{"id":462,"date":"2020-12-09T18:08:25","date_gmt":"2020-12-09T17:08:25","guid":{"rendered":"http:\/\/www.quimicasmeristem.com\/fr\/?page_id=462"},"modified":"2021-05-21T13:22:15","modified_gmt":"2021-05-21T11:22:15","slug":"politique-de-cookies","status":"publish","type":"page","link":"https:\/\/www.meristem.com\/fr\/politique-de-cookies\/","title":{"rendered":"Politique de cookies"},"content":{"rendered":"<p>[et_pb_section fb_built=\u00a0\u00bb1&Prime; fullwidth=\u00a0\u00bbon\u00a0\u00bb disabled_on=\u00a0\u00bboff|off|off\u00a0\u00bb _builder_version=\u00a0\u00bb4.7.3&Prime; _module_preset=\u00a0\u00bbdefault\u00a0\u00bb][et_pb_fullwidth_slider module_class=\u00a0\u00bbcabecera\u00a0\u00bb _builder_version=\u00a0\u00bb4.9.0&Prime; _module_preset=\u00a0\u00bbdefault\u00a0\u00bb height=\u00a0\u00bb400px\u00a0\u00bb auto=\u00a0\u00bbon\u00a0\u00bb auto_ignore_hover=\u00a0\u00bbon\u00a0\u00bb hover_transition_duration=\u00a0\u00bb500ms\u00a0\u00bb][et_pb_slide heading=\u00a0\u00bbSolutions innovantes pour votre champ\u00a0\u00bb _builder_version=\u00a0\u00bb4.9.0&Prime; _module_preset=\u00a0\u00bbdefault\u00a0\u00bb header_font=\u00a0\u00bb|700|||||||\u00a0\u00bb header_font_size=\u00a0\u00bb48px\u00a0\u00bb background_image=\u00a0\u00bbhttps:\/\/www.meristem.com\/fr\/wp-content\/uploads\/header-pulverizacion.jpg\u00a0\u00bb background_enable_image=\u00a0\u00bbon\u00a0\u00bb background_position=\u00a0\u00bbtop_center\u00a0\u00bb custom_padding=\u00a0\u00bb20%||||false|false\u00a0\u00bb header_text_shadow_style=\u00a0\u00bbpreset3&Prime; header_text_shadow_color=\u00a0\u00bbrgba(0,0,0,0.7)\u00a0\u00bb text_shadow_style=\u00a0\u00bbpreset3&Prime; text_shadow_color=\u00a0\u00bb#000000&Prime; sticky_transition=\u00a0\u00bbon\u00a0\u00bb][\/et_pb_slide][et_pb_slide heading=\u00a0\u00bbSolutions innovantes pour votre champ\u00a0\u00bb _builder_version=\u00a0\u00bb4.9.0&Prime; _module_preset=\u00a0\u00bbdefault\u00a0\u00bb header_font=\u00a0\u00bb|700|||||||\u00a0\u00bb header_font_size=\u00a0\u00bb48px\u00a0\u00bb background_image=\u00a0\u00bbhttps:\/\/www.meristem.com\/fr\/wp-content\/uploads\/header-tecnico.jpg\u00a0\u00bb background_enable_image=\u00a0\u00bbon\u00a0\u00bb background_position=\u00a0\u00bbtop_center\u00a0\u00bb custom_padding=\u00a0\u00bb20%||||false|false\u00a0\u00bb header_text_shadow_style=\u00a0\u00bbpreset3&Prime; header_text_shadow_color=\u00a0\u00bbrgba(0,0,0,0.7)\u00a0\u00bb text_shadow_style=\u00a0\u00bbpreset3&Prime; text_shadow_color=\u00a0\u00bb#000000&Prime; sticky_transition=\u00a0\u00bbon\u00a0\u00bb][\/et_pb_slide][et_pb_slide heading=\u00a0\u00bbSolutions innovantes pour votre champ\u00a0\u00bb _builder_version=\u00a0\u00bb4.9.0&Prime; _module_preset=\u00a0\u00bbdefault\u00a0\u00bb header_font=\u00a0\u00bb|700|||||||\u00a0\u00bb header_font_size=\u00a0\u00bb48px\u00a0\u00bb background_image=\u00a0\u00bbhttps:\/\/www.meristem.com\/fr\/wp-content\/uploads\/header-cenital.jpg\u00a0\u00bb background_enable_image=\u00a0\u00bbon\u00a0\u00bb custom_padding=\u00a0\u00bb20%||||false|false\u00a0\u00bb header_text_shadow_style=\u00a0\u00bbpreset3&Prime; header_text_shadow_color=\u00a0\u00bbrgba(0,0,0,0.7)\u00a0\u00bb text_shadow_style=\u00a0\u00bbpreset3&Prime; text_shadow_color=\u00a0\u00bb#000000&Prime; sticky_transition=\u00a0\u00bbon\u00a0\u00bb][\/et_pb_slide][et_pb_slide heading=\u00a0\u00bbSolutions innovantes pour votre champ\u00a0\u00bb _builder_version=\u00a0\u00bb4.9.0&Prime; _module_preset=\u00a0\u00bbdefault\u00a0\u00bb header_font=\u00a0\u00bb|700|||||||\u00a0\u00bb header_font_size=\u00a0\u00bb48px\u00a0\u00bb background_image=\u00a0\u00bbhttps:\/\/www.meristem.com\/fr\/wp-content\/uploads\/header-vinedo.jpg\u00a0\u00bb background_enable_image=\u00a0\u00bbon\u00a0\u00bb background_position=\u00a0\u00bbtop_center\u00a0\u00bb custom_padding=\u00a0\u00bb20%||||false|false\u00a0\u00bb header_text_shadow_style=\u00a0\u00bbpreset3&Prime; header_text_shadow_color=\u00a0\u00bbrgba(0,0,0,0.7)\u00a0\u00bb text_shadow_style=\u00a0\u00bbpreset1&Prime; text_shadow_color=\u00a0\u00bb#000000&Prime; sticky_transition=\u00a0\u00bbon\u00a0\u00bb][\/et_pb_slide][\/et_pb_fullwidth_slider][\/et_pb_section][et_pb_section fb_built=\u00a0\u00bb1&Prime; module_class=\u00a0\u00bbseccion legal\u00a0\u00bb _builder_version=\u00a0\u00bb4.9.0&Prime; _module_preset=\u00a0\u00bbdefault\u00a0\u00bb background_enable_color=\u00a0\u00bboff\u00a0\u00bb][et_pb_row _builder_version=\u00a0\u00bb4.7.4&Prime; _module_preset=\u00a0\u00bbdefault\u00a0\u00bb][et_pb_column type=\u00a0\u00bb4_4&Prime; _builder_version=\u00a0\u00bb4.7.4&Prime; _module_preset=\u00a0\u00bbdefault\u00a0\u00bb][et_pb_post_title meta=\u00a0\u00bboff\u00a0\u00bb featured_image=\u00a0\u00bboff\u00a0\u00bb _builder_version=\u00a0\u00bb4.7.4&Prime; _module_preset=\u00a0\u00bbdefault\u00a0\u00bb][\/et_pb_post_title][et_pb_text _builder_version=\u00a0\u00bb4.9.4&Prime; _module_preset=\u00a0\u00bbdefault\u00a0\u00bb hover_enabled=\u00a0\u00bb0&Prime; sticky_enabled=\u00a0\u00bb0&Prime;]<\/p>\n<h2>\u200b1. Qu\u2019est-ce qu\u2019un cookie\u00a0?<\/h2>\n<p>Les cookies sont des fichiers texte qu\u2019un site web d\u00e9pose sur votre ordinateur \/ smartphone \/ tablette. Ils permettent de m\u00e9moriser certaines informations et de faciliter, par cons\u00e9quent, l\u2019utilisation du site. En vertu de la loi espagnole 34\/2002 sur les services de la soci\u00e9t\u00e9 de l\u2019information, les cookies correspondent \u00e0 tout type de fichier ou dispositif t\u00e9l\u00e9charg\u00e9 sur le terminal d\u2019un utilisateur afin de stocker des donn\u00e9es susceptibles d\u2019\u00eatre mises \u00e0 jour et r\u00e9cup\u00e9r\u00e9es par le serveur les ayant install\u00e9s. Vous trouverez ici plus d\u2019informations sur les cookies et sur le moyen de les supprimer ou de les d\u00e9sactiver.<\/p>\n<p>Selon leur dur\u00e9e de vie, les cookies peuvent \u00eatre des\u00a0:<\/p>\n<ul class=\"cookies\">\n<li><strong>Cookies de session <\/strong>: ces cookies sont con\u00e7us pour collecter et stocker des donn\u00e9es pendant que vous naviguez sur un site. Ces cookies sont effac\u00e9s \u00e0 la fin de la session ou lorsque vous fermez votre navigateur.<\/li>\n<li><strong>Cookies permanents <\/strong>: ces cookies restent stock\u00e9s dans votre ordinateur. Il est possible d\u2019y acc\u00e9der et de les exploiter lorsque vous abandonnez le site et lorsque vous vous y connectez de nouveau. Ces cookies peuvent \u00eatre supprim\u00e9s \u00e0 tout moment par l\u2019utilisateur.<\/li>\n<\/ul>\n<h2>2. Types de cookies et finalit\u00e9s<\/h2>\n<p>Nous utilisons essentiellement des cookies techniques et des cookies tiers permanents, afin de r\u00e9aliser nos propres analyses et de recueillir des donn\u00e9es statistiques anonymes. Concr\u00e8tement, nous utilisons des cookies de <strong>Google Analytics<\/strong>\u00a0pour \u00e9tablir des statistiques anonymes sur l\u2019utilisation du site et les visites qu\u2019il re\u00e7oit, notamment leur origine, leur finalit\u00e9, la dur\u00e9e des sessions de navigation, et autres donn\u00e9es statistiques analogues.<\/p>\n<p>Pour en savoir plus, veuillez consulter le Centre de s\u00e9curit\u00e9 de Google et le Module compl\u00e9mentaire pour la d\u00e9sactivation de Google Analytics.<\/p>\n<p>Vous pouvez choisir d\u2019\u00eatre averti par votre ordinateur chaque fois qu\u2019un cookie vous est envoy\u00e9, ou bien de d\u00e9sactiver tous les cookies, en modifiant les param\u00e8tres de votre navigateur. Tous les navigateurs \u00e9tant diff\u00e9rents, vous devrez probablement vous reporter au menu d\u2019aide de celui que vous utilisez.<\/p>\n<p>Nous vous informons \u00e9galement que les cookies propri\u00e9taires que nous traitons sont des cookies techniques (<em>cookie-agreed<\/em>), qui v\u00e9rifient que vous avez accept\u00e9 notre politique de cookies. Nous utilisons par ailleurs d\u2019autres cookies tiers (Twitter) afin de permettre aux utilisateurs connect\u00e9s \u00e0 un r\u00e9seau social comme Twitter de partager des contenus. Nous vous informons que, selon l\u2019Agence espagnole de protection des donn\u00e9es et l\u2019avis 04\/2012 du Groupe de travail \u00ab\u00a0Article 29\u00a0\u00bb de l\u2019Union europ\u00e9enne, l\u2019utilisation de ces cookies est exempt\u00e9e de l\u2019obligation de consentement.<\/p>\n<h2>3. D\u00e9sactivation et suppression des cookies<\/h2>\n<p>Tous les navigateurs modernes vous permettent de modifier les param\u00e8tres des cookies. En g\u00e9n\u00e9ral, pour changer ces param\u00e8tres, vous devez vous rendre dans les \u00ab\u00a0Options\u00a0\u00bb ou \u00ab\u00a0Pr\u00e9f\u00e9rences\u00a0\u00bb du menu de votre navigateur. Vous pouvez \u00e9galement configurer votre navigateur ou votre gestionnaire de courrier \u00e9lectronique, ou installer des logiciels gratuits, pour \u00e9viter le t\u00e9l\u00e9chargement de <em>web bugs<\/em>lorsque vous ouvrez un courriel.<\/p>\n<p>\u00c0 tout moment vous pouvez s\u00e9lectionner les cookies que vous souhaitez autoriser sur ce site en param\u00e9trant votre <strong>navigateur<\/strong>\u00a0:<\/p>\n<ul class=\"cookies\">\n<li><strong>Chrome\u00a0:<\/strong> <a href=\"http:\/\/support.google.com\/chrome\/bin\/answer.py?hl=es&amp;answer=95647\" target=\"_blank\" rel=\"noopener\">http:\/\/support.google.com\/chrome\/bin\/answer.py?hl=es&amp;answer=95647<\/a><\/li>\n<li><strong>Explorer :\u00a0<\/strong><a href=\"http:\/\/windows.microsoft.com\/es-es\/windows7\/how-to-manage-cookies-in-internet-explorer-9\" target=\"_blank\" rel=\"noopener\">http:\/\/windows.microsoft.com\/es-es\/windows7\/how-to-manage-cookies-in-internet-explorer-9<\/a><\/li>\n<li><strong>Firefox :\u00a0<\/strong><a href=\"http:\/\/support.mozilla.org\/es\/kb\/habilitar-y-deshabilitar-cookies-que-los-sitios-we\" target=\"_blank\" rel=\"noopener\">http:\/\/support.mozilla.org\/es\/kb\/habilitar-y-deshabilitar-cookies-que-los-sitios-we<\/a><\/li>\n<li><strong>Safari <\/strong><strong>:\u00a0<\/strong><a href=\"https:\/\/support.apple.com\/kb\/PH17191?locale=en_US&amp;viewlocale=es_ES\" target=\"_blank\" rel=\"noopener\">https:\/\/support.apple.com\/kb\/PH17191?locale=en_US&amp;viewlocale=es_ES<\/a><\/li>\n<li><strong>Safari pour IOS (iPhone, iPad) :\u00a0<\/strong><a href=\"https:\/\/support.apple.com\/es-es\/HT201265\" target=\"_blank\" rel=\"noopener\">https:\/\/support.apple.com\/es-es\/HT201265<\/a><\/li>\n<\/ul>\n<p>Si vous ne souhaitez pas que Google Analytics recueille et utilise vos informations, vous pouvez installer un module compl\u00e9mentaire sur votre navigateur afin de bloquer sp\u00e9cifiquement ses cookies (\u00ab\u00a0Opt-out\u00a0\u00bb)\u00a0:\u00a0<a href=\"https:\/\/tools.google.com\/dlpage\/gaoptout?hl=None\" target=\"_blank\" rel=\"noopener\">https:\/\/tools.google.com\/dlpage\/gaoptout?hl=None<\/a>.<\/p>\n<p>Par ailleurs, <strong>Qu\u00edmicas MERISTEM SL<\/strong>, en tant qu\u2019\u00e9diteur du site, ne saurait \u00eatre tenu responsable du contenu et de la v\u00e9racit\u00e9 des politiques de confidentialit\u00e9 des tiers mentionn\u00e9s dans la pr\u00e9sente politique de cookies. De m\u00eame, nous pouvons modifier cette politique en fonction de nouvelles exigences l\u00e9gislatives ou r\u00e9glementaires, ou en vue de l\u2019adapter aux instructions de l\u2019Agence espagnole de protection des donn\u00e9es.<\/p>\n<p>Vous pouvez r\u00e9voquer \u00e0 tout moment votre consentement. Si vous supprimez ou bloquez les cookies, il est possible que vous ne puissiez plus avoir acc\u00e8s \u00e0 certaines fonctionnalit\u00e9s qui requi\u00e8rent leur utilisation. Lorsque des modifications significatives seront introduites dans notre politique de cookies, vous en serez inform\u00e9 par la publication d\u2019un avis sur notre site web. Si vous souhaitez \u00eatre plus amplement inform\u00e9 sur l\u2019utilisation que nous faisons des cookies, vous pouvez nous \u00e9crire \u00e0 l\u2019adresse suivante\u00a0: <a href=\"mailto:info@meristem.com\">info@meristem.com<\/a><\/p>\n<p>[\/et_pb_text][\/et_pb_column][\/et_pb_row][\/et_pb_section]<\/p>\n","protected":false},"excerpt":{"rendered":"<p>\u200b1. Qu\u2019est-ce qu\u2019un cookie\u00a0? Les cookies sont des fichiers texte qu\u2019un site web d\u00e9pose sur votre ordinateur \/ smartphone \/ tablette. Ils permettent de m\u00e9moriser certaines informations et de faciliter, par cons\u00e9quent, l\u2019utilisation du site. En vertu de la loi espagnole 34\/2002 sur les services de la soci\u00e9t\u00e9 de l\u2019information, les cookies correspondent \u00e0 tout [&hellip;]<\/p>\n","protected":false},"author":2,"featured_media":0,"parent":0,"menu_order":0,"comment_status":"closed","ping_status":"closed","template":"","meta":{"_acf_changed":false,"_et_pb_use_builder":"on","_et_pb_old_content":"","_et_gb_content_width":"","footnotes":""},"class_list":["post-462","page","type-page","status-publish","hentry"],"acf":[],"_links":{"self":[{"href":"https:\/\/www.meristem.com\/fr\/wp-json\/wp\/v2\/pages\/462","targetHints":{"allow":["GET"]}}],"collection":[{"href":"https:\/\/www.meristem.com\/fr\/wp-json\/wp\/v2\/pages"}],"about":[{"href":"https:\/\/www.meristem.com\/fr\/wp-json\/wp\/v2\/types\/page"}],"author":[{"embeddable":true,"href":"https:\/\/www.meristem.com\/fr\/wp-json\/wp\/v2\/users\/2"}],"replies":[{"embeddable":true,"href":"https:\/\/www.meristem.com\/fr\/wp-json\/wp\/v2\/comments?post=462"}],"version-history":[{"count":0,"href":"https:\/\/www.meristem.com\/fr\/wp-json\/wp\/v2\/pages\/462\/revisions"}],"wp:attachment":[{"href":"https:\/\/www.meristem.com\/fr\/wp-json\/wp\/v2\/media?parent=462"}],"curies":[{"name":"wp","href":"https:\/\/api.w.org\/{rel}","templated":true}]}}