{"id":534,"date":"2021-02-17T10:33:18","date_gmt":"2021-02-17T08:33:18","guid":{"rendered":"http:\/\/www.quimicasmeristem.com\/fr\/?page_id=534"},"modified":"2024-05-31T11:42:14","modified_gmt":"2024-05-31T09:42:14","slug":"qui-sommes-nous","status":"publish","type":"page","link":"https:\/\/www.meristem.com\/fr\/corporatif\/qui-sommes-nous\/","title":{"rendered":"Qui sommes-nous"},"content":{"rendered":"<p>[et_pb_section fb_built=\u00a0\u00bb1&Prime; fullwidth=\u00a0\u00bbon\u00a0\u00bb disabled_on=\u00a0\u00bboff|off|off\u00a0\u00bb _builder_version=\u00a0\u00bb4.16&Prime; _module_preset=\u00a0\u00bbdefault\u00a0\u00bb global_colors_info=\u00a0\u00bb{}\u00a0\u00bb][et_pb_fullwidth_slider module_class=\u00a0\u00bbcabecera\u00a0\u00bb _builder_version=\u00a0\u00bb4.16&Prime; _module_preset=\u00a0\u00bbdefault\u00a0\u00bb height=\u00a0\u00bb400px\u00a0\u00bb auto=\u00a0\u00bbon\u00a0\u00bb auto_ignore_hover=\u00a0\u00bbon\u00a0\u00bb hover_transition_duration=\u00a0\u00bb500ms\u00a0\u00bb hover_enabled=\u00a0\u00bb0&Prime; global_colors_info=\u00a0\u00bb{}\u00a0\u00bb sticky_enabled=\u00a0\u00bb0&Prime;][et_pb_slide heading=\u00a0\u00bbSolutions innovantes pour votre champ\u00a0\u00bb _builder_version=\u00a0\u00bb4.16&Prime; _module_preset=\u00a0\u00bbdefault\u00a0\u00bb header_font=\u00a0\u00bb|700|||||||\u00a0\u00bb header_font_size=\u00a0\u00bb48px\u00a0\u00bb background_image=\u00a0\u00bbhttps:\/\/www.meristem.com\/fr\/wp-content\/uploads\/header-patatas.jpg\u00a0\u00bb background_enable_image=\u00a0\u00bbon\u00a0\u00bb custom_padding=\u00a0\u00bb20%||||false|false\u00a0\u00bb header_text_shadow_style=\u00a0\u00bbpreset3&Prime; header_text_shadow_color=\u00a0\u00bbrgba(0,0,0,0.7)\u00a0\u00bb text_shadow_style=\u00a0\u00bbpreset3&Prime; text_shadow_color=\u00a0\u00bb#000000&Prime; global_colors_info=\u00a0\u00bb{}\u00a0\u00bb sticky_transition=\u00a0\u00bbon\u00a0\u00bb][\/et_pb_slide][et_pb_slide heading=\u00a0\u00bbSolutions innovantes pour votre champ\u00a0\u00bb _builder_version=\u00a0\u00bb4.16&Prime; _module_preset=\u00a0\u00bbdefault\u00a0\u00bb header_font=\u00a0\u00bb|700|||||||\u00a0\u00bb header_font_size=\u00a0\u00bb48px\u00a0\u00bb background_image=\u00a0\u00bbhttps:\/\/www.meristem.com\/fr\/wp-content\/uploads\/header-naranjas.jpg\u00a0\u00bb background_enable_image=\u00a0\u00bbon\u00a0\u00bb background_position=\u00a0\u00bbtop_center\u00a0\u00bb custom_padding=\u00a0\u00bb20%||||false|false\u00a0\u00bb header_text_shadow_style=\u00a0\u00bbpreset3&Prime; header_text_shadow_color=\u00a0\u00bbrgba(0,0,0,0.7)\u00a0\u00bb text_shadow_style=\u00a0\u00bbpreset3&Prime; text_shadow_color=\u00a0\u00bb#000000&Prime; global_colors_info=\u00a0\u00bb{}\u00a0\u00bb sticky_transition=\u00a0\u00bbon\u00a0\u00bb][\/et_pb_slide][et_pb_slide heading=\u00a0\u00bbSolutions innovantes pour votre champ\u00a0\u00bb _builder_version=\u00a0\u00bb4.16&Prime; _module_preset=\u00a0\u00bbdefault\u00a0\u00bb header_font=\u00a0\u00bb|700|||||||\u00a0\u00bb header_font_size=\u00a0\u00bb48px\u00a0\u00bb background_image=\u00a0\u00bbhttps:\/\/www.meristem.com\/fr\/wp-content\/uploads\/header-invernadero.jpg\u00a0\u00bb background_enable_image=\u00a0\u00bbon\u00a0\u00bb custom_padding=\u00a0\u00bb20%||||false|false\u00a0\u00bb header_text_shadow_style=\u00a0\u00bbpreset3&Prime; header_text_shadow_color=\u00a0\u00bbrgba(0,0,0,0.7)\u00a0\u00bb text_shadow_style=\u00a0\u00bbpreset3&Prime; text_shadow_color=\u00a0\u00bb#000000&Prime; global_colors_info=\u00a0\u00bb{}\u00a0\u00bb sticky_transition=\u00a0\u00bbon\u00a0\u00bb][\/et_pb_slide][et_pb_slide heading=\u00a0\u00bbSolutions innovantes pour votre champ\u00a0\u00bb _builder_version=\u00a0\u00bb4.16&Prime; _module_preset=\u00a0\u00bbdefault\u00a0\u00bb header_font=\u00a0\u00bb|700|||||||\u00a0\u00bb header_font_size=\u00a0\u00bb48px\u00a0\u00bb background_image=\u00a0\u00bbhttps:\/\/www.meristem.com\/fr\/wp-content\/uploads\/header-cultivos.jpg\u00a0\u00bb background_enable_image=\u00a0\u00bbon\u00a0\u00bb background_position=\u00a0\u00bbtop_center\u00a0\u00bb custom_padding=\u00a0\u00bb20%||||false|false\u00a0\u00bb header_text_shadow_style=\u00a0\u00bbpreset3&Prime; header_text_shadow_color=\u00a0\u00bbrgba(0,0,0,0.7)\u00a0\u00bb text_shadow_style=\u00a0\u00bbpreset1&Prime; text_shadow_color=\u00a0\u00bb#000000&Prime; global_colors_info=\u00a0\u00bb{}\u00a0\u00bb sticky_transition=\u00a0\u00bbon\u00a0\u00bb][\/et_pb_slide][\/et_pb_fullwidth_slider][\/et_pb_section][et_pb_section fb_built=\u00a0\u00bb1&Prime; module_class=\u00a0\u00bbseccion corporativo quienes-somos\u00a0\u00bb _builder_version=\u00a0\u00bb4.16&Prime; _module_preset=\u00a0\u00bbdefault\u00a0\u00bb background_enable_color=\u00a0\u00bboff\u00a0\u00bb global_colors_info=\u00a0\u00bb{}\u00a0\u00bb][et_pb_row column_structure=\u00a0\u00bb2_3,1_3&Prime; _builder_version=\u00a0\u00bb4.16&Prime; _module_preset=\u00a0\u00bbdefault\u00a0\u00bb global_colors_info=\u00a0\u00bb{}\u00a0\u00bb][et_pb_column type=\u00a0\u00bb2_3&Prime; _builder_version=\u00a0\u00bb4.16&Prime; _module_preset=\u00a0\u00bbdefault\u00a0\u00bb global_colors_info=\u00a0\u00bb{}\u00a0\u00bb][et_pb_post_title meta=\u00a0\u00bboff\u00a0\u00bb featured_image=\u00a0\u00bboff\u00a0\u00bb _builder_version=\u00a0\u00bb4.16&Prime; _module_preset=\u00a0\u00bbdefault\u00a0\u00bb global_colors_info=\u00a0\u00bb{}\u00a0\u00bb][\/et_pb_post_title][et_pb_text _builder_version=\u00a0\u00bb4.25.0&Prime; _module_preset=\u00a0\u00bbdefault\u00a0\u00bb hover_enabled=\u00a0\u00bb0&Prime; global_colors_info=\u00a0\u00bb{}\u00a0\u00bb sticky_enabled=\u00a0\u00bb0&Prime;]Chez MERISTEM nous offrons des solutions innovantes qui couvrent tous les besoins nutritionnels des cultures et permettent d&rsquo;obtenir des plantes vigoureuses et saines, capables de surmonter des situations de stress tout au long du cycle de la culture, allant de la pr\u00e9paration pr\u00e9alable du terrain \u00e0 la transplantation jusqu&rsquo;\u00e0 la r\u00e9colte.<\/p>\n<p>Nos produits optimisent le rendement \u00e0 chaque \u00e9tape de la r\u00e9colte. Parce que nous savons que chaque moment joue un r\u00f4le cl\u00e9 pour assurer la qualit\u00e9 de la r\u00e9colte.<\/p>\n<p>Notre objectif est de fournir des solutions efficaces et innovantes afin de pouvoir r\u00e9pondre aux besoins qui pourraient surgir au cours du cycle de culture. Pour cela, nous disposons de l&rsquo;un des plus vastes catalogues de nutriments agricoles du march\u00e9 :<\/p>\n<ul>\n<li><a href=\"https:\/\/www.meristem.com\/fr\/familles\/biostimulants\/\">Biostimulants<\/a><\/li>\n<li><a href=\"https:\/\/www.meristem.com\/fr\/familles\/fertilisants-npk\/\">Fertilisants NPK<\/a><\/li>\n<li><a href=\"https:\/\/www.meristem.com\/fr\/familles\/ligne-microlife\/\">Ligne Microlife<\/a><\/li>\n<li><a href=\"https:\/\/www.meristem.com\/fr\/familles\/correcteurs\/\">Correcteurs<\/a><\/li>\n<li><a href=\"https:\/\/www.meristem.com\/fr\/familles\/conditionneurs-de-sol\/\">Conditionneurs de sols<\/a><\/li>\n<li><a href=\"https:\/\/www.meristem.com\/fr\/familles\/sante-vegetale\/\">Sant\u00e9 v\u00e9g\u00e9tale<\/a><\/li>\n<li><a href=\"https:\/\/www.meristem.com\/fr\/familles\/produits-biologiques\/\">Produits biologiques<\/a><\/li>\n<li><a href=\"https:\/\/www.meristem.com\/fr\/familles\/autres-produits\/\">Autres produits<\/a><\/li>\n<\/ul>\n<h2>Mission, vision et valeurs<\/h2>\n<p><strong>Vision <\/strong>: Devenir une entreprise de r\u00e9f\u00e9rence au niveau mondial dans le secteur des nutriments agricoles.<\/p>\n<p><strong>Mission <\/strong>: Offrir \u00e0 chaque client la meilleure solution adapt\u00e9e \u00e0 ses besoins \u00e0 travers l&rsquo;innovation, l&rsquo;am\u00e9lioration continue et une assistance technique permanente.<\/p>\n<p><strong>Valeurs <\/strong>: Int\u00e9grit\u00e9, passion, qualit\u00e9, collaboration.[\/et_pb_text][\/et_pb_column][et_pb_column type=\u00a0\u00bb1_3&Prime; module_class=\u00a0\u00bbhistoria\u00a0\u00bb _builder_version=\u00a0\u00bb4.16&Prime; _module_preset=\u00a0\u00bbdefault\u00a0\u00bb global_colors_info=\u00a0\u00bb{}\u00a0\u00bb][et_pb_text _builder_version=\u00a0\u00bb4.24.0&Prime; _module_preset=\u00a0\u00bbdefault\u00a0\u00bb global_colors_info=\u00a0\u00bb{}\u00a0\u00bb]<\/p>\n<h2><img decoding=\"async\" src=\"https:\/\/www.meristem.com\/fr\/wp-content\/uploads\/corporativo-fachada.jpg\" alt=\"\" \/><\/h2>\n<h2>Un peu d&rsquo;histoire\u2026<\/h2>\n<p>Cr\u00e9e en 1984 et situ\u00e9e \u00e0 Valencia, l&rsquo;une des plus importantes zones agricoles d&rsquo;Espagne, MERISTEM poss\u00e8de 40 ans d&rsquo;exp\u00e9rience dans le monde de la nutrition v\u00e9g\u00e9tale.<\/p>\n<p>Pendant toutes ces ann\u00e9es, MERISTEM a fait de la transparence l&rsquo;une de ses principales valeurs. Nous avons gagn\u00e9 ainsi la confiance et le respect de nos clients et des autres concurrents de notre secteur.<\/p>\n<p>Nos ann\u00e9es d&rsquo;exp\u00e9rience, le dynamisme et l&rsquo;esprit d&rsquo;am\u00e9lioration de nos professionnels hautement qualifi\u00e9s, sont le moteur qui nous a permis de nous adapter \u00e0 un secteur en perp\u00e9tuelle \u00e9volution.[\/et_pb_text][\/et_pb_column][\/et_pb_row][\/et_pb_section]<\/p>\n","protected":false},"excerpt":{"rendered":"<p>Chez MERISTEM nous offrons des solutions innovantes qui couvrent tous les besoins nutritionnels des cultures et permettent d&rsquo;obtenir des plantes vigoureuses et saines, capables de surmonter des situations de stress tout au long du cycle de la culture, allant de la pr\u00e9paration pr\u00e9alable du terrain \u00e0 la transplantation jusqu&rsquo;\u00e0 la r\u00e9colte. Nos produits optimisent le [&hellip;]<\/p>\n","protected":false},"author":2,"featured_media":0,"parent":532,"menu_order":0,"comment_status":"closed","ping_status":"closed","template":"","meta":{"_acf_changed":false,"_et_pb_use_builder":"on","_et_pb_old_content":"","_et_gb_content_width":"","footnotes":""},"class_list":["post-534","page","type-page","status-publish","hentry"],"acf":[],"_links":{"self":[{"href":"https:\/\/www.meristem.com\/fr\/wp-json\/wp\/v2\/pages\/534","targetHints":{"allow":["GET"]}}],"collection":[{"href":"https:\/\/www.meristem.com\/fr\/wp-json\/wp\/v2\/pages"}],"about":[{"href":"https:\/\/www.meristem.com\/fr\/wp-json\/wp\/v2\/types\/page"}],"author":[{"embeddable":true,"href":"https:\/\/www.meristem.com\/fr\/wp-json\/wp\/v2\/users\/2"}],"replies":[{"embeddable":true,"href":"https:\/\/www.meristem.com\/fr\/wp-json\/wp\/v2\/comments?post=534"}],"version-history":[{"count":3,"href":"https:\/\/www.meristem.com\/fr\/wp-json\/wp\/v2\/pages\/534\/revisions"}],"predecessor-version":[{"id":2506,"href":"https:\/\/www.meristem.com\/fr\/wp-json\/wp\/v2\/pages\/534\/revisions\/2506"}],"up":[{"embeddable":true,"href":"https:\/\/www.meristem.com\/fr\/wp-json\/wp\/v2\/pages\/532"}],"wp:attachment":[{"href":"https:\/\/www.meristem.com\/fr\/wp-json\/wp\/v2\/media?parent=534"}],"curies":[{"name":"wp","href":"https:\/\/api.w.org\/{rel}","templated":true}]}}