{"id":740,"date":"2021-02-18T15:59:27","date_gmt":"2021-02-18T13:59:27","guid":{"rendered":"http:\/\/www.quimicasmeristem.com\/fr\/?page_id=740"},"modified":"2022-04-28T10:54:18","modified_gmt":"2022-04-28T08:54:18","slug":"programmes-de-fertilisation","status":"publish","type":"page","link":"https:\/\/www.meristem.com\/fr\/programmes-de-fertilisation\/","title":{"rendered":"Programmes de fertilisation"},"content":{"rendered":"<p>[et_pb_section fb_built=\u00a0\u00bb1&Prime; fullwidth=\u00a0\u00bbon\u00a0\u00bb disabled_on=\u00a0\u00bboff|off|off\u00a0\u00bb _builder_version=\u00a0\u00bb4.16&Prime; _module_preset=\u00a0\u00bbdefault\u00a0\u00bb global_colors_info=\u00a0\u00bb{}\u00a0\u00bb][et_pb_fullwidth_slider disabled_on=\u00a0\u00bboff|off|off\u00a0\u00bb module_class=\u00a0\u00bbcabecera\u00a0\u00bb _builder_version=\u00a0\u00bb4.16&Prime; _module_preset=\u00a0\u00bbdefault\u00a0\u00bb height=\u00a0\u00bb400px\u00a0\u00bb auto=\u00a0\u00bbon\u00a0\u00bb auto_ignore_hover=\u00a0\u00bbon\u00a0\u00bb hover_transition_duration=\u00a0\u00bb500ms\u00a0\u00bb global_colors_info=\u00a0\u00bb{}\u00a0\u00bb][et_pb_slide heading=\u00a0\u00bbSolutions innovantes pour votre champ\u00a0\u00bb _builder_version=\u00a0\u00bb4.16&Prime; _module_preset=\u00a0\u00bbdefault\u00a0\u00bb header_font=\u00a0\u00bb|700|||||||\u00a0\u00bb header_font_size=\u00a0\u00bb48px\u00a0\u00bb background_image=\u00a0\u00bbhttps:\/\/www.meristem.com\/fr\/wp-content\/uploads\/header-tomates.jpg\u00a0\u00bb background_enable_image=\u00a0\u00bbon\u00a0\u00bb custom_padding=\u00a0\u00bb20%||||false|false\u00a0\u00bb header_text_shadow_style=\u00a0\u00bbpreset3&Prime; header_text_shadow_color=\u00a0\u00bbrgba(0,0,0,0.7)\u00a0\u00bb text_shadow_style=\u00a0\u00bbpreset3&Prime; text_shadow_color=\u00a0\u00bb#000000&Prime; global_colors_info=\u00a0\u00bb{}\u00a0\u00bb sticky_transition=\u00a0\u00bbon\u00a0\u00bb][\/et_pb_slide][et_pb_slide heading=\u00a0\u00bbSolutions innovantes pour votre champ\u00a0\u00bb _builder_version=\u00a0\u00bb4.16&Prime; _module_preset=\u00a0\u00bbdefault\u00a0\u00bb header_font=\u00a0\u00bb|700|||||||\u00a0\u00bb header_font_size=\u00a0\u00bb48px\u00a0\u00bb background_image=\u00a0\u00bbhttps:\/\/www.meristem.com\/fr\/wp-content\/uploads\/header-trigo-dorado.jpg\u00a0\u00bb background_enable_image=\u00a0\u00bbon\u00a0\u00bb background_position=\u00a0\u00bbtop_center\u00a0\u00bb custom_padding=\u00a0\u00bb20%||||false|false\u00a0\u00bb header_text_shadow_style=\u00a0\u00bbpreset3&Prime; header_text_shadow_color=\u00a0\u00bbrgba(0,0,0,0.7)\u00a0\u00bb text_shadow_style=\u00a0\u00bbpreset3&Prime; text_shadow_color=\u00a0\u00bb#000000&Prime; global_colors_info=\u00a0\u00bb{}\u00a0\u00bb sticky_transition=\u00a0\u00bbon\u00a0\u00bb][\/et_pb_slide][et_pb_slide heading=\u00a0\u00bbSolutions innovantes pour votre champ\u00a0\u00bb _builder_version=\u00a0\u00bb4.16&Prime; _module_preset=\u00a0\u00bbdefault\u00a0\u00bb header_font=\u00a0\u00bb|700|||||||\u00a0\u00bb header_font_size=\u00a0\u00bb48px\u00a0\u00bb background_image=\u00a0\u00bbhttps:\/\/www.meristem.com\/fr\/wp-content\/uploads\/header-girasoles.jpg\u00a0\u00bb background_enable_image=\u00a0\u00bbon\u00a0\u00bb custom_padding=\u00a0\u00bb20%||||false|false\u00a0\u00bb header_text_shadow_style=\u00a0\u00bbpreset3&Prime; header_text_shadow_color=\u00a0\u00bbrgba(0,0,0,0.7)\u00a0\u00bb text_shadow_style=\u00a0\u00bbpreset3&Prime; text_shadow_color=\u00a0\u00bb#000000&Prime; global_colors_info=\u00a0\u00bb{}\u00a0\u00bb sticky_transition=\u00a0\u00bbon\u00a0\u00bb][\/et_pb_slide][et_pb_slide heading=\u00a0\u00bbSolutions innovantes pour votre champ\u00a0\u00bb _builder_version=\u00a0\u00bb4.16&Prime; _module_preset=\u00a0\u00bbdefault\u00a0\u00bb header_font=\u00a0\u00bb|700|||||||\u00a0\u00bb header_font_size=\u00a0\u00bb48px\u00a0\u00bb background_image=\u00a0\u00bbhttps:\/\/www.meristem.com\/fr\/wp-content\/uploads\/header-col.jpg\u00a0\u00bb background_enable_image=\u00a0\u00bbon\u00a0\u00bb background_position=\u00a0\u00bbtop_center\u00a0\u00bb custom_padding=\u00a0\u00bb20%||||false|false\u00a0\u00bb header_text_shadow_style=\u00a0\u00bbpreset3&Prime; header_text_shadow_color=\u00a0\u00bbrgba(0,0,0,0.7)\u00a0\u00bb text_shadow_style=\u00a0\u00bbpreset1&Prime; text_shadow_color=\u00a0\u00bb#000000&Prime; global_colors_info=\u00a0\u00bb{}\u00a0\u00bb sticky_transition=\u00a0\u00bbon\u00a0\u00bb][\/et_pb_slide][\/et_pb_fullwidth_slider][\/et_pb_section][et_pb_section fb_built=\u00a0\u00bb1&Prime; module_class=\u00a0\u00bbseccion planes-abonado\u00a0\u00bb _builder_version=\u00a0\u00bb4.16&Prime; _module_preset=\u00a0\u00bbdefault\u00a0\u00bb background_enable_color=\u00a0\u00bboff\u00a0\u00bb global_colors_info=\u00a0\u00bb{}\u00a0\u00bb][et_pb_row column_structure=\u00a0\u00bb2_3,1_3&Prime; _builder_version=\u00a0\u00bb4.16&Prime; _module_preset=\u00a0\u00bbdefault\u00a0\u00bb global_colors_info=\u00a0\u00bb{}\u00a0\u00bb][et_pb_column type=\u00a0\u00bb2_3&Prime; _builder_version=\u00a0\u00bb4.16&Prime; _module_preset=\u00a0\u00bbdefault\u00a0\u00bb global_colors_info=\u00a0\u00bb{}\u00a0\u00bb][et_pb_post_title meta=\u00a0\u00bboff\u00a0\u00bb featured_image=\u00a0\u00bboff\u00a0\u00bb _builder_version=\u00a0\u00bb4.16&Prime; _module_preset=\u00a0\u00bbdefault\u00a0\u00bb global_colors_info=\u00a0\u00bb{}\u00a0\u00bb][\/et_pb_post_title][et_pb_code _builder_version=\u00a0\u00bb4.17.0&Prime; _module_preset=\u00a0\u00bbdefault\u00a0\u00bb hover_enabled=\u00a0\u00bb0&Prime; global_colors_info=\u00a0\u00bb{}\u00a0\u00bb sticky_enabled=\u00a0\u00bb0&Prime;]<\/p>\n<div id=\"tabla-planes-abonado\"><!-- [et_pb_line_break_holder] -->  <\/p>\n<div class=\"fila-1\"><!-- [et_pb_line_break_holder] -->    <\/p>\n<div class=\"c0\"> <\/div>\n<p><!-- [et_pb_line_break_holder] -->    <\/p>\n<div class=\"c1\">Programme<\/div>\n<p><!-- [et_pb_line_break_holder] -->    <\/p>\n<div class=\"c2\">T\u00e9l\u00e9charger<\/div>\n<p><!-- [et_pb_line_break_holder] -->  <\/div>\n<p><!-- [et_pb_line_break_holder] -->  <!-- ---------------------------------------------------------------- --><!-- [et_pb_line_break_holder] -->  <\/p>\n<div class=\"fila\"><!-- [et_pb_line_break_holder] -->    <\/p>\n<div class=\"c0\"><img decoding=\"async\" src=\"https:\/\/www.meristem.com\/fr\/wp-content\/uploads\/plan-abonado-img-aguacate.jpg\" alt=\"\" \/><\/div>\n<p><!-- [et_pb_line_break_holder] -->    <\/p>\n<div class=\"c1\">Programme de fertilisation : avocat<\/div>\n<p><!-- [et_pb_line_break_holder] -->    <\/p>\n<div class=\"c2\"><a target=\"blank\" href=\"https:\/\/www.meristem.com\/fr\/wp-content\/uploads\/plan-abonado-aguacate-FR.pdf\" rel=\"noopener\"><span class=\"et-pb-icon\">\ue004<\/span><\/a><\/div>\n<p><!-- [et_pb_line_break_holder] -->  <\/div>\n<p><!-- [et_pb_line_break_holder] -->  <!-- ---------------------------------------------------------------- --><!-- [et_pb_line_break_holder] -->  <\/p>\n<div class=\"fila\"><!-- [et_pb_line_break_holder] -->    <\/p>\n<div class=\"c0\"><img decoding=\"async\" src=\"https:\/\/www.meristem.com\/fr\/wp-content\/uploads\/plan-abonado-img-albaricoque.jpg\" alt=\"\" \/><\/div>\n<p><!-- [et_pb_line_break_holder] -->    <\/p>\n<div class=\"c1\">Programme de fertilisation : abricot<\/div>\n<p><!-- [et_pb_line_break_holder] -->    <\/p>\n<div class=\"c2\"><a target=\"blank\" href=\"https:\/\/www.meristem.com\/fr\/wp-content\/uploads\/plan-abonado-albaricoque-FR.pdf\" rel=\"noopener\"><span class=\"et-pb-icon\">\ue004<\/span><\/a><\/div>\n<p><!-- [et_pb_line_break_holder] -->  <\/div>\n<p><!-- [et_pb_line_break_holder] -->  <!-- ---------------------------------------------------------------- --><!-- [et_pb_line_break_holder] -->  <\/p>\n<div class=\"fila\"><!-- [et_pb_line_break_holder] -->    <\/p>\n<div class=\"c0\"><img decoding=\"async\" src=\"https:\/\/www.meristem.com\/fr\/wp-content\/uploads\/plan-abonado-img-alcachofa.jpg\" alt=\"\" \/><\/div>\n<p><!-- [et_pb_line_break_holder] -->    <\/p>\n<div class=\"c1\">Programme de fertilisation : artichaut<\/div>\n<p><!-- [et_pb_line_break_holder] -->    <\/p>\n<div class=\"c2\"><a target=\"blank\" href=\"https:\/\/www.meristem.com\/fr\/wp-content\/uploads\/plan-abonado-alcachofa-FR.pdf\" rel=\"noopener\"><span class=\"et-pb-icon\">\ue004<\/span><\/a><\/div>\n<p><!-- [et_pb_line_break_holder] -->  <\/div>\n<p><!-- [et_pb_line_break_holder] -->  <!-- ---------------------------------------------------------------- --><!-- [et_pb_line_break_holder] -->  <\/p>\n<div class=\"fila\"><!-- [et_pb_line_break_holder] -->    <\/p>\n<div class=\"c0\"><img decoding=\"async\" src=\"https:\/\/www.meristem.com\/fr\/wp-content\/uploads\/plan-abonado-img-almendra.jpg\" alt=\"\" \/><\/div>\n<p><!-- [et_pb_line_break_holder] -->    <\/p>\n<div class=\"c1\">Programme de fertilisation : amande<\/div>\n<p><!-- [et_pb_line_break_holder] -->    <\/p>\n<div class=\"c2\"><a target=\"blank\" href=\"https:\/\/www.meristem.com\/fr\/wp-content\/uploads\/plan-abonado-almendro-FR.pdf\" rel=\"noopener\"><span class=\"et-pb-icon\">\ue004<\/span><\/a><\/div>\n<p><!-- [et_pb_line_break_holder] -->  <\/div>\n<p><!-- [et_pb_line_break_holder] -->  <!-- ---------------------------------------------------------------- --><!-- [et_pb_line_break_holder] -->  <\/p>\n<div class=\"fila\"><!-- [et_pb_line_break_holder] -->    <\/p>\n<div class=\"c0\"><img decoding=\"async\" src=\"https:\/\/www.meristem.com\/fr\/wp-content\/uploads\/plan-abonado-img-berenjena.jpg\" alt=\"\" \/><\/div>\n<p><!-- [et_pb_line_break_holder] -->    <\/p>\n<div class=\"c1\">Programme de fertilisation : aubergine<\/div>\n<p><!-- [et_pb_line_break_holder] -->    <\/p>\n<div class=\"c2\"><a target=\"blank\" href=\"https:\/\/www.meristem.com\/fr\/wp-content\/uploads\/plan-abonado-berenjena-FR.pdf\" rel=\"noopener\"><span class=\"et-pb-icon\">\ue004<\/span><\/a><\/div>\n<p><!-- [et_pb_line_break_holder] -->  <\/div>\n<p><!-- [et_pb_line_break_holder] -->  <!-- ---------------------------------------------------------------- --><!-- [et_pb_line_break_holder] -->  <\/p>\n<div class=\"fila\"><!-- [et_pb_line_break_holder] -->    <\/p>\n<div class=\"c0\"><img decoding=\"async\" src=\"https:\/\/www.meristem.com\/fr\/wp-content\/uploads\/plan-abonado-img-calabacin.jpg\" alt=\"\" \/><\/div>\n<p><!-- [et_pb_line_break_holder] -->    <\/p>\n<div class=\"c1\">Programme de fertilisation : courgette<\/div>\n<p><!-- [et_pb_line_break_holder] -->    <\/p>\n<div class=\"c2\"><a target=\"blank\" href=\"https:\/\/www.meristem.com\/fr\/wp-content\/uploads\/plan-abonado-calabacin-FR.pdf\" rel=\"noopener\"><span class=\"et-pb-icon\">\ue004<\/span><\/a><\/div>\n<p><!-- [et_pb_line_break_holder] -->  <\/div>\n<p><!-- [et_pb_line_break_holder] -->  <!-- ---------------------------------------------------------------- --><!-- [et_pb_line_break_holder] --> <\/p>\n<div class=\"fila\"><!-- [et_pb_line_break_holder] -->    <\/p>\n<div class=\"c0\"><img decoding=\"async\" src=\"https:\/\/www.meristem.com\/fr\/wp-content\/uploads\/plan-abonado-img-cebolla.jpg\" alt=\"\" \/><\/div>\n<p><!-- [et_pb_line_break_holder] -->    <\/p>\n<div class=\"c1\">Programme de fertilisation : oignon<\/div>\n<p><!-- [et_pb_line_break_holder] -->    <\/p>\n<div class=\"c2\"><a target=\"blank\" href=\"https:\/\/www.meristem.com\/fr\/wp-content\/uploads\/plan-abonado-cebolla-FR.pdf\" rel=\"noopener\"><span class=\"et-pb-icon\">\ue004<\/span><\/a><\/div>\n<p><!-- [et_pb_line_break_holder] -->  <\/div>\n<p><!-- [et_pb_line_break_holder] -->  <!-- ---------------------------------------------------------------- --><!-- [et_pb_line_break_holder] -->  <\/p>\n<div class=\"fila\"><!-- [et_pb_line_break_holder] -->    <\/p>\n<div class=\"c0\"><img decoding=\"async\" src=\"https:\/\/www.meristem.com\/fr\/wp-content\/uploads\/plan-abonado-img-citricos.jpg\" alt=\"\" \/><\/div>\n<p><!-- [et_pb_line_break_holder] -->    <\/p>\n<div class=\"c1\">Programme de fertilisation : agrumes<\/div>\n<p><!-- [et_pb_line_break_holder] -->    <\/p>\n<div class=\"c2\"><a target=\"blank\" href=\"https:\/\/www.meristem.com\/fr\/wp-content\/uploads\/plan-abonado-citricos-FR.pdf\" rel=\"noopener\"><span class=\"et-pb-icon\">\ue004<\/span><\/a><\/div>\n<p><!-- [et_pb_line_break_holder] -->  <\/div>\n<p><!-- [et_pb_line_break_holder] -->  <!-- ---------------------------------------------------------------- --><!-- [et_pb_line_break_holder] -->  <\/p>\n<div class=\"fila\"><!-- [et_pb_line_break_holder] -->    <\/p>\n<div class=\"c0\"><img decoding=\"async\" src=\"https:\/\/www.meristem.com\/fr\/wp-content\/uploads\/plan-abonado-img-fresa.jpg\" alt=\"\" \/><\/div>\n<p><!-- [et_pb_line_break_holder] -->    <\/p>\n<div class=\"c1\">Programme de fertilisation : fraise<\/div>\n<p><!-- [et_pb_line_break_holder] -->    <\/p>\n<div class=\"c2\"><a target=\"blank\" href=\"https:\/\/www.meristem.com\/fr\/wp-content\/uploads\/plan-abonado-fresa-FR.pdf\" rel=\"noopener\"><span class=\"et-pb-icon\">\ue004<\/span><\/a><\/div>\n<p><!-- [et_pb_line_break_holder] -->  <\/div>\n<p><!-- [et_pb_line_break_holder] -->  <!-- ---------------------------------------------------------------- --><!-- [et_pb_line_break_holder] -->  <\/p>\n<div class=\"fila\"><!-- [et_pb_line_break_holder] -->    <\/p>\n<div class=\"c0\"><img decoding=\"async\" src=\"https:\/\/www.meristem.com\/fr\/wp-content\/uploads\/plan-abonado-img-melocoton.jpg\" alt=\"\" \/><\/div>\n<p><!-- [et_pb_line_break_holder] -->    <\/p>\n<div class=\"c1\">Programme de fertilisation : p\u00eache<\/div>\n<p><!-- [et_pb_line_break_holder] -->    <\/p>\n<div class=\"c2\"><a target=\"blank\" href=\"https:\/\/www.meristem.com\/fr\/wp-content\/uploads\/plan-abonado-melocoton-FR.pdf\" rel=\"noopener\"><span class=\"et-pb-icon\">\ue004<\/span><\/a><\/div>\n<p><!-- [et_pb_line_break_holder] -->  <\/div>\n<p><!-- [et_pb_line_break_holder] -->  <!-- ---------------------------------------------------------------- --><!-- [et_pb_line_break_holder] -->  <\/p>\n<div class=\"fila\"><!-- [et_pb_line_break_holder] -->    <\/p>\n<div class=\"c0\"><img decoding=\"async\" src=\"https:\/\/www.meristem.com\/fr\/wp-content\/uploads\/plan-abonado-img-melon.jpg\" alt=\"\" \/><\/div>\n<p><!-- [et_pb_line_break_holder] -->    <\/p>\n<div class=\"c1\">Programme de fertilisation : melon<\/div>\n<p><!-- [et_pb_line_break_holder] -->    <\/p>\n<div class=\"c2\"><a target=\"blank\" href=\"https:\/\/www.meristem.com\/fr\/wp-content\/uploads\/plan-abonado-melon-FR.pdf\" rel=\"noopener\"><span class=\"et-pb-icon\">\ue004<\/span><\/a><\/div>\n<p><!-- [et_pb_line_break_holder] -->  <\/div>\n<p><!-- [et_pb_line_break_holder] -->  <!-- ---------------------------------------------------------------- --><!-- [et_pb_line_break_holder] -->    <\/p>\n<div class=\"fila\"><!-- [et_pb_line_break_holder] -->    <\/p>\n<div class=\"c0\"><img decoding=\"async\" src=\"https:\/\/www.meristem.com\/fr\/wp-content\/uploads\/plan-abonado-img-patata.jpg\" alt=\"\" \/><\/div>\n<p><!-- [et_pb_line_break_holder] -->    <\/p>\n<div class=\"c1\">Programme de fertilisation : pomme de terre<\/div>\n<p><!-- [et_pb_line_break_holder] -->    <\/p>\n<div class=\"c2\"><a target=\"blank\" href=\"https:\/\/www.meristem.com\/fr\/wp-content\/uploads\/plan-abonado-patata-FR.pdf\" rel=\"noopener\"><span class=\"et-pb-icon\">\ue004<\/span><\/a><\/div>\n<p><!-- [et_pb_line_break_holder] -->  <\/div>\n<p><!-- [et_pb_line_break_holder] -->  <!-- ---------------------------------------------------------------- --><!-- [et_pb_line_break_holder] -->  <\/p>\n<div class=\"fila\"><!-- [et_pb_line_break_holder] -->    <\/p>\n<div class=\"c0\"><img decoding=\"async\" src=\"https:\/\/www.meristem.com\/fr\/wp-content\/uploads\/plan-abonado-img-pera.jpg\" alt=\"\" \/><\/div>\n<p><!-- [et_pb_line_break_holder] -->    <\/p>\n<div class=\"c1\">Programme de fertilisation : poire<\/div>\n<p><!-- [et_pb_line_break_holder] -->    <\/p>\n<div class=\"c2\"><a target=\"blank\" href=\"https:\/\/www.meristem.com\/fr\/wp-content\/uploads\/plan-abonado-pera-FR.pdf\" rel=\"noopener\"><span class=\"et-pb-icon\">\ue004<\/span><\/a><\/div>\n<p><!-- [et_pb_line_break_holder] -->  <\/div>\n<p><!-- [et_pb_line_break_holder] -->  <!-- ---------------------------------------------------------------- --><!-- [et_pb_line_break_holder] -->  <\/p>\n<div class=\"fila\"><!-- [et_pb_line_break_holder] -->    <\/p>\n<div class=\"c0\"><img decoding=\"async\" src=\"https:\/\/www.meristem.com\/fr\/wp-content\/uploads\/plan-abonado-img-pimiento.jpg\" alt=\"\" \/><\/div>\n<p><!-- [et_pb_line_break_holder] -->    <\/p>\n<div class=\"c1\">Programme de fertilisation : poivron<\/div>\n<p><!-- [et_pb_line_break_holder] -->    <\/p>\n<div class=\"c2\"><a target=\"blank\" href=\"https:\/\/www.meristem.com\/fr\/wp-content\/uploads\/plan-abonado-pimiento-FR.pdf\" rel=\"noopener\"><span class=\"et-pb-icon\">\ue004<\/span><\/a><\/div>\n<p><!-- [et_pb_line_break_holder] -->  <\/div>\n<p><!-- [et_pb_line_break_holder] -->  <!-- ---------------------------------------------------------------- --><!-- [et_pb_line_break_holder] -->  <\/p>\n<div class=\"fila\"><!-- [et_pb_line_break_holder] -->    <\/p>\n<div class=\"c0\"><img decoding=\"async\" src=\"https:\/\/www.meristem.com\/fr\/wp-content\/uploads\/plan-abonado-img-sandia.jpg\" alt=\"\" \/><\/div>\n<p><!-- [et_pb_line_break_holder] -->    <\/p>\n<div class=\"c1\">Programme de fertilisation : past\u00e8que<\/div>\n<p><!-- [et_pb_line_break_holder] -->    <\/p>\n<div class=\"c2\"><a target=\"blank\" href=\"https:\/\/www.meristem.com\/fr\/wp-content\/uploads\/plan-abonado-sandia-FR.pdf\" rel=\"noopener\"><span class=\"et-pb-icon\">\ue004<\/span><\/a><\/div>\n<p><!-- [et_pb_line_break_holder] -->  <\/div>\n<p><!-- [et_pb_line_break_holder] -->  <!-- ---------------------------------------------------------------- --><!-- [et_pb_line_break_holder] -->  <\/p>\n<div class=\"fila\"><!-- [et_pb_line_break_holder] -->    <\/p>\n<div class=\"c0\"><img decoding=\"async\" src=\"https:\/\/www.meristem.com\/fr\/wp-content\/uploads\/plan-abonado-img-tomate.jpg\" alt=\"\" \/><\/div>\n<p><!-- [et_pb_line_break_holder] -->    <\/p>\n<div class=\"c1\">Programme de fertilisation : tomate<\/div>\n<p><!-- [et_pb_line_break_holder] -->    <\/p>\n<div class=\"c2\"><a target=\"blank\" href=\"https:\/\/www.meristem.com\/fr\/wp-content\/uploads\/plan-abonado-tomate-FR.pdf\" rel=\"noopener\"><span class=\"et-pb-icon\">\ue004<\/span><\/a><\/div>\n<p><!-- [et_pb_line_break_holder] -->  <\/div>\n<p><!-- [et_pb_line_break_holder] -->  <!-- ---------------------------------------------------------------- --><!-- [et_pb_line_break_holder] -->  <\/p>\n<div class=\"fila\"><!-- [et_pb_line_break_holder] -->    <\/p>\n<div class=\"c0\"><img decoding=\"async\" src=\"https:\/\/www.meristem.com\/fr\/wp-content\/uploads\/plan-abonado-img-uva.jpg\" alt=\"\" \/><\/div>\n<p><!-- [et_pb_line_break_holder] -->    <\/p>\n<div class=\"c1\">Programme de fertilisation : raisin vinification<\/div>\n<p><!-- [et_pb_line_break_holder] -->    <\/p>\n<div class=\"c2\"><a target=\"blank\" href=\"https:\/\/www.meristem.com\/fr\/wp-content\/uploads\/plan-abonado-uva-vinificacion-FR.pdf\" rel=\"noopener\"><span class=\"et-pb-icon\">\ue004<\/span><\/a><\/div>\n<p><!-- [et_pb_line_break_holder] -->  <\/div>\n<p><!-- [et_pb_line_break_holder] --><\/div>\n<p>[\/et_pb_code][\/et_pb_column][et_pb_column type=\u00a0\u00bb1_3&Prime; module_class=\u00a0\u00bbayuda\u00a0\u00bb _builder_version=\u00a0\u00bb4.16&Prime; _module_preset=\u00a0\u00bbdefault\u00a0\u00bb global_colors_info=\u00a0\u00bb{}\u00a0\u00bb][et_pb_text _builder_version=\u00a0\u00bb4.16&Prime; _module_preset=\u00a0\u00bbdefault\u00a0\u00bb global_colors_info=\u00a0\u00bb{}\u00a0\u00bb]<\/p>\n<h3>Une solution pour chaque culture<\/h3>\n<p>Chez MERISTEM nous souhaitons vous aider dans vos t\u00e2ches quotidiennes. Pour cela, nous vous offrons les meilleurs programmes de fertilisation avec les produits qui s&rsquo;adaptent le mieux \u00e0 vos cultures (format PDF), dans la langue qui vous int\u00e9resse, cliquez sur l&rsquo;ic\u00f4ne de t\u00e9l\u00e9chargement correspondant.<\/p>\n<p>[\/et_pb_text][\/et_pb_column][\/et_pb_row][\/et_pb_section]<\/p>\n","protected":false},"excerpt":{"rendered":"<p>Une solution pour chaque culture Chez MERISTEM nous souhaitons vous aider dans vos t\u00e2ches quotidiennes. Pour cela, nous vous offrons les meilleurs programmes de fertilisation avec les produits qui s&rsquo;adaptent le mieux \u00e0 vos cultures (format PDF), dans la langue qui vous int\u00e9resse, cliquez sur l&rsquo;ic\u00f4ne de t\u00e9l\u00e9chargement correspondant.<\/p>\n","protected":false},"author":2,"featured_media":0,"parent":0,"menu_order":0,"comment_status":"closed","ping_status":"closed","template":"","meta":{"_acf_changed":false,"_et_pb_use_builder":"on","_et_pb_old_content":"","_et_gb_content_width":"","footnotes":""},"class_list":["post-740","page","type-page","status-publish","hentry"],"acf":[],"_links":{"self":[{"href":"https:\/\/www.meristem.com\/fr\/wp-json\/wp\/v2\/pages\/740","targetHints":{"allow":["GET"]}}],"collection":[{"href":"https:\/\/www.meristem.com\/fr\/wp-json\/wp\/v2\/pages"}],"about":[{"href":"https:\/\/www.meristem.com\/fr\/wp-json\/wp\/v2\/types\/page"}],"author":[{"embeddable":true,"href":"https:\/\/www.meristem.com\/fr\/wp-json\/wp\/v2\/users\/2"}],"replies":[{"embeddable":true,"href":"https:\/\/www.meristem.com\/fr\/wp-json\/wp\/v2\/comments?post=740"}],"version-history":[{"count":2,"href":"https:\/\/www.meristem.com\/fr\/wp-json\/wp\/v2\/pages\/740\/revisions"}],"predecessor-version":[{"id":2414,"href":"https:\/\/www.meristem.com\/fr\/wp-json\/wp\/v2\/pages\/740\/revisions\/2414"}],"wp:attachment":[{"href":"https:\/\/www.meristem.com\/fr\/wp-json\/wp\/v2\/media?parent=740"}],"curies":[{"name":"wp","href":"https:\/\/api.w.org\/{rel}","templated":true}]}}