{"id":1867,"date":"2021-03-03T15:12:49","date_gmt":"2021-03-03T14:12:49","guid":{"rendered":"http:\/\/www.quimicasmeristem.com\/en\/?page_id=1867"},"modified":"2022-06-28T17:44:56","modified_gmt":"2022-06-28T15:44:56","slug":"sostenibilita","status":"publish","type":"page","link":"https:\/\/www.meristem.com\/it\/sostenibilita\/","title":{"rendered":"Sostenibilit\u00e0"},"content":{"rendered":"<p>[et_pb_section fb_built=&#8221;1&#8243; fullwidth=&#8221;on&#8221; disabled_on=&#8221;off|off|off&#8221; _builder_version=&#8221;4.16&#8243; _module_preset=&#8221;default&#8221; global_colors_info=&#8221;{}&#8221;][et_pb_fullwidth_slider module_class=&#8221;cabecera&#8221; _builder_version=&#8221;4.16&#8243; _module_preset=&#8221;default&#8221; height=&#8221;400px&#8221; auto=&#8221;on&#8221; auto_ignore_hover=&#8221;on&#8221; hover_transition_duration=&#8221;500ms&#8221; global_colors_info=&#8221;{}&#8221;][et_pb_slide heading=&#8221;Soluzioni innovative per il vostro campo&#8221; _builder_version=&#8221;4.16&#8243; _module_preset=&#8221;default&#8221; header_font=&#8221;|700|||||||&#8221; header_font_size=&#8221;48px&#8221; background_image=&#8221;https:\/\/www.meristem.com\/it\/wp-content\/uploads\/header-arroz.jpg&#8221; background_enable_image=&#8221;on&#8221; background_position=&#8221;top_center&#8221; custom_padding=&#8221;20%||||false|false&#8221; header_text_shadow_style=&#8221;preset3&#8243; header_text_shadow_color=&#8221;rgba(0,0,0,0.7)&#8221; text_shadow_style=&#8221;preset3&#8243; text_shadow_color=&#8221;#000000&#8243; global_colors_info=&#8221;{}&#8221; sticky_transition=&#8221;on&#8221;][\/et_pb_slide][et_pb_slide heading=&#8221;Soluzioni innovative per il vostro campo&#8221; _builder_version=&#8221;4.16&#8243; _module_preset=&#8221;default&#8221; header_font=&#8221;|700|||||||&#8221; header_font_size=&#8221;48px&#8221; background_image=&#8221;https:\/\/www.meristem.com\/it\/wp-content\/uploads\/header-puerros.jpg&#8221; background_enable_image=&#8221;on&#8221; background_position=&#8221;top_center&#8221; custom_padding=&#8221;20%||||false|false&#8221; header_text_shadow_style=&#8221;preset3&#8243; header_text_shadow_color=&#8221;rgba(0,0,0,0.7)&#8221; text_shadow_style=&#8221;preset3&#8243; text_shadow_color=&#8221;#000000&#8243; global_colors_info=&#8221;{}&#8221; sticky_transition=&#8221;on&#8221;][\/et_pb_slide][et_pb_slide heading=&#8221;Soluzioni innovative per il vostro campo&#8221; _builder_version=&#8221;4.16&#8243; _module_preset=&#8221;default&#8221; header_font=&#8221;|700|||||||&#8221; header_font_size=&#8221;48px&#8221; background_image=&#8221;https:\/\/www.meristem.com\/it\/wp-content\/uploads\/header-trigo-verde.jpg&#8221; background_enable_image=&#8221;on&#8221; custom_padding=&#8221;20%||||false|false&#8221; header_text_shadow_style=&#8221;preset3&#8243; header_text_shadow_color=&#8221;rgba(0,0,0,0.7)&#8221; text_shadow_style=&#8221;preset3&#8243; text_shadow_color=&#8221;#000000&#8243; global_colors_info=&#8221;{}&#8221; sticky_transition=&#8221;on&#8221;][\/et_pb_slide][et_pb_slide heading=&#8221;Soluzioni innovative per il vostro campo&#8221; _builder_version=&#8221;4.16&#8243; _module_preset=&#8221;default&#8221; header_font=&#8221;|700|||||||&#8221; header_font_size=&#8221;48px&#8221; background_image=&#8221;https:\/\/www.meristem.com\/it\/wp-content\/uploads\/header-uvas.jpg&#8221; background_enable_image=&#8221;on&#8221; background_position=&#8221;bottom_center&#8221; custom_padding=&#8221;20%||||false|false&#8221; header_text_shadow_style=&#8221;preset3&#8243; header_text_shadow_color=&#8221;rgba(0,0,0,0.7)&#8221; text_shadow_style=&#8221;preset1&#8243; text_shadow_color=&#8221;#000000&#8243; global_colors_info=&#8221;{}&#8221; sticky_transition=&#8221;on&#8221;][\/et_pb_slide][\/et_pb_fullwidth_slider][\/et_pb_section][et_pb_section fb_built=&#8221;1&#8243; module_class=&#8221;seccion corporativo quienes-somos&#8221; _builder_version=&#8221;4.16&#8243; _module_preset=&#8221;default&#8221; background_enable_color=&#8221;off&#8221; global_colors_info=&#8221;{}&#8221;][et_pb_row column_structure=&#8221;2_3,1_3&#8243; _builder_version=&#8221;4.16&#8243; _module_preset=&#8221;default&#8221; global_colors_info=&#8221;{}&#8221;][et_pb_column type=&#8221;2_3&#8243; _builder_version=&#8221;4.16&#8243; _module_preset=&#8221;default&#8221; global_colors_info=&#8221;{}&#8221;][et_pb_post_title meta=&#8221;off&#8221; featured_image=&#8221;off&#8221; _builder_version=&#8221;4.16&#8243; _module_preset=&#8221;default&#8221; global_colors_info=&#8221;{}&#8221;][\/et_pb_post_title][et_pb_text _builder_version=&#8221;4.17.4&#8243; _module_preset=&#8221;default&#8221; hover_enabled=&#8221;0&#8243; global_colors_info=&#8221;{}&#8221; sticky_enabled=&#8221;0&#8243;]<\/p>\n<p>Dall&#8217;inizio del nostro percorso, nel 1984, in MERISTEM abbiamo optato per la sostenibilit\u00e0 come mezzo privilegiato per <strong>contribuire allo sviluppo responsabile dell&#8217;agricoltura<\/strong>. I nostri prodotti, i nostri processi produttivi e la nostra gestione quotidiana seguono principi ai quali rimaniamo fedeli. Pertanto, il nostro impegno per la sostenibilit\u00e0 \u00e8 evidente in tutti i dipartimenti e le attivit\u00e0 dell&#8217;azienda.<\/p>\n<p>Il nostro dipartimento di R&amp;S cerca ogni giorno di ottimizzare e creare <strong>nuovi prodotti rispettosi dell&#8217;ambiente<\/strong>. Attualmente, circa il 12% del nostro catalogo \u00e8 composto da prodotti adatti all&#8217;agricoltura biologica e speriamo di aumentare progressivamente questa cifra nei prossimi anni.<\/p>\n<p>Tutti i rifiuti generati durante la produzione sono gestiti da societ\u00e0 esterne specializzate per <strong>garantire un corretto riciclaggio e ridurre al minimo l&#8217;impatto sull&#8217;ambiente<\/strong>. Il nostro stabilimento produttivo \u00e8 dotato delle attrezzature necessarie per evitare l&#8217;espulsione all&#8217;esterno di gas inquinanti ed \u00e8 costante il nostro investimento in attrezzature basate sull&#8217;energia pulita. Attualmente stiamo lavorando per migliorare il piano di minimizzazione dei rifiuti pericolosi.<\/p>\n<p>Sebbene la sostenibilit\u00e0 debba essere l&#8217;obiettivo di tutti, in MERISTEM crediamo che chi come noi opera in un settore essenziale come l&#8217;agricoltura debba, soprattutto, <strong>ricercare uno sviluppo responsabile, basato sul rispetto dell&#8217;ambiente e del territorio<\/strong>.<\/p>\n<p>[\/et_pb_text][\/et_pb_column][et_pb_column type=&#8221;1_3&#8243; module_class=&#8221;instalaciones&#8221; _builder_version=&#8221;4.16&#8243; _module_preset=&#8221;default&#8221; global_colors_info=&#8221;{}&#8221;][et_pb_text _builder_version=&#8221;4.17.4&#8243; _module_preset=&#8221;default&#8221; global_colors_info=&#8221;{}&#8221;]<\/p>\n<h2>Il nostro impegno per l&#8217;ambiente<\/h2>\n<ul>\n<li>Riciclaggio responsabile dei rifiuti<\/li>\n<li>Razionalizzazione e risparmio dei consumi idrici ed energetici<\/li>\n<li>Riduzione progressiva delle emissioni di gas inquinanti<\/li>\n<li>Investimenti in attrezzature basate sull&#8217;energia pulita<\/li>\n<li>Sviluppo della nostra linea di prodotti biologici<\/li>\n<\/ul>\n<p>[\/et_pb_text][\/et_pb_column][\/et_pb_row][\/et_pb_section]<\/p>\n","protected":false},"excerpt":{"rendered":"<p>Dall&#8217;inizio del nostro percorso, nel 1984, in MERISTEM abbiamo optato per la sostenibilit\u00e0 come mezzo privilegiato per contribuire allo sviluppo responsabile dell&#8217;agricoltura. I nostri prodotti, i nostri processi produttivi e la nostra gestione quotidiana seguono principi ai quali rimaniamo fedeli. Pertanto, il nostro impegno per la sostenibilit\u00e0 \u00e8 evidente in tutti i dipartimenti e le [&hellip;]<\/p>\n","protected":false},"author":2,"featured_media":0,"parent":0,"menu_order":0,"comment_status":"closed","ping_status":"closed","template":"","meta":{"_acf_changed":false,"_et_pb_use_builder":"on","_et_pb_old_content":"","_et_gb_content_width":"","footnotes":""},"class_list":["post-1867","page","type-page","status-publish","hentry"],"acf":[],"_links":{"self":[{"href":"https:\/\/www.meristem.com\/it\/wp-json\/wp\/v2\/pages\/1867","targetHints":{"allow":["GET"]}}],"collection":[{"href":"https:\/\/www.meristem.com\/it\/wp-json\/wp\/v2\/pages"}],"about":[{"href":"https:\/\/www.meristem.com\/it\/wp-json\/wp\/v2\/types\/page"}],"author":[{"embeddable":true,"href":"https:\/\/www.meristem.com\/it\/wp-json\/wp\/v2\/users\/2"}],"replies":[{"embeddable":true,"href":"https:\/\/www.meristem.com\/it\/wp-json\/wp\/v2\/comments?post=1867"}],"version-history":[{"count":3,"href":"https:\/\/www.meristem.com\/it\/wp-json\/wp\/v2\/pages\/1867\/revisions"}],"predecessor-version":[{"id":2758,"href":"https:\/\/www.meristem.com\/it\/wp-json\/wp\/v2\/pages\/1867\/revisions\/2758"}],"wp:attachment":[{"href":"https:\/\/www.meristem.com\/it\/wp-json\/wp\/v2\/media?parent=1867"}],"curies":[{"name":"wp","href":"https:\/\/api.w.org\/{rel}","templated":true}]}}