{"id":1979,"date":"2021-03-31T14:22:02","date_gmt":"2021-03-31T13:22:02","guid":{"rendered":"http:\/\/www.quimicasmeristem.com\/en\/?page_id=1979"},"modified":"2024-06-20T08:05:46","modified_gmt":"2024-06-20T06:05:46","slug":"progetti-di-rs","status":"publish","type":"page","link":"https:\/\/www.meristem.com\/it\/r-s\/progetti-di-rs\/","title":{"rendered":"Progetti di R&#038;S"},"content":{"rendered":"<p>[et_pb_section fb_built=&#8221;1&#8243; fullwidth=&#8221;on&#8221; disabled_on=&#8221;off|off|off&#8221; _builder_version=&#8221;4.16&#8243; _module_preset=&#8221;default&#8221; global_colors_info=&#8221;{}&#8221;][et_pb_fullwidth_slider module_class=&#8221;cabecera&#8221; _builder_version=&#8221;4.16&#8243; _module_preset=&#8221;default&#8221; height=&#8221;400px&#8221; auto=&#8221;on&#8221; auto_ignore_hover=&#8221;on&#8221; hover_transition_duration=&#8221;500ms&#8221; global_colors_info=&#8221;{}&#8221;][et_pb_slide heading=&#8221;Soluzioni innovative per il vostro campo&#8221; _builder_version=&#8221;4.16&#8243; _module_preset=&#8221;default&#8221; header_font=&#8221;|700|||||||&#8221; header_font_size=&#8221;48px&#8221; background_image=&#8221;https:\/\/www.meristem.com\/it\/wp-content\/uploads\/header-laboratorio.jpg&#8221; background_enable_image=&#8221;on&#8221; background_position=&#8221;top_center&#8221; custom_padding=&#8221;20%||||false|false&#8221; header_text_shadow_style=&#8221;preset3&#8243; header_text_shadow_color=&#8221;rgba(0,0,0,0.7)&#8221; text_shadow_style=&#8221;preset3&#8243; text_shadow_color=&#8221;#000000&#8243; global_colors_info=&#8221;{}&#8221; sticky_transition=&#8221;on&#8221;][\/et_pb_slide][et_pb_slide heading=&#8221;Soluzioni innovative per il vostro campo&#8221; _builder_version=&#8221;4.16&#8243; _module_preset=&#8221;default&#8221; header_font=&#8221;|700|||||||&#8221; header_font_size=&#8221;48px&#8221; background_image=&#8221;https:\/\/www.meristem.com\/it\/wp-content\/uploads\/header-pimientos.jpg&#8221; background_enable_image=&#8221;on&#8221; background_position=&#8221;bottom_center&#8221; custom_padding=&#8221;20%||||false|false&#8221; header_text_shadow_style=&#8221;preset3&#8243; header_text_shadow_color=&#8221;rgba(0,0,0,0.7)&#8221; text_shadow_style=&#8221;preset3&#8243; text_shadow_color=&#8221;#000000&#8243; global_colors_info=&#8221;{}&#8221; sticky_transition=&#8221;on&#8221;][\/et_pb_slide][et_pb_slide heading=&#8221;Soluzioni innovative per il vostro campo&#8221; _builder_version=&#8221;4.16&#8243; _module_preset=&#8221;default&#8221; header_font=&#8221;|700|||||||&#8221; header_font_size=&#8221;48px&#8221; background_image=&#8221;https:\/\/www.meristem.com\/it\/wp-content\/uploads\/header-olivos.jpg&#8221; background_enable_image=&#8221;on&#8221; custom_padding=&#8221;20%||||false|false&#8221; header_text_shadow_style=&#8221;preset3&#8243; header_text_shadow_color=&#8221;rgba(0,0,0,0.7)&#8221; text_shadow_style=&#8221;preset3&#8243; text_shadow_color=&#8221;#000000&#8243; global_colors_info=&#8221;{}&#8221; sticky_transition=&#8221;on&#8221;][\/et_pb_slide][et_pb_slide heading=&#8221;Soluzioni innovative per il vostro campo&#8221; _builder_version=&#8221;4.16&#8243; _module_preset=&#8221;default&#8221; header_font=&#8221;|700|||||||&#8221; header_font_size=&#8221;48px&#8221; background_image=&#8221;https:\/\/www.meristem.com\/it\/wp-content\/uploads\/header-almendras.jpg&#8221; background_enable_image=&#8221;on&#8221; background_position=&#8221;bottom_center&#8221; custom_padding=&#8221;20%||||false|false&#8221; header_text_shadow_style=&#8221;preset3&#8243; header_text_shadow_color=&#8221;rgba(0,0,0,0.7)&#8221; text_shadow_style=&#8221;preset1&#8243; text_shadow_color=&#8221;#000000&#8243; global_colors_info=&#8221;{}&#8221; sticky_transition=&#8221;on&#8221;][\/et_pb_slide][\/et_pb_fullwidth_slider][\/et_pb_section][et_pb_section fb_built=&#8221;1&#8243; module_class=&#8221;seccion corporativo i-d-i&#8221; _builder_version=&#8221;4.16&#8243; _module_preset=&#8221;default&#8221; background_enable_color=&#8221;off&#8221; global_colors_info=&#8221;{}&#8221;][et_pb_row column_structure=&#8221;2_3,1_3&#8243; _builder_version=&#8221;4.16&#8243; _module_preset=&#8221;default&#8221; global_colors_info=&#8221;{}&#8221;][et_pb_column type=&#8221;2_3&#8243; _builder_version=&#8221;4.16&#8243; _module_preset=&#8221;default&#8221; global_colors_info=&#8221;{}&#8221;][et_pb_post_title meta=&#8221;off&#8221; featured_image=&#8221;off&#8221; _builder_version=&#8221;4.16&#8243; _module_preset=&#8221;default&#8221; global_colors_info=&#8221;{}&#8221;][\/et_pb_post_title][et_pb_text _builder_version=&#8221;4.25.1&#8243; _module_preset=&#8221;default&#8221; hover_enabled=&#8221;0&#8243; global_colors_info=&#8221;{}&#8221; sticky_enabled=&#8221;0&#8243;]<\/p>\n<p>Consapevoli della necessit\u00e0 di innovare ogni giorno, in MERISTEM portiamo avanti progetti di ricerca il cui obiettivo \u00e8 l&#8217;ottimizzazione e lo sviluppo di nuovi prodotti che soddisfino le esigenze degli agricoltori. I progetti vengono svolti nel nostro dipartimento di R&amp;S, spesso in stretta collaborazione con universit\u00e0 e altri prestigiosi enti del settore. Di seguito dettagliamo alcuni dei nostri progetti pi\u00f9 recenti.<\/p>\n<h4>Composti volatili biostimolanti da applicare in agricoltura<\/h4>\n<p>Questo nuovo progetto finanziato da CDTI punta ad approfondire l\u2019uso di alcuni composti volatili come biostimolanti per le colture. Si tratta di introdurre nelle formulazioni queste molecole, che le piante utilizzano come segnali di stress, per produrre una risposta utile a far aumentare la produttivit\u00e0 delle colture.<\/p>\n<p>Se da un lato queste molecole possono produrre la chiusura degli stomi della pianta, da un punto di vista genetico potrebbero indurre l&#8217;attivazione di geni di fioritura e di resistenza. <\/p>\n<p>L\u2019obiettivo perseguito infine \u00e8 quello di riuscire a gestire l\u2019equilibrio vegetativo produttivo della pianta in base alle esigenze e allo stato della coltura.<\/p>\n<p>Una grande sfida per andare verso un\u2019agricoltura tecnologicamente avanzata e pi\u00f9 redditizia.<\/p>\n<h4>Nuovi biostimolanti all&#8217;avanguardia<\/h4>\n<p>Progetto finanziato da CDTI, il cui obiettivo \u00e8 sviluppare una linea completa di biostimolanti a base di un composto volatile che le piante producono naturalmente.<\/p>\n<p>Il progetto nasce da una collaborazione con l&#8217;UPV e si propone di indagare le modalit\u00e0 di azione di questo composto utilizzando tecniche di trascrittomica e metabolomica.<\/p>\n<p>Sulla base di queste conoscenze, l&#8217;obiettivo \u00e8 quello di generare biostimolanti in grado di:<\/p>\n<ul>\n<li>Aumenta la produttivit\u00e0 delle colture.<\/li>\n<li>Aumenta la resistenza agli stress abiotici.<\/li>\n<li>Migliorare la qualit\u00e0 della produzione: colore, propriet\u00e0 organolettiche, propriet\u00e0 nutritive, ecc.<\/li>\n<\/ul>\n<p>Il composto, gi\u00e0 brevettato, potrebbe rappresentare una svolta e una novit\u00e0 assoluta nel mondo dei biostimolanti.<\/p>\n<h4>Sviluppo di un prodotto biofertilizzante per applicazione al suolo, a base di batteri azotofissatori<\/h4>\n<p>Progetto il cui obiettivo \u00e8 sviluppare una formulazione a base di batteri che fissano l&#8217;azoto atmosferico, al fine di ampliare le linee di prodotti microbiologici di Meristem.<\/p>\n<p>L&#8217;obiettivo di questi prodotti \u00e8 limitare l&#8217;impatto dell&#8217;agricoltura sull&#8217;ambiente, poich\u00e9 il loro impiego potrebbe consentire di ridurre i fertilizzanti azotati di origine chimica tra il 60% e il 70%, senza ridurre la resa o la qualit\u00e0 del raccolto.<\/p>\n<p>La formulazione \u00e8 gi\u00e0 in fase di sperimentazione sul campo per determinarne l&#8217;efficacia.<\/p>\n<h4>Attivatore biostimolante delle vie metaboliche legate alla maturazione e alla pigmentazione dei frutti<\/h4>\n<p>Progetto sviluppato per ottenere prodotti che migliorino la colorazione dei frutti, alternativi ai pi\u00f9 utilizzati prodotti ormonali.<\/p>\n<p>Per raggiungere l&#8217;obiettivo dichiarato sono state utilizzate tecniche all&#8217;avanguardia, come l&#8217;analisi dell&#8217;espressione genica, e sono state effettuate prove in campo su pi\u00f9 colture, che hanno finalmente permesso di lanciare sul mercato il prodotto Stimax Color.<\/p>\n<h4>Agente microbico per il controllo dei patogeni in diverse colture<\/h4>\n<p>L&#8217;obiettivo di questo progetto \u00e8 stato quello di sviluppare una formulazione fitosanitaria basata sul nostro ceppo di Bacillus subtilis, utile per ridurre i danni causati da diverse malattie in diverse colture. Questo tipo di batteri garantisce un controllo efficace e non lascia residui sulle piante, contribuendo cos\u00ec al rispetto dell&#8217;ambiente.<\/p>\n<p>Attraverso questo progetto \u00e8 stato possibile ottimizzare la formulazione, al fine di ottenere la massima efficacia del nostro agente microbico.<\/p>\n<p>I test effettuati in campo hanno permesso di validare la funzionalit\u00e0 del prodotto a diversi dosaggi e con colture di diverso tipo.<\/p>\n<p>[\/et_pb_text][\/et_pb_column][et_pb_column type=&#8221;1_3&#8243; module_class=&#8221;i-d-i-img&#8221; _builder_version=&#8221;4.16&#8243; _module_preset=&#8221;default&#8221; global_colors_info=&#8221;{}&#8221;][et_pb_text _builder_version=&#8221;4.16&#8243; _module_preset=&#8221;default&#8221; global_colors_info=&#8221;{}&#8221;]<\/p>\n<p><img loading=\"lazy\" decoding=\"async\" class=\"wp-image-1996 alignnone size-full\" src=\"https:\/\/www.meristem.com\/it\/wp-content\/uploads\/i-d-i-proyectos-03.jpg\" alt=\"\" width=\"720\" height=\"480\" srcset=\"https:\/\/www.meristem.com\/it\/wp-content\/uploads\/i-d-i-proyectos-03.jpg 720w, https:\/\/www.meristem.com\/it\/wp-content\/uploads\/i-d-i-proyectos-03-480x320.jpg 480w\" sizes=\"(min-width: 0px) and (max-width: 480px) 480px, (min-width: 481px) 720px, 100vw\" \/><\/p>\n<p><img loading=\"lazy\" decoding=\"async\" class=\"wp-image-1995 alignnone size-full\" src=\"https:\/\/www.meristem.com\/it\/wp-content\/uploads\/i-d-i-proyectos-02.jpg\" alt=\"\" width=\"720\" height=\"480\" srcset=\"https:\/\/www.meristem.com\/it\/wp-content\/uploads\/i-d-i-proyectos-02.jpg 720w, https:\/\/www.meristem.com\/it\/wp-content\/uploads\/i-d-i-proyectos-02-480x320.jpg 480w\" sizes=\"(min-width: 0px) and (max-width: 480px) 480px, (min-width: 481px) 720px, 100vw\" \/><\/p>\n<p><img loading=\"lazy\" decoding=\"async\" class=\"wp-image-1994 alignnone size-full\" src=\"https:\/\/www.meristem.com\/it\/wp-content\/uploads\/i-d-i-proyectos-01.jpg\" alt=\"\" width=\"720\" height=\"480\" srcset=\"https:\/\/www.meristem.com\/it\/wp-content\/uploads\/i-d-i-proyectos-01.jpg 720w, https:\/\/www.meristem.com\/it\/wp-content\/uploads\/i-d-i-proyectos-01-480x320.jpg 480w\" sizes=\"(min-width: 0px) and (max-width: 480px) 480px, (min-width: 481px) 720px, 100vw\" \/><\/p>\n<p><img loading=\"lazy\" decoding=\"async\" class=\"wp-image-1997 alignnone size-full\" src=\"https:\/\/www.meristem.com\/it\/wp-content\/uploads\/i-d-i-proyectos-04.jpg\" alt=\"\" width=\"720\" height=\"480\" srcset=\"https:\/\/www.meristem.com\/it\/wp-content\/uploads\/i-d-i-proyectos-04.jpg 720w, https:\/\/www.meristem.com\/it\/wp-content\/uploads\/i-d-i-proyectos-04-480x320.jpg 480w\" sizes=\"(min-width: 0px) and (max-width: 480px) 480px, (min-width: 481px) 720px, 100vw\" \/><\/p>\n<p>[\/et_pb_text][\/et_pb_column][\/et_pb_row][\/et_pb_section]<\/p>\n","protected":false},"excerpt":{"rendered":"<p>Consapevoli della necessit\u00e0 di innovare ogni giorno, in MERISTEM portiamo avanti progetti di ricerca il cui obiettivo \u00e8 l&#8217;ottimizzazione e lo sviluppo di nuovi prodotti che soddisfino le esigenze degli agricoltori. I progetti vengono svolti nel nostro dipartimento di R&amp;S, spesso in stretta collaborazione con universit\u00e0 e altri prestigiosi enti del settore. Di seguito dettagliamo [&hellip;]<\/p>\n","protected":false},"author":2,"featured_media":0,"parent":1877,"menu_order":0,"comment_status":"closed","ping_status":"closed","template":"","meta":{"_acf_changed":false,"_et_pb_use_builder":"on","_et_pb_old_content":"","_et_gb_content_width":"","footnotes":""},"class_list":["post-1979","page","type-page","status-publish","hentry"],"acf":[],"_links":{"self":[{"href":"https:\/\/www.meristem.com\/it\/wp-json\/wp\/v2\/pages\/1979","targetHints":{"allow":["GET"]}}],"collection":[{"href":"https:\/\/www.meristem.com\/it\/wp-json\/wp\/v2\/pages"}],"about":[{"href":"https:\/\/www.meristem.com\/it\/wp-json\/wp\/v2\/types\/page"}],"author":[{"embeddable":true,"href":"https:\/\/www.meristem.com\/it\/wp-json\/wp\/v2\/users\/2"}],"replies":[{"embeddable":true,"href":"https:\/\/www.meristem.com\/it\/wp-json\/wp\/v2\/comments?post=1979"}],"version-history":[{"count":3,"href":"https:\/\/www.meristem.com\/it\/wp-json\/wp\/v2\/pages\/1979\/revisions"}],"predecessor-version":[{"id":3001,"href":"https:\/\/www.meristem.com\/it\/wp-json\/wp\/v2\/pages\/1979\/revisions\/3001"}],"up":[{"embeddable":true,"href":"https:\/\/www.meristem.com\/it\/wp-json\/wp\/v2\/pages\/1877"}],"wp:attachment":[{"href":"https:\/\/www.meristem.com\/it\/wp-json\/wp\/v2\/media?parent=1979"}],"curies":[{"name":"wp","href":"https:\/\/api.w.org\/{rel}","templated":true}]}}