{"id":431,"date":"2020-12-07T09:38:35","date_gmt":"2020-12-07T08:38:35","guid":{"rendered":"http:\/\/www.quimicasmeristem.com\/en\/?page_id=431"},"modified":"2025-06-06T12:42:27","modified_gmt":"2025-06-06T10:42:27","slug":"nota-legale","status":"publish","type":"page","link":"https:\/\/www.meristem.com\/it\/nota-legale\/","title":{"rendered":"Nota legale"},"content":{"rendered":"<p>[et_pb_section fb_built=&#8221;1&#8243; fullwidth=&#8221;on&#8221; disabled_on=&#8221;off|off|off&#8221; _builder_version=&#8221;4.16&#8243; _module_preset=&#8221;default&#8221; global_colors_info=&#8221;{}&#8221;][et_pb_fullwidth_slider module_class=&#8221;cabecera&#8221; _builder_version=&#8221;4.16&#8243; _module_preset=&#8221;default&#8221; height=&#8221;400px&#8221; auto=&#8221;on&#8221; auto_ignore_hover=&#8221;on&#8221; hover_transition_duration=&#8221;500ms&#8221; global_colors_info=&#8221;{}&#8221;][et_pb_slide heading=&#8221;Soluzioni innovative per il vostro campo&#8221; _builder_version=&#8221;4.16&#8243; _module_preset=&#8221;default&#8221; header_font=&#8221;|700|||||||&#8221; header_font_size=&#8221;48px&#8221; background_image=&#8221;https:\/\/www.meristem.com\/it\/wp-content\/uploads\/header-pulverizacion.jpg&#8221; background_enable_image=&#8221;on&#8221; background_position=&#8221;top_center&#8221; custom_padding=&#8221;20%||||false|false&#8221; header_text_shadow_style=&#8221;preset3&#8243; header_text_shadow_color=&#8221;rgba(0,0,0,0.7)&#8221; text_shadow_style=&#8221;preset3&#8243; text_shadow_color=&#8221;#000000&#8243; global_colors_info=&#8221;{}&#8221; sticky_transition=&#8221;on&#8221;][\/et_pb_slide][et_pb_slide heading=&#8221;Soluzioni innovative per il vostro campo&#8221; _builder_version=&#8221;4.16&#8243; _module_preset=&#8221;default&#8221; header_font=&#8221;|700|||||||&#8221; header_font_size=&#8221;48px&#8221; background_image=&#8221;https:\/\/www.meristem.com\/it\/wp-content\/uploads\/header-tecnico.jpg&#8221; background_enable_image=&#8221;on&#8221; background_position=&#8221;top_center&#8221; custom_padding=&#8221;20%||||false|false&#8221; header_text_shadow_style=&#8221;preset3&#8243; header_text_shadow_color=&#8221;rgba(0,0,0,0.7)&#8221; text_shadow_style=&#8221;preset3&#8243; text_shadow_color=&#8221;#000000&#8243; global_colors_info=&#8221;{}&#8221; sticky_transition=&#8221;on&#8221;][\/et_pb_slide][et_pb_slide heading=&#8221;Soluzioni innovative per il vostro campo&#8221; _builder_version=&#8221;4.16&#8243; _module_preset=&#8221;default&#8221; header_font=&#8221;|700|||||||&#8221; header_font_size=&#8221;48px&#8221; background_image=&#8221;https:\/\/www.meristem.com\/it\/wp-content\/uploads\/header-cenital.jpg&#8221; background_enable_image=&#8221;on&#8221; custom_padding=&#8221;20%||||false|false&#8221; header_text_shadow_style=&#8221;preset3&#8243; header_text_shadow_color=&#8221;rgba(0,0,0,0.7)&#8221; text_shadow_style=&#8221;preset3&#8243; text_shadow_color=&#8221;#000000&#8243; global_colors_info=&#8221;{}&#8221; sticky_transition=&#8221;on&#8221;][\/et_pb_slide][et_pb_slide heading=&#8221;Soluzioni innovative per il vostro campo&#8221; _builder_version=&#8221;4.16&#8243; _module_preset=&#8221;default&#8221; header_font=&#8221;|700|||||||&#8221; header_font_size=&#8221;48px&#8221; background_image=&#8221;https:\/\/www.meristem.com\/it\/wp-content\/uploads\/header-vinedo.jpg&#8221; background_enable_image=&#8221;on&#8221; background_position=&#8221;top_center&#8221; custom_padding=&#8221;20%||||false|false&#8221; header_text_shadow_style=&#8221;preset3&#8243; header_text_shadow_color=&#8221;rgba(0,0,0,0.7)&#8221; text_shadow_style=&#8221;preset1&#8243; text_shadow_color=&#8221;#000000&#8243; global_colors_info=&#8221;{}&#8221; sticky_transition=&#8221;on&#8221;][\/et_pb_slide][\/et_pb_fullwidth_slider][\/et_pb_section][et_pb_section fb_built=&#8221;1&#8243; module_class=&#8221;seccion legal&#8221; _builder_version=&#8221;4.16&#8243; _module_preset=&#8221;default&#8221; background_enable_color=&#8221;off&#8221; global_colors_info=&#8221;{}&#8221;][et_pb_row _builder_version=&#8221;4.16&#8243; _module_preset=&#8221;default&#8221; global_colors_info=&#8221;{}&#8221;][et_pb_column type=&#8221;4_4&#8243; _builder_version=&#8221;4.16&#8243; _module_preset=&#8221;default&#8221; global_colors_info=&#8221;{}&#8221;][et_pb_post_title meta=&#8221;off&#8221; featured_image=&#8221;off&#8221; _builder_version=&#8221;4.16&#8243; _module_preset=&#8221;default&#8221; global_colors_info=&#8221;{}&#8221;][\/et_pb_post_title][et_pb_text _builder_version=&#8221;4.27.4&#8243; _module_preset=&#8221;default&#8221; hover_enabled=&#8221;0&#8243; global_colors_info=&#8221;{}&#8221; sticky_enabled=&#8221;0&#8243;]<\/p>\n<p style=\"font-weight: 400;\">Benvenuti sul nostro sito web. Utilizzandolo, si accettano i seguenti termini e condizioni tra <strong>QU\u00cdMICAS MERISTEM S.L.<\/strong> e l&#8217;utente.<\/p>\n<h2>1.\u00a0<span lang=\"IT\">Identificazione del prestatore di servizi di informazione<\/span><\/h2>\n<p style=\"font-weight: 400;\">Ai sensi dell&#8217;articolo 10 della legge 34\/2002 sui servizi della societ\u00e0 d&#8217;informazione e del commercio elettronico, QU\u00cdMICAS MERISTEM S.L., di seguito MERISTEM, con numero di identificazione della societ\u00e0 (CIF) B 46218616, domiciliato in Ctra. Moncada N\u00e1quera Km 1, 7 Apartado de Correos 30, CP 46113, Moncada (Valencia), informa che questa societ\u00e0 \u00e8 iscritta nel Registro Mercantile di Valencia nel Volume 4624, Libro 1934, Folio 24, Sezione 8, Pagina V-28756 e che la sua attivit\u00e0 ufficiale \u00e8 la produzione e commercializzazione di prodotti chimici.<\/p>\n<p style=\"font-weight: 400;\">MERISTEM pu\u00f2 essere contattato telefonicamente al 3496.139.45.11 e via email a <a href=\"mailto:info@meristem.com\">info@meristem.com<\/a>.<\/p>\n<p style=\"font-weight: 400;\">MERISTEM possiede sia il nome del dominio che il sito web a cui si accede tramite l&#8217;indirizzo www.meristem.com.<\/p>\n<h2>2. <span lang=\"IT\">Propriet\u00e0 intellettuale e industriale<\/span><\/h2>\n<div><span lang=\"IT\">Tutti i contenuti del sito web www.meristem.com, comprese fotografie, immagini, disegni, testi, audio, video, software, loghi e design, sono protetti dalle norme applicabili alla propriet\u00e0 intellettuale e industriale, ed in particolare dal regio decreto-legge 1\/96 di approvazione del Testo Rivisto della Legge sulla Propriet\u00e0 Intellettuale e dalla Legge 17\/2001 sui Marchi. MERISTEM \u00e8 titolare di numerosi marchi, riferiti sia all&#8217;azienda stessa che ai suoi prodotti. I diritti sui contenuti appartengono a MERISTEM o, in alcuni casi, a terzi.<\/span><\/div>\n<p style=\"font-weight: 400;\">In nessun caso l&#8217;accesso al nostro sito d\u00e0 diritto all&#8217;assegnazione, al trasferimento o a qualsiasi altro tipo di rinuncia, in tutto o in parte, dei diritti di propriet\u00e0 intellettuale o industriale legati al sito. L&#8217;utente non deve rimuovere, alterare o manipolare alcun dispositivo di protezione o sistema di sicurezza eventualmente installato sul sito.<\/p>\n<h2>3. <span lang=\"IT\">Informazioni sulla privacy<\/span><\/h2>\n<p style=\"font-weight: 400;\">QU\u00cdMICAS MERISTEM S.L. \u00e8 responsabile del trattamento dei dati personali forniti dagli utenti. Per ulteriori dettagli, consultare la nostra politica sulla privacy.<\/p>\n<h2>4. <span lang=\"IT\">Condizioni d&#8217;uso e informazioni fornite<\/span><\/h2>\n<p style=\"font-weight: 400;\">L&#8217;utente si impegna a utilizzare questo sito web in conformit\u00e0 con la legge, le presenti note legali, i regolamenti e le istruzioni qui messe a disposizione, e in conformit\u00e0 con la morale e le norme generalmente accettate e con le regole inerenti all&#8217;ordine pubblico.<\/p>\n<p style=\"font-weight: 400;\">I contenuti dei prodotti dichiarati in questo sito Web, relativi ai prodotti nel catalogo nutrizionale di MERISTEM, si basano sulle normative applicabili al Regno di Spagna. I prodotti possono essere riformulati (adattati) per soddisfare le normative vigenti negli altri paesi in cui sono commercializzati, l&#8217;azienda declina ogni responsabilit\u00e0 al riguardo, se il paese in cui viene utilizzato finalmente il prodotto non \u00e8 preventivamente indicato dall&#8217;utilizzatore.<\/p>\n<h2>5. <span lang=\"IT\">Limitazione di responsabilit\u00e0<\/span><\/h2>\n<p style=\"font-weight: 400;\">Questo sito Web non fornisce alcuna garanzia di alcun tipo. MERISTEM non garantisce che le sue pagine web saranno sempre disponibili, non essendo responsabile dell&#8217;interruzione, inaccessibilit\u00e0 o indisponibilit\u00e0 di reti, server, satelliti, fornitori di servizi Internet o siti web, o altri problemi di connessione, disponibilit\u00e0 o accessibilit\u00e0 relativi a l&#8217;utilizzo del sito web. MERISTEM non si assume alcuna responsabilit\u00e0 per eventuali danni diretti o indiretti derivanti dall&#8217;uso del sito Web, inclusi danni ai sistemi informatici che interessano l&#8217;utente o terzi, n\u00e9 garantisce l&#8217;assenza di virus o altri elementi dannosi.<\/p>\n<h2>6. <span lang=\"IT\">Foro competente<\/span><\/h2>\n<div><span lang=\"IT\">Queste condizioni e le relazioni stabilite tra l&#8217;utente e MERISTEM sono regolate dalla legge spagnola e sono soggette alla giurisdizione spagnola.<\/span><\/div>\n<div>\u00a0<\/div>\n<div><strong>QUIMICAS MERISTEM S.L<\/strong><\/div>\n<p>[\/et_pb_text][\/et_pb_column][\/et_pb_row][\/et_pb_section]<\/p>\n","protected":false},"excerpt":{"rendered":"<p>Benvenuti sul nostro sito web. Utilizzandolo, si accettano i seguenti termini e condizioni tra QU\u00cdMICAS MERISTEM S.L. e l&#8217;utente. 1.\u00a0Identificazione del prestatore di servizi di informazione Ai sensi dell&#8217;articolo 10 della legge 34\/2002 sui servizi della societ\u00e0 d&#8217;informazione e del commercio elettronico, QU\u00cdMICAS MERISTEM S.L., di seguito MERISTEM, con numero di identificazione della societ\u00e0 (CIF) [&hellip;]<\/p>\n","protected":false},"author":2,"featured_media":0,"parent":0,"menu_order":0,"comment_status":"closed","ping_status":"closed","template":"","meta":{"_acf_changed":false,"_et_pb_use_builder":"on","_et_pb_old_content":"","_et_gb_content_width":"","footnotes":""},"class_list":["post-431","page","type-page","status-publish","hentry"],"acf":[],"_links":{"self":[{"href":"https:\/\/www.meristem.com\/it\/wp-json\/wp\/v2\/pages\/431","targetHints":{"allow":["GET"]}}],"collection":[{"href":"https:\/\/www.meristem.com\/it\/wp-json\/wp\/v2\/pages"}],"about":[{"href":"https:\/\/www.meristem.com\/it\/wp-json\/wp\/v2\/types\/page"}],"author":[{"embeddable":true,"href":"https:\/\/www.meristem.com\/it\/wp-json\/wp\/v2\/users\/2"}],"replies":[{"embeddable":true,"href":"https:\/\/www.meristem.com\/it\/wp-json\/wp\/v2\/comments?post=431"}],"version-history":[{"count":1,"href":"https:\/\/www.meristem.com\/it\/wp-json\/wp\/v2\/pages\/431\/revisions"}],"predecessor-version":[{"id":3043,"href":"https:\/\/www.meristem.com\/it\/wp-json\/wp\/v2\/pages\/431\/revisions\/3043"}],"wp:attachment":[{"href":"https:\/\/www.meristem.com\/it\/wp-json\/wp\/v2\/media?parent=431"}],"curies":[{"name":"wp","href":"https:\/\/api.w.org\/{rel}","templated":true}]}}