{"id":444,"date":"2020-12-07T09:43:30","date_gmt":"2020-12-07T08:43:30","guid":{"rendered":"http:\/\/www.quimicasmeristem.com\/en\/?page_id=444"},"modified":"2022-06-28T12:36:33","modified_gmt":"2022-06-28T10:36:33","slug":"politica-della-privacy","status":"publish","type":"page","link":"https:\/\/www.meristem.com\/it\/politica-della-privacy\/","title":{"rendered":"Politica della privacy"},"content":{"rendered":"<p>[et_pb_section fb_built=&#8221;1&#8243; fullwidth=&#8221;on&#8221; disabled_on=&#8221;off|off|off&#8221; _builder_version=&#8221;4.16&#8243; _module_preset=&#8221;default&#8221; global_colors_info=&#8221;{}&#8221;][et_pb_fullwidth_slider module_class=&#8221;cabecera&#8221; _builder_version=&#8221;4.16&#8243; _module_preset=&#8221;default&#8221; height=&#8221;400px&#8221; auto=&#8221;on&#8221; auto_ignore_hover=&#8221;on&#8221; hover_transition_duration=&#8221;500ms&#8221; global_colors_info=&#8221;{}&#8221;][et_pb_slide heading=&#8221;Soluzioni innovative per il vostro campo&#8221; _builder_version=&#8221;4.16&#8243; _module_preset=&#8221;default&#8221; header_font=&#8221;|700|||||||&#8221; header_font_size=&#8221;48px&#8221; background_image=&#8221;https:\/\/www.meristem.com\/it\/wp-content\/uploads\/header-pulverizacion.jpg&#8221; background_enable_image=&#8221;on&#8221; background_position=&#8221;top_center&#8221; custom_padding=&#8221;20%||||false|false&#8221; header_text_shadow_style=&#8221;preset3&#8243; header_text_shadow_color=&#8221;rgba(0,0,0,0.7)&#8221; text_shadow_style=&#8221;preset3&#8243; text_shadow_color=&#8221;#000000&#8243; global_colors_info=&#8221;{}&#8221; sticky_transition=&#8221;on&#8221;][\/et_pb_slide][et_pb_slide heading=&#8221;Soluzioni innovative per il vostro campo&#8221; _builder_version=&#8221;4.16&#8243; _module_preset=&#8221;default&#8221; header_font=&#8221;|700|||||||&#8221; header_font_size=&#8221;48px&#8221; background_image=&#8221;https:\/\/www.meristem.com\/it\/wp-content\/uploads\/header-tecnico.jpg&#8221; background_enable_image=&#8221;on&#8221; background_position=&#8221;top_center&#8221; custom_padding=&#8221;20%||||false|false&#8221; header_text_shadow_style=&#8221;preset3&#8243; header_text_shadow_color=&#8221;rgba(0,0,0,0.7)&#8221; text_shadow_style=&#8221;preset3&#8243; text_shadow_color=&#8221;#000000&#8243; global_colors_info=&#8221;{}&#8221; sticky_transition=&#8221;on&#8221;][\/et_pb_slide][et_pb_slide heading=&#8221;Soluzioni innovative per il vostro campo&#8221; _builder_version=&#8221;4.16&#8243; _module_preset=&#8221;default&#8221; header_font=&#8221;|700|||||||&#8221; header_font_size=&#8221;48px&#8221; background_image=&#8221;https:\/\/www.meristem.com\/it\/wp-content\/uploads\/header-cenital.jpg&#8221; background_enable_image=&#8221;on&#8221; custom_padding=&#8221;20%||||false|false&#8221; header_text_shadow_style=&#8221;preset3&#8243; header_text_shadow_color=&#8221;rgba(0,0,0,0.7)&#8221; text_shadow_style=&#8221;preset3&#8243; text_shadow_color=&#8221;#000000&#8243; global_colors_info=&#8221;{}&#8221; sticky_transition=&#8221;on&#8221;][\/et_pb_slide][et_pb_slide heading=&#8221;Soluzioni innovative per il vostro campo&#8221; _builder_version=&#8221;4.16&#8243; _module_preset=&#8221;default&#8221; header_font=&#8221;|700|||||||&#8221; header_font_size=&#8221;48px&#8221; background_image=&#8221;https:\/\/www.meristem.com\/it\/wp-content\/uploads\/header-vinedo.jpg&#8221; background_enable_image=&#8221;on&#8221; background_position=&#8221;top_center&#8221; custom_padding=&#8221;20%||||false|false&#8221; header_text_shadow_style=&#8221;preset3&#8243; header_text_shadow_color=&#8221;rgba(0,0,0,0.7)&#8221; text_shadow_style=&#8221;preset1&#8243; text_shadow_color=&#8221;#000000&#8243; global_colors_info=&#8221;{}&#8221; sticky_transition=&#8221;on&#8221;][\/et_pb_slide][\/et_pb_fullwidth_slider][\/et_pb_section][et_pb_section fb_built=&#8221;1&#8243; module_class=&#8221;seccion legal&#8221; _builder_version=&#8221;4.16&#8243; _module_preset=&#8221;default&#8221; background_enable_color=&#8221;off&#8221; global_colors_info=&#8221;{}&#8221;][et_pb_row _builder_version=&#8221;4.16&#8243; _module_preset=&#8221;default&#8221; global_colors_info=&#8221;{}&#8221;][et_pb_column type=&#8221;4_4&#8243; _builder_version=&#8221;4.16&#8243; _module_preset=&#8221;default&#8221; global_colors_info=&#8221;{}&#8221;][et_pb_post_title meta=&#8221;off&#8221; featured_image=&#8221;off&#8221; _builder_version=&#8221;4.16&#8243; _module_preset=&#8221;default&#8221; global_colors_info=&#8221;{}&#8221;][\/et_pb_post_title][et_pb_text _builder_version=&#8221;4.17.4&#8243; _module_preset=&#8221;default&#8221; global_colors_info=&#8221;{}&#8221;]<\/p>\n<h2>1. <span lang=\"IT\">Identit\u00e0 e indirizzo del responsabile del file in cui sono conservati i tuoi dati<\/span><\/h2>\n<div><span lang=\"IT\"><\/span><\/div>\n<div><span lang=\"IT\"><\/span><\/div>\n<div><\/div>\n<p style=\"font-weight: 400;\">In base alle norme applicabili sulla protezione dei dati personali, <strong>QU\u00cdMICAS MERISTEM SL<\/strong> (di seguito, il File Manager) ti informa che in caso di contatto per ricevere informazioni sui nostri prodotti, \u00e9 possibile che si richiedano determinati dati personali, che verranno elaborati automaticamente e incorporati nel corrispondente file misto, che sar\u00e0 stato precedentemente registrato presso l&#8217;Agenzia spagnola per la protezione dei dati.<\/p>\n<h2>2. <span lang=\"IT\">Finalit\u00e0 del trattamento dei dati<\/span><\/h2>\n<div><\/div>\n<p style=\"font-weight: 400;\">Lo scopo della raccolta e del trattamento dei dati personali \u00e8 quello di fornire le informazioni richieste sui nostri prodotti. Cos\u00ec facendo, si accetta che i dati possano essere trattati con questo fine specifico e non per altri scopi. Il modulo di contatto non ha lo scopo di facilitare l&#8217;invio di CV.<\/p>\n<h2>3. <span lang=\"IT\">Diritti di accesso, rettifica, cancellazione e opposizione<\/span><\/h2>\n<div><\/div>\n<p style=\"font-weight: 400;\">Il File Manager ti informa che tu in quanto titolare dei dati l\u2019utente ha sempre il diritto di accedere al file e di esercitare i suoi diritti di accesso, rettifica, cancellazione e opposizione nei termini stabiliti dalla corrispondente normativa sulla protezione dei dati. A tal fine, \u00e8 sufficiente inviare una richiesta scritta e firmata a QU\u00cdMICAS MERISTEM S.L. al seguente indirizzo Ctra. Moncada N\u00e1quera Km 1.7, Apartado de Correos 30, 46113 C.P, Moncada (Valencia) o via e-mail a info@meristem.com, unitamente a scansione o fotocopia della carta d&#8217;identit\u00e0.<\/p>\n<h2><span lang=\"IT\">Trasferimento dati<\/span><\/h2>\n<div><\/div>\n<p style=\"font-weight: 400;\">Il File Manager informa che i dati personali non saranno ceduti a terzi. Qualora tale divulgazione fosse necessaria, verrebbe richiesto il consenso e si informar\u00e0 l\u2019utente dell&#8217;identit\u00e0 del terzo a cui i dati devono essere trasferiti, dell&#8217;uso che se ne far\u00e0 e della finalit\u00e0 del trasferimento. I dati saranno trattati con assoluta riservatezza. In ogni caso, il consenso al trattamento ed al conferimento dei dati potr\u00e0 essere revocato previa richiesta all&#8217;indirizzo sopra indicato.<\/p>\n<h2>5. <span lang=\"IT\">Misure di sicurezza<\/span><\/h2>\n<div><\/div>\n<p style=\"font-weight: 400;\">Il File Manager ha adottato le misure di sicurezza previste dalla legge per i propri impianti, sistemi e archivi, in conformit\u00e0 a quanto previsto dal Regio Decreto 1720\/2007 del 21 dicembre, di approvazione del Regolamento di attuazione della Legge 15\/1999, in materia di riservatezza delle informazioni fornite. Inoltre, il File Manager garantisce la riservatezza dei dati personali, sebbene queste e qualsiasi altra informazione posseduta o accessibile attraverso i nostri sistemi che sia richiesta dalle leggi e dai regolamenti applicabili sar\u00e0 fornita alle autorit\u00e0 pubbliche competenti.<\/p>\n<h2>6. <span lang=\"IT\">Qualit\u00e0 dei dati<\/span><\/h2>\n<div><\/div>\n<p style=\"font-weight: 400;\">Il File Manager avr\u00e0 cura di mantenere la qualit\u00e0 dei dati da forniti, assicurando che siano adeguati, pertinenti e non eccedenti rispetto alla legittima finalit\u00e0 del trattamento dei dati. In ogni caso, l&#8217;utente \u00e8 responsabile della veridicit\u00e0, esattezza, validit\u00e0 e autenticit\u00e0 dei dati personali forniti e si impegna a mantenerli aggiornati.<\/p>\n<p style=\"font-weight: 400;\"><span lang=\"IT\">Se la nostra politica sulla protezione dei dati deve cambiare in seguito di modifiche della legislazione applicabile o dei criteri applicati dall&#8217;Agenzia per la protezione dei dati, l&#8217;utente sar\u00e0 debitamente informato di eventuali modifiche che potrebbero essere introdotte per conformarsi a tali requisiti.<\/span><\/p>\n<div><\/div>\n<p>[\/et_pb_text][\/et_pb_column][\/et_pb_row][\/et_pb_section]<\/p>\n","protected":false},"excerpt":{"rendered":"<p>1. Identit\u00e0 e indirizzo del responsabile del file in cui sono conservati i tuoi dati In base alle norme applicabili sulla protezione dei dati personali, QU\u00cdMICAS MERISTEM SL (di seguito, il File Manager) ti informa che in caso di contatto per ricevere informazioni sui nostri prodotti, \u00e9 possibile che si richiedano determinati dati personali, che [&hellip;]<\/p>\n","protected":false},"author":2,"featured_media":0,"parent":0,"menu_order":0,"comment_status":"closed","ping_status":"closed","template":"","meta":{"_acf_changed":false,"_et_pb_use_builder":"on","_et_pb_old_content":"","_et_gb_content_width":"","footnotes":""},"class_list":["post-444","page","type-page","status-publish","hentry"],"acf":[],"_links":{"self":[{"href":"https:\/\/www.meristem.com\/it\/wp-json\/wp\/v2\/pages\/444","targetHints":{"allow":["GET"]}}],"collection":[{"href":"https:\/\/www.meristem.com\/it\/wp-json\/wp\/v2\/pages"}],"about":[{"href":"https:\/\/www.meristem.com\/it\/wp-json\/wp\/v2\/types\/page"}],"author":[{"embeddable":true,"href":"https:\/\/www.meristem.com\/it\/wp-json\/wp\/v2\/users\/2"}],"replies":[{"embeddable":true,"href":"https:\/\/www.meristem.com\/it\/wp-json\/wp\/v2\/comments?post=444"}],"version-history":[{"count":0,"href":"https:\/\/www.meristem.com\/it\/wp-json\/wp\/v2\/pages\/444\/revisions"}],"wp:attachment":[{"href":"https:\/\/www.meristem.com\/it\/wp-json\/wp\/v2\/media?parent=444"}],"curies":[{"name":"wp","href":"https:\/\/api.w.org\/{rel}","templated":true}]}}