{"id":454,"date":"2020-12-07T09:45:27","date_gmt":"2020-12-07T08:45:27","guid":{"rendered":"http:\/\/www.quimicasmeristem.com\/en\/?page_id=454"},"modified":"2022-06-28T16:49:58","modified_gmt":"2022-06-28T14:49:58","slug":"politica-di-qualita","status":"publish","type":"page","link":"https:\/\/www.meristem.com\/it\/politica-di-qualita\/","title":{"rendered":"Politica di qualit\u00e0"},"content":{"rendered":"<p>[et_pb_section fb_built=&#8221;1&#8243; fullwidth=&#8221;on&#8221; disabled_on=&#8221;off|off|off&#8221; _builder_version=&#8221;4.16&#8243; _module_preset=&#8221;default&#8221; global_colors_info=&#8221;{}&#8221;][et_pb_fullwidth_slider module_class=&#8221;cabecera&#8221; _builder_version=&#8221;4.16&#8243; _module_preset=&#8221;default&#8221; height=&#8221;400px&#8221; auto=&#8221;on&#8221; auto_ignore_hover=&#8221;on&#8221; hover_transition_duration=&#8221;500ms&#8221; global_colors_info=&#8221;{}&#8221;][et_pb_slide heading=&#8221;Soluzioni innovative per il vostro campo&#8221; _builder_version=&#8221;4.16&#8243; _module_preset=&#8221;default&#8221; header_font=&#8221;|700|||||||&#8221; header_font_size=&#8221;48px&#8221; background_image=&#8221;https:\/\/www.meristem.com\/it\/wp-content\/uploads\/header-pulverizacion.jpg&#8221; background_enable_image=&#8221;on&#8221; background_position=&#8221;top_center&#8221; custom_padding=&#8221;20%||||false|false&#8221; header_text_shadow_style=&#8221;preset3&#8243; header_text_shadow_color=&#8221;rgba(0,0,0,0.7)&#8221; text_shadow_style=&#8221;preset3&#8243; text_shadow_color=&#8221;#000000&#8243; global_colors_info=&#8221;{}&#8221; sticky_transition=&#8221;on&#8221;][\/et_pb_slide][et_pb_slide heading=&#8221;Soluzioni innovative per il vostro campo&#8221; _builder_version=&#8221;4.16&#8243; _module_preset=&#8221;default&#8221; header_font=&#8221;|700|||||||&#8221; header_font_size=&#8221;48px&#8221; background_image=&#8221;https:\/\/www.meristem.com\/it\/wp-content\/uploads\/header-tecnico.jpg&#8221; background_enable_image=&#8221;on&#8221; background_position=&#8221;top_center&#8221; custom_padding=&#8221;20%||||false|false&#8221; header_text_shadow_style=&#8221;preset3&#8243; header_text_shadow_color=&#8221;rgba(0,0,0,0.7)&#8221; text_shadow_style=&#8221;preset3&#8243; text_shadow_color=&#8221;#000000&#8243; global_colors_info=&#8221;{}&#8221; sticky_transition=&#8221;on&#8221;][\/et_pb_slide][et_pb_slide heading=&#8221;Soluzioni innovative per il vostro campo&#8221; _builder_version=&#8221;4.16&#8243; _module_preset=&#8221;default&#8221; header_font=&#8221;|700|||||||&#8221; header_font_size=&#8221;48px&#8221; background_image=&#8221;https:\/\/www.meristem.com\/it\/wp-content\/uploads\/header-cenital.jpg&#8221; background_enable_image=&#8221;on&#8221; custom_padding=&#8221;20%||||false|false&#8221; header_text_shadow_style=&#8221;preset3&#8243; header_text_shadow_color=&#8221;rgba(0,0,0,0.7)&#8221; text_shadow_style=&#8221;preset3&#8243; text_shadow_color=&#8221;#000000&#8243; global_colors_info=&#8221;{}&#8221; sticky_transition=&#8221;on&#8221;][\/et_pb_slide][et_pb_slide heading=&#8221;Soluzioni innovative per il vostro campo&#8221; _builder_version=&#8221;4.16&#8243; _module_preset=&#8221;default&#8221; header_font=&#8221;|700|||||||&#8221; header_font_size=&#8221;48px&#8221; background_image=&#8221;https:\/\/www.meristem.com\/it\/wp-content\/uploads\/header-vinedo.jpg&#8221; background_enable_image=&#8221;on&#8221; background_position=&#8221;top_center&#8221; custom_padding=&#8221;20%||||false|false&#8221; header_text_shadow_style=&#8221;preset3&#8243; header_text_shadow_color=&#8221;rgba(0,0,0,0.7)&#8221; text_shadow_style=&#8221;preset1&#8243; text_shadow_color=&#8221;#000000&#8243; global_colors_info=&#8221;{}&#8221; sticky_transition=&#8221;on&#8221;][\/et_pb_slide][\/et_pb_fullwidth_slider][\/et_pb_section][et_pb_section fb_built=&#8221;1&#8243; module_class=&#8221;seccion legal&#8221; _builder_version=&#8221;4.16&#8243; _module_preset=&#8221;default&#8221; background_enable_color=&#8221;off&#8221; global_colors_info=&#8221;{}&#8221;][et_pb_row _builder_version=&#8221;4.16&#8243; _module_preset=&#8221;default&#8221; global_colors_info=&#8221;{}&#8221;][et_pb_column type=&#8221;4_4&#8243; _builder_version=&#8221;4.16&#8243; _module_preset=&#8221;default&#8221; global_colors_info=&#8221;{}&#8221;][et_pb_post_title meta=&#8221;off&#8221; featured_image=&#8221;off&#8221; _builder_version=&#8221;4.16&#8243; _module_preset=&#8221;default&#8221; global_colors_info=&#8221;{}&#8221;][\/et_pb_post_title][et_pb_text _builder_version=&#8221;4.17.4&#8243; _module_preset=&#8221;default&#8221; hover_enabled=&#8221;0&#8243; global_colors_info=&#8221;{}&#8221; sticky_enabled=&#8221;0&#8243;]<\/p>\n<p style=\"font-weight: 400;\">MERISTEM, azienda dedita alla produzione di fertilizzanti e biostimolanti, ha deciso di implementare un <strong>Sistema di Gestione della Qualit\u00e0 basato sulla norma ISO 9001<\/strong> per migliorare il servizio che fornisce ai propri clienti.<\/p>\n<p style=\"font-weight: 400;\">La Direzione di MERISTEM considera il Sistema di Gestione per la Qualit\u00e0 come un modo per organizzare il funzionamento dell&#8217;organizzazione sulla base di pilastri fondamentali come la Qualit\u00e0 dei suoi prodotti, la soddisfazione del cliente e il miglioramento continuo dell&#8217;efficacia del Sistema. Per questo, il Sistema di Gestione della Qualit\u00e0 di MERISTEM si basa su:<\/p>\n<ul>\n<li><strong>La qualit\u00e0 e il suo miglioramento sono responsabilit\u00e0 di tutti i membri MERISTEM<\/strong>, a cominciare dalla Direzione.<\/li>\n<li>La qualit\u00e0 si ottiene progettando, attuando, riesaminando e migliorando il Sistema di Gestione, tenendo sempre presente il <strong>contesto dell&#8217;organizzazione, sia interno che esterno<\/strong>.<\/li>\n<li>Fornisce un <strong>quadro di riferimento<\/strong> per la definizione degli obiettivi di qualit\u00e0.<\/li>\n<li>La qualit\u00e0 \u00e8 orientata alla <strong>soddisfazione di tutti i nostri clienti<\/strong> (e parti interessate), attraverso l&#8217;impegno dell&#8217;intera organizzazione a soddisfare le loro esigenze e requisiti, nonch\u00e9 i requisiti legali e normativi e quelli specifici dei prodotti.<\/li>\n<li>La Qualit\u00e0 si basa sul <strong>Miglioramento Continuo<\/strong> sia dei processi produttivi che dell&#8217;erogazione del servizio, nonch\u00e9 sull&#8217;efficacia del Sistema di Gestione per la Qualit\u00e0 in cui la prevenzione degli errori \u00e8 un aspetto fondamentale.<\/li>\n<li>La qualit\u00e0 ci indirizza a prestare la massima attenzione all&#8217;<strong>evoluzione tecnologica<\/strong> e ai possibili miglioramenti che le nuove tecnologie ci mettono a disposizione.<\/li>\n<li>La qualit\u00e0 richiede la <strong>partecipazione e la collaborazione di tutti<\/strong>, pertanto questa Politica \u00e8 diffusa a tutto il personale MERISTEM per la sua conoscenza e comprensione.<\/li>\n<\/ul>\n<p>Per l&#8217;efficace applicazione di questi principi \u00e8 assolutamente necessario il supporto sia del gruppo dirigente che del personale.<\/p>\n<p>[\/et_pb_text][\/et_pb_column][\/et_pb_row][\/et_pb_section]<\/p>\n","protected":false},"excerpt":{"rendered":"<p>MERISTEM, azienda dedita alla produzione di fertilizzanti e biostimolanti, ha deciso di implementare un Sistema di Gestione della Qualit\u00e0 basato sulla norma ISO 9001 per migliorare il servizio che fornisce ai propri clienti. La Direzione di MERISTEM considera il Sistema di Gestione per la Qualit\u00e0 come un modo per organizzare il funzionamento dell&#8217;organizzazione sulla base [&hellip;]<\/p>\n","protected":false},"author":2,"featured_media":0,"parent":0,"menu_order":0,"comment_status":"closed","ping_status":"closed","template":"","meta":{"_acf_changed":false,"_et_pb_use_builder":"on","_et_pb_old_content":"","_et_gb_content_width":"","footnotes":""},"class_list":["post-454","page","type-page","status-publish","hentry"],"acf":[],"_links":{"self":[{"href":"https:\/\/www.meristem.com\/it\/wp-json\/wp\/v2\/pages\/454","targetHints":{"allow":["GET"]}}],"collection":[{"href":"https:\/\/www.meristem.com\/it\/wp-json\/wp\/v2\/pages"}],"about":[{"href":"https:\/\/www.meristem.com\/it\/wp-json\/wp\/v2\/types\/page"}],"author":[{"embeddable":true,"href":"https:\/\/www.meristem.com\/it\/wp-json\/wp\/v2\/users\/2"}],"replies":[{"embeddable":true,"href":"https:\/\/www.meristem.com\/it\/wp-json\/wp\/v2\/comments?post=454"}],"version-history":[{"count":2,"href":"https:\/\/www.meristem.com\/it\/wp-json\/wp\/v2\/pages\/454\/revisions"}],"predecessor-version":[{"id":2709,"href":"https:\/\/www.meristem.com\/it\/wp-json\/wp\/v2\/pages\/454\/revisions\/2709"}],"wp:attachment":[{"href":"https:\/\/www.meristem.com\/it\/wp-json\/wp\/v2\/media?parent=454"}],"curies":[{"name":"wp","href":"https:\/\/api.w.org\/{rel}","templated":true}]}}