{"id":46,"date":"2020-10-30T09:25:10","date_gmt":"2020-10-30T08:25:10","guid":{"rendered":"http:\/\/www.quimicasmeristem.com\/en\/?page_id=46"},"modified":"2026-01-09T12:56:53","modified_gmt":"2026-01-09T11:56:53","slug":"inicio","status":"publish","type":"page","link":"https:\/\/www.meristem.com\/it\/","title":{"rendered":"Home"},"content":{"rendered":"<p>[et_pb_section fb_built=&#8221;1&#8243; fullwidth=&#8221;on&#8221; disabled_on=&#8221;off|off|off&#8221; _builder_version=&#8221;4.16&#8243; _module_preset=&#8221;default&#8221; global_colors_info=&#8221;{}&#8221;][et_pb_fullwidth_slider module_class=&#8221;cabecera&#8221; _builder_version=&#8221;4.16&#8243; _module_preset=&#8221;default&#8221; height=&#8221;400px&#8221; auto=&#8221;on&#8221; auto_ignore_hover=&#8221;on&#8221; hover_transition_duration=&#8221;500ms&#8221; global_colors_info=&#8221;{}&#8221;][et_pb_slide heading=&#8221;Soluzioni innovative per il vostro campo&#8221; _builder_version=&#8221;4.16&#8243; _module_preset=&#8221;default&#8221; header_font=&#8221;|700|||||||&#8221; header_font_size=&#8221;48px&#8221; background_image=&#8221;https:\/\/www.meristem.com\/it\/wp-content\/uploads\/header-pulverizacion.jpg&#8221; background_enable_image=&#8221;on&#8221; background_position=&#8221;top_left&#8221; custom_padding=&#8221;20%||||false|false&#8221; header_text_shadow_style=&#8221;preset3&#8243; header_text_shadow_color=&#8221;rgba(0,0,0,0.7)&#8221; text_shadow_style=&#8221;preset3&#8243; text_shadow_color=&#8221;#000000&#8243; global_colors_info=&#8221;{}&#8221; sticky_transition=&#8221;on&#8221;][\/et_pb_slide][et_pb_slide heading=&#8221;Soluzioni innovative per il vostro campo&#8221; _builder_version=&#8221;4.16&#8243; _module_preset=&#8221;default&#8221; header_font=&#8221;|700|||||||&#8221; header_font_size=&#8221;48px&#8221; background_image=&#8221;https:\/\/www.meristem.com\/it\/wp-content\/uploads\/header-tecnico.jpg&#8221; background_enable_image=&#8221;on&#8221; background_position=&#8221;top_center&#8221; custom_padding=&#8221;20%||||false|false&#8221; header_text_shadow_style=&#8221;preset3&#8243; header_text_shadow_color=&#8221;rgba(0,0,0,0.7)&#8221; text_shadow_style=&#8221;preset3&#8243; text_shadow_color=&#8221;#000000&#8243; global_colors_info=&#8221;{}&#8221; sticky_transition=&#8221;on&#8221;][\/et_pb_slide][et_pb_slide heading=&#8221;Soluzioni innovative per il vostro campo&#8221; _builder_version=&#8221;4.16&#8243; _module_preset=&#8221;default&#8221; header_font=&#8221;|700|||||||&#8221; header_font_size=&#8221;48px&#8221; background_image=&#8221;https:\/\/www.meristem.com\/it\/wp-content\/uploads\/header-cenital.jpg&#8221; background_enable_image=&#8221;on&#8221; background_position=&#8221;center_left&#8221; custom_padding=&#8221;20%||||false|false&#8221; header_text_shadow_style=&#8221;preset3&#8243; header_text_shadow_color=&#8221;rgba(0,0,0,0.7)&#8221; text_shadow_style=&#8221;preset3&#8243; text_shadow_color=&#8221;#000000&#8243; global_colors_info=&#8221;{}&#8221; sticky_transition=&#8221;on&#8221;][\/et_pb_slide][et_pb_slide heading=&#8221;Soluzioni innovative per il vostro campo&#8221; _builder_version=&#8221;4.16&#8243; _module_preset=&#8221;default&#8221; header_font=&#8221;|700|||||||&#8221; header_font_size=&#8221;48px&#8221; background_image=&#8221;https:\/\/www.meristem.com\/it\/wp-content\/uploads\/header-vinedo.jpg&#8221; background_enable_image=&#8221;on&#8221; background_position=&#8221;top_center&#8221; custom_padding=&#8221;20%||||false|false&#8221; header_text_shadow_style=&#8221;preset3&#8243; header_text_shadow_color=&#8221;rgba(0,0,0,0.7)&#8221; text_shadow_style=&#8221;preset1&#8243; text_shadow_color=&#8221;#000000&#8243; global_colors_info=&#8221;{}&#8221; sticky_transition=&#8221;on&#8221;][\/et_pb_slide][\/et_pb_fullwidth_slider][\/et_pb_section][et_pb_section fb_built=&#8221;1&#8243; disabled_on=&#8221;off|off|off&#8221; admin_label=&#8221;TRICOBEST&#8221; module_id=&#8221;promo&#8221; module_class=&#8221;seccion inicio&#8221; _builder_version=&#8221;4.16&#8243; _module_preset=&#8221;default&#8221; background_color=&#8221;#f4f4f4&#8243; custom_padding=&#8221;||||false|false&#8221; global_colors_info=&#8221;{}&#8221;][et_pb_row column_structure=&#8221;1_2,1_2&#8243; module_class=&#8221;intro&#8221; _builder_version=&#8221;4.16&#8243; _module_preset=&#8221;default&#8221; global_colors_info=&#8221;{}&#8221;][et_pb_column type=&#8221;1_2&#8243; module_class=&#8221;inicio-col1&#8243; _builder_version=&#8221;4.16&#8243; _module_preset=&#8221;default&#8221; global_colors_info=&#8221;{}&#8221;][et_pb_text _builder_version=&#8221;4.17.4&#8243; _module_preset=&#8221;default&#8221; global_colors_info=&#8221;{}&#8221;]<\/p>\n<h2>Scopri Tricoboost, il nostro nuovo biostimolante a base di microorganismi<\/h2>\n<p>TRICOBOOST \u00e8 il nuovo prodotto della <a href=\"https:\/\/www.meristem.com\/it\/famiglie\/linea-microlife\/\">Linea Microlife<\/a>. \u00c9 un inoculante microbico, contenente un ceppo selezionato del fungo <em>Trichoderma harzianum<\/em>. Scopri tutti i suoi vantaggi attraverso questo video didattico o guarda la scheda completa del prodotto.<\/p>\n<p class=\"boton\"><a class=\"boton-inicio\" href=\"https:\/\/www.meristem.com\/it\/prodotti\/tricoboost\/\">Maggiori informazioni<\/a><\/p>\n<p>[\/et_pb_text][\/et_pb_column][et_pb_column type=&#8221;1_2&#8243; module_class=&#8221;inicio-col2&#8243; _builder_version=&#8221;4.16&#8243; _module_preset=&#8221;default&#8221; global_colors_info=&#8221;{}&#8221;][et_pb_video src=&#8221;https:\/\/youtu.be\/SWMchoHn5e4&#8243; module_class=&#8221;video-1&#8243; _builder_version=&#8221;4.17.4&#8243; _module_preset=&#8221;default&#8221; global_colors_info=&#8221;{}&#8221;][\/et_pb_video][\/et_pb_column][\/et_pb_row][\/et_pb_section][et_pb_section fb_built=&#8221;1&#8243; module_class=&#8221;seccion inicio&#8221; _builder_version=&#8221;4.16&#8243; _module_preset=&#8221;default&#8221; background_enable_color=&#8221;off&#8221; global_colors_info=&#8221;{}&#8221;][et_pb_row column_structure=&#8221;1_2,1_2&#8243; module_class=&#8221;intro&#8221; _builder_version=&#8221;4.16&#8243; _module_preset=&#8221;default&#8221; global_colors_info=&#8221;{}&#8221;][et_pb_column type=&#8221;1_2&#8243; module_class=&#8221;inicio-col1&#8243; _builder_version=&#8221;4.16&#8243; _module_preset=&#8221;default&#8221; global_colors_info=&#8221;{}&#8221;][et_pb_text _builder_version=&#8221;4.25.0&#8243; _module_preset=&#8221;default&#8221; global_colors_info=&#8221;{}&#8221;]<\/p>\n<h1><span lang=\"IT\">Soluzioni innovative per il vostro campo<\/span><\/h1>\n<p style=\"font-weight: 400;\">Meristem offre soluzioni innovative che soddisfano tutto il fabbisogno nutrizionale delle colture e permette di ottenere piante vigorose e sane. Piante capaci di superare situazioni di stress a durate tutto il ciclo colturale. Dalla preparazione del terreno prima del trapianto fino alla raccolta.<\/p>\n<p style=\"font-weight: 400;\">I nostri prodotti aumentano al massimo la produttivit\u00e1 della pianta in ogni fase della coltura. Perch\u00e9 sappiamo che ogni momento \u00e9 chiave per assicurare la qualit\u00e1 della raccolta.<\/p>\n<p style=\"font-weight: 400;\">Il nostro obiettivo \u00e9 quello di fornire soluzioni efficienti e innovative per qualunque necessit\u00e0 che possa sorgere durante il ciclo di coltura. Per questo contiamo con uno dei cataloghi di agronutrienti pi\u00fa completo del mercato.<\/p>\n<p class=\"boton\"><a class=\"boton-inicio\" href=\"https:\/\/www.meristem.com\/it\/corporativo\/chi-siamo\/\">Leggere di pi\u00fa <\/a><\/p>\n<p>[\/et_pb_text][\/et_pb_column][et_pb_column type=&#8221;1_2&#8243; module_class=&#8221;inicio-col2&#8243; _builder_version=&#8221;4.16&#8243; _module_preset=&#8221;default&#8221; global_colors_info=&#8221;{}&#8221;][et_pb_video src=&#8221;https:\/\/youtu.be\/qGDVoBmhwjY&#8221; module_class=&#8221;video-1&#8243; _builder_version=&#8221;4.17.4&#8243; _module_preset=&#8221;default&#8221; global_colors_info=&#8221;{}&#8221;][\/et_pb_video][et_pb_video src=&#8221;https:\/\/youtu.be\/5ARKO8gxlBk&#8221; module_class=&#8221;video-2&#8243; _builder_version=&#8221;4.16&#8243; _module_preset=&#8221;default&#8221; global_colors_info=&#8221;{}&#8221;][\/et_pb_video][\/et_pb_column][\/et_pb_row][\/et_pb_section][et_pb_section fb_built=&#8221;1&#8243; module_class=&#8221;seccion inicio pie&#8221; _builder_version=&#8221;4.16&#8243; _module_preset=&#8221;default&#8221; background_color=&#8221;#f4f4f4&#8243; global_colors_info=&#8221;{}&#8221;][et_pb_row column_structure=&#8221;3_4,1_4&#8243; _builder_version=&#8221;4.16&#8243; _module_preset=&#8221;default&#8221; global_colors_info=&#8221;{}&#8221;][et_pb_column type=&#8221;3_4&#8243; module_class=&#8221;columna1&#8243; _builder_version=&#8221;4.16&#8243; _module_preset=&#8221;default&#8221; global_colors_info=&#8221;{}&#8221;][et_pb_text _builder_version=&#8221;4.17.4&#8243; _module_preset=&#8221;default&#8221; global_colors_info=&#8221;{}&#8221;]<\/p>\n<h2>Protocollo di sicurezza di Meristem contro il COVID-19<\/h2>\n<p>Seguendo le direttrici de la OMS, in relazione con la pandemia causata dal COVID-19, MERISTEM ha adattato tutti i protocolli di lavoro, con l\u2019obiettivo di garantire la sicurezza, tanto dei nostri lavoratori, come dei clienti, collaboratori e fornitori. Per questo, continuiamo a fabbricare tutti i nostri prodotti, con le misure di sicurezza e prevenzione consigliate dalla OMS e altri organismi internazionali. <\/p>\n<p><a class=\"pdf\" href=\"https:\/\/www.meristem.com\/it\/wp-content\/uploads\/meristem-protocollo-sicurezza.pdf\" target=\"blank\" rel=\"noopener noreferrer\">Scaricare il protocollo di sicurezza<\/a>[\/et_pb_text][\/et_pb_column][et_pb_column type=&#8221;1_4&#8243; module_class=&#8221;columna2&#8243; _builder_version=&#8221;4.16&#8243; _module_preset=&#8221;default&#8221; global_colors_info=&#8221;{}&#8221;][et_pb_image src=&#8221;https:\/\/www.meristem.com\/it\/wp-content\/uploads\/logo-iso-9001-14001.png&#8221; alt=&#8221;ISO 9001 &#8211; ISO 14001&#8243; title_text=&#8221;ISO 9001 &#8211; ISO 14001&#8243; _builder_version=&#8221;4.23.4&#8243; _module_preset=&#8221;default&#8221; global_colors_info=&#8221;{}&#8221;][\/et_pb_image][\/et_pb_column][\/et_pb_row][\/et_pb_section]<\/p>\n","protected":false},"excerpt":{"rendered":"<p>Scopri Tricoboost, il nostro nuovo biostimolante a base di microorganismi TRICOBOOST \u00e8 il nuovo prodotto della Linea Microlife. \u00c9 un inoculante microbico, contenente un ceppo selezionato del fungo Trichoderma harzianum. Scopri tutti i suoi vantaggi attraverso questo video didattico o guarda la scheda completa del prodotto. Maggiori informazioniSoluzioni innovative per il vostro campo Meristem offre [&hellip;]<\/p>\n","protected":false},"author":2,"featured_media":0,"parent":0,"menu_order":0,"comment_status":"closed","ping_status":"closed","template":"","meta":{"_acf_changed":false,"_et_pb_use_builder":"on","_et_pb_old_content":"","_et_gb_content_width":"","footnotes":""},"class_list":["post-46","page","type-page","status-publish","hentry"],"acf":[],"_links":{"self":[{"href":"https:\/\/www.meristem.com\/it\/wp-json\/wp\/v2\/pages\/46","targetHints":{"allow":["GET"]}}],"collection":[{"href":"https:\/\/www.meristem.com\/it\/wp-json\/wp\/v2\/pages"}],"about":[{"href":"https:\/\/www.meristem.com\/it\/wp-json\/wp\/v2\/types\/page"}],"author":[{"embeddable":true,"href":"https:\/\/www.meristem.com\/it\/wp-json\/wp\/v2\/users\/2"}],"replies":[{"embeddable":true,"href":"https:\/\/www.meristem.com\/it\/wp-json\/wp\/v2\/comments?post=46"}],"version-history":[{"count":8,"href":"https:\/\/www.meristem.com\/it\/wp-json\/wp\/v2\/pages\/46\/revisions"}],"predecessor-version":[{"id":3053,"href":"https:\/\/www.meristem.com\/it\/wp-json\/wp\/v2\/pages\/46\/revisions\/3053"}],"wp:attachment":[{"href":"https:\/\/www.meristem.com\/it\/wp-json\/wp\/v2\/media?parent=46"}],"curies":[{"name":"wp","href":"https:\/\/api.w.org\/{rel}","templated":true}]}}