{"id":534,"date":"2021-02-17T10:33:18","date_gmt":"2021-02-17T09:33:18","guid":{"rendered":"http:\/\/www.quimicasmeristem.com\/en\/?page_id=534"},"modified":"2024-05-31T11:45:42","modified_gmt":"2024-05-31T09:45:42","slug":"chi-siamo","status":"publish","type":"page","link":"https:\/\/www.meristem.com\/it\/corporate\/chi-siamo\/","title":{"rendered":"Chi siamo"},"content":{"rendered":"<p>[et_pb_section fb_built=&#8221;1&#8243; fullwidth=&#8221;on&#8221; disabled_on=&#8221;off|off|off&#8221; _builder_version=&#8221;4.16&#8243; _module_preset=&#8221;default&#8221; global_colors_info=&#8221;{}&#8221;][et_pb_fullwidth_slider module_class=&#8221;cabecera&#8221; _builder_version=&#8221;4.16&#8243; _module_preset=&#8221;default&#8221; height=&#8221;400px&#8221; auto=&#8221;on&#8221; auto_ignore_hover=&#8221;on&#8221; hover_transition_duration=&#8221;500ms&#8221; global_colors_info=&#8221;{}&#8221;][et_pb_slide heading=&#8221;Soluzioni innovative per il vostro campo&#8221; _builder_version=&#8221;4.16&#8243; _module_preset=&#8221;default&#8221; header_font=&#8221;|700|||||||&#8221; header_font_size=&#8221;48px&#8221; background_image=&#8221;https:\/\/www.meristem.com\/it\/wp-content\/uploads\/header-patatas.jpg&#8221; background_enable_image=&#8221;on&#8221; custom_padding=&#8221;20%||||false|false&#8221; header_text_shadow_style=&#8221;preset3&#8243; header_text_shadow_color=&#8221;rgba(0,0,0,0.7)&#8221; text_shadow_style=&#8221;preset3&#8243; text_shadow_color=&#8221;#000000&#8243; global_colors_info=&#8221;{}&#8221; sticky_transition=&#8221;on&#8221;][\/et_pb_slide][et_pb_slide heading=&#8221;Soluzioni innovative per il vostro campo&#8221; _builder_version=&#8221;4.16&#8243; _module_preset=&#8221;default&#8221; header_font=&#8221;|700|||||||&#8221; header_font_size=&#8221;48px&#8221; background_image=&#8221;https:\/\/www.meristem.com\/it\/wp-content\/uploads\/header-naranjas.jpg&#8221; background_enable_image=&#8221;on&#8221; background_position=&#8221;top_center&#8221; custom_padding=&#8221;20%||||false|false&#8221; header_text_shadow_style=&#8221;preset3&#8243; header_text_shadow_color=&#8221;rgba(0,0,0,0.7)&#8221; text_shadow_style=&#8221;preset3&#8243; text_shadow_color=&#8221;#000000&#8243; global_colors_info=&#8221;{}&#8221; sticky_transition=&#8221;on&#8221;][\/et_pb_slide][et_pb_slide heading=&#8221;Soluzioni innovative per il vostro campo&#8221; _builder_version=&#8221;4.16&#8243; _module_preset=&#8221;default&#8221; header_font=&#8221;|700|||||||&#8221; header_font_size=&#8221;48px&#8221; background_image=&#8221;https:\/\/www.meristem.com\/it\/wp-content\/uploads\/header-invernadero.jpg&#8221; background_enable_image=&#8221;on&#8221; custom_padding=&#8221;20%||||false|false&#8221; header_text_shadow_style=&#8221;preset3&#8243; header_text_shadow_color=&#8221;rgba(0,0,0,0.7)&#8221; text_shadow_style=&#8221;preset3&#8243; text_shadow_color=&#8221;#000000&#8243; global_colors_info=&#8221;{}&#8221; sticky_transition=&#8221;on&#8221;][\/et_pb_slide][et_pb_slide heading=&#8221;Soluzioni innovative per il vostro campo&#8221; _builder_version=&#8221;4.16&#8243; _module_preset=&#8221;default&#8221; header_font=&#8221;|700|||||||&#8221; header_font_size=&#8221;48px&#8221; background_image=&#8221;https:\/\/www.meristem.com\/it\/wp-content\/uploads\/header-cultivos.jpg&#8221; background_enable_image=&#8221;on&#8221; background_position=&#8221;top_center&#8221; custom_padding=&#8221;20%||||false|false&#8221; header_text_shadow_style=&#8221;preset3&#8243; header_text_shadow_color=&#8221;rgba(0,0,0,0.7)&#8221; text_shadow_style=&#8221;preset1&#8243; text_shadow_color=&#8221;#000000&#8243; global_colors_info=&#8221;{}&#8221; sticky_transition=&#8221;on&#8221;][\/et_pb_slide][\/et_pb_fullwidth_slider][\/et_pb_section][et_pb_section fb_built=&#8221;1&#8243; module_class=&#8221;seccion corporativo quienes-somos&#8221; _builder_version=&#8221;4.16&#8243; _module_preset=&#8221;default&#8221; background_enable_color=&#8221;off&#8221; global_colors_info=&#8221;{}&#8221;][et_pb_row column_structure=&#8221;2_3,1_3&#8243; _builder_version=&#8221;4.16&#8243; _module_preset=&#8221;default&#8221; global_colors_info=&#8221;{}&#8221;][et_pb_column type=&#8221;2_3&#8243; _builder_version=&#8221;4.16&#8243; _module_preset=&#8221;default&#8221; global_colors_info=&#8221;{}&#8221;][et_pb_post_title meta=&#8221;off&#8221; featured_image=&#8221;off&#8221; _builder_version=&#8221;4.16&#8243; _module_preset=&#8221;default&#8221; global_colors_info=&#8221;{}&#8221;][\/et_pb_post_title][et_pb_text _builder_version=&#8221;4.25.0&#8243; _module_preset=&#8221;default&#8221; hover_enabled=&#8221;0&#8243; global_colors_info=&#8221;{}&#8221; sticky_enabled=&#8221;0&#8243;]<\/p>\n<p style=\"font-weight: 400;\">MERISTEM offre soluzioni innovative che coprono tutte le esigenze nutrizionali della coltura e consentono di ottenere piante vigorose e sane, in grado di superare situazioni di stress durante tutto il ciclo colturale, dalla preparazione del terreno prima del trapianto alla raccolta.<\/p>\n<p style=\"font-weight: 400;\">I nostri prodotti permettono ottenere la massima resa in ogni fase della coltivazione. Perch\u00e9 sappiamo che ogni momento \u00e8 fondamentale per garantire la qualit\u00e0 del raccolto.<\/p>\n<p style=\"font-weight: 400;\">Il nostro obiettivo \u00e8 fornire soluzioni efficienti e innovative per qualsiasi esigenza che possa sorgere durante l&#8217;intero ciclo di crescita. Per fare questo, disponiamo di uno dei cataloghi di agronutrienti pi\u00f9 completi del mercato:<\/p>\n<ul>\n<li><a href=\"https:\/\/www.meristem.com\/it\/famiglie\/biostimolanti\/\">Biostimolanti<\/a><\/li>\n<li><a href=\"https:\/\/www.meristem.com\/it\/famiglie\/fertilizzanti-npk\/\">Fertilizzanti NPK<\/a><\/li>\n<li><a href=\"https:\/\/www.meristem.com\/it\/famiglie\/linea-microlife\/\">Linea Microlife<\/a><\/li>\n<li><a href=\"https:\/\/www.meristem.com\/it\/famiglie\/correttori\/\">Correttori<\/a><\/li>\n<li><a href=\"https:\/\/www.meristem.com\/it\/famiglie\/ammendanti-del-suolo\/\">Ammendanti dl suolo<\/a><\/li>\n<li><a href=\"https:\/\/www.meristem.com\/it\/famiglie\/prodotti-organici\/\">Prodotti organici<\/a><\/li>\n<li><a href=\"https:\/\/www.meristem.com\/it\/famiglie\/altri-prodotti\/\">Altri prodotti<\/a><\/li>\n<\/ul>\n<h2>Missione, visione e valori<\/h2>\n<p><strong>Visione<\/strong>: Diventare un&#8217;azienda di riferimento mondiale nel settore degli agronutrienti.<\/p>\n<p><strong>Missione<\/strong>: Sviluppare, produrre e commercializzare prodotti per l&#8217;agricoltura in grado di offrire ad ogni cliente la migliore soluzione per le sue esigenze. Cerchiamo di ottenere tutto questo attraverso prodotti di alta qualit\u00e0, studiando come migliorare le nostre formulazioni e offrendo consulenza tecnica permanente ai nostri clienti.<\/p>\n<p><strong>Valori<\/strong>: Integrit\u00e0, passione, qualit\u00e0, collaborazione.[\/et_pb_text][\/et_pb_column][et_pb_column type=&#8221;1_3&#8243; module_class=&#8221;historia&#8221; _builder_version=&#8221;4.16&#8243; _module_preset=&#8221;default&#8221; global_colors_info=&#8221;{}&#8221;][et_pb_text _builder_version=&#8221;4.24.0&#8243; _module_preset=&#8221;default&#8221; global_colors_info=&#8221;{}&#8221;]<\/p>\n<h2><img decoding=\"async\" src=\"https:\/\/www.meristem.com\/it\/wp-content\/uploads\/corporativo-fachada.jpg\" alt=\"\" \/><\/h2>\n<h2>Un po&#8217; di storia&#8230;<\/h2>\n<p>Creata nel 1984 e situata a Valencia, una delle aree agricole pi\u00f9 importanti della Spagna, Meristem ha 40 anni di esperienza nel mondo della nutrizione vegetale.<\/p>\n<p>In tutti questi anni, Meristem ha fatto della trasparenza uno dei suoi valori principali. Questo ci ha permesso di costruire la fiducia e il rispetto sia dei nostri clienti che di altri concorrenti nel nostro settore.<\/p>\n<p>La nostra pluriennale esperienza, insieme al dinamismo e allo spirito di miglioramento dei nostri professionisti altamente qualificati, costituiscono il motore che ci permette di adattarci ad un settore in continua evoluzione.<\/p>\n<p>[\/et_pb_text][\/et_pb_column][\/et_pb_row][\/et_pb_section]<\/p>\n","protected":false},"excerpt":{"rendered":"<p>MERISTEM offre soluzioni innovative che coprono tutte le esigenze nutrizionali della coltura e consentono di ottenere piante vigorose e sane, in grado di superare situazioni di stress durante tutto il ciclo colturale, dalla preparazione del terreno prima del trapianto alla raccolta. I nostri prodotti permettono ottenere la massima resa in ogni fase della coltivazione. Perch\u00e9 [&hellip;]<\/p>\n","protected":false},"author":2,"featured_media":0,"parent":532,"menu_order":0,"comment_status":"closed","ping_status":"closed","template":"","meta":{"_acf_changed":false,"_et_pb_use_builder":"on","_et_pb_old_content":"","_et_gb_content_width":"","footnotes":""},"class_list":["post-534","page","type-page","status-publish","hentry"],"acf":[],"_links":{"self":[{"href":"https:\/\/www.meristem.com\/it\/wp-json\/wp\/v2\/pages\/534","targetHints":{"allow":["GET"]}}],"collection":[{"href":"https:\/\/www.meristem.com\/it\/wp-json\/wp\/v2\/pages"}],"about":[{"href":"https:\/\/www.meristem.com\/it\/wp-json\/wp\/v2\/types\/page"}],"author":[{"embeddable":true,"href":"https:\/\/www.meristem.com\/it\/wp-json\/wp\/v2\/users\/2"}],"replies":[{"embeddable":true,"href":"https:\/\/www.meristem.com\/it\/wp-json\/wp\/v2\/comments?post=534"}],"version-history":[{"count":6,"href":"https:\/\/www.meristem.com\/it\/wp-json\/wp\/v2\/pages\/534\/revisions"}],"predecessor-version":[{"id":2992,"href":"https:\/\/www.meristem.com\/it\/wp-json\/wp\/v2\/pages\/534\/revisions\/2992"}],"up":[{"embeddable":true,"href":"https:\/\/www.meristem.com\/it\/wp-json\/wp\/v2\/pages\/532"}],"wp:attachment":[{"href":"https:\/\/www.meristem.com\/it\/wp-json\/wp\/v2\/media?parent=534"}],"curies":[{"name":"wp","href":"https:\/\/api.w.org\/{rel}","templated":true}]}}