{"id":660,"date":"2021-02-17T15:40:01","date_gmt":"2021-02-17T13:40:01","guid":{"rendered":"http:\/\/www.quimicasmeristem.com\/en\/?page_id=660"},"modified":"2022-06-28T17:33:15","modified_gmt":"2022-06-28T15:33:15","slug":"installazioni","status":"publish","type":"page","link":"https:\/\/www.meristem.com\/it\/corporate\/installazioni\/","title":{"rendered":"Installazioni"},"content":{"rendered":"<p>[et_pb_section fb_built=&#8221;1&#8243; fullwidth=&#8221;on&#8221; disabled_on=&#8221;off|off|off&#8221; _builder_version=&#8221;4.16&#8243; _module_preset=&#8221;default&#8221; global_colors_info=&#8221;{}&#8221;][et_pb_fullwidth_slider module_class=&#8221;cabecera&#8221; _builder_version=&#8221;4.16&#8243; _module_preset=&#8221;default&#8221; height=&#8221;400px&#8221; auto=&#8221;on&#8221; auto_ignore_hover=&#8221;on&#8221; hover_transition_duration=&#8221;500ms&#8221; global_colors_info=&#8221;{}&#8221;][et_pb_slide heading=&#8221;Soluzioni innovative per il vostro campo&#8221; _builder_version=&#8221;4.16&#8243; _module_preset=&#8221;default&#8221; header_font=&#8221;|700|||||||&#8221; header_font_size=&#8221;48px&#8221; background_image=&#8221;https:\/\/www.meristem.com\/it\/wp-content\/uploads\/header-patatas.jpg&#8221; background_enable_image=&#8221;on&#8221; custom_padding=&#8221;20%||||false|false&#8221; header_text_shadow_style=&#8221;preset3&#8243; header_text_shadow_color=&#8221;rgba(0,0,0,0.7)&#8221; text_shadow_style=&#8221;preset3&#8243; text_shadow_color=&#8221;#000000&#8243; global_colors_info=&#8221;{}&#8221; sticky_transition=&#8221;on&#8221;][\/et_pb_slide][et_pb_slide heading=&#8221;Soluzioni innovative per il vostro campo&#8221; _builder_version=&#8221;4.16&#8243; _module_preset=&#8221;default&#8221; header_font=&#8221;|700|||||||&#8221; header_font_size=&#8221;48px&#8221; background_image=&#8221;https:\/\/www.meristem.com\/it\/wp-content\/uploads\/header-naranjas.jpg&#8221; background_enable_image=&#8221;on&#8221; background_position=&#8221;top_center&#8221; custom_padding=&#8221;20%||||false|false&#8221; header_text_shadow_style=&#8221;preset3&#8243; header_text_shadow_color=&#8221;rgba(0,0,0,0.7)&#8221; text_shadow_style=&#8221;preset3&#8243; text_shadow_color=&#8221;#000000&#8243; global_colors_info=&#8221;{}&#8221; sticky_transition=&#8221;on&#8221;][\/et_pb_slide][et_pb_slide heading=&#8221;Soluzioni innovative per il vostro campo&#8221; _builder_version=&#8221;4.16&#8243; _module_preset=&#8221;default&#8221; header_font=&#8221;|700|||||||&#8221; header_font_size=&#8221;48px&#8221; background_image=&#8221;https:\/\/www.meristem.com\/it\/wp-content\/uploads\/header-invernadero.jpg&#8221; background_enable_image=&#8221;on&#8221; custom_padding=&#8221;20%||||false|false&#8221; header_text_shadow_style=&#8221;preset3&#8243; header_text_shadow_color=&#8221;rgba(0,0,0,0.7)&#8221; text_shadow_style=&#8221;preset3&#8243; text_shadow_color=&#8221;#000000&#8243; global_colors_info=&#8221;{}&#8221; sticky_transition=&#8221;on&#8221;][\/et_pb_slide][et_pb_slide heading=&#8221;Soluzioni innovative per il vostro campo&#8221; _builder_version=&#8221;4.16&#8243; _module_preset=&#8221;default&#8221; header_font=&#8221;|700|||||||&#8221; header_font_size=&#8221;48px&#8221; background_image=&#8221;https:\/\/www.meristem.com\/it\/wp-content\/uploads\/header-cultivos.jpg&#8221; background_enable_image=&#8221;on&#8221; background_position=&#8221;top_center&#8221; custom_padding=&#8221;20%||||false|false&#8221; header_text_shadow_style=&#8221;preset3&#8243; header_text_shadow_color=&#8221;rgba(0,0,0,0.7)&#8221; text_shadow_style=&#8221;preset1&#8243; text_shadow_color=&#8221;#000000&#8243; global_colors_info=&#8221;{}&#8221; sticky_transition=&#8221;on&#8221;][\/et_pb_slide][\/et_pb_fullwidth_slider][\/et_pb_section][et_pb_section fb_built=&#8221;1&#8243; module_class=&#8221;seccion corporativo&#8221; _builder_version=&#8221;4.16&#8243; _module_preset=&#8221;default&#8221; background_enable_color=&#8221;off&#8221; global_colors_info=&#8221;{}&#8221;][et_pb_row column_structure=&#8221;2_3,1_3&#8243; _builder_version=&#8221;4.16&#8243; _module_preset=&#8221;default&#8221; global_colors_info=&#8221;{}&#8221;][et_pb_column type=&#8221;2_3&#8243; _builder_version=&#8221;4.16&#8243; _module_preset=&#8221;default&#8221; global_colors_info=&#8221;{}&#8221;][et_pb_post_title meta=&#8221;off&#8221; featured_image=&#8221;off&#8221; _builder_version=&#8221;4.16&#8243; _module_preset=&#8221;default&#8221; global_colors_info=&#8221;{}&#8221;][\/et_pb_post_title][et_pb_text _builder_version=&#8221;4.17.4&#8243; _module_preset=&#8221;default&#8221; global_colors_info=&#8221;{}&#8221;]<\/p>\n<p>\u200bMeristem controlla tutte le fasi del processo produttivo e ognuna di esse \u00e8 soggetta a severi controlli di qualit\u00e0. Selezioniamo solo i migliori fornitori di materie prime di riferimento sul mercato e ogni componente viene testato prima di essere stoccato.<\/p>\n<p>I nostri uffici si trovano accanto alla nostra fabbrica, il che ci fornisce una comunicazione rapida ed efficace. Riduciamo al massimo i tempi di consegna della merce e offriamo grande flessibilit\u00e0 ai nostri clienti. Adattiamo la produzione alle quantit\u00e0 e alle soluzioni di cui hai bisogno e realizziamo anche formulazioni personalizzate.<\/p>\n<p>Coprendo tutte le fasi del processo, compreso l\u2019ottimo servizio post vendita, riusciamo ad accorciare le distanze tra cliente e produttore per offrirti il miglior servizio, dal laboratorio al tuo campo.<\/p>\n<p>[\/et_pb_text][et_pb_text admin_label=&#8221;Texto&#8221; module_class=&#8221;galeria-titulo&#8221; _builder_version=&#8221;4.17.4&#8243; _module_preset=&#8221;default&#8221; global_colors_info=&#8221;{}&#8221;]<\/p>\n<h2>Galleria di immagini<\/h2>\n<p>[\/et_pb_text][et_pb_gallery gallery_ids=&#8221;680,681,682,688,694,693,691,692,689,687,690,685,684,683,686,700,697,701,702,698,695,699,696,703,710,706,708,707,705,704,709,711&#8243; posts_number=&#8221;32&#8243; show_title_and_caption=&#8221;off&#8221; show_pagination=&#8221;off&#8221; hover_icon=&#8221;&#x54;||divi||400&#8243; disabled_on=&#8221;off|off|off&#8221; admin_label=&#8221;Galer\u00eda&#8221; module_class=&#8221;galeria&#8221; _builder_version=&#8221;4.17.4&#8243; _module_preset=&#8221;default&#8221; custom_padding=&#8221;||||false|false&#8221; global_colors_info=&#8221;{}&#8221;][\/et_pb_gallery][\/et_pb_column][et_pb_column type=&#8221;1_3&#8243; module_class=&#8221;instalaciones&#8221; _builder_version=&#8221;4.16&#8243; _module_preset=&#8221;default&#8221; global_colors_info=&#8221;{}&#8221;][et_pb_text _builder_version=&#8221;4.17.4&#8243; _module_preset=&#8221;default&#8221; global_colors_info=&#8221;{}&#8221;]<\/p>\n<h2>Strutture complete<\/h2>\n<ul>\n<li>L\u2019innovativo impianto di produzione di fertilizzanti solidi e liquidi con linee di confezionamento completamente automatizzate, che integrano l&#8217;intero processo produttivo fino al confezionamento e all&#8217;etichettatura.<\/li>\n<li>Magazzini per materie prime e prodotti terminati.<\/li>\n<li>Laboratorio dotato delle pi\u00f9 avanzate tecnologie sia per effettuare i pi\u00f9 severi controlli di qualit\u00e0 che per sviluppare nuovi prodotti.<\/li>\n<li>Campi di prova per garantire che offriamo le soluzioni pi\u00f9 efficienti all&#8217;agricoltore.<\/li>\n<li>Strumenti di gestione integrati che garantiscono la piena tracciabilit\u00e0.<\/li>\n<li>Uffici che forniscono supporto amministrativo, logistico e commerciale.<\/li>\n<\/ul>\n<p>[\/et_pb_text][\/et_pb_column][\/et_pb_row][\/et_pb_section]<\/p>\n","protected":false},"excerpt":{"rendered":"<p>\u200bMeristem controlla tutte le fasi del processo produttivo e ognuna di esse \u00e8 soggetta a severi controlli di qualit\u00e0. Selezioniamo solo i migliori fornitori di materie prime di riferimento sul mercato e ogni componente viene testato prima di essere stoccato. I nostri uffici si trovano accanto alla nostra fabbrica, il che ci fornisce una comunicazione [&hellip;]<\/p>\n","protected":false},"author":2,"featured_media":0,"parent":532,"menu_order":0,"comment_status":"closed","ping_status":"closed","template":"","meta":{"_acf_changed":false,"_et_pb_use_builder":"on","_et_pb_old_content":"","_et_gb_content_width":"","footnotes":""},"class_list":["post-660","page","type-page","status-publish","hentry"],"acf":[],"_links":{"self":[{"href":"https:\/\/www.meristem.com\/it\/wp-json\/wp\/v2\/pages\/660","targetHints":{"allow":["GET"]}}],"collection":[{"href":"https:\/\/www.meristem.com\/it\/wp-json\/wp\/v2\/pages"}],"about":[{"href":"https:\/\/www.meristem.com\/it\/wp-json\/wp\/v2\/types\/page"}],"author":[{"embeddable":true,"href":"https:\/\/www.meristem.com\/it\/wp-json\/wp\/v2\/users\/2"}],"replies":[{"embeddable":true,"href":"https:\/\/www.meristem.com\/it\/wp-json\/wp\/v2\/comments?post=660"}],"version-history":[{"count":9,"href":"https:\/\/www.meristem.com\/it\/wp-json\/wp\/v2\/pages\/660\/revisions"}],"predecessor-version":[{"id":2744,"href":"https:\/\/www.meristem.com\/it\/wp-json\/wp\/v2\/pages\/660\/revisions\/2744"}],"up":[{"embeddable":true,"href":"https:\/\/www.meristem.com\/it\/wp-json\/wp\/v2\/pages\/532"}],"wp:attachment":[{"href":"https:\/\/www.meristem.com\/it\/wp-json\/wp\/v2\/media?parent=660"}],"curies":[{"name":"wp","href":"https:\/\/api.w.org\/{rel}","templated":true}]}}